{"id":1843,"date":"2020-07-22T07:39:05","date_gmt":"2020-07-22T05:39:05","guid":{"rendered":"https:\/\/www.conica.com\/?page_id=1843"},"modified":"2025-08-12T16:20:22","modified_gmt":"2025-08-12T14:20:22","slug":"sales-expert-for-sports-and-educational-solutions-100-m-w-d","status":"publish","type":"page","link":"https:\/\/www.conica.com\/de\/karriere\/sales-expert-for-sports-and-educational-solutions-100-m-w-d\/","title":{"rendered":"SALES EXPERT FOR SPORTS AND EDUCATIONAL SOLUTIONS 100% M\/W\/D"},"content":{"rendered":"\n<div class=\"wp-block-atomic-blocks-ab-container ab-block-container alignfull\"><div class=\"ab-container-inside\"><div class=\"ab-container-content\"><div id=\"\" class=\"wp-block-eedee-block-gutenslider gs-frontend content-change alignnone arrow-style-1 arrow-position-sides arrow-mb-none arrows-lg arrows-md arrows-sm dot-style-1 dots-lg dots-md dots-sm dot-position-bottom is-position-center-center mb-none wrap-auto-height\" data-parallax-direction=\"down\" data-parallax-amount=\"1.3\" data-lg-transition=\"lg-slide\" data-hash=\"\" ><div class=\"eedee-swiper-outer\" style=\"--gutenslider-min-height: 50vh;--gutenslider-arrow-size: 30px;--gutenslider-dot-size: 25px;--gutenslider-arrow-color: #ffffff;--gutenslider-dot-color: #ffffff;--gutenslider-padding-y-mobile: 40px;--gutenslider-padding-x-mobile: 40px;--gutenslider-padding-y-tablet: 40px;--gutenslider-padding-x-tablet: 40px;--gutenslider-padding-y-desktop: 40px;--gutenslider-padding-x-desktop: 40px;--gutenslider-bg-image: url();--gutenslider-min-height-md: 50vh;--gutenslider-min-height-sm: 50vh;--gutenslider-padding-x: 40px;--gutenslider-padding-x-md: 40px;--gutenslider-padding-x-sm: 20px;--gutenslider-padding-y: 40px;--gutenslider-padding-y-md: 40px;--gutenslider-padding-y-sm: 20px;--gutenslider-arrow-size-md: 30px;--gutenslider-arrow-size-sm: 30px;--gutenslider-dot-size-md: 25px;--gutenslider-dot-size-sm: 25px;--gutenslider-arrow-bg-color: transparent;--gutenslider-arrow-hover-color: #eeeeee;--gutenslider-arrow-bg-hover-color: transparent;--gutenslider-arrow-x-offset: 10px;--gutenslider-arrow-x-offset-md: 10px;--gutenslider-arrow-x-offset-sm: 10px;--gutenslider-arrow-y-offset: 0px;--gutenslider-arrow-y-offset-md: 0px;--gutenslider-arrow-y-offset-sm: 0px;--gutenslider-arrow-x-spacing: 0px;--gutenslider-dot-y-offset: 10px;--gutenslider-dot-y-offset-md: 10px;--gutenslider-dot-y-offset-sm: 10px;--gutenslider-margin-x: 0px;--gutenslider-margin-x-md: 0px;--gutenslider-margin-x-sm: 0px;--gutenslider-margin-y: 0px;--gutenslider-margin-y-md: 0px;--gutenslider-margin-y-sm: 0px;--gutenslider-divider-top: 60px;--gutenslider-divider-bottom: 60px;--gutenslider-lightgallery-bg: #ffffff;--gutenslider-lightgallery-font: #000000;--gs-first-pos: 50% 50%;--gs-gap-vertical: var( --wp--style--gallery-gap-default, var( --gallery-block--gutter-size, var( --wp--style--block-gap, 0.5em ) ) );--gs-gap-horizontal: var( --wp--style--gallery-gap-default, var( --gallery-block--gutter-size, var( --wp--style--block-gap, 0.5em ) ) );\"><div class=\"gutenslider-divider-top\" style=\"color:#fff;\"><\/div><div class=\"swiper\" data-settings='{\"autoplay\":{\"delay\":3000,\"pauseOnMouseEnter\":true,\"disableOnInteraction\":false},\"speed\":700,\"direction\":\"horizontal\",\"autoHeight\":\"\",\"loop\":true,\"centeredSlides\":true,\"spaceBetween\":0,\"slidesPerView\":1,\"slidesPerGroup\":1,\"effect\":\"slide\",\"coverflowEffect\":{\"rotate\":30,\"slideShadows\":false,\"depth\":100,\"stretch\":50,\"modifier\":1},\"fadeEffect\":{\"crossFade\":true},\"zoom\":\"\",\"navigation\":{\"nextEl\":\"#gutenslider- .eedee-gutenslider-next\",\"prevEl\":\"#gutenslider- .eedee-gutenslider-prev\"},\"pagination\":{\"type\":\"bullets\",\"clickable\":true,\"dynamicBullets\":false,\"el\":\"#gutenslider- .eedee-gutenslider-pagination\"},\"pauseOnHover\":\"1\",\"watchSlidesProgress\":true,\"watchSlidesVisibility\":true,\"settingsMd\":{\"autoHeight\":\"\",\"slidesPerView\":1,\"slidesPerGroup\":1,\"spaceBetween\":0,\"loop\":true},\"settingsLg\":{\"autoHeight\":\"\",\"slidesPerView\":1,\"slidesPerGroup\":1,\"spaceBetween\":0,\"loop\":true},\"hasLg\":false,\"hasLgCounter\":true,\"isFullScreen\":false,\"arrowsFollowMouse\":false,\"lgTitle\":\"none\",\"lgCaption\":\"none\",\"lgThumbnails\":true,\"lgZoomEnabled\":false,\"keyboard\":{\"keyboard\":{\"enabled\":true,\"onlyInViewport\":true}},\"hashNavigation\":false,\"dividers\":false}'><div class=\"swiper-wrapper\">\n<div class=\"swiper-slide wp-block-eedee-block-gutenslide is-position-center-center ed-bg-image\" style=\"--ed-vw:300;--ed-vh:158;\" data-hash=\"\"><div class=\"eedee-background-div bg-image\"><img width=\"684\" height=\"360\" class=\"wp-image-306\" src=\"https:\/\/www.conica.com\/wp-content\/uploads\/2020\/03\/news3.png\" alt=\"\" decoding=\"async\" style=\"object-fit: cover; object-position: 50% 50%;\"  data-title=\"news3\" srcset=\"https:\/\/www.conica.com\/wp-content\/uploads\/2020\/03\/news3.png 684w, https:\/\/www.conica.com\/wp-content\/uploads\/2020\/03\/news3-300x158.png 300w\" sizes=\"(max-width: 684px) 100vw, 684px\" \/><div class=\"eedee-background-div__overlay\" style=\"opacity:1;\"><\/div><\/div><div class=\"slide-content\">\n<div class=\"wp-block-eedee-block-gutenslide vertical-align-center\"><div><div class=\"eedee-background-div\"><img decoding=\"async\" width=\"684\" height=\"360\" class=\"wp-image-306\" src=\"https:\/\/www.conica.com\/wp-content\/uploads\/2020\/03\/news3.png\" alt=\"\" style=\"object-fit:cover;object-position:50% 50%\" srcset=\"https:\/\/www.conica.com\/wp-content\/uploads\/2020\/03\/news3.png 684w, https:\/\/www.conica.com\/wp-content\/uploads\/2020\/03\/news3-300x158.png 300w\" sizes=\"(max-width: 684px) 100vw, 684px\" \/><div class=\"eedee-background-div__overlay\" style=\"opacity:1\"><\/div><\/div><div class=\"slide-content\"><\/div><\/div><\/div>\n<\/div><\/div>\n<\/div><\/div><button class=\"eedee-gutenslider-nav eedee-gutenslider-prev\"><svg xmlns=\"http:\/\/www.w3.org\/2000\/svg\" viewBox=\"0 0 24 24\" width=\"24\" height=\"24\"><circle class=\"bg\" cx=\"13\" cy=\"12\" r=\"11\" \/><path fill=\"none\" d=\"M0 0h24v24H0z\"\/><path class=\"arrow\" d=\"M10.828 12l4.95 4.95-1.414 1.414L8 12l6.364-6.364 1.414 1.414z\"\/><\/svg><\/button><button class=\"eedee-gutenslider-nav eedee-gutenslider-next\"><svg xmlns=\"http:\/\/www.w3.org\/2000\/svg\" viewBox=\"0 0 24 24\" width=\"24\" height=\"24\"><circle class=\"bg\" cx=\"11\" cy=\"12\" r=\"11\" \/><path fill=\"none\" d=\"M0 0h24v24H0z\"\/><path class=\"arrow\" d=\"M13.172 12l-4.95-4.95 1.414-1.414L16 12l-6.364 6.364-1.414-1.414z\"\/><\/svg><\/button><div class=\"eedee-gutenslider-pagination\"><\/div><div class=\"gutenslider-divider-bottom \" style=\"color:#fff;\"><\/div><\/div><\/div>\n\n\n<div style=\"height:100px\" aria-hidden=\"true\" class=\"wp-block-spacer\"><\/div>\n<\/div><\/div><\/div>\n\n\n\n<p>Die Schweizer CONICA Gruppe entwickelt, produziert und verkauft innovative fugenlose Flooring Solutions auf Basis von Polyurethan und Epoxydharzen. Wir sind einer der weltweiten Marktf\u00fchrer und Innovationstreiber im Bereich hochwertiger Sport- und Funktionsb\u00f6den. Unsere Systeme sind die Grundlage f\u00fcr H\u00f6chstleistungen und Rekorde in Sport und Spiel wie auch f\u00fcr technisch dekorative High-End-L\u00f6sungen in Industrie, Parken, Handel, Bildungs- und Gesundheitseinrichtungen und Wohnungsbau.<\/p>\n\n\n\n<p>Unser Team verst\u00e4rken wir:<\/p>\n\n\n\n<h1 class=\"has-text-align-center wp-block-heading\">SALES EXPERT FOR SPORTS AND EDUCATIONAL SOLUTIONS 100% M\/W\/D<\/h1>\n\n\n\n<div class=\"wp-block-group\"><div class=\"wp-block-group__inner-container is-layout-flow wp-block-group-is-layout-flow\">\n<p><strong>DAS ZEICHNET DICH AUS<\/strong><\/p>\n\n\n\n<ul class=\"wp-block-list\"><li>Du zeichnest Dich durch Leidenschaft f\u00fcr Verkauf aus<\/li><li>Du begeisterst und motivierst Menschen<\/li><li>Du denkst und handelst zielorientiert<\/li><li>Du bist Experte im Bereich erkl\u00e4rungsbed\u00fcrftiger L\u00f6sungen<\/li><li>Du bist Profi im Aufbau und der Pflege von Netzwerken<\/li><li>Du sicherst vielf\u00e4ltige Beziehungen zu Entscheidern und Beeinflussern<\/li><li>Du hast Erfahrung im Verkauf \u2013 idealerweise in der Bau-, Sport- oder Fitnessbranche<\/li><li>Du bist Hands-on, selbst\u00e4ndig, umsatz- und l\u00f6sungsorientiert<\/li><li>Dein Qualit\u00e4tsanspruch an Dich und andere ist hoch<\/li><\/ul>\n\n\n\n<p><strong>DAS ERWARTEN WIR VON DIR<\/strong><\/p>\n\n\n\n<ul class=\"wp-block-list\"><li>Du entwickelst, ber\u00e4tst und verkaufst innovative \u2013 vom Wettbewerb klar differenzierte L\u00f6sungen \u2013 im Bereich Hochleistungssport und Education<\/li><li>Du nutzt das Netzwerk zu unseren Beeinflussern und Entscheidern und entwickelst es aktiv weiter<\/li><li>Du identifizierst zielsicher potenzielle Projekte und Zielkunden<\/li><li>Du entwickelst unsere geografische Pr\u00e4senz in attraktiven Fokusm\u00e4rkten weiter und steigerst unseren Marktanteil<\/li><li>Du sprichst fliessend Deutsch und Englisch, weitere Sprachkenntnisse sind willkommen<\/li><li>Du verf\u00fcgst \u00fcber eine hohe Reisebereitschaft weltweit<\/li><\/ul>\n\n\n\n<p><strong>DAS BIETEN WIR DIR<\/strong><\/p>\n\n\n\n<ul class=\"wp-block-list\"><li>Eine sehr vielseitige, selbst\u00e4ndige und herausfordernde Aufgabe mit hohem Entwicklungspotential<\/li><li>Die M\u00f6glichkeit, Deine verk\u00e4uferische Expertise international unter Beweis zu stellen<\/li><li>Eine technologisch herausragende Marke mit innovativen Produkten, System und L\u00f6sungen<\/li><li>Internationale Bekanntheit und hohe Reputation bei Nutzern, Beeinflussern und Entscheidern<\/li><li>Ein modernes, dynamisches und ergebnisorientiertes Unternehmen<\/li><li>Flache und transparente Strukturen<\/li><li>Eine fordernde und f\u00f6rdernde Mentalit\u00e4t<\/li><\/ul>\n\n\n\n<p><em>Wir sind sehr gespannt auf Deine Bewerbungsunterlagen. Papier ist jedoch geduldig. Kannst Du uns von Deiner gewinnenden Pers\u00f6nlichkeit \u00fcberzeugen? K\u00f6nnen wir Dich mit unseren Produkten anspornen und Dich zu \u201esportlichen\u201c H\u00f6chstleistungen animieren?<\/em><\/p>\n\n\n\n<p><em>Wenn Du bereit bist, ein Teil der CONICA-Familie zu werden, dann sende uns noch heute Deine Bewerbung per E-Mail an career@conica.com<\/em><\/p>\n\n\n\n<p>CONICA AG<br>Strategic HR \/ Talent Management<br>career@conica.com<br>Industriestrasse 26<br>8207 Schaffhausen<br>052 644 37 33<\/p>\n<\/div><\/div>\n\n\n\n<div class=\"wp-block-buttons aligncenter is-layout-flex wp-block-buttons-is-layout-flex\"><\/div>\n\n\n\n<p><\/p>\n","protected":false},"excerpt":{"rendered":"<p>Die Schweizer CONICA Gruppe entwickelt, produziert und verkauft innovative fugenlose Flooring Solutions auf Basis von Polyurethan und Epoxydharzen. Wir sind einer der weltweiten Marktf\u00fchrer und Innovationstreiber im Bereich hochwertiger Sport- und Funktionsb\u00f6den. Unsere Systeme sind die Grundlage f\u00fcr H\u00f6chstleistungen und Rekorde in Sport und Spiel wie auch f\u00fcr technisch dekorative High-End-L\u00f6sungen in Industrie, Parken, Handel, [&hellip;]<\/p>\n","protected":false},"author":8,"featured_media":0,"parent":626,"menu_order":0,"comment_status":"closed","ping_status":"closed","template":"","meta":{"_acf_changed":false,"_uag_custom_page_level_css":"","_genesis_hide_title":false,"_genesis_hide_breadcrumbs":false,"_genesis_hide_singular_image":false,"_genesis_custom_body_class":"","_genesis_custom_post_class":"","_genesis_layout":"","footnotes":""},"products_categories":[],"project_categories":[],"product_quiz_categories":[],"testimonials_categories":[],"locations_categories":[],"class_list":{"0":"post-1843","1":"page","2":"type-page","3":"status-publish","5":"entry"},"acf":[],"yoast_head":"<!-- This site is optimized with the Yoast SEO plugin v27.4 - https:\/\/yoast.com\/product\/yoast-seo-wordpress\/ -->\n<title>SALES EXPERT FOR SPORTS AND EDUCATIONAL SOLUTIONS 100% M\/W\/D - CONICA AG<\/title>\n<meta name=\"robots\" content=\"index, follow, max-snippet:-1, max-image-preview:large, max-video-preview:-1\" \/>\n<link rel=\"canonical\" href=\"https:\/\/www.conica.com\/de\/karriere\/sales-expert-for-sports-and-educational-solutions-100-m-w-d\/\" \/>\n<meta property=\"og:locale\" content=\"de_DE\" \/>\n<meta property=\"og:type\" content=\"article\" \/>\n<meta property=\"og:title\" content=\"SALES EXPERT FOR SPORTS AND EDUCATIONAL SOLUTIONS 100% M\/W\/D - CONICA AG\" \/>\n<meta property=\"og:description\" content=\"Die Schweizer CONICA Gruppe entwickelt, produziert und verkauft innovative fugenlose Flooring Solutions auf Basis von Polyurethan und Epoxydharzen. Wir sind einer der weltweiten Marktf\u00fchrer und Innovationstreiber im Bereich hochwertiger Sport- und Funktionsb\u00f6den. Unsere Systeme sind die Grundlage f\u00fcr H\u00f6chstleistungen und Rekorde in Sport und Spiel wie auch f\u00fcr technisch dekorative High-End-L\u00f6sungen in Industrie, Parken, Handel, [&hellip;]\" \/>\n<meta property=\"og:url\" content=\"https:\/\/www.conica.com\/de\/karriere\/sales-expert-for-sports-and-educational-solutions-100-m-w-d\/\" \/>\n<meta property=\"og:site_name\" content=\"CONICA AG\" \/>\n<meta property=\"article:modified_time\" content=\"2025-08-12T14:20:22+00:00\" \/>\n<meta property=\"og:image\" content=\"https:\/\/www.conica.com\/wp-content\/uploads\/2020\/03\/news3.png\" \/>\n\t<meta property=\"og:image:width\" content=\"684\" \/>\n\t<meta property=\"og:image:height\" content=\"360\" \/>\n\t<meta property=\"og:image:type\" content=\"image\/png\" \/>\n<meta name=\"twitter:card\" content=\"summary_large_image\" \/>\n<meta name=\"twitter:label1\" content=\"Gesch\u00e4tzte Lesezeit\" \/>\n\t<meta name=\"twitter:data1\" content=\"2\u00a0Minuten\" \/>\n<script type=\"application\/ld+json\" class=\"yoast-schema-graph\">{\"@context\":\"https:\\\/\\\/schema.org\",\"@graph\":[{\"@type\":\"WebPage\",\"@id\":\"https:\\\/\\\/www.conica.com\\\/de\\\/karriere\\\/sales-expert-for-sports-and-educational-solutions-100-m-w-d\\\/\",\"url\":\"https:\\\/\\\/www.conica.com\\\/de\\\/karriere\\\/sales-expert-for-sports-and-educational-solutions-100-m-w-d\\\/\",\"name\":\"SALES EXPERT FOR SPORTS AND EDUCATIONAL SOLUTIONS 100% M\\\/W\\\/D - CONICA AG\",\"isPartOf\":{\"@id\":\"https:\\\/\\\/www.conica.com\\\/it\\\/#website\"},\"primaryImageOfPage\":{\"@id\":\"https:\\\/\\\/www.conica.com\\\/de\\\/karriere\\\/sales-expert-for-sports-and-educational-solutions-100-m-w-d\\\/#primaryimage\"},\"image\":{\"@id\":\"https:\\\/\\\/www.conica.com\\\/de\\\/karriere\\\/sales-expert-for-sports-and-educational-solutions-100-m-w-d\\\/#primaryimage\"},\"thumbnailUrl\":\"https:\\\/\\\/www.conica.com\\\/wp-content\\\/uploads\\\/2020\\\/03\\\/news3.png\",\"datePublished\":\"2020-07-22T05:39:05+00:00\",\"dateModified\":\"2025-08-12T14:20:22+00:00\",\"breadcrumb\":{\"@id\":\"https:\\\/\\\/www.conica.com\\\/de\\\/karriere\\\/sales-expert-for-sports-and-educational-solutions-100-m-w-d\\\/#breadcrumb\"},\"inLanguage\":\"de\",\"potentialAction\":[{\"@type\":\"ReadAction\",\"target\":[\"https:\\\/\\\/www.conica.com\\\/de\\\/karriere\\\/sales-expert-for-sports-and-educational-solutions-100-m-w-d\\\/\"]}]},{\"@type\":\"ImageObject\",\"inLanguage\":\"de\",\"@id\":\"https:\\\/\\\/www.conica.com\\\/de\\\/karriere\\\/sales-expert-for-sports-and-educational-solutions-100-m-w-d\\\/#primaryimage\",\"url\":\"https:\\\/\\\/www.conica.com\\\/wp-content\\\/uploads\\\/2020\\\/03\\\/news3.png\",\"contentUrl\":\"https:\\\/\\\/www.conica.com\\\/wp-content\\\/uploads\\\/2020\\\/03\\\/news3.png\"},{\"@type\":\"BreadcrumbList\",\"@id\":\"https:\\\/\\\/www.conica.com\\\/de\\\/karriere\\\/sales-expert-for-sports-and-educational-solutions-100-m-w-d\\\/#breadcrumb\",\"itemListElement\":[{\"@type\":\"ListItem\",\"position\":1,\"name\":\"Home\",\"item\":\"https:\\\/\\\/www.conica.com\\\/de\\\/\"},{\"@type\":\"ListItem\",\"position\":2,\"name\":\"Karriere\",\"item\":\"https:\\\/\\\/www.conica.com\\\/de\\\/karriere\\\/\"},{\"@type\":\"ListItem\",\"position\":3,\"name\":\"SALES EXPERT FOR SPORTS AND EDUCATIONAL SOLUTIONS 100% M\\\/W\\\/D\"}]},{\"@type\":\"WebSite\",\"@id\":\"https:\\\/\\\/www.conica.com\\\/it\\\/#website\",\"url\":\"https:\\\/\\\/www.conica.com\\\/it\\\/\",\"name\":\"CONICA AG\",\"description\":\"Sport-, Playground- und Functional Flooring Bel\u00e4ge\",\"publisher\":{\"@id\":\"https:\\\/\\\/www.conica.com\\\/it\\\/#organization\"},\"potentialAction\":[{\"@type\":\"SearchAction\",\"target\":{\"@type\":\"EntryPoint\",\"urlTemplate\":\"https:\\\/\\\/www.conica.com\\\/it\\\/?s={search_term_string}\"},\"query-input\":{\"@type\":\"PropertyValueSpecification\",\"valueRequired\":true,\"valueName\":\"search_term_string\"}}],\"inLanguage\":\"de\"},{\"@type\":\"Organization\",\"@id\":\"https:\\\/\\\/www.conica.com\\\/it\\\/#organization\",\"name\":\"CONICA AG\",\"url\":\"https:\\\/\\\/www.conica.com\\\/it\\\/\",\"logo\":{\"@type\":\"ImageObject\",\"inLanguage\":\"de\",\"@id\":\"https:\\\/\\\/www.conica.com\\\/it\\\/#\\\/schema\\\/logo\\\/image\\\/\",\"url\":\"https:\\\/\\\/www.conica.com\\\/wp-content\\\/uploads\\\/2020\\\/04\\\/logo_conica-01.svg\",\"contentUrl\":\"https:\\\/\\\/www.conica.com\\\/wp-content\\\/uploads\\\/2020\\\/04\\\/logo_conica-01.svg\",\"caption\":\"CONICA AG\"},\"image\":{\"@id\":\"https:\\\/\\\/www.conica.com\\\/it\\\/#\\\/schema\\\/logo\\\/image\\\/\"}}]}<\/script>\n<!-- \/ Yoast SEO plugin. -->","yoast_head_json":{"title":"SALES EXPERT FOR SPORTS AND EDUCATIONAL SOLUTIONS 100% M\/W\/D - CONICA AG","robots":{"index":"index","follow":"follow","max-snippet":"max-snippet:-1","max-image-preview":"max-image-preview:large","max-video-preview":"max-video-preview:-1"},"canonical":"https:\/\/www.conica.com\/de\/karriere\/sales-expert-for-sports-and-educational-solutions-100-m-w-d\/","og_locale":"de_DE","og_type":"article","og_title":"SALES EXPERT FOR SPORTS AND EDUCATIONAL SOLUTIONS 100% M\/W\/D - CONICA AG","og_description":"Die Schweizer CONICA Gruppe entwickelt, produziert und verkauft innovative fugenlose Flooring Solutions auf Basis von Polyurethan und Epoxydharzen. Wir sind einer der weltweiten Marktf\u00fchrer und Innovationstreiber im Bereich hochwertiger Sport- und Funktionsb\u00f6den. Unsere Systeme sind die Grundlage f\u00fcr H\u00f6chstleistungen und Rekorde in Sport und Spiel wie auch f\u00fcr technisch dekorative High-End-L\u00f6sungen in Industrie, Parken, Handel, [&hellip;]","og_url":"https:\/\/www.conica.com\/de\/karriere\/sales-expert-for-sports-and-educational-solutions-100-m-w-d\/","og_site_name":"CONICA AG","article_modified_time":"2025-08-12T14:20:22+00:00","og_image":[{"width":684,"height":360,"url":"https:\/\/www.conica.com\/wp-content\/uploads\/2020\/03\/news3.png","type":"image\/png"}],"twitter_card":"summary_large_image","twitter_misc":{"Gesch\u00e4tzte Lesezeit":"2\u00a0Minuten"},"schema":{"@context":"https:\/\/schema.org","@graph":[{"@type":"WebPage","@id":"https:\/\/www.conica.com\/de\/karriere\/sales-expert-for-sports-and-educational-solutions-100-m-w-d\/","url":"https:\/\/www.conica.com\/de\/karriere\/sales-expert-for-sports-and-educational-solutions-100-m-w-d\/","name":"SALES EXPERT FOR SPORTS AND EDUCATIONAL SOLUTIONS 100% M\/W\/D - CONICA AG","isPartOf":{"@id":"https:\/\/www.conica.com\/it\/#website"},"primaryImageOfPage":{"@id":"https:\/\/www.conica.com\/de\/karriere\/sales-expert-for-sports-and-educational-solutions-100-m-w-d\/#primaryimage"},"image":{"@id":"https:\/\/www.conica.com\/de\/karriere\/sales-expert-for-sports-and-educational-solutions-100-m-w-d\/#primaryimage"},"thumbnailUrl":"https:\/\/www.conica.com\/wp-content\/uploads\/2020\/03\/news3.png","datePublished":"2020-07-22T05:39:05+00:00","dateModified":"2025-08-12T14:20:22+00:00","breadcrumb":{"@id":"https:\/\/www.conica.com\/de\/karriere\/sales-expert-for-sports-and-educational-solutions-100-m-w-d\/#breadcrumb"},"inLanguage":"de","potentialAction":[{"@type":"ReadAction","target":["https:\/\/www.conica.com\/de\/karriere\/sales-expert-for-sports-and-educational-solutions-100-m-w-d\/"]}]},{"@type":"ImageObject","inLanguage":"de","@id":"https:\/\/www.conica.com\/de\/karriere\/sales-expert-for-sports-and-educational-solutions-100-m-w-d\/#primaryimage","url":"https:\/\/www.conica.com\/wp-content\/uploads\/2020\/03\/news3.png","contentUrl":"https:\/\/www.conica.com\/wp-content\/uploads\/2020\/03\/news3.png"},{"@type":"BreadcrumbList","@id":"https:\/\/www.conica.com\/de\/karriere\/sales-expert-for-sports-and-educational-solutions-100-m-w-d\/#breadcrumb","itemListElement":[{"@type":"ListItem","position":1,"name":"Home","item":"https:\/\/www.conica.com\/de\/"},{"@type":"ListItem","position":2,"name":"Karriere","item":"https:\/\/www.conica.com\/de\/karriere\/"},{"@type":"ListItem","position":3,"name":"SALES EXPERT FOR SPORTS AND EDUCATIONAL SOLUTIONS 100% M\/W\/D"}]},{"@type":"WebSite","@id":"https:\/\/www.conica.com\/it\/#website","url":"https:\/\/www.conica.com\/it\/","name":"CONICA AG","description":"Sport-, Playground- und Functional Flooring Bel\u00e4ge","publisher":{"@id":"https:\/\/www.conica.com\/it\/#organization"},"potentialAction":[{"@type":"SearchAction","target":{"@type":"EntryPoint","urlTemplate":"https:\/\/www.conica.com\/it\/?s={search_term_string}"},"query-input":{"@type":"PropertyValueSpecification","valueRequired":true,"valueName":"search_term_string"}}],"inLanguage":"de"},{"@type":"Organization","@id":"https:\/\/www.conica.com\/it\/#organization","name":"CONICA AG","url":"https:\/\/www.conica.com\/it\/","logo":{"@type":"ImageObject","inLanguage":"de","@id":"https:\/\/www.conica.com\/it\/#\/schema\/logo\/image\/","url":"https:\/\/www.conica.com\/wp-content\/uploads\/2020\/04\/logo_conica-01.svg","contentUrl":"https:\/\/www.conica.com\/wp-content\/uploads\/2020\/04\/logo_conica-01.svg","caption":"CONICA AG"},"image":{"@id":"https:\/\/www.conica.com\/it\/#\/schema\/logo\/image\/"}}]}},"featured_image_src":null,"featured_image_src_square":null,"uagb_featured_image_src":{"full":false,"thumbnail":false,"medium":false,"medium_large":false,"large":false,"gs-tiny":false,"xl":false,"xxl":false,"xxxl":false,"xxxxl":false,"xxxxxl":false,"gts-thumbnail":false,"1536x1536":false,"2048x2048":false,"sidebar-featured":false,"genesis-singular-images":false,"ab-block-post-grid-landscape":false,"ab-block-post-grid-square":false,"gform-image-choice-sm":false,"gform-image-choice-md":false,"gform-image-choice-lg":false},"uagb_author_info":{"display_name":"cloudweb admin","author_link":"https:\/\/www.conica.com\/de\/author\/cloudweb-admin\/"},"uagb_comment_info":0,"uagb_excerpt":"Die Schweizer CONICA Gruppe entwickelt, produziert und verkauft innovative fugenlose Flooring Solutions auf Basis von Polyurethan und Epoxydharzen. Wir sind einer der weltweiten Marktf\u00fchrer und Innovationstreiber im Bereich hochwertiger Sport- und Funktionsb\u00f6den. Unsere Systeme sind die Grundlage f\u00fcr H\u00f6chstleistungen und Rekorde in Sport und Spiel wie auch f\u00fcr technisch dekorative High-End-L\u00f6sungen in Industrie, Parken, Handel,&hellip;","_links":{"self":[{"href":"https:\/\/www.conica.com\/de\/wp-json\/wp\/v2\/pages\/1843","targetHints":{"allow":["GET"]}}],"collection":[{"href":"https:\/\/www.conica.com\/de\/wp-json\/wp\/v2\/pages"}],"about":[{"href":"https:\/\/www.conica.com\/de\/wp-json\/wp\/v2\/types\/page"}],"author":[{"embeddable":true,"href":"https:\/\/www.conica.com\/de\/wp-json\/wp\/v2\/users\/8"}],"replies":[{"embeddable":true,"href":"https:\/\/www.conica.com\/de\/wp-json\/wp\/v2\/comments?post=1843"}],"version-history":[{"count":1,"href":"https:\/\/www.conica.com\/de\/wp-json\/wp\/v2\/pages\/1843\/revisions"}],"predecessor-version":[{"id":44909,"href":"https:\/\/www.conica.com\/de\/wp-json\/wp\/v2\/pages\/1843\/revisions\/44909"}],"up":[{"embeddable":true,"href":"https:\/\/www.conica.com\/de\/wp-json\/wp\/v2\/pages\/626"}],"wp:attachment":[{"href":"https:\/\/www.conica.com\/de\/wp-json\/wp\/v2\/media?parent=1843"}],"wp:term":[{"taxonomy":"products_categories","embeddable":true,"href":"https:\/\/www.conica.com\/de\/wp-json\/wp\/v2\/products_categories?post=1843"},{"taxonomy":"project_categories","embeddable":true,"href":"https:\/\/www.conica.com\/de\/wp-json\/wp\/v2\/project_categories?post=1843"},{"taxonomy":"product_quiz_categories","embeddable":true,"href":"https:\/\/www.conica.com\/de\/wp-json\/wp\/v2\/product_quiz_categories?post=1843"},{"taxonomy":"testimonials_categories","embeddable":true,"href":"https:\/\/www.conica.com\/de\/wp-json\/wp\/v2\/testimonials_categories?post=1843"},{"taxonomy":"locations_categories","embeddable":true,"href":"https:\/\/www.conica.com\/de\/wp-json\/wp\/v2\/locations_categories?post=1843"}],"curies":[{"name":"wp","href":"https:\/\/api.w.org\/{rel}","templated":true}]}}