{"id":1862,"date":"2020-07-22T08:32:27","date_gmt":"2020-07-22T06:32:27","guid":{"rendered":"https:\/\/www.conica.com\/?page_id=1862"},"modified":"2025-08-12T16:12:35","modified_gmt":"2025-08-12T14:12:35","slug":"produkte-fuer-funktionelle-bodenbelaege","status":"publish","type":"page","link":"https:\/\/www.conica.com\/de\/industrie\/produkte-fuer-funktionelle-bodenbelaege\/","title":{"rendered":"Produkte f\u00fcr funktionelle Bodenbel\u00e4ge"},"content":{"rendered":"\n<div class=\"wp-block-atomic-blocks-ab-container ab-block-container alignfull\"><div class=\"ab-container-inside\"><div class=\"ab-container-content\">\n<div class=\"wp-block-atomic-blocks-ab-columns page-intro ab-layout-columns-2 ab-2-col-equal alignwide\"><div class=\"ab-layout-column-wrap ab-block-layout-column-gap-2 ab-is-responsive-column\">\n<div class=\"wp-block-atomic-blocks-ab-column ab-block-layout-column\"><div class=\"ab-block-layout-column-inner\">\n<h1 class=\"no-margin wp-block-heading\">Produkte f\u00fcr funktionelle Bodenbel\u00e4ge<\/h1>\n\n\n\n<p><\/p>\n<\/div><\/div>\n\n\n\n<div class=\"wp-block-atomic-blocks-ab-column ab-block-layout-column\"><div class=\"ab-block-layout-column-inner\">\n<p>Hier finden Sie alle Produktdatenbl\u00e4tter, sortiert nach Produktgruppen.<\/p>\n<\/div><\/div>\n<\/div><\/div>\n\n\n\n<div class=\"wp-block-atomic-blocks-ab-columns page-intro product-for ab-layout-columns-2 ab-2-col-equal alignwide\"><div class=\"ab-layout-column-wrap ab-block-layout-column-gap-2 ab-is-responsive-column\">\n<div class=\"wp-block-atomic-blocks-ab-column ab-block-layout-column\"><div class=\"ab-block-layout-column-inner\">\n<figure class=\"wp-block-image size-large\"><a href=\"https:\/\/www.conica.com\/industrie\/produkte-fuer-funktionelle-bodenbelaege\/verlaufsbeschichtungen-innenbereich\/\"><img decoding=\"async\" width=\"1024\" height=\"683\" src=\"https:\/\/www.conica.com\/wp-content\/uploads\/2020\/08\/DSC02236-1024x683.jpg\" alt=\"\" class=\"wp-image-4325\" srcset=\"https:\/\/www.conica.com\/wp-content\/uploads\/2020\/08\/DSC02236-1024x683.jpg 1024w, https:\/\/www.conica.com\/wp-content\/uploads\/2020\/08\/DSC02236-300x200.jpg 300w, https:\/\/www.conica.com\/wp-content\/uploads\/2020\/08\/DSC02236-768x512.jpg 768w, https:\/\/www.conica.com\/wp-content\/uploads\/2020\/08\/DSC02236-1536x1025.jpg 1536w, https:\/\/www.conica.com\/wp-content\/uploads\/2020\/08\/DSC02236-2048x1366.jpg 2048w, https:\/\/www.conica.com\/wp-content\/uploads\/2020\/08\/DSC02236-600x400.jpg 600w, https:\/\/www.conica.com\/wp-content\/uploads\/2020\/08\/DSC02236-1600x1067.jpg 1600w\" sizes=\"(max-width: 1024px) 100vw, 1024px\" \/><\/a><\/figure>\n\n\n\n<p class=\"has-text-align-center\"><a href=\"https:\/\/www.conica.com\/industrie\/produkte-fuer-funktionelle-bodenbelaege\/verlaufsbeschichtungen-innenbereich\/\">Verlaufsbeschichtungen Innenbereich<\/a><\/p>\n\n\n\n<figure class=\"wp-block-image size-large\"><a href=\"https:\/\/www.conica.com\/industrie\/produkte-fuer-funktionelle-bodenbelaege\/spachtelmassen\/\"><img decoding=\"async\" width=\"1024\" height=\"683\" src=\"https:\/\/www.conica.com\/wp-content\/uploads\/2020\/08\/DSC01600-1-1024x683.jpg\" alt=\"\" class=\"wp-image-4314\" srcset=\"https:\/\/www.conica.com\/wp-content\/uploads\/2020\/08\/DSC01600-1-1024x683.jpg 1024w, https:\/\/www.conica.com\/wp-content\/uploads\/2020\/08\/DSC01600-1-300x200.jpg 300w, https:\/\/www.conica.com\/wp-content\/uploads\/2020\/08\/DSC01600-1-768x512.jpg 768w, https:\/\/www.conica.com\/wp-content\/uploads\/2020\/08\/DSC01600-1-1536x1024.jpg 1536w, https:\/\/www.conica.com\/wp-content\/uploads\/2020\/08\/DSC01600-1-2048x1366.jpg 2048w, https:\/\/www.conica.com\/wp-content\/uploads\/2020\/08\/DSC01600-1-600x400.jpg 600w, https:\/\/www.conica.com\/wp-content\/uploads\/2020\/08\/DSC01600-1-1600x1067.jpg 1600w\" sizes=\"(max-width: 1024px) 100vw, 1024px\" \/><\/a><\/figure>\n\n\n\n<p class=\"has-text-align-center\"><a href=\"https:\/\/www.conica.com\/industrie\/produkte-fuer-funktionelle-bodenbelaege\/spachtelmassen\/\">Spachtelmassen<\/a><\/p>\n\n\n\n<figure class=\"wp-block-image size-full is-resized\"><img decoding=\"async\" src=\"https:\/\/www.conica.com\/wp-content\/uploads\/2022\/04\/Floor_blue_1-2.jpg\" alt=\"\" class=\"wp-image-27142\" width=\"528\" height=\"355\"\/><\/figure>\n\n\n\n<p class=\"has-text-align-center\"><a href=\"https:\/\/www.conica.com\/industrie\/produkte-fuer-funktionelle-bodenbelaege\/versiegelungen\/\">Versiegelungen<\/a><\/p>\n\n\n\n<figure class=\"wp-block-image size-large\"><a href=\"https:\/\/www.conica.com\/industrie\/produkte-fuer-funktionelle-bodenbelaege\/abdichtungen\/\"><img decoding=\"async\" width=\"1024\" height=\"683\" src=\"https:\/\/www.conica.com\/wp-content\/uploads\/2020\/08\/DSC01608-1-1024x683.jpg\" alt=\"\" class=\"wp-image-4328\" srcset=\"https:\/\/www.conica.com\/wp-content\/uploads\/2020\/08\/DSC01608-1-1024x683.jpg 1024w, https:\/\/www.conica.com\/wp-content\/uploads\/2020\/08\/DSC01608-1-300x200.jpg 300w, https:\/\/www.conica.com\/wp-content\/uploads\/2020\/08\/DSC01608-1-768x512.jpg 768w, https:\/\/www.conica.com\/wp-content\/uploads\/2020\/08\/DSC01608-1-1536x1025.jpg 1536w, https:\/\/www.conica.com\/wp-content\/uploads\/2020\/08\/DSC01608-1-2048x1366.jpg 2048w, https:\/\/www.conica.com\/wp-content\/uploads\/2020\/08\/DSC01608-1-600x400.jpg 600w, https:\/\/www.conica.com\/wp-content\/uploads\/2020\/08\/DSC01608-1-1600x1067.jpg 1600w\" sizes=\"(max-width: 1024px) 100vw, 1024px\" \/><\/a><\/figure>\n\n\n\n<p class=\"has-text-align-center\"><a href=\"https:\/\/www.conica.com\/industrie\/produkte-fuer-funktionelle-bodenbelaege\/abdichtungen\/\">Abdichtungen<\/a><\/p>\n\n\n\n<figure class=\"wp-block-image size-large\"><a href=\"https:\/\/www.conica.com\/industrie\/produkte-fuer-funktionelle-bodenbelaege\/ergaenzungsprodukte\/\"><img decoding=\"async\" width=\"1024\" height=\"683\" src=\"https:\/\/www.conica.com\/wp-content\/uploads\/2020\/08\/CONICA-Labor-DSC00881-1-1024x683.jpg\" alt=\"\" class=\"wp-image-3498\" srcset=\"https:\/\/www.conica.com\/wp-content\/uploads\/2020\/08\/CONICA-Labor-DSC00881-1-1024x683.jpg 1024w, https:\/\/www.conica.com\/wp-content\/uploads\/2020\/08\/CONICA-Labor-DSC00881-1-300x200.jpg 300w, https:\/\/www.conica.com\/wp-content\/uploads\/2020\/08\/CONICA-Labor-DSC00881-1-768x512.jpg 768w, https:\/\/www.conica.com\/wp-content\/uploads\/2020\/08\/CONICA-Labor-DSC00881-1-1536x1025.jpg 1536w, https:\/\/www.conica.com\/wp-content\/uploads\/2020\/08\/CONICA-Labor-DSC00881-1-2048x1366.jpg 2048w, https:\/\/www.conica.com\/wp-content\/uploads\/2020\/08\/CONICA-Labor-DSC00881-1-600x400.jpg 600w, https:\/\/www.conica.com\/wp-content\/uploads\/2020\/08\/CONICA-Labor-DSC00881-1-1600x1067.jpg 1600w\" sizes=\"(max-width: 1024px) 100vw, 1024px\" \/><\/a><\/figure>\n\n\n\n<p class=\"has-text-align-center\"><a href=\"https:\/\/www.conica.com\/industrie\/produkte-fuer-funktionelle-bodenbelaege\/ergaenzungsprodukte\/\">Erg\u00e4nzungsprodukte<\/a><\/p>\n<\/div><\/div>\n\n\n\n<div class=\"wp-block-atomic-blocks-ab-column ab-block-layout-column ab-is-vertically-aligned-top\"><div class=\"ab-block-layout-column-inner\">\n<figure class=\"wp-block-image size-large\"><a href=\"https:\/\/www.conica.com\/industrie\/produkte-fuer-funktionelle-bodenbelaege\/gummigranulatmatte\/\"><img decoding=\"async\" width=\"1024\" height=\"660\" src=\"https:\/\/www.conica.com\/wp-content\/uploads\/2020\/07\/E-Schicht-2-1024x660.jpg\" alt=\"\" class=\"wp-image-1867\" srcset=\"https:\/\/www.conica.com\/wp-content\/uploads\/2020\/07\/E-Schicht-2-1024x660.jpg 1024w, https:\/\/www.conica.com\/wp-content\/uploads\/2020\/07\/E-Schicht-2-300x193.jpg 300w, https:\/\/www.conica.com\/wp-content\/uploads\/2020\/07\/E-Schicht-2-768x495.jpg 768w, https:\/\/www.conica.com\/wp-content\/uploads\/2020\/07\/E-Schicht-2.jpg 1270w\" sizes=\"(max-width: 1024px) 100vw, 1024px\" \/><\/a><\/figure>\n\n\n\n<p class=\"has-text-align-center\"><a href=\"https:\/\/www.conica.com\/industrie\/produkte-fuer-funktionelle-bodenbelaege\/gummigranulatmatte\/\">Gummigranulatmatte<\/a><\/p>\n\n\n\n<figure class=\"wp-block-image size-large\"><a href=\"https:\/\/www.conica.com\/industrie\/produkte-fuer-funktionelle-bodenbelaege\/haftvermittler-grundierung\/\"><img decoding=\"async\" width=\"1024\" height=\"660\" src=\"https:\/\/www.conica.com\/wp-content\/uploads\/2020\/07\/SportsFlooring_Produkte_GeschlossenerBereich_Verduenner-1-1024x660.jpg\" alt=\"\" class=\"wp-image-1873\" srcset=\"https:\/\/www.conica.com\/wp-content\/uploads\/2020\/07\/SportsFlooring_Produkte_GeschlossenerBereich_Verduenner-1-1024x660.jpg 1024w, https:\/\/www.conica.com\/wp-content\/uploads\/2020\/07\/SportsFlooring_Produkte_GeschlossenerBereich_Verduenner-1-300x193.jpg 300w, https:\/\/www.conica.com\/wp-content\/uploads\/2020\/07\/SportsFlooring_Produkte_GeschlossenerBereich_Verduenner-1-768x495.jpg 768w, https:\/\/www.conica.com\/wp-content\/uploads\/2020\/07\/SportsFlooring_Produkte_GeschlossenerBereich_Verduenner-1.jpg 1270w\" sizes=\"(max-width: 1024px) 100vw, 1024px\" \/><\/a><\/figure>\n\n\n\n<p class=\"has-text-align-center\"><a href=\"https:\/\/www.conica.com\/industrie\/produkte-fuer-funktionelle-bodenbelaege\/haftvermittler-grundierung\/\">Haftvermittler \/ Grundierung<\/a><\/p>\n\n\n\n<figure class=\"wp-block-image size-large\"><a href=\"https:\/\/www.conica.com\/industrie\/produkte-fuer-funktionelle-bodenbelaege\/klebstoffe\/\"><img decoding=\"async\" width=\"1024\" height=\"683\" src=\"https:\/\/www.conica.com\/wp-content\/uploads\/2020\/08\/DSC01562-1-1024x683.jpg\" alt=\"SportsFlooring_Produkte_GeschlossenerBereich_Verduenner\" class=\"wp-image-4312\" srcset=\"https:\/\/www.conica.com\/wp-content\/uploads\/2020\/08\/DSC01562-1-1024x683.jpg 1024w, https:\/\/www.conica.com\/wp-content\/uploads\/2020\/08\/DSC01562-1-300x200.jpg 300w, https:\/\/www.conica.com\/wp-content\/uploads\/2020\/08\/DSC01562-1-768x512.jpg 768w, https:\/\/www.conica.com\/wp-content\/uploads\/2020\/08\/DSC01562-1-1536x1024.jpg 1536w, https:\/\/www.conica.com\/wp-content\/uploads\/2020\/08\/DSC01562-1-2048x1366.jpg 2048w, https:\/\/www.conica.com\/wp-content\/uploads\/2020\/08\/DSC01562-1-600x400.jpg 600w, https:\/\/www.conica.com\/wp-content\/uploads\/2020\/08\/DSC01562-1-1600x1067.jpg 1600w\" sizes=\"(max-width: 1024px) 100vw, 1024px\" \/><\/a><\/figure>\n\n\n\n<p class=\"has-text-align-center\"><a href=\"https:\/\/www.conica.com\/industrie\/produkte-fuer-funktionelle-bodenbelaege\/klebstoffe\/\">Klebstoffe<\/a><\/p>\n\n\n\n<figure class=\"wp-block-image size-full\"><img decoding=\"async\" width=\"994\" height=\"751\" src=\"https:\/\/www.conica.com\/wp-content\/uploads\/2022\/11\/Verschleisschicht-opt.jpg\" alt=\"\" class=\"wp-image-31013\" srcset=\"https:\/\/www.conica.com\/wp-content\/uploads\/2022\/11\/Verschleisschicht-opt.jpg 994w, https:\/\/www.conica.com\/wp-content\/uploads\/2022\/11\/Verschleisschicht-opt-300x227.jpg 300w, https:\/\/www.conica.com\/wp-content\/uploads\/2022\/11\/Verschleisschicht-opt-768x580.jpg 768w\" sizes=\"(max-width: 994px) 100vw, 994px\" \/><\/figure>\n\n\n\n<p class=\"has-text-align-center\"><a href=\"https:\/\/www.conica.com\/industrie\/produkte-fuer-funktionelle-bodenbelaege\/verschleissschichten\/\">Verschleissschichten<\/a><\/p>\n<\/div><\/div>\n<\/div><\/div>\n\n\n\n<p><\/p>\n<\/div><\/div><\/div>\n\n\n\n<p><\/p>\n","protected":false},"excerpt":{"rendered":"","protected":false},"author":8,"featured_media":0,"parent":615,"menu_order":0,"comment_status":"closed","ping_status":"closed","template":"","meta":{"_acf_changed":false,"_uag_custom_page_level_css":"","_genesis_hide_title":false,"_genesis_hide_breadcrumbs":false,"_genesis_hide_singular_image":false,"_genesis_custom_body_class":"","_genesis_custom_post_class":"","_genesis_layout":"","footnotes":""},"products_categories":[51],"project_categories":[35,36,37],"product_quiz_categories":[],"testimonials_categories":[],"locations_categories":[],"class_list":{"0":"post-1862","1":"page","2":"type-page","3":"status-publish","5":"products_categories-parking","6":"project_categories-sport","7":"project_categories-dekorativ","8":"project_categories-playgrounds","9":"entry"},"acf":[],"yoast_head":"<!-- This site is optimized with the Yoast SEO plugin v27.4 - https:\/\/yoast.com\/product\/yoast-seo-wordpress\/ -->\n<title>Bodenbel\u00e4ge Produkte \u27a1\ufe0f Funktionelle Bodenbel\u00e4ge<\/title>\n<meta name=\"description\" content=\"Verschiedene Produkte f\u00fcr die Herstellung von Bodenbel\u00e4gen. F\u00fcr den Innen- und Aussenbereich \u2714\ufe0f Conica\" \/>\n<meta name=\"robots\" content=\"index, follow, max-snippet:-1, max-image-preview:large, max-video-preview:-1\" \/>\n<link rel=\"canonical\" href=\"https:\/\/www.conica.com\/de\/industrie\/produkte-fuer-funktionelle-bodenbelaege\/\" \/>\n<meta property=\"og:locale\" content=\"de_DE\" \/>\n<meta property=\"og:type\" content=\"article\" \/>\n<meta property=\"og:title\" content=\"Bodenbel\u00e4ge Produkte \u27a1\ufe0f Funktionelle Bodenbel\u00e4ge\" \/>\n<meta property=\"og:description\" content=\"Verschiedene Produkte f\u00fcr die Herstellung von Bodenbel\u00e4gen. F\u00fcr den Innen- und Aussenbereich \u2714\ufe0f Conica\" \/>\n<meta property=\"og:url\" content=\"https:\/\/www.conica.com\/de\/industrie\/produkte-fuer-funktionelle-bodenbelaege\/\" \/>\n<meta property=\"og:site_name\" content=\"CONICA AG\" \/>\n<meta property=\"article:modified_time\" content=\"2025-08-12T14:12:35+00:00\" \/>\n<meta property=\"og:image\" content=\"https:\/\/www.conica.com\/wp-content\/uploads\/2020\/08\/DSC02236-scaled.jpg\" \/>\n\t<meta property=\"og:image:width\" content=\"2560\" \/>\n\t<meta property=\"og:image:height\" content=\"1708\" \/>\n\t<meta property=\"og:image:type\" content=\"image\/jpeg\" \/>\n<meta name=\"twitter:card\" content=\"summary_large_image\" \/>\n<meta name=\"twitter:label1\" content=\"Gesch\u00e4tzte Lesezeit\" \/>\n\t<meta name=\"twitter:data1\" content=\"2\u00a0Minuten\" \/>\n<script type=\"application\/ld+json\" class=\"yoast-schema-graph\">{\"@context\":\"https:\\\/\\\/schema.org\",\"@graph\":[{\"@type\":\"WebPage\",\"@id\":\"https:\\\/\\\/www.conica.com\\\/de\\\/industrie\\\/produkte-fuer-funktionelle-bodenbelaege\\\/\",\"url\":\"https:\\\/\\\/www.conica.com\\\/de\\\/industrie\\\/produkte-fuer-funktionelle-bodenbelaege\\\/\",\"name\":\"Bodenbel\u00e4ge Produkte \u27a1\ufe0f Funktionelle Bodenbel\u00e4ge\",\"isPartOf\":{\"@id\":\"https:\\\/\\\/www.conica.com\\\/it\\\/#website\"},\"primaryImageOfPage\":{\"@id\":\"https:\\\/\\\/www.conica.com\\\/de\\\/industrie\\\/produkte-fuer-funktionelle-bodenbelaege\\\/#primaryimage\"},\"image\":{\"@id\":\"https:\\\/\\\/www.conica.com\\\/de\\\/industrie\\\/produkte-fuer-funktionelle-bodenbelaege\\\/#primaryimage\"},\"thumbnailUrl\":\"https:\\\/\\\/www.conica.com\\\/wp-content\\\/uploads\\\/2020\\\/08\\\/DSC02236-1024x683.jpg\",\"datePublished\":\"2020-07-22T06:32:27+00:00\",\"dateModified\":\"2025-08-12T14:12:35+00:00\",\"description\":\"Verschiedene Produkte f\u00fcr die Herstellung von Bodenbel\u00e4gen. F\u00fcr den Innen- und Aussenbereich \u2714\ufe0f Conica\",\"breadcrumb\":{\"@id\":\"https:\\\/\\\/www.conica.com\\\/de\\\/industrie\\\/produkte-fuer-funktionelle-bodenbelaege\\\/#breadcrumb\"},\"inLanguage\":\"de\",\"potentialAction\":[{\"@type\":\"ReadAction\",\"target\":[\"https:\\\/\\\/www.conica.com\\\/de\\\/industrie\\\/produkte-fuer-funktionelle-bodenbelaege\\\/\"]}]},{\"@type\":\"ImageObject\",\"inLanguage\":\"de\",\"@id\":\"https:\\\/\\\/www.conica.com\\\/de\\\/industrie\\\/produkte-fuer-funktionelle-bodenbelaege\\\/#primaryimage\",\"url\":\"https:\\\/\\\/www.conica.com\\\/wp-content\\\/uploads\\\/2020\\\/08\\\/DSC02236-1024x683.jpg\",\"contentUrl\":\"https:\\\/\\\/www.conica.com\\\/wp-content\\\/uploads\\\/2020\\\/08\\\/DSC02236-1024x683.jpg\"},{\"@type\":\"BreadcrumbList\",\"@id\":\"https:\\\/\\\/www.conica.com\\\/de\\\/industrie\\\/produkte-fuer-funktionelle-bodenbelaege\\\/#breadcrumb\",\"itemListElement\":[{\"@type\":\"ListItem\",\"position\":1,\"name\":\"Home\",\"item\":\"https:\\\/\\\/www.conica.com\\\/de\\\/\"},{\"@type\":\"ListItem\",\"position\":2,\"name\":\"Industrie\",\"item\":\"https:\\\/\\\/www.conica.com\\\/de\\\/industrie\\\/\"},{\"@type\":\"ListItem\",\"position\":3,\"name\":\"Produkte f\u00fcr funktionelle Bodenbel\u00e4ge\"}]},{\"@type\":\"WebSite\",\"@id\":\"https:\\\/\\\/www.conica.com\\\/it\\\/#website\",\"url\":\"https:\\\/\\\/www.conica.com\\\/it\\\/\",\"name\":\"CONICA AG\",\"description\":\"Sport-, Playground- und Functional Flooring Bel\u00e4ge\",\"publisher\":{\"@id\":\"https:\\\/\\\/www.conica.com\\\/it\\\/#organization\"},\"potentialAction\":[{\"@type\":\"SearchAction\",\"target\":{\"@type\":\"EntryPoint\",\"urlTemplate\":\"https:\\\/\\\/www.conica.com\\\/it\\\/?s={search_term_string}\"},\"query-input\":{\"@type\":\"PropertyValueSpecification\",\"valueRequired\":true,\"valueName\":\"search_term_string\"}}],\"inLanguage\":\"de\"},{\"@type\":\"Organization\",\"@id\":\"https:\\\/\\\/www.conica.com\\\/it\\\/#organization\",\"name\":\"CONICA AG\",\"url\":\"https:\\\/\\\/www.conica.com\\\/it\\\/\",\"logo\":{\"@type\":\"ImageObject\",\"inLanguage\":\"de\",\"@id\":\"https:\\\/\\\/www.conica.com\\\/it\\\/#\\\/schema\\\/logo\\\/image\\\/\",\"url\":\"https:\\\/\\\/www.conica.com\\\/wp-content\\\/uploads\\\/2020\\\/04\\\/logo_conica-01.svg\",\"contentUrl\":\"https:\\\/\\\/www.conica.com\\\/wp-content\\\/uploads\\\/2020\\\/04\\\/logo_conica-01.svg\",\"caption\":\"CONICA AG\"},\"image\":{\"@id\":\"https:\\\/\\\/www.conica.com\\\/it\\\/#\\\/schema\\\/logo\\\/image\\\/\"}}]}<\/script>\n<!-- \/ Yoast SEO plugin. -->","yoast_head_json":{"title":"Bodenbel\u00e4ge Produkte \u27a1\ufe0f Funktionelle Bodenbel\u00e4ge","description":"Verschiedene Produkte f\u00fcr die Herstellung von Bodenbel\u00e4gen. F\u00fcr den Innen- und Aussenbereich \u2714\ufe0f Conica","robots":{"index":"index","follow":"follow","max-snippet":"max-snippet:-1","max-image-preview":"max-image-preview:large","max-video-preview":"max-video-preview:-1"},"canonical":"https:\/\/www.conica.com\/de\/industrie\/produkte-fuer-funktionelle-bodenbelaege\/","og_locale":"de_DE","og_type":"article","og_title":"Bodenbel\u00e4ge Produkte \u27a1\ufe0f Funktionelle Bodenbel\u00e4ge","og_description":"Verschiedene Produkte f\u00fcr die Herstellung von Bodenbel\u00e4gen. F\u00fcr den Innen- und Aussenbereich \u2714\ufe0f Conica","og_url":"https:\/\/www.conica.com\/de\/industrie\/produkte-fuer-funktionelle-bodenbelaege\/","og_site_name":"CONICA AG","article_modified_time":"2025-08-12T14:12:35+00:00","og_image":[{"width":2560,"height":1708,"url":"https:\/\/www.conica.com\/wp-content\/uploads\/2020\/08\/DSC02236-scaled.jpg","type":"image\/jpeg"}],"twitter_card":"summary_large_image","twitter_misc":{"Gesch\u00e4tzte Lesezeit":"2\u00a0Minuten"},"schema":{"@context":"https:\/\/schema.org","@graph":[{"@type":"WebPage","@id":"https:\/\/www.conica.com\/de\/industrie\/produkte-fuer-funktionelle-bodenbelaege\/","url":"https:\/\/www.conica.com\/de\/industrie\/produkte-fuer-funktionelle-bodenbelaege\/","name":"Bodenbel\u00e4ge Produkte \u27a1\ufe0f Funktionelle Bodenbel\u00e4ge","isPartOf":{"@id":"https:\/\/www.conica.com\/it\/#website"},"primaryImageOfPage":{"@id":"https:\/\/www.conica.com\/de\/industrie\/produkte-fuer-funktionelle-bodenbelaege\/#primaryimage"},"image":{"@id":"https:\/\/www.conica.com\/de\/industrie\/produkte-fuer-funktionelle-bodenbelaege\/#primaryimage"},"thumbnailUrl":"https:\/\/www.conica.com\/wp-content\/uploads\/2020\/08\/DSC02236-1024x683.jpg","datePublished":"2020-07-22T06:32:27+00:00","dateModified":"2025-08-12T14:12:35+00:00","description":"Verschiedene Produkte f\u00fcr die Herstellung von Bodenbel\u00e4gen. F\u00fcr den Innen- und Aussenbereich \u2714\ufe0f Conica","breadcrumb":{"@id":"https:\/\/www.conica.com\/de\/industrie\/produkte-fuer-funktionelle-bodenbelaege\/#breadcrumb"},"inLanguage":"de","potentialAction":[{"@type":"ReadAction","target":["https:\/\/www.conica.com\/de\/industrie\/produkte-fuer-funktionelle-bodenbelaege\/"]}]},{"@type":"ImageObject","inLanguage":"de","@id":"https:\/\/www.conica.com\/de\/industrie\/produkte-fuer-funktionelle-bodenbelaege\/#primaryimage","url":"https:\/\/www.conica.com\/wp-content\/uploads\/2020\/08\/DSC02236-1024x683.jpg","contentUrl":"https:\/\/www.conica.com\/wp-content\/uploads\/2020\/08\/DSC02236-1024x683.jpg"},{"@type":"BreadcrumbList","@id":"https:\/\/www.conica.com\/de\/industrie\/produkte-fuer-funktionelle-bodenbelaege\/#breadcrumb","itemListElement":[{"@type":"ListItem","position":1,"name":"Home","item":"https:\/\/www.conica.com\/de\/"},{"@type":"ListItem","position":2,"name":"Industrie","item":"https:\/\/www.conica.com\/de\/industrie\/"},{"@type":"ListItem","position":3,"name":"Produkte f\u00fcr funktionelle Bodenbel\u00e4ge"}]},{"@type":"WebSite","@id":"https:\/\/www.conica.com\/it\/#website","url":"https:\/\/www.conica.com\/it\/","name":"CONICA AG","description":"Sport-, Playground- und Functional Flooring Bel\u00e4ge","publisher":{"@id":"https:\/\/www.conica.com\/it\/#organization"},"potentialAction":[{"@type":"SearchAction","target":{"@type":"EntryPoint","urlTemplate":"https:\/\/www.conica.com\/it\/?s={search_term_string}"},"query-input":{"@type":"PropertyValueSpecification","valueRequired":true,"valueName":"search_term_string"}}],"inLanguage":"de"},{"@type":"Organization","@id":"https:\/\/www.conica.com\/it\/#organization","name":"CONICA AG","url":"https:\/\/www.conica.com\/it\/","logo":{"@type":"ImageObject","inLanguage":"de","@id":"https:\/\/www.conica.com\/it\/#\/schema\/logo\/image\/","url":"https:\/\/www.conica.com\/wp-content\/uploads\/2020\/04\/logo_conica-01.svg","contentUrl":"https:\/\/www.conica.com\/wp-content\/uploads\/2020\/04\/logo_conica-01.svg","caption":"CONICA AG"},"image":{"@id":"https:\/\/www.conica.com\/it\/#\/schema\/logo\/image\/"}}]}},"featured_image_src":null,"featured_image_src_square":null,"uagb_featured_image_src":{"full":false,"thumbnail":false,"medium":false,"medium_large":false,"large":false,"gs-tiny":false,"xl":false,"xxl":false,"xxxl":false,"xxxxl":false,"xxxxxl":false,"gts-thumbnail":false,"1536x1536":false,"2048x2048":false,"sidebar-featured":false,"genesis-singular-images":false,"ab-block-post-grid-landscape":false,"ab-block-post-grid-square":false,"gform-image-choice-sm":false,"gform-image-choice-md":false,"gform-image-choice-lg":false},"uagb_author_info":{"display_name":"cloudweb admin","author_link":"https:\/\/www.conica.com\/de\/author\/cloudweb-admin\/"},"uagb_comment_info":0,"uagb_excerpt":null,"_links":{"self":[{"href":"https:\/\/www.conica.com\/de\/wp-json\/wp\/v2\/pages\/1862","targetHints":{"allow":["GET"]}}],"collection":[{"href":"https:\/\/www.conica.com\/de\/wp-json\/wp\/v2\/pages"}],"about":[{"href":"https:\/\/www.conica.com\/de\/wp-json\/wp\/v2\/types\/page"}],"author":[{"embeddable":true,"href":"https:\/\/www.conica.com\/de\/wp-json\/wp\/v2\/users\/8"}],"replies":[{"embeddable":true,"href":"https:\/\/www.conica.com\/de\/wp-json\/wp\/v2\/comments?post=1862"}],"version-history":[{"count":1,"href":"https:\/\/www.conica.com\/de\/wp-json\/wp\/v2\/pages\/1862\/revisions"}],"predecessor-version":[{"id":44832,"href":"https:\/\/www.conica.com\/de\/wp-json\/wp\/v2\/pages\/1862\/revisions\/44832"}],"up":[{"embeddable":true,"href":"https:\/\/www.conica.com\/de\/wp-json\/wp\/v2\/pages\/615"}],"wp:attachment":[{"href":"https:\/\/www.conica.com\/de\/wp-json\/wp\/v2\/media?parent=1862"}],"wp:term":[{"taxonomy":"products_categories","embeddable":true,"href":"https:\/\/www.conica.com\/de\/wp-json\/wp\/v2\/products_categories?post=1862"},{"taxonomy":"project_categories","embeddable":true,"href":"https:\/\/www.conica.com\/de\/wp-json\/wp\/v2\/project_categories?post=1862"},{"taxonomy":"product_quiz_categories","embeddable":true,"href":"https:\/\/www.conica.com\/de\/wp-json\/wp\/v2\/product_quiz_categories?post=1862"},{"taxonomy":"testimonials_categories","embeddable":true,"href":"https:\/\/www.conica.com\/de\/wp-json\/wp\/v2\/testimonials_categories?post=1862"},{"taxonomy":"locations_categories","embeddable":true,"href":"https:\/\/www.conica.com\/de\/wp-json\/wp\/v2\/locations_categories?post=1862"}],"curies":[{"name":"wp","href":"https:\/\/api.w.org\/{rel}","templated":true}]}}