{"id":2119,"date":"2020-07-22T11:03:22","date_gmt":"2020-07-22T09:03:22","guid":{"rendered":"https:\/\/www.conica.com\/?page_id=2119"},"modified":"2025-08-12T17:08:30","modified_gmt":"2025-08-12T15:08:30","slug":"world-athletics","status":"publish","type":"page","link":"https:\/\/www.conica.com\/de\/world-athletics\/","title":{"rendered":"World Athletics"},"content":{"rendered":"<div id=\"\" class=\"wp-block-eedee-block-gutenslider gs-frontend content-change alignfull arrow-style-1 arrow-position-sides arrow-mb-none arrows-lg arrows-md arrows-sm dot-style-1 dots-lg dots-md dots-sm dot-position-bottom is-position-center-center mb-none wrap-auto-height\" data-parallax-direction=\"down\" data-parallax-amount=\"1.3\" data-lg-transition=\"lg-slide\" data-hash=\"\" ><div class=\"eedee-swiper-outer\" style=\"--gutenslider-min-height: 50vh;--gutenslider-arrow-size: 30px;--gutenslider-dot-size: 25px;--gutenslider-arrow-color: #ffffff;--gutenslider-dot-color: #ffffff;--gutenslider-padding-y-mobile: 40px;--gutenslider-padding-x-mobile: 40px;--gutenslider-padding-y-tablet: 40px;--gutenslider-padding-x-tablet: 40px;--gutenslider-padding-y-desktop: 40px;--gutenslider-padding-x-desktop: 40px;--gutenslider-bg-image: url();--gutenslider-min-height-md: 50vh;--gutenslider-min-height-sm: 50vh;--gutenslider-padding-x: 40px;--gutenslider-padding-x-md: 40px;--gutenslider-padding-x-sm: 20px;--gutenslider-padding-y: 40px;--gutenslider-padding-y-md: 40px;--gutenslider-padding-y-sm: 20px;--gutenslider-arrow-size-md: 30px;--gutenslider-arrow-size-sm: 30px;--gutenslider-dot-size-md: 25px;--gutenslider-dot-size-sm: 25px;--gutenslider-arrow-bg-color: transparent;--gutenslider-arrow-hover-color: #eeeeee;--gutenslider-arrow-bg-hover-color: transparent;--gutenslider-arrow-x-offset: 10px;--gutenslider-arrow-x-offset-md: 10px;--gutenslider-arrow-x-offset-sm: 10px;--gutenslider-arrow-y-offset: 0px;--gutenslider-arrow-y-offset-md: 0px;--gutenslider-arrow-y-offset-sm: 0px;--gutenslider-arrow-x-spacing: 0px;--gutenslider-dot-y-offset: 10px;--gutenslider-dot-y-offset-md: 10px;--gutenslider-dot-y-offset-sm: 10px;--gutenslider-margin-x: 0px;--gutenslider-margin-x-md: 0px;--gutenslider-margin-x-sm: 0px;--gutenslider-margin-y: 0px;--gutenslider-margin-y-md: 0px;--gutenslider-margin-y-sm: 0px;--gutenslider-divider-top: 60px;--gutenslider-divider-bottom: 60px;--gutenslider-lightgallery-bg: #ffffff;--gutenslider-lightgallery-font: #000000;--gs-first-pos: 50% 50%;--gs-gap-vertical: var( --wp--style--gallery-gap-default, var( --gallery-block--gutter-size, var( --wp--style--block-gap, 0.5em ) ) );--gs-gap-horizontal: var( --wp--style--gallery-gap-default, var( --gallery-block--gutter-size, var( --wp--style--block-gap, 0.5em ) ) );\"><div class=\"gutenslider-divider-top\" style=\"color:#fff;\"><\/div><div class=\"swiper\" data-settings='{\"autoplay\":{\"delay\":3000,\"pauseOnMouseEnter\":true,\"disableOnInteraction\":false},\"speed\":700,\"direction\":\"horizontal\",\"autoHeight\":\"\",\"loop\":true,\"centeredSlides\":true,\"spaceBetween\":0,\"slidesPerView\":1,\"slidesPerGroup\":1,\"effect\":\"slide\",\"coverflowEffect\":{\"rotate\":30,\"slideShadows\":false,\"depth\":100,\"stretch\":50,\"modifier\":1},\"fadeEffect\":{\"crossFade\":true},\"zoom\":\"\",\"navigation\":{\"nextEl\":\"#gutenslider- .eedee-gutenslider-next\",\"prevEl\":\"#gutenslider- .eedee-gutenslider-prev\"},\"pagination\":{\"type\":\"bullets\",\"clickable\":true,\"dynamicBullets\":false,\"el\":\"#gutenslider- .eedee-gutenslider-pagination\"},\"pauseOnHover\":\"1\",\"watchSlidesProgress\":true,\"watchSlidesVisibility\":true,\"settingsMd\":{\"autoHeight\":\"\",\"slidesPerView\":1,\"slidesPerGroup\":1,\"spaceBetween\":0,\"loop\":true},\"settingsLg\":{\"autoHeight\":\"\",\"slidesPerView\":1,\"slidesPerGroup\":1,\"spaceBetween\":0,\"loop\":true},\"hasLg\":false,\"hasLgCounter\":true,\"isFullScreen\":false,\"arrowsFollowMouse\":false,\"lgTitle\":\"none\",\"lgCaption\":\"none\",\"lgThumbnails\":true,\"lgZoomEnabled\":false,\"keyboard\":{\"keyboard\":{\"enabled\":true,\"onlyInViewport\":true}},\"hashNavigation\":false,\"dividers\":false}'><div class=\"swiper-wrapper\">\n<div class=\"swiper-slide wp-block-eedee-block-gutenslide is-position-center-center ed-bg-image\" style=\"--ed-vw:300;--ed-vh:75;\" data-hash=\"\"><div class=\"eedee-background-div bg-image\"><img width=\"2560\" height=\"641\" class=\"wp-image-2135\" src=\"https:\/\/www.conica.com\/wp-content\/uploads\/2020\/07\/wa-zertifikat-scaled.jpg\" alt=\"\" decoding=\"async\" style=\"object-fit: cover; object-position: 50% 50%;\"  data-title=\"wa-zertifikat\" srcset=\"https:\/\/www.conica.com\/wp-content\/uploads\/2020\/07\/wa-zertifikat-scaled.jpg 2560w, https:\/\/www.conica.com\/wp-content\/uploads\/2020\/07\/wa-zertifikat-300x75.jpg 300w, https:\/\/www.conica.com\/wp-content\/uploads\/2020\/07\/wa-zertifikat-1024x257.jpg 1024w, https:\/\/www.conica.com\/wp-content\/uploads\/2020\/07\/wa-zertifikat-768x192.jpg 768w, https:\/\/www.conica.com\/wp-content\/uploads\/2020\/07\/wa-zertifikat-1536x385.jpg 1536w, https:\/\/www.conica.com\/wp-content\/uploads\/2020\/07\/wa-zertifikat-2048x513.jpg 2048w, https:\/\/www.conica.com\/wp-content\/uploads\/2020\/07\/wa-zertifikat-1600x401.jpg 1600w\" sizes=\"(max-width: 2560px) 100vw, 2560px\" \/><div class=\"eedee-background-div__overlay\" style=\"opacity:1;\"><\/div><\/div><div class=\"slide-content\">\n<div class=\"wp-block-eedee-block-gutenslide vertical-align-center\"><div><div class=\"eedee-background-div\"><img decoding=\"async\" width=\"2560\" height=\"641\" class=\"wp-image-2135\" src=\"https:\/\/www.conica.com\/wp-content\/uploads\/2020\/07\/wa-zertifikat-scaled.jpg\" alt=\"\" style=\"object-fit:cover;object-position:50% 50%\" srcset=\"https:\/\/www.conica.com\/wp-content\/uploads\/2020\/07\/wa-zertifikat-scaled.jpg 2560w, https:\/\/www.conica.com\/wp-content\/uploads\/2020\/07\/wa-zertifikat-300x75.jpg 300w, https:\/\/www.conica.com\/wp-content\/uploads\/2020\/07\/wa-zertifikat-1024x257.jpg 1024w, https:\/\/www.conica.com\/wp-content\/uploads\/2020\/07\/wa-zertifikat-768x192.jpg 768w, https:\/\/www.conica.com\/wp-content\/uploads\/2020\/07\/wa-zertifikat-1536x385.jpg 1536w, https:\/\/www.conica.com\/wp-content\/uploads\/2020\/07\/wa-zertifikat-2048x513.jpg 2048w, https:\/\/www.conica.com\/wp-content\/uploads\/2020\/07\/wa-zertifikat-1600x401.jpg 1600w\" sizes=\"(max-width: 2560px) 100vw, 2560px\" \/><div class=\"eedee-background-div__overlay\" style=\"opacity:1\"><\/div><\/div><div class=\"slide-content\"><\/div><\/div><\/div>\n<\/div><\/div>\n<\/div><\/div><button class=\"eedee-gutenslider-nav eedee-gutenslider-prev\"><svg xmlns=\"http:\/\/www.w3.org\/2000\/svg\" viewBox=\"0 0 24 24\" width=\"24\" height=\"24\"><circle class=\"bg\" cx=\"13\" cy=\"12\" r=\"11\" \/><path fill=\"none\" d=\"M0 0h24v24H0z\"\/><path class=\"arrow\" d=\"M10.828 12l4.95 4.95-1.414 1.414L8 12l6.364-6.364 1.414 1.414z\"\/><\/svg><\/button><button class=\"eedee-gutenslider-nav eedee-gutenslider-next\"><svg xmlns=\"http:\/\/www.w3.org\/2000\/svg\" viewBox=\"0 0 24 24\" width=\"24\" height=\"24\"><circle class=\"bg\" cx=\"11\" cy=\"12\" r=\"11\" \/><path fill=\"none\" d=\"M0 0h24v24H0z\"\/><path class=\"arrow\" d=\"M13.172 12l-4.95-4.95 1.414-1.414L16 12l-6.364 6.364-1.414-1.414z\"\/><\/svg><\/button><div class=\"eedee-gutenslider-pagination\"><\/div><div class=\"gutenslider-divider-bottom \" style=\"color:#fff;\"><\/div><\/div><\/div>\n\n\n<div style=\"height:100px\" aria-hidden=\"true\" class=\"wp-block-spacer\"><\/div>\n\n\n\n<h2 class=\"wp-block-heading\">World Athletics<\/h2>\n\n\n\n<p>Die Zertifizierung des Weltleichathletikverbandes best\u00e4tigt die hohe Qualit\u00e4t der CONICA Laufbahnen bez\u00fcglich vorgegebener sportfunktioneller Eigenschaften und technischer Best\u00e4ndigkeit.&nbsp;Es ist neben den einschl\u00e4gigen Landesnormen das weltweit anerkannte Regelwerk f\u00fcr die Eigenschaftspr\u00fcfung von Laufbahnen auf h\u00f6chstem Niveau wie z. Bsp. Weltmeisterschaften, Olympische Spiele oder Diamond League.<\/p>\n\n\n\n<p>CONICA war das erste Unternehmen weltweit, dem ein Zertifikat des Internationalen Leichtathletikverbands World Athletics verliehen wurde. Dar\u00fcber hinaus ist CONICA im Besitz der ersten drei \u00fcberhaupt vom World Athletics vergebenen Zertifikate.<\/p>\n\n\n\n<h3 class=\"wp-block-heading\">WORLD ATHLETICS PRODUKTZERTIFIKATE<\/h3>\n\n\n\n<p>best\u00e4tigen, dass das Laufbahnenbelagssystem den World Athletics Vorgaben vollumf\u00e4nglich entspricht. CONICA hat f\u00fcr folgende Systeme das World Athletics Produktzertifikat<\/p>\n\n\n\n<p><a href=\"https:\/\/www.conica.com\/wp-content\/uploads\/2020\/07\/17C28-Vmax_IAAF-Product-Certificate_2017-til-2021.pdf\" target=\"_blank\" rel=\"noreferrer noopener\"><strong>CONIPUR Vmax<\/strong><\/a><br><a href=\"https:\/\/www.conica.com\/wp-content\/uploads\/2020\/07\/19C36-M_IAAF-Product-Certificate_July-2019-2023.pdf\" target=\"_blank\" rel=\"noreferrer noopener\"><strong>CONIPUR M<\/strong><\/a><br><a href=\"https:\/\/www.conica.com\/wp-content\/uploads\/2020\/07\/CONIPUR-MX-IAAF-Product-Certificate.pdf\" target=\"_blank\" rel=\"noreferrer noopener\"><strong>CONIPUR MX+<\/strong><\/a><br><a href=\"https:\/\/www.conica.com\/wp-content\/uploads\/2020\/07\/19C35-SW_IAAF-Product-Certificate-July-2019-2023.pdf\" target=\"_blank\" rel=\"noreferrer noopener\"><strong>CONIPUR SW<\/strong><\/a><br><a href=\"https:\/\/www.conica.com\/wp-content\/uploads\/2020\/07\/19C34-SP_IAAF-Product-Certificate-July-2019-2023.pdf\" target=\"_blank\" rel=\"noreferrer noopener\"><strong>CONIPUR SP<\/strong><\/a><\/p>\n\n\n\n<h3 class=\"wp-block-heading\">WORLD ATHLETICS FACILITY ZERTIFIKATE<\/h3>\n\n\n\n<p>Diese werden haupts\u00e4chlich bei Stadien durchgef\u00fchrt, welche f\u00fcr TOP-Events verwendet werden \u2013 wie zum Beispiel: Weltmeisterschaften, Europameisterschaften, Diamond League usw. Sie stellen sicher, dass sowohl die Sportfunktionalit\u00e4t als auch die Distanzen den Vorgaben der World Athletics entsprechen. Voraussetzung f\u00fcr ein World Athletics Facility Zertifikat ist, dass die eingebaute Laufbahn ein World Athletics Produktzertifikat besitzt.<\/p>\n\n\n\n<p>F\u00fcr die Class 2 Zertifikate wird eine Vermessung der Linierung vorgenommen \u2013 bei Class 1 Zertifikaten zus\u00e4tzlich noch die sportfunktionellen Vorgaben als auch die vom World Athletics definierten Gegebenheiten zur Ausrichtung von TOP-Events. \u00c4hnliche World Athletics Vorgaben gibt es f\u00fcr Indoorlaufbahnen. Die sportfunktionellen Pr\u00fcfungen m\u00fcssen in jedem Fall durch ein von der World Athletics akkreditiertes Labor vorgenommen werden.<br><a href=\"https:\/\/www.conica.com\/wp-content\/uploads\/2020\/07\/WEB-List-of-IAAF-certificates-CONICA-04.2020.xlsx\" target=\"_blank\" rel=\"noreferrer noopener\">&nbsp;LISTE ALLER WORLD ATHLETICS ZERTIFIZIERTEN LAUFBAHNEN<\/a><\/p>\n\n\n\n<figure class=\"wp-block-image size-large is-resized\"><img decoding=\"async\" src=\"https:\/\/www.conica.com\/wp-content\/uploads\/2020\/03\/best_quality.png\" alt=\"\" class=\"wp-image-165\" width=\"75\" height=\"75\" srcset=\"https:\/\/www.conica.com\/wp-content\/uploads\/2020\/03\/best_quality.png 300w, https:\/\/www.conica.com\/wp-content\/uploads\/2020\/03\/best_quality-150x150.png 150w, https:\/\/www.conica.com\/wp-content\/uploads\/2020\/03\/best_quality-100x100.png 100w, https:\/\/www.conica.com\/wp-content\/uploads\/2020\/03\/best_quality-75x75.png 75w\" sizes=\"(max-width: 75px) 100vw, 75px\" \/><\/figure>\n\n\n\n<p><a rel=\"noreferrer noopener\" href=\"https:\/\/www.worldathletics.org\/\" target=\"_blank\">Link zur World Athletics Website<\/a><br><a rel=\"noreferrer noopener\" href=\"https:\/\/www.worldathletics.org\/about-iaaf\/documents\/technical-information\" target=\"_blank\">World Athletics Link zu World Athletics technische Dokumente<\/a><\/p>\n","protected":false},"excerpt":{"rendered":"<p>World Athletics Die Zertifizierung des Weltleichathletikverbandes best\u00e4tigt die hohe Qualit\u00e4t der CONICA Laufbahnen bez\u00fcglich vorgegebener sportfunktioneller Eigenschaften und technischer Best\u00e4ndigkeit.&nbsp;Es ist neben den einschl\u00e4gigen Landesnormen das weltweit anerkannte Regelwerk f\u00fcr die Eigenschaftspr\u00fcfung von Laufbahnen auf h\u00f6chstem Niveau wie z. Bsp. Weltmeisterschaften, Olympische Spiele oder Diamond League. CONICA war das erste Unternehmen weltweit, dem ein Zertifikat [&hellip;]<\/p>\n","protected":false},"author":8,"featured_media":0,"parent":0,"menu_order":0,"comment_status":"closed","ping_status":"closed","template":"","meta":{"_acf_changed":false,"_uag_custom_page_level_css":"","_genesis_hide_title":false,"_genesis_hide_breadcrumbs":false,"_genesis_hide_singular_image":false,"_genesis_custom_body_class":"","_genesis_custom_post_class":"","_genesis_layout":"","footnotes":""},"products_categories":[],"project_categories":[],"product_quiz_categories":[],"testimonials_categories":[],"locations_categories":[],"class_list":{"0":"post-2119","1":"page","2":"type-page","3":"status-publish","5":"entry"},"acf":[],"yoast_head":"<!-- This site is optimized with the Yoast SEO plugin v27.4 - https:\/\/yoast.com\/product\/yoast-seo-wordpress\/ -->\n<title>World Athletics - CONICA AG<\/title>\n<meta name=\"robots\" content=\"index, follow, max-snippet:-1, max-image-preview:large, max-video-preview:-1\" \/>\n<link rel=\"canonical\" href=\"https:\/\/www.conica.com\/de\/world-athletics\/\" \/>\n<meta property=\"og:locale\" content=\"de_DE\" \/>\n<meta property=\"og:type\" content=\"article\" \/>\n<meta property=\"og:title\" content=\"World Athletics - CONICA AG\" \/>\n<meta property=\"og:description\" content=\"World Athletics Die Zertifizierung des Weltleichathletikverbandes best\u00e4tigt die hohe Qualit\u00e4t der CONICA Laufbahnen bez\u00fcglich vorgegebener sportfunktioneller Eigenschaften und technischer Best\u00e4ndigkeit.&nbsp;Es ist neben den einschl\u00e4gigen Landesnormen das weltweit anerkannte Regelwerk f\u00fcr die Eigenschaftspr\u00fcfung von Laufbahnen auf h\u00f6chstem Niveau wie z. Bsp. Weltmeisterschaften, Olympische Spiele oder Diamond League. CONICA war das erste Unternehmen weltweit, dem ein Zertifikat [&hellip;]\" \/>\n<meta property=\"og:url\" content=\"https:\/\/www.conica.com\/de\/world-athletics\/\" \/>\n<meta property=\"og:site_name\" content=\"CONICA AG\" \/>\n<meta property=\"article:modified_time\" content=\"2025-08-12T15:08:30+00:00\" \/>\n<meta property=\"og:image\" content=\"https:\/\/www.conica.com\/wp-content\/uploads\/2020\/07\/wa-zertifikat-scaled.jpg\" \/>\n\t<meta property=\"og:image:width\" content=\"2560\" \/>\n\t<meta property=\"og:image:height\" content=\"641\" \/>\n\t<meta property=\"og:image:type\" content=\"image\/jpeg\" \/>\n<meta name=\"twitter:card\" content=\"summary_large_image\" \/>\n<meta name=\"twitter:label1\" content=\"Gesch\u00e4tzte Lesezeit\" \/>\n\t<meta name=\"twitter:data1\" content=\"1\u00a0Minute\" \/>\n<script type=\"application\/ld+json\" class=\"yoast-schema-graph\">{\"@context\":\"https:\\\/\\\/schema.org\",\"@graph\":[{\"@type\":\"WebPage\",\"@id\":\"https:\\\/\\\/www.conica.com\\\/de\\\/world-athletics\\\/\",\"url\":\"https:\\\/\\\/www.conica.com\\\/de\\\/world-athletics\\\/\",\"name\":\"World Athletics - CONICA AG\",\"isPartOf\":{\"@id\":\"https:\\\/\\\/www.conica.com\\\/it\\\/#website\"},\"primaryImageOfPage\":{\"@id\":\"https:\\\/\\\/www.conica.com\\\/de\\\/world-athletics\\\/#primaryimage\"},\"image\":{\"@id\":\"https:\\\/\\\/www.conica.com\\\/de\\\/world-athletics\\\/#primaryimage\"},\"thumbnailUrl\":\"https:\\\/\\\/www.conica.com\\\/wp-content\\\/uploads\\\/2020\\\/07\\\/wa-zertifikat-scaled.jpg\",\"datePublished\":\"2020-07-22T09:03:22+00:00\",\"dateModified\":\"2025-08-12T15:08:30+00:00\",\"breadcrumb\":{\"@id\":\"https:\\\/\\\/www.conica.com\\\/de\\\/world-athletics\\\/#breadcrumb\"},\"inLanguage\":\"de\",\"potentialAction\":[{\"@type\":\"ReadAction\",\"target\":[\"https:\\\/\\\/www.conica.com\\\/de\\\/world-athletics\\\/\"]}]},{\"@type\":\"ImageObject\",\"inLanguage\":\"de\",\"@id\":\"https:\\\/\\\/www.conica.com\\\/de\\\/world-athletics\\\/#primaryimage\",\"url\":\"https:\\\/\\\/www.conica.com\\\/wp-content\\\/uploads\\\/2020\\\/07\\\/wa-zertifikat-scaled.jpg\",\"contentUrl\":\"https:\\\/\\\/www.conica.com\\\/wp-content\\\/uploads\\\/2020\\\/07\\\/wa-zertifikat-scaled.jpg\"},{\"@type\":\"BreadcrumbList\",\"@id\":\"https:\\\/\\\/www.conica.com\\\/de\\\/world-athletics\\\/#breadcrumb\",\"itemListElement\":[{\"@type\":\"ListItem\",\"position\":1,\"name\":\"Home\",\"item\":\"https:\\\/\\\/www.conica.com\\\/de\\\/\"},{\"@type\":\"ListItem\",\"position\":2,\"name\":\"World Athletics\"}]},{\"@type\":\"WebSite\",\"@id\":\"https:\\\/\\\/www.conica.com\\\/it\\\/#website\",\"url\":\"https:\\\/\\\/www.conica.com\\\/it\\\/\",\"name\":\"CONICA AG\",\"description\":\"Sport-, Playground- und Functional Flooring Bel\u00e4ge\",\"publisher\":{\"@id\":\"https:\\\/\\\/www.conica.com\\\/it\\\/#organization\"},\"potentialAction\":[{\"@type\":\"SearchAction\",\"target\":{\"@type\":\"EntryPoint\",\"urlTemplate\":\"https:\\\/\\\/www.conica.com\\\/it\\\/?s={search_term_string}\"},\"query-input\":{\"@type\":\"PropertyValueSpecification\",\"valueRequired\":true,\"valueName\":\"search_term_string\"}}],\"inLanguage\":\"de\"},{\"@type\":\"Organization\",\"@id\":\"https:\\\/\\\/www.conica.com\\\/it\\\/#organization\",\"name\":\"CONICA AG\",\"url\":\"https:\\\/\\\/www.conica.com\\\/it\\\/\",\"logo\":{\"@type\":\"ImageObject\",\"inLanguage\":\"de\",\"@id\":\"https:\\\/\\\/www.conica.com\\\/it\\\/#\\\/schema\\\/logo\\\/image\\\/\",\"url\":\"https:\\\/\\\/www.conica.com\\\/wp-content\\\/uploads\\\/2020\\\/04\\\/logo_conica-01.svg\",\"contentUrl\":\"https:\\\/\\\/www.conica.com\\\/wp-content\\\/uploads\\\/2020\\\/04\\\/logo_conica-01.svg\",\"caption\":\"CONICA AG\"},\"image\":{\"@id\":\"https:\\\/\\\/www.conica.com\\\/it\\\/#\\\/schema\\\/logo\\\/image\\\/\"}}]}<\/script>\n<!-- \/ Yoast SEO plugin. -->","yoast_head_json":{"title":"World Athletics - CONICA AG","robots":{"index":"index","follow":"follow","max-snippet":"max-snippet:-1","max-image-preview":"max-image-preview:large","max-video-preview":"max-video-preview:-1"},"canonical":"https:\/\/www.conica.com\/de\/world-athletics\/","og_locale":"de_DE","og_type":"article","og_title":"World Athletics - CONICA AG","og_description":"World Athletics Die Zertifizierung des Weltleichathletikverbandes best\u00e4tigt die hohe Qualit\u00e4t der CONICA Laufbahnen bez\u00fcglich vorgegebener sportfunktioneller Eigenschaften und technischer Best\u00e4ndigkeit.&nbsp;Es ist neben den einschl\u00e4gigen Landesnormen das weltweit anerkannte Regelwerk f\u00fcr die Eigenschaftspr\u00fcfung von Laufbahnen auf h\u00f6chstem Niveau wie z. Bsp. Weltmeisterschaften, Olympische Spiele oder Diamond League. CONICA war das erste Unternehmen weltweit, dem ein Zertifikat [&hellip;]","og_url":"https:\/\/www.conica.com\/de\/world-athletics\/","og_site_name":"CONICA AG","article_modified_time":"2025-08-12T15:08:30+00:00","og_image":[{"width":2560,"height":641,"url":"https:\/\/www.conica.com\/wp-content\/uploads\/2020\/07\/wa-zertifikat-scaled.jpg","type":"image\/jpeg"}],"twitter_card":"summary_large_image","twitter_misc":{"Gesch\u00e4tzte Lesezeit":"1\u00a0Minute"},"schema":{"@context":"https:\/\/schema.org","@graph":[{"@type":"WebPage","@id":"https:\/\/www.conica.com\/de\/world-athletics\/","url":"https:\/\/www.conica.com\/de\/world-athletics\/","name":"World Athletics - CONICA AG","isPartOf":{"@id":"https:\/\/www.conica.com\/it\/#website"},"primaryImageOfPage":{"@id":"https:\/\/www.conica.com\/de\/world-athletics\/#primaryimage"},"image":{"@id":"https:\/\/www.conica.com\/de\/world-athletics\/#primaryimage"},"thumbnailUrl":"https:\/\/www.conica.com\/wp-content\/uploads\/2020\/07\/wa-zertifikat-scaled.jpg","datePublished":"2020-07-22T09:03:22+00:00","dateModified":"2025-08-12T15:08:30+00:00","breadcrumb":{"@id":"https:\/\/www.conica.com\/de\/world-athletics\/#breadcrumb"},"inLanguage":"de","potentialAction":[{"@type":"ReadAction","target":["https:\/\/www.conica.com\/de\/world-athletics\/"]}]},{"@type":"ImageObject","inLanguage":"de","@id":"https:\/\/www.conica.com\/de\/world-athletics\/#primaryimage","url":"https:\/\/www.conica.com\/wp-content\/uploads\/2020\/07\/wa-zertifikat-scaled.jpg","contentUrl":"https:\/\/www.conica.com\/wp-content\/uploads\/2020\/07\/wa-zertifikat-scaled.jpg"},{"@type":"BreadcrumbList","@id":"https:\/\/www.conica.com\/de\/world-athletics\/#breadcrumb","itemListElement":[{"@type":"ListItem","position":1,"name":"Home","item":"https:\/\/www.conica.com\/de\/"},{"@type":"ListItem","position":2,"name":"World Athletics"}]},{"@type":"WebSite","@id":"https:\/\/www.conica.com\/it\/#website","url":"https:\/\/www.conica.com\/it\/","name":"CONICA AG","description":"Sport-, Playground- und Functional Flooring Bel\u00e4ge","publisher":{"@id":"https:\/\/www.conica.com\/it\/#organization"},"potentialAction":[{"@type":"SearchAction","target":{"@type":"EntryPoint","urlTemplate":"https:\/\/www.conica.com\/it\/?s={search_term_string}"},"query-input":{"@type":"PropertyValueSpecification","valueRequired":true,"valueName":"search_term_string"}}],"inLanguage":"de"},{"@type":"Organization","@id":"https:\/\/www.conica.com\/it\/#organization","name":"CONICA AG","url":"https:\/\/www.conica.com\/it\/","logo":{"@type":"ImageObject","inLanguage":"de","@id":"https:\/\/www.conica.com\/it\/#\/schema\/logo\/image\/","url":"https:\/\/www.conica.com\/wp-content\/uploads\/2020\/04\/logo_conica-01.svg","contentUrl":"https:\/\/www.conica.com\/wp-content\/uploads\/2020\/04\/logo_conica-01.svg","caption":"CONICA AG"},"image":{"@id":"https:\/\/www.conica.com\/it\/#\/schema\/logo\/image\/"}}]}},"featured_image_src":null,"featured_image_src_square":null,"uagb_featured_image_src":{"full":false,"thumbnail":false,"medium":false,"medium_large":false,"large":false,"gs-tiny":false,"xl":false,"xxl":false,"xxxl":false,"xxxxl":false,"xxxxxl":false,"gts-thumbnail":false,"1536x1536":false,"2048x2048":false,"sidebar-featured":false,"genesis-singular-images":false,"ab-block-post-grid-landscape":false,"ab-block-post-grid-square":false,"gform-image-choice-sm":false,"gform-image-choice-md":false,"gform-image-choice-lg":false},"uagb_author_info":{"display_name":"cloudweb admin","author_link":"https:\/\/www.conica.com\/de\/author\/cloudweb-admin\/"},"uagb_comment_info":0,"uagb_excerpt":"World Athletics Die Zertifizierung des Weltleichathletikverbandes best\u00e4tigt die hohe Qualit\u00e4t der CONICA Laufbahnen bez\u00fcglich vorgegebener sportfunktioneller Eigenschaften und technischer Best\u00e4ndigkeit.&nbsp;Es ist neben den einschl\u00e4gigen Landesnormen das weltweit anerkannte Regelwerk f\u00fcr die Eigenschaftspr\u00fcfung von Laufbahnen auf h\u00f6chstem Niveau wie z. Bsp. Weltmeisterschaften, Olympische Spiele oder Diamond League. CONICA war das erste Unternehmen weltweit, dem ein Zertifikat&hellip;","_links":{"self":[{"href":"https:\/\/www.conica.com\/de\/wp-json\/wp\/v2\/pages\/2119","targetHints":{"allow":["GET"]}}],"collection":[{"href":"https:\/\/www.conica.com\/de\/wp-json\/wp\/v2\/pages"}],"about":[{"href":"https:\/\/www.conica.com\/de\/wp-json\/wp\/v2\/types\/page"}],"author":[{"embeddable":true,"href":"https:\/\/www.conica.com\/de\/wp-json\/wp\/v2\/users\/8"}],"replies":[{"embeddable":true,"href":"https:\/\/www.conica.com\/de\/wp-json\/wp\/v2\/comments?post=2119"}],"version-history":[{"count":1,"href":"https:\/\/www.conica.com\/de\/wp-json\/wp\/v2\/pages\/2119\/revisions"}],"predecessor-version":[{"id":44943,"href":"https:\/\/www.conica.com\/de\/wp-json\/wp\/v2\/pages\/2119\/revisions\/44943"}],"wp:attachment":[{"href":"https:\/\/www.conica.com\/de\/wp-json\/wp\/v2\/media?parent=2119"}],"wp:term":[{"taxonomy":"products_categories","embeddable":true,"href":"https:\/\/www.conica.com\/de\/wp-json\/wp\/v2\/products_categories?post=2119"},{"taxonomy":"project_categories","embeddable":true,"href":"https:\/\/www.conica.com\/de\/wp-json\/wp\/v2\/project_categories?post=2119"},{"taxonomy":"product_quiz_categories","embeddable":true,"href":"https:\/\/www.conica.com\/de\/wp-json\/wp\/v2\/product_quiz_categories?post=2119"},{"taxonomy":"testimonials_categories","embeddable":true,"href":"https:\/\/www.conica.com\/de\/wp-json\/wp\/v2\/testimonials_categories?post=2119"},{"taxonomy":"locations_categories","embeddable":true,"href":"https:\/\/www.conica.com\/de\/wp-json\/wp\/v2\/locations_categories?post=2119"}],"curies":[{"name":"wp","href":"https:\/\/api.w.org\/{rel}","templated":true}]}}