{"id":2538,"date":"2020-07-23T08:56:41","date_gmt":"2020-07-23T06:56:41","guid":{"rendered":"https:\/\/www.conica.com\/?page_id=2538"},"modified":"2025-08-12T16:13:18","modified_gmt":"2025-08-12T14:13:18","slug":"iso-zertifikate","status":"publish","type":"page","link":"https:\/\/www.conica.com\/de\/iso-zertifikate\/","title":{"rendered":"ISO ZERTIFIKATE"},"content":{"rendered":"\n<div class=\"wp-block-atomic-blocks-ab-container ab-block-container alignfull\"><div class=\"ab-container-inside\"><div class=\"ab-container-content\">\n<div class=\"wp-block-atomic-blocks-ab-columns page-intro ab-layout-columns-2 ab-2-col-equal alignwide\"><div class=\"ab-layout-column-wrap ab-block-layout-column-gap-2 ab-is-responsive-column\">\n<div class=\"wp-block-atomic-blocks-ab-column ab-block-layout-column\"><div class=\"ab-block-layout-column-inner\">\n<h2 class=\"wp-block-heading no-margin\">ISO Certificates<\/h2>\n<\/div><\/div>\n\n\n\n<div class=\"wp-block-atomic-blocks-ab-column ab-block-layout-column\"><div class=\"ab-block-layout-column-inner\">\n<p><strong>In \u00dcbereinstimmung mit unserer Qualit\u00e4ts-, Umwelt- und Arbeitssicherheitspolitik ist CONICA nach den internationalen Normen ISO 9001:2015 (Qualit\u00e4tsmanagement), ISO 14001:2015 (Umweltmanagement) und ISO 45001:2018 (Arbeits- und Gesundheitsschutzmanagement) zertifiziert.<\/strong><\/p>\n\n\n\n<p><strong>Die unabh\u00e4ngige Zertifizierung nach ISO 9001 und ISO 14001 wurde durch Bureau Veritas (g\u00fcltig bis Juli 2026) durchgef\u00fchrt, w\u00e4hrend die Zertifizierung nach ISO 45001 durch Quality Administration Consultancy (g\u00fcltig bis August 2027) erfolgte.<\/strong><\/p>\n\n\n\n<p><strong>Zuvor war CONICA bereits nach ISO 9001:2008 und ISO 14001:2004 zertifiziert. Die gestiegenen Anforderungen der neuen Standards verdeutlichen unser kontinuierliches Bestreben, h\u00f6chste Anspr\u00fcche in den Bereichen Qualit\u00e4tsmanagement, Umweltbewusstsein und Arbeitssicherheit zu erf\u00fcllen \u2013 ganz im Einklang mit unserer kundenorientierten Unternehmenspolitik.<\/strong><\/p>\n\n\n        <div class=\"download-wrapper alignfull\">\n            <div\n                    id=\"download-wrapper-content-dl-40952\"\n                    class=\"download-wrapper-content-dl trigger-download-wrapper-content-dl alignwide\"\n                    data-fid=\"40952\"\n                    data-rld=\"\"\n                    data-rnsd=\"\"\n            >\n                <div class=\"download-icon\">\n\t\t\t\t\t                        <div class=\"cert\"><\/div>\n\t\t\t\t\t                <\/div>\n                <div class=\"download-title\">\n                    <p>\n                        <strong>ISO 9001 \/ 14001 Zertifikat<\/strong>&nbsp;<\/p>\n                    <p>                    <\/p>\n                <\/div>\n            <\/div>\n        <\/div>\n\n\t\t\n\n        <div class=\"download-wrapper alignfull\">\n            <div\n                    id=\"download-wrapper-content-dl-40947\"\n                    class=\"download-wrapper-content-dl trigger-download-wrapper-content-dl alignwide\"\n                    data-fid=\"40947\"\n                    data-rld=\"\"\n                    data-rnsd=\"\"\n            >\n                <div class=\"download-icon\">\n\t\t\t\t\t                        <div class=\"cert\"><\/div>\n\t\t\t\t\t                <\/div>\n                <div class=\"download-title\">\n                    <p>\n                        <strong>ISO 45001:2018 Zertifikat<\/strong>&nbsp;<\/p>\n                    <p>                    <\/p>\n                <\/div>\n            <\/div>\n        <\/div>\n\n\t\t<\/div><\/div>\n<\/div><\/div>\n\n\n\n<p><\/p>\n<\/div><\/div><\/div>\n","protected":false},"excerpt":{"rendered":"","protected":false},"author":8,"featured_media":0,"parent":0,"menu_order":0,"comment_status":"closed","ping_status":"closed","template":"","meta":{"_acf_changed":false,"_uag_custom_page_level_css":"","_genesis_hide_title":false,"_genesis_hide_breadcrumbs":false,"_genesis_hide_singular_image":false,"_genesis_custom_body_class":"","_genesis_custom_post_class":"","_genesis_layout":"","footnotes":""},"products_categories":[],"project_categories":[],"product_quiz_categories":[],"testimonials_categories":[],"locations_categories":[],"class_list":{"0":"post-2538","1":"page","2":"type-page","3":"status-publish","5":"entry"},"acf":[],"yoast_head":"<!-- This site is optimized with the Yoast SEO plugin v27.4 - https:\/\/yoast.com\/product\/yoast-seo-wordpress\/ -->\n<title>ISO ZERTIFIKATE - CONICA AG<\/title>\n<meta name=\"robots\" content=\"index, follow, max-snippet:-1, max-image-preview:large, max-video-preview:-1\" \/>\n<link rel=\"canonical\" href=\"https:\/\/www.conica.com\/de\/iso-zertifikate\/\" \/>\n<meta property=\"og:locale\" content=\"de_DE\" \/>\n<meta property=\"og:type\" content=\"article\" \/>\n<meta property=\"og:title\" content=\"ISO ZERTIFIKATE - CONICA AG\" \/>\n<meta property=\"og:url\" content=\"https:\/\/www.conica.com\/de\/iso-zertifikate\/\" \/>\n<meta property=\"og:site_name\" content=\"CONICA AG\" \/>\n<meta property=\"article:modified_time\" content=\"2025-08-12T14:13:18+00:00\" \/>\n<meta name=\"twitter:card\" content=\"summary_large_image\" \/>\n<meta name=\"twitter:label1\" content=\"Gesch\u00e4tzte Lesezeit\" \/>\n\t<meta name=\"twitter:data1\" content=\"1\u00a0Minute\" \/>\n<script type=\"application\/ld+json\" class=\"yoast-schema-graph\">{\"@context\":\"https:\\\/\\\/schema.org\",\"@graph\":[{\"@type\":\"WebPage\",\"@id\":\"https:\\\/\\\/www.conica.com\\\/de\\\/iso-zertifikate\\\/\",\"url\":\"https:\\\/\\\/www.conica.com\\\/de\\\/iso-zertifikate\\\/\",\"name\":\"ISO ZERTIFIKATE - CONICA AG\",\"isPartOf\":{\"@id\":\"https:\\\/\\\/www.conica.com\\\/it\\\/#website\"},\"datePublished\":\"2020-07-23T06:56:41+00:00\",\"dateModified\":\"2025-08-12T14:13:18+00:00\",\"breadcrumb\":{\"@id\":\"https:\\\/\\\/www.conica.com\\\/de\\\/iso-zertifikate\\\/#breadcrumb\"},\"inLanguage\":\"de\",\"potentialAction\":[{\"@type\":\"ReadAction\",\"target\":[\"https:\\\/\\\/www.conica.com\\\/de\\\/iso-zertifikate\\\/\"]}]},{\"@type\":\"BreadcrumbList\",\"@id\":\"https:\\\/\\\/www.conica.com\\\/de\\\/iso-zertifikate\\\/#breadcrumb\",\"itemListElement\":[{\"@type\":\"ListItem\",\"position\":1,\"name\":\"Home\",\"item\":\"https:\\\/\\\/www.conica.com\\\/de\\\/\"},{\"@type\":\"ListItem\",\"position\":2,\"name\":\"ISO ZERTIFIKATE\"}]},{\"@type\":\"WebSite\",\"@id\":\"https:\\\/\\\/www.conica.com\\\/it\\\/#website\",\"url\":\"https:\\\/\\\/www.conica.com\\\/it\\\/\",\"name\":\"CONICA AG\",\"description\":\"Sport-, Playground- und Functional Flooring Bel\u00e4ge\",\"publisher\":{\"@id\":\"https:\\\/\\\/www.conica.com\\\/it\\\/#organization\"},\"potentialAction\":[{\"@type\":\"SearchAction\",\"target\":{\"@type\":\"EntryPoint\",\"urlTemplate\":\"https:\\\/\\\/www.conica.com\\\/it\\\/?s={search_term_string}\"},\"query-input\":{\"@type\":\"PropertyValueSpecification\",\"valueRequired\":true,\"valueName\":\"search_term_string\"}}],\"inLanguage\":\"de\"},{\"@type\":\"Organization\",\"@id\":\"https:\\\/\\\/www.conica.com\\\/it\\\/#organization\",\"name\":\"CONICA AG\",\"url\":\"https:\\\/\\\/www.conica.com\\\/it\\\/\",\"logo\":{\"@type\":\"ImageObject\",\"inLanguage\":\"de\",\"@id\":\"https:\\\/\\\/www.conica.com\\\/it\\\/#\\\/schema\\\/logo\\\/image\\\/\",\"url\":\"https:\\\/\\\/www.conica.com\\\/wp-content\\\/uploads\\\/2020\\\/04\\\/logo_conica-01.svg\",\"contentUrl\":\"https:\\\/\\\/www.conica.com\\\/wp-content\\\/uploads\\\/2020\\\/04\\\/logo_conica-01.svg\",\"caption\":\"CONICA AG\"},\"image\":{\"@id\":\"https:\\\/\\\/www.conica.com\\\/it\\\/#\\\/schema\\\/logo\\\/image\\\/\"}}]}<\/script>\n<!-- \/ Yoast SEO plugin. -->","yoast_head_json":{"title":"ISO ZERTIFIKATE - CONICA AG","robots":{"index":"index","follow":"follow","max-snippet":"max-snippet:-1","max-image-preview":"max-image-preview:large","max-video-preview":"max-video-preview:-1"},"canonical":"https:\/\/www.conica.com\/de\/iso-zertifikate\/","og_locale":"de_DE","og_type":"article","og_title":"ISO ZERTIFIKATE - CONICA AG","og_url":"https:\/\/www.conica.com\/de\/iso-zertifikate\/","og_site_name":"CONICA AG","article_modified_time":"2025-08-12T14:13:18+00:00","twitter_card":"summary_large_image","twitter_misc":{"Gesch\u00e4tzte Lesezeit":"1\u00a0Minute"},"schema":{"@context":"https:\/\/schema.org","@graph":[{"@type":"WebPage","@id":"https:\/\/www.conica.com\/de\/iso-zertifikate\/","url":"https:\/\/www.conica.com\/de\/iso-zertifikate\/","name":"ISO ZERTIFIKATE - CONICA AG","isPartOf":{"@id":"https:\/\/www.conica.com\/it\/#website"},"datePublished":"2020-07-23T06:56:41+00:00","dateModified":"2025-08-12T14:13:18+00:00","breadcrumb":{"@id":"https:\/\/www.conica.com\/de\/iso-zertifikate\/#breadcrumb"},"inLanguage":"de","potentialAction":[{"@type":"ReadAction","target":["https:\/\/www.conica.com\/de\/iso-zertifikate\/"]}]},{"@type":"BreadcrumbList","@id":"https:\/\/www.conica.com\/de\/iso-zertifikate\/#breadcrumb","itemListElement":[{"@type":"ListItem","position":1,"name":"Home","item":"https:\/\/www.conica.com\/de\/"},{"@type":"ListItem","position":2,"name":"ISO ZERTIFIKATE"}]},{"@type":"WebSite","@id":"https:\/\/www.conica.com\/it\/#website","url":"https:\/\/www.conica.com\/it\/","name":"CONICA AG","description":"Sport-, Playground- und Functional Flooring Bel\u00e4ge","publisher":{"@id":"https:\/\/www.conica.com\/it\/#organization"},"potentialAction":[{"@type":"SearchAction","target":{"@type":"EntryPoint","urlTemplate":"https:\/\/www.conica.com\/it\/?s={search_term_string}"},"query-input":{"@type":"PropertyValueSpecification","valueRequired":true,"valueName":"search_term_string"}}],"inLanguage":"de"},{"@type":"Organization","@id":"https:\/\/www.conica.com\/it\/#organization","name":"CONICA AG","url":"https:\/\/www.conica.com\/it\/","logo":{"@type":"ImageObject","inLanguage":"de","@id":"https:\/\/www.conica.com\/it\/#\/schema\/logo\/image\/","url":"https:\/\/www.conica.com\/wp-content\/uploads\/2020\/04\/logo_conica-01.svg","contentUrl":"https:\/\/www.conica.com\/wp-content\/uploads\/2020\/04\/logo_conica-01.svg","caption":"CONICA AG"},"image":{"@id":"https:\/\/www.conica.com\/it\/#\/schema\/logo\/image\/"}}]}},"featured_image_src":null,"featured_image_src_square":null,"uagb_featured_image_src":{"full":false,"thumbnail":false,"medium":false,"medium_large":false,"large":false,"gs-tiny":false,"xl":false,"xxl":false,"xxxl":false,"xxxxl":false,"xxxxxl":false,"gts-thumbnail":false,"1536x1536":false,"2048x2048":false,"sidebar-featured":false,"genesis-singular-images":false,"ab-block-post-grid-landscape":false,"ab-block-post-grid-square":false,"gform-image-choice-sm":false,"gform-image-choice-md":false,"gform-image-choice-lg":false},"uagb_author_info":{"display_name":"cloudweb admin","author_link":"https:\/\/www.conica.com\/de\/author\/cloudweb-admin\/"},"uagb_comment_info":0,"uagb_excerpt":null,"_links":{"self":[{"href":"https:\/\/www.conica.com\/de\/wp-json\/wp\/v2\/pages\/2538","targetHints":{"allow":["GET"]}}],"collection":[{"href":"https:\/\/www.conica.com\/de\/wp-json\/wp\/v2\/pages"}],"about":[{"href":"https:\/\/www.conica.com\/de\/wp-json\/wp\/v2\/types\/page"}],"author":[{"embeddable":true,"href":"https:\/\/www.conica.com\/de\/wp-json\/wp\/v2\/users\/8"}],"replies":[{"embeddable":true,"href":"https:\/\/www.conica.com\/de\/wp-json\/wp\/v2\/comments?post=2538"}],"version-history":[{"count":1,"href":"https:\/\/www.conica.com\/de\/wp-json\/wp\/v2\/pages\/2538\/revisions"}],"predecessor-version":[{"id":44860,"href":"https:\/\/www.conica.com\/de\/wp-json\/wp\/v2\/pages\/2538\/revisions\/44860"}],"wp:attachment":[{"href":"https:\/\/www.conica.com\/de\/wp-json\/wp\/v2\/media?parent=2538"}],"wp:term":[{"taxonomy":"products_categories","embeddable":true,"href":"https:\/\/www.conica.com\/de\/wp-json\/wp\/v2\/products_categories?post=2538"},{"taxonomy":"project_categories","embeddable":true,"href":"https:\/\/www.conica.com\/de\/wp-json\/wp\/v2\/project_categories?post=2538"},{"taxonomy":"product_quiz_categories","embeddable":true,"href":"https:\/\/www.conica.com\/de\/wp-json\/wp\/v2\/product_quiz_categories?post=2538"},{"taxonomy":"testimonials_categories","embeddable":true,"href":"https:\/\/www.conica.com\/de\/wp-json\/wp\/v2\/testimonials_categories?post=2538"},{"taxonomy":"locations_categories","embeddable":true,"href":"https:\/\/www.conica.com\/de\/wp-json\/wp\/v2\/locations_categories?post=2538"}],"curies":[{"name":"wp","href":"https:\/\/api.w.org\/{rel}","templated":true}]}}