{"id":3922,"date":"2020-08-10T10:36:11","date_gmt":"2020-08-10T08:36:11","guid":{"rendered":"https:\/\/www.conica.com\/?page_id=3922"},"modified":"2025-08-12T16:14:47","modified_gmt":"2025-08-12T14:14:47","slug":"karrierechancen","status":"publish","type":"page","link":"https:\/\/www.conica.com\/de\/karriere\/karrierechancen\/","title":{"rendered":"Karrierechancen"},"content":{"rendered":"\n<div class=\"wp-block-atomic-blocks-ab-container ab-block-container alignfull\"><div class=\"ab-container-inside\"><div class=\"ab-container-content\"><div id=\"gutenslider-m7mw41pqs\" class=\"wp-block-eedee-block-gutenslider gs-frontend content-change alignnone arrow-style-1 arrow-position-sides arrow-mb-none arrows-lg arrows-md arrows-sm dot-style-1 dots-lg dots-md dots-sm dot-position-bottom fokus is-position-center-center mb-none wrap-auto-height\" data-parallax-direction=\"down\" data-parallax-amount=\"1.3\" data-lg-transition=\"lg-slide\" data-hash=\"\" ><div class=\"eedee-swiper-outer\" style=\"--gutenslider-min-height: 50vh;--gutenslider-arrow-size: 30px;--gutenslider-dot-size: 25px;--gutenslider-arrow-color: #ffffff;--gutenslider-dot-color: #ffffff;--gutenslider-padding-y-mobile: 40px;--gutenslider-padding-x-mobile: 40px;--gutenslider-padding-y-tablet: 40px;--gutenslider-padding-x-tablet: 40px;--gutenslider-padding-y-desktop: 40px;--gutenslider-padding-x-desktop: 40px;--gutenslider-bg-image: url();--gutenslider-min-height-md: 50vh;--gutenslider-min-height-sm: 50vh;--gutenslider-padding-x: 40px;--gutenslider-padding-x-md: 40px;--gutenslider-padding-x-sm: 20px;--gutenslider-padding-y: 40px;--gutenslider-padding-y-md: 40px;--gutenslider-padding-y-sm: 20px;--gutenslider-arrow-size-md: 30px;--gutenslider-arrow-size-sm: 30px;--gutenslider-dot-size-md: 25px;--gutenslider-dot-size-sm: 25px;--gutenslider-arrow-bg-color: transparent;--gutenslider-arrow-hover-color: #eeeeee;--gutenslider-arrow-bg-hover-color: transparent;--gutenslider-arrow-x-offset: 10px;--gutenslider-arrow-x-offset-md: 10px;--gutenslider-arrow-x-offset-sm: 10px;--gutenslider-arrow-y-offset: 0px;--gutenslider-arrow-y-offset-md: 0px;--gutenslider-arrow-y-offset-sm: 0px;--gutenslider-arrow-x-spacing: 0px;--gutenslider-dot-y-offset: 10px;--gutenslider-dot-y-offset-md: 10px;--gutenslider-dot-y-offset-sm: 10px;--gutenslider-margin-x: 0px;--gutenslider-margin-x-md: 0px;--gutenslider-margin-x-sm: 0px;--gutenslider-margin-y: 0px;--gutenslider-margin-y-md: 0px;--gutenslider-margin-y-sm: 0px;--gutenslider-divider-top: 60px;--gutenslider-divider-bottom: 60px;--gutenslider-lightgallery-bg: #ffffff;--gutenslider-lightgallery-font: #000000;--gs-first-pos: 50% 50%;--gs-gap-vertical: var( --wp--style--gallery-gap-default, var( --gallery-block--gutter-size, var( --wp--style--block-gap, 0.5em ) ) );--gs-gap-horizontal: var( --wp--style--gallery-gap-default, var( --gallery-block--gutter-size, var( --wp--style--block-gap, 0.5em ) ) );\"><div class=\"gutenslider-divider-top\" style=\"color:#fff;\"><\/div><div class=\"swiper\" data-settings='{\"autoplay\":{\"delay\":3000,\"pauseOnMouseEnter\":true,\"disableOnInteraction\":false},\"speed\":700,\"direction\":\"horizontal\",\"autoHeight\":\"\",\"loop\":true,\"centeredSlides\":true,\"spaceBetween\":0,\"slidesPerView\":1,\"slidesPerGroup\":1,\"effect\":\"slide\",\"coverflowEffect\":{\"rotate\":30,\"slideShadows\":false,\"depth\":100,\"stretch\":50,\"modifier\":1},\"fadeEffect\":{\"crossFade\":true},\"zoom\":\"\",\"navigation\":{\"nextEl\":\"#gutenslider-m7mw41pqs .eedee-gutenslider-next\",\"prevEl\":\"#gutenslider-m7mw41pqs .eedee-gutenslider-prev\"},\"pagination\":{\"type\":\"bullets\",\"clickable\":true,\"dynamicBullets\":false,\"el\":\"#gutenslider-m7mw41pqs .eedee-gutenslider-pagination\"},\"pauseOnHover\":\"1\",\"watchSlidesProgress\":true,\"watchSlidesVisibility\":true,\"settingsMd\":{\"autoHeight\":\"\",\"slidesPerView\":1,\"slidesPerGroup\":1,\"spaceBetween\":0,\"loop\":true},\"settingsLg\":{\"autoHeight\":\"\",\"slidesPerView\":1,\"slidesPerGroup\":1,\"spaceBetween\":0,\"loop\":true},\"hasLg\":false,\"hasLgCounter\":true,\"isFullScreen\":false,\"arrowsFollowMouse\":false,\"lgTitle\":\"none\",\"lgCaption\":\"none\",\"lgThumbnails\":true,\"lgZoomEnabled\":false,\"keyboard\":{\"keyboard\":{\"enabled\":true,\"onlyInViewport\":true}},\"hashNavigation\":false,\"dividers\":false}'><div class=\"swiper-wrapper\">\n<div class=\"swiper-slide wp-block-eedee-block-gutenslide is-position-center-center ed-bg-image\" style=\"--ed-vw:300;--ed-vh:200;\" data-hash=\"\"><div class=\"eedee-background-div bg-image\"><img width=\"2560\" height=\"1709\" class=\"wp-image-4667\" src=\"https:\/\/www.conica.com\/wp-content\/uploads\/2020\/09\/karrierechance-conica-scaled.jpg\" alt=\"\" decoding=\"async\" style=\"object-fit: cover; object-position: 50% 50%;\"  data-caption=\"laboratory technician in the lab\" data-title=\"laboratory technician in the lab\" srcset=\"https:\/\/www.conica.com\/wp-content\/uploads\/2020\/09\/karrierechance-conica-scaled.jpg 2560w, https:\/\/www.conica.com\/wp-content\/uploads\/2020\/09\/karrierechance-conica-300x200.jpg 300w, https:\/\/www.conica.com\/wp-content\/uploads\/2020\/09\/karrierechance-conica-1024x683.jpg 1024w, https:\/\/www.conica.com\/wp-content\/uploads\/2020\/09\/karrierechance-conica-768x513.jpg 768w, https:\/\/www.conica.com\/wp-content\/uploads\/2020\/09\/karrierechance-conica-1536x1025.jpg 1536w, https:\/\/www.conica.com\/wp-content\/uploads\/2020\/09\/karrierechance-conica-2048x1367.jpg 2048w, https:\/\/www.conica.com\/wp-content\/uploads\/2020\/09\/karrierechance-conica-600x400.jpg 600w, https:\/\/www.conica.com\/wp-content\/uploads\/2020\/09\/karrierechance-conica-1600x1068.jpg 1600w\" sizes=\"(max-width: 2560px) 100vw, 2560px\" \/><div class=\"eedee-background-div__overlay\" style=\"opacity:1;\"><\/div><\/div><div class=\"slide-content\">\n<div class=\"wp-block-eedee-block-gutenslide vertical-align-center\"><div id=\"gutenslide-1a4a7030e\"><div class=\"eedee-background-div\"><img decoding=\"async\" width=\"2560\" height=\"1709\" class=\"wp-image-4667\" src=\"https:\/\/www.conica.com\/wp-content\/uploads\/2020\/09\/karrierechance-conica-scaled.jpg\" alt=\"\" style=\"object-fit:cover;object-position:50% 50%\" srcset=\"https:\/\/www.conica.com\/wp-content\/uploads\/2020\/09\/karrierechance-conica-scaled.jpg 2560w, https:\/\/www.conica.com\/wp-content\/uploads\/2020\/09\/karrierechance-conica-300x200.jpg 300w, https:\/\/www.conica.com\/wp-content\/uploads\/2020\/09\/karrierechance-conica-1024x683.jpg 1024w, https:\/\/www.conica.com\/wp-content\/uploads\/2020\/09\/karrierechance-conica-768x513.jpg 768w, https:\/\/www.conica.com\/wp-content\/uploads\/2020\/09\/karrierechance-conica-1536x1025.jpg 1536w, https:\/\/www.conica.com\/wp-content\/uploads\/2020\/09\/karrierechance-conica-2048x1367.jpg 2048w, https:\/\/www.conica.com\/wp-content\/uploads\/2020\/09\/karrierechance-conica-600x400.jpg 600w, https:\/\/www.conica.com\/wp-content\/uploads\/2020\/09\/karrierechance-conica-1600x1068.jpg 1600w\" sizes=\"(max-width: 2560px) 100vw, 2560px\" \/><div class=\"eedee-background-div__overlay\" style=\"opacity:1\"><\/div><\/div><div class=\"slide-content\"><\/div><\/div><\/div>\n<\/div><\/div>\n<\/div><\/div><button class=\"eedee-gutenslider-nav eedee-gutenslider-prev\"><svg xmlns=\"http:\/\/www.w3.org\/2000\/svg\" viewBox=\"0 0 24 24\" width=\"24\" height=\"24\"><circle class=\"bg\" cx=\"13\" cy=\"12\" r=\"11\" \/><path fill=\"none\" d=\"M0 0h24v24H0z\"\/><path class=\"arrow\" d=\"M10.828 12l4.95 4.95-1.414 1.414L8 12l6.364-6.364 1.414 1.414z\"\/><\/svg><\/button><button class=\"eedee-gutenslider-nav eedee-gutenslider-next\"><svg xmlns=\"http:\/\/www.w3.org\/2000\/svg\" viewBox=\"0 0 24 24\" width=\"24\" height=\"24\"><circle class=\"bg\" cx=\"11\" cy=\"12\" r=\"11\" \/><path fill=\"none\" d=\"M0 0h24v24H0z\"\/><path class=\"arrow\" d=\"M13.172 12l-4.95-4.95 1.414-1.414L16 12l-6.364 6.364-1.414-1.414z\"\/><\/svg><\/button><div class=\"eedee-gutenslider-pagination\"><\/div><div class=\"gutenslider-divider-bottom \" style=\"color:#fff;\"><\/div><\/div><\/div>\n\n\n<div style=\"height:100px\" aria-hidden=\"true\" class=\"wp-block-spacer\"><\/div>\n<\/div><\/div><\/div>\n\n\n\n<h1 class=\"has-text-align-center wp-block-heading\">Karrierechancen<\/h1>\n\n\n\n<p>Wie einsteigen bei CONICA? Sei es als Lernende\/r in einem Lehrberuf, als Berufseinsteiger\/in oder Trainee nach dem Studium oder der Lehre, als Berufserfahrene\/r in einem Spezialgebiet: CONICA bietet jedem optimale Startbedingungen.<\/p>\n\n\n\n<div style=\"height:100px\" aria-hidden=\"true\" class=\"wp-block-spacer\"><\/div>\n\n\n\n<div class=\"wp-block-media-text alignwide has-background is-stacked-on-mobile is-vertically-aligned-bottom is-image-fill karriere\" style=\"background-color:#e9e9e9\"><figure class=\"wp-block-media-text__media\" style=\"background-image:url(https:\/\/www.conica.com\/wp-content\/uploads\/2020\/10\/Depositphotos_350798612_xl-2015-blue-1024x683.jpg);background-position:0% 42%\"><img decoding=\"async\" width=\"1024\" height=\"683\" src=\"https:\/\/www.conica.com\/wp-content\/uploads\/2020\/10\/Depositphotos_350798612_xl-2015-blue-1024x683.jpg\" alt=\"\" class=\"wp-image-4879\" srcset=\"https:\/\/www.conica.com\/wp-content\/uploads\/2020\/10\/Depositphotos_350798612_xl-2015-blue-1024x683.jpg 1024w, https:\/\/www.conica.com\/wp-content\/uploads\/2020\/10\/Depositphotos_350798612_xl-2015-blue-300x200.jpg 300w, https:\/\/www.conica.com\/wp-content\/uploads\/2020\/10\/Depositphotos_350798612_xl-2015-blue-768x512.jpg 768w, https:\/\/www.conica.com\/wp-content\/uploads\/2020\/10\/Depositphotos_350798612_xl-2015-blue-1536x1024.jpg 1536w, https:\/\/www.conica.com\/wp-content\/uploads\/2020\/10\/Depositphotos_350798612_xl-2015-blue-2048x1365.jpg 2048w, https:\/\/www.conica.com\/wp-content\/uploads\/2020\/10\/Depositphotos_350798612_xl-2015-blue-600x400.jpg 600w, https:\/\/www.conica.com\/wp-content\/uploads\/2020\/10\/Depositphotos_350798612_xl-2015-blue-1600x1067.jpg 1600w\" sizes=\"(max-width: 1024px) 100vw, 1024px\" \/><\/figure><div class=\"wp-block-media-text__content\">\n<h2 class=\"wp-block-heading\">Einstieg als Lernende\/r<\/h2>\n\n\n\n<p>Du hast deine Schulzeit abgeschlossen, m\u00f6chtest ins Berufsleben einsteigen und etwas erleben? Steig ein bei CONICA! Wir entwickeln junge Schulabg\u00e4ngerinnen und Schulabg\u00e4nger zu f\u00e4higen Berufsleuten.<\/p>\n\n\n\n<div class=\"wp-block-buttons alignleft is-layout-flex wp-block-buttons-is-layout-flex\">\n<div class=\"wp-block-button\"><a class=\"wp-block-button__link\" href=\"https:\/\/www.conica.com\/karriere\/karrierechancen\/einstieg-als-lernender\/\">WEITERLESEN<\/a><\/div>\n<\/div>\n\n\n\n<p><\/p>\n<\/div><\/div>\n\n\n\n<div style=\"height:20px\" aria-hidden=\"true\" class=\"wp-block-spacer\"><\/div>\n\n\n\n<div class=\"wp-block-media-text alignwide has-media-on-the-right has-background is-stacked-on-mobile is-vertically-aligned-bottom is-image-fill karriere\" style=\"background-color:#e9e9e9\"><figure class=\"wp-block-media-text__media\" style=\"background-image:url(https:\/\/www.conica.com\/wp-content\/uploads\/2020\/10\/Depositphotos_200765462_xl-2015-1024x683.jpg);background-position:0% 53%\"><img decoding=\"async\" width=\"1024\" height=\"683\" src=\"https:\/\/www.conica.com\/wp-content\/uploads\/2020\/10\/Depositphotos_200765462_xl-2015-1024x683.jpg\" alt=\"\" class=\"wp-image-4875\" srcset=\"https:\/\/www.conica.com\/wp-content\/uploads\/2020\/10\/Depositphotos_200765462_xl-2015-1024x683.jpg 1024w, https:\/\/www.conica.com\/wp-content\/uploads\/2020\/10\/Depositphotos_200765462_xl-2015-300x200.jpg 300w, https:\/\/www.conica.com\/wp-content\/uploads\/2020\/10\/Depositphotos_200765462_xl-2015-768x512.jpg 768w, https:\/\/www.conica.com\/wp-content\/uploads\/2020\/10\/Depositphotos_200765462_xl-2015-1536x1024.jpg 1536w, https:\/\/www.conica.com\/wp-content\/uploads\/2020\/10\/Depositphotos_200765462_xl-2015-2048x1365.jpg 2048w, https:\/\/www.conica.com\/wp-content\/uploads\/2020\/10\/Depositphotos_200765462_xl-2015-600x400.jpg 600w, https:\/\/www.conica.com\/wp-content\/uploads\/2020\/10\/Depositphotos_200765462_xl-2015-1600x1067.jpg 1600w\" sizes=\"(max-width: 1024px) 100vw, 1024px\" \/><\/figure><div class=\"wp-block-media-text__content\">\n<h2 class=\"has-text-align-left wp-block-heading\">Einstieg als Berufseinsteiger\/in<\/h2>\n\n\n\n<p class=\"has-text-align-left\">Sie haben ein Studium oder eine Lehre erfolgreich absolviert und m\u00f6chten sich nun den ersten \u00abrichtigen\u00bb Job sichern? Steigen Sie ein bei CONICA und starten Sie Ihre Karriere. Mitarbeitende von CONICA besch\u00e4ftigen sich t\u00e4glich mit Aufgaben und Fragen, die konkret und vielf\u00e4ltig sind. Daf\u00fcr bietet CONICA eine positives Arbeitsumfeld sowie attraktive Rahmenbedingungen. Beste Voraussetzungen f\u00fcr Ihre Karriere.<\/p>\n\n\n\n<div class=\"wp-block-buttons alignleft is-layout-flex wp-block-buttons-is-layout-flex\">\n<div class=\"wp-block-button\"><a class=\"wp-block-button__link\" href=\"https:\/\/www.conica.com\/karriere\/karrierechancen\/einstieg-als-berufseinsteiger\/\">WEITERLESEN<\/a><\/div>\n<\/div>\n\n\n\n<p><\/p>\n<\/div><\/div>\n\n\n\n<div style=\"height:20px\" aria-hidden=\"true\" class=\"wp-block-spacer\"><\/div>\n\n\n\n<div class=\"wp-block-media-text alignwide has-background is-stacked-on-mobile is-vertically-aligned-bottom is-image-fill karriere\" style=\"background-color:#e9e9e9\"><figure class=\"wp-block-media-text__media\" style=\"background-image:url(https:\/\/www.conica.com\/wp-content\/uploads\/2020\/09\/einstieg-berufserfahren-conica-2-1024x683.jpg);background-position:50% 50%\"><img decoding=\"async\" width=\"1024\" height=\"683\" src=\"https:\/\/www.conica.com\/wp-content\/uploads\/2020\/09\/einstieg-berufserfahren-conica-2-1024x683.jpg\" alt=\"\" class=\"wp-image-4804\" srcset=\"https:\/\/www.conica.com\/wp-content\/uploads\/2020\/09\/einstieg-berufserfahren-conica-2-1024x683.jpg 1024w, https:\/\/www.conica.com\/wp-content\/uploads\/2020\/09\/einstieg-berufserfahren-conica-2-300x200.jpg 300w, https:\/\/www.conica.com\/wp-content\/uploads\/2020\/09\/einstieg-berufserfahren-conica-2-768x512.jpg 768w, https:\/\/www.conica.com\/wp-content\/uploads\/2020\/09\/einstieg-berufserfahren-conica-2-1536x1024.jpg 1536w, https:\/\/www.conica.com\/wp-content\/uploads\/2020\/09\/einstieg-berufserfahren-conica-2-2048x1365.jpg 2048w, https:\/\/www.conica.com\/wp-content\/uploads\/2020\/09\/einstieg-berufserfahren-conica-2-600x400.jpg 600w, https:\/\/www.conica.com\/wp-content\/uploads\/2020\/09\/einstieg-berufserfahren-conica-2-1600x1067.jpg 1600w\" sizes=\"(max-width: 1024px) 100vw, 1024px\" \/><\/figure><div class=\"wp-block-media-text__content\">\n<h2 class=\"wp-block-heading\">Einstieg als Berufserfahrene\/r<\/h2>\n\n\n\n<p>Sie sind berufserfahren und m\u00f6chten sich weiterentwickeln? Steigen Sie ein bei CONICA und werden Sie Teil unseres Teams.<\/p>\n\n\n\n<div class=\"wp-block-buttons alignleft is-layout-flex wp-block-buttons-is-layout-flex\">\n<div class=\"wp-block-button\"><a class=\"wp-block-button__link\" href=\"https:\/\/www.conica.com\/karriere\/karrierechancen\/einstieg-als-berufserfahrener\/\">WEITERLESEN<\/a><\/div>\n<\/div>\n<\/div><\/div>\n\n\n\n<div style=\"height:100px\" aria-hidden=\"true\" class=\"wp-block-spacer\"><\/div>\n\n\n\n<div style=\"height:100px\" aria-hidden=\"true\" class=\"wp-block-spacer\"><\/div>\n\n\n\n<div style=\"height:100px\" aria-hidden=\"true\" class=\"wp-block-spacer\"><\/div>\n\n\n\n<p><\/p>\n","protected":false},"excerpt":{"rendered":"<p>Karrierechancen Wie einsteigen bei CONICA? Sei es als Lernende\/r in einem Lehrberuf, als Berufseinsteiger\/in oder Trainee nach dem Studium oder der Lehre, als Berufserfahrene\/r in einem Spezialgebiet: CONICA bietet jedem optimale Startbedingungen.<\/p>\n","protected":false},"author":8,"featured_media":0,"parent":626,"menu_order":0,"comment_status":"closed","ping_status":"closed","template":"","meta":{"_acf_changed":false,"_uag_custom_page_level_css":"","_genesis_hide_title":false,"_genesis_hide_breadcrumbs":false,"_genesis_hide_singular_image":false,"_genesis_custom_body_class":"","_genesis_custom_post_class":"","_genesis_layout":"","footnotes":""},"products_categories":[],"project_categories":[],"product_quiz_categories":[],"testimonials_categories":[],"locations_categories":[],"class_list":{"0":"post-3922","1":"page","2":"type-page","3":"status-publish","5":"entry"},"acf":[],"yoast_head":"<!-- This site is optimized with the Yoast SEO plugin v27.4 - https:\/\/yoast.com\/product\/yoast-seo-wordpress\/ -->\n<title>Karrierechancen - CONICA AG<\/title>\n<meta name=\"robots\" content=\"index, follow, max-snippet:-1, max-image-preview:large, max-video-preview:-1\" \/>\n<link rel=\"canonical\" href=\"https:\/\/www.conica.com\/de\/karriere\/karrierechancen\/\" \/>\n<meta property=\"og:locale\" content=\"de_DE\" \/>\n<meta property=\"og:type\" content=\"article\" \/>\n<meta property=\"og:title\" content=\"Karrierechancen - CONICA AG\" \/>\n<meta property=\"og:description\" content=\"Karrierechancen Wie einsteigen bei CONICA? Sei es als Lernende\/r in einem Lehrberuf, als Berufseinsteiger\/in oder Trainee nach dem Studium oder der Lehre, als Berufserfahrene\/r in einem Spezialgebiet: CONICA bietet jedem optimale Startbedingungen.\" \/>\n<meta property=\"og:url\" content=\"https:\/\/www.conica.com\/de\/karriere\/karrierechancen\/\" \/>\n<meta property=\"og:site_name\" content=\"CONICA AG\" \/>\n<meta property=\"article:modified_time\" content=\"2025-08-12T14:14:47+00:00\" \/>\n<meta property=\"og:image\" content=\"https:\/\/www.conica.com\/wp-content\/uploads\/2020\/09\/karrierechance-conica-scaled.jpg\" \/>\n\t<meta property=\"og:image:width\" content=\"2560\" \/>\n\t<meta property=\"og:image:height\" content=\"1709\" \/>\n\t<meta property=\"og:image:type\" content=\"image\/jpeg\" \/>\n<meta name=\"twitter:card\" content=\"summary_large_image\" \/>\n<meta name=\"twitter:label1\" content=\"Gesch\u00e4tzte Lesezeit\" \/>\n\t<meta name=\"twitter:data1\" content=\"1\u00a0Minute\" \/>\n<script type=\"application\/ld+json\" class=\"yoast-schema-graph\">{\"@context\":\"https:\\\/\\\/schema.org\",\"@graph\":[{\"@type\":\"WebPage\",\"@id\":\"https:\\\/\\\/www.conica.com\\\/de\\\/karriere\\\/karrierechancen\\\/\",\"url\":\"https:\\\/\\\/www.conica.com\\\/de\\\/karriere\\\/karrierechancen\\\/\",\"name\":\"Karrierechancen - CONICA AG\",\"isPartOf\":{\"@id\":\"https:\\\/\\\/www.conica.com\\\/it\\\/#website\"},\"primaryImageOfPage\":{\"@id\":\"https:\\\/\\\/www.conica.com\\\/de\\\/karriere\\\/karrierechancen\\\/#primaryimage\"},\"image\":{\"@id\":\"https:\\\/\\\/www.conica.com\\\/de\\\/karriere\\\/karrierechancen\\\/#primaryimage\"},\"thumbnailUrl\":\"https:\\\/\\\/www.conica.com\\\/wp-content\\\/uploads\\\/2020\\\/09\\\/karrierechance-conica-scaled.jpg\",\"datePublished\":\"2020-08-10T08:36:11+00:00\",\"dateModified\":\"2025-08-12T14:14:47+00:00\",\"breadcrumb\":{\"@id\":\"https:\\\/\\\/www.conica.com\\\/de\\\/karriere\\\/karrierechancen\\\/#breadcrumb\"},\"inLanguage\":\"de\",\"potentialAction\":[{\"@type\":\"ReadAction\",\"target\":[\"https:\\\/\\\/www.conica.com\\\/de\\\/karriere\\\/karrierechancen\\\/\"]}]},{\"@type\":\"ImageObject\",\"inLanguage\":\"de\",\"@id\":\"https:\\\/\\\/www.conica.com\\\/de\\\/karriere\\\/karrierechancen\\\/#primaryimage\",\"url\":\"https:\\\/\\\/www.conica.com\\\/wp-content\\\/uploads\\\/2020\\\/09\\\/karrierechance-conica-scaled.jpg\",\"contentUrl\":\"https:\\\/\\\/www.conica.com\\\/wp-content\\\/uploads\\\/2020\\\/09\\\/karrierechance-conica-scaled.jpg\"},{\"@type\":\"BreadcrumbList\",\"@id\":\"https:\\\/\\\/www.conica.com\\\/de\\\/karriere\\\/karrierechancen\\\/#breadcrumb\",\"itemListElement\":[{\"@type\":\"ListItem\",\"position\":1,\"name\":\"Home\",\"item\":\"https:\\\/\\\/www.conica.com\\\/de\\\/\"},{\"@type\":\"ListItem\",\"position\":2,\"name\":\"Karriere\",\"item\":\"https:\\\/\\\/www.conica.com\\\/de\\\/karriere\\\/\"},{\"@type\":\"ListItem\",\"position\":3,\"name\":\"Karrierechancen\"}]},{\"@type\":\"WebSite\",\"@id\":\"https:\\\/\\\/www.conica.com\\\/it\\\/#website\",\"url\":\"https:\\\/\\\/www.conica.com\\\/it\\\/\",\"name\":\"CONICA AG\",\"description\":\"Sport-, Playground- und Functional Flooring Bel\u00e4ge\",\"publisher\":{\"@id\":\"https:\\\/\\\/www.conica.com\\\/it\\\/#organization\"},\"potentialAction\":[{\"@type\":\"SearchAction\",\"target\":{\"@type\":\"EntryPoint\",\"urlTemplate\":\"https:\\\/\\\/www.conica.com\\\/it\\\/?s={search_term_string}\"},\"query-input\":{\"@type\":\"PropertyValueSpecification\",\"valueRequired\":true,\"valueName\":\"search_term_string\"}}],\"inLanguage\":\"de\"},{\"@type\":\"Organization\",\"@id\":\"https:\\\/\\\/www.conica.com\\\/it\\\/#organization\",\"name\":\"CONICA AG\",\"url\":\"https:\\\/\\\/www.conica.com\\\/it\\\/\",\"logo\":{\"@type\":\"ImageObject\",\"inLanguage\":\"de\",\"@id\":\"https:\\\/\\\/www.conica.com\\\/it\\\/#\\\/schema\\\/logo\\\/image\\\/\",\"url\":\"https:\\\/\\\/www.conica.com\\\/wp-content\\\/uploads\\\/2020\\\/04\\\/logo_conica-01.svg\",\"contentUrl\":\"https:\\\/\\\/www.conica.com\\\/wp-content\\\/uploads\\\/2020\\\/04\\\/logo_conica-01.svg\",\"caption\":\"CONICA AG\"},\"image\":{\"@id\":\"https:\\\/\\\/www.conica.com\\\/it\\\/#\\\/schema\\\/logo\\\/image\\\/\"}}]}<\/script>\n<!-- \/ Yoast SEO plugin. -->","yoast_head_json":{"title":"Karrierechancen - CONICA AG","robots":{"index":"index","follow":"follow","max-snippet":"max-snippet:-1","max-image-preview":"max-image-preview:large","max-video-preview":"max-video-preview:-1"},"canonical":"https:\/\/www.conica.com\/de\/karriere\/karrierechancen\/","og_locale":"de_DE","og_type":"article","og_title":"Karrierechancen - CONICA AG","og_description":"Karrierechancen Wie einsteigen bei CONICA? Sei es als Lernende\/r in einem Lehrberuf, als Berufseinsteiger\/in oder Trainee nach dem Studium oder der Lehre, als Berufserfahrene\/r in einem Spezialgebiet: CONICA bietet jedem optimale Startbedingungen.","og_url":"https:\/\/www.conica.com\/de\/karriere\/karrierechancen\/","og_site_name":"CONICA AG","article_modified_time":"2025-08-12T14:14:47+00:00","og_image":[{"width":2560,"height":1709,"url":"https:\/\/www.conica.com\/wp-content\/uploads\/2020\/09\/karrierechance-conica-scaled.jpg","type":"image\/jpeg"}],"twitter_card":"summary_large_image","twitter_misc":{"Gesch\u00e4tzte Lesezeit":"1\u00a0Minute"},"schema":{"@context":"https:\/\/schema.org","@graph":[{"@type":"WebPage","@id":"https:\/\/www.conica.com\/de\/karriere\/karrierechancen\/","url":"https:\/\/www.conica.com\/de\/karriere\/karrierechancen\/","name":"Karrierechancen - CONICA AG","isPartOf":{"@id":"https:\/\/www.conica.com\/it\/#website"},"primaryImageOfPage":{"@id":"https:\/\/www.conica.com\/de\/karriere\/karrierechancen\/#primaryimage"},"image":{"@id":"https:\/\/www.conica.com\/de\/karriere\/karrierechancen\/#primaryimage"},"thumbnailUrl":"https:\/\/www.conica.com\/wp-content\/uploads\/2020\/09\/karrierechance-conica-scaled.jpg","datePublished":"2020-08-10T08:36:11+00:00","dateModified":"2025-08-12T14:14:47+00:00","breadcrumb":{"@id":"https:\/\/www.conica.com\/de\/karriere\/karrierechancen\/#breadcrumb"},"inLanguage":"de","potentialAction":[{"@type":"ReadAction","target":["https:\/\/www.conica.com\/de\/karriere\/karrierechancen\/"]}]},{"@type":"ImageObject","inLanguage":"de","@id":"https:\/\/www.conica.com\/de\/karriere\/karrierechancen\/#primaryimage","url":"https:\/\/www.conica.com\/wp-content\/uploads\/2020\/09\/karrierechance-conica-scaled.jpg","contentUrl":"https:\/\/www.conica.com\/wp-content\/uploads\/2020\/09\/karrierechance-conica-scaled.jpg"},{"@type":"BreadcrumbList","@id":"https:\/\/www.conica.com\/de\/karriere\/karrierechancen\/#breadcrumb","itemListElement":[{"@type":"ListItem","position":1,"name":"Home","item":"https:\/\/www.conica.com\/de\/"},{"@type":"ListItem","position":2,"name":"Karriere","item":"https:\/\/www.conica.com\/de\/karriere\/"},{"@type":"ListItem","position":3,"name":"Karrierechancen"}]},{"@type":"WebSite","@id":"https:\/\/www.conica.com\/it\/#website","url":"https:\/\/www.conica.com\/it\/","name":"CONICA AG","description":"Sport-, Playground- und Functional Flooring Bel\u00e4ge","publisher":{"@id":"https:\/\/www.conica.com\/it\/#organization"},"potentialAction":[{"@type":"SearchAction","target":{"@type":"EntryPoint","urlTemplate":"https:\/\/www.conica.com\/it\/?s={search_term_string}"},"query-input":{"@type":"PropertyValueSpecification","valueRequired":true,"valueName":"search_term_string"}}],"inLanguage":"de"},{"@type":"Organization","@id":"https:\/\/www.conica.com\/it\/#organization","name":"CONICA AG","url":"https:\/\/www.conica.com\/it\/","logo":{"@type":"ImageObject","inLanguage":"de","@id":"https:\/\/www.conica.com\/it\/#\/schema\/logo\/image\/","url":"https:\/\/www.conica.com\/wp-content\/uploads\/2020\/04\/logo_conica-01.svg","contentUrl":"https:\/\/www.conica.com\/wp-content\/uploads\/2020\/04\/logo_conica-01.svg","caption":"CONICA AG"},"image":{"@id":"https:\/\/www.conica.com\/it\/#\/schema\/logo\/image\/"}}]}},"featured_image_src":null,"featured_image_src_square":null,"uagb_featured_image_src":{"full":false,"thumbnail":false,"medium":false,"medium_large":false,"large":false,"gs-tiny":false,"xl":false,"xxl":false,"xxxl":false,"xxxxl":false,"xxxxxl":false,"gts-thumbnail":false,"1536x1536":false,"2048x2048":false,"sidebar-featured":false,"genesis-singular-images":false,"ab-block-post-grid-landscape":false,"ab-block-post-grid-square":false,"gform-image-choice-sm":false,"gform-image-choice-md":false,"gform-image-choice-lg":false},"uagb_author_info":{"display_name":"cloudweb admin","author_link":"https:\/\/www.conica.com\/de\/author\/cloudweb-admin\/"},"uagb_comment_info":0,"uagb_excerpt":"Karrierechancen Wie einsteigen bei CONICA? Sei es als Lernende\/r in einem Lehrberuf, als Berufseinsteiger\/in oder Trainee nach dem Studium oder der Lehre, als Berufserfahrene\/r in einem Spezialgebiet: CONICA bietet jedem optimale Startbedingungen.","_links":{"self":[{"href":"https:\/\/www.conica.com\/de\/wp-json\/wp\/v2\/pages\/3922","targetHints":{"allow":["GET"]}}],"collection":[{"href":"https:\/\/www.conica.com\/de\/wp-json\/wp\/v2\/pages"}],"about":[{"href":"https:\/\/www.conica.com\/de\/wp-json\/wp\/v2\/types\/page"}],"author":[{"embeddable":true,"href":"https:\/\/www.conica.com\/de\/wp-json\/wp\/v2\/users\/8"}],"replies":[{"embeddable":true,"href":"https:\/\/www.conica.com\/de\/wp-json\/wp\/v2\/comments?post=3922"}],"version-history":[{"count":1,"href":"https:\/\/www.conica.com\/de\/wp-json\/wp\/v2\/pages\/3922\/revisions"}],"predecessor-version":[{"id":44880,"href":"https:\/\/www.conica.com\/de\/wp-json\/wp\/v2\/pages\/3922\/revisions\/44880"}],"up":[{"embeddable":true,"href":"https:\/\/www.conica.com\/de\/wp-json\/wp\/v2\/pages\/626"}],"wp:attachment":[{"href":"https:\/\/www.conica.com\/de\/wp-json\/wp\/v2\/media?parent=3922"}],"wp:term":[{"taxonomy":"products_categories","embeddable":true,"href":"https:\/\/www.conica.com\/de\/wp-json\/wp\/v2\/products_categories?post=3922"},{"taxonomy":"project_categories","embeddable":true,"href":"https:\/\/www.conica.com\/de\/wp-json\/wp\/v2\/project_categories?post=3922"},{"taxonomy":"product_quiz_categories","embeddable":true,"href":"https:\/\/www.conica.com\/de\/wp-json\/wp\/v2\/product_quiz_categories?post=3922"},{"taxonomy":"testimonials_categories","embeddable":true,"href":"https:\/\/www.conica.com\/de\/wp-json\/wp\/v2\/testimonials_categories?post=3922"},{"taxonomy":"locations_categories","embeddable":true,"href":"https:\/\/www.conica.com\/de\/wp-json\/wp\/v2\/locations_categories?post=3922"}],"curies":[{"name":"wp","href":"https:\/\/api.w.org\/{rel}","templated":true}]}}