{"id":3943,"date":"2020-08-10T11:13:27","date_gmt":"2020-08-10T09:13:27","guid":{"rendered":"https:\/\/www.conica.com\/?page_id=3943"},"modified":"2025-08-12T16:15:14","modified_gmt":"2025-08-12T14:15:14","slug":"einstieg-als-berufserfahrener","status":"publish","type":"page","link":"https:\/\/www.conica.com\/de\/karriere\/karrierechancen\/einstieg-als-berufserfahrener\/","title":{"rendered":"Einstieg als Berufserfahrener"},"content":{"rendered":"\n<div class=\"wp-block-atomic-blocks-ab-container ab-block-container alignfull\"><div class=\"ab-container-inside\"><div class=\"ab-container-content\"><div id=\"gutenslider-vcjdnozz1\" class=\"wp-block-eedee-block-gutenslider gs-frontend content-change alignnone arrow-style-1 arrow-position-sides arrow-mb-none arrows-lg-none arrows-md-none arrows-sm-none dot-style-1 dots-lg-none dots-md-none dots-sm-none dot-position-bottom fokus is-position-center-center mb-none wrap-auto-height\" data-parallax-direction=\"down\" data-parallax-amount=\"1.3\" data-lg-transition=\"lg-slide\" data-hash=\"\" ><div class=\"eedee-swiper-outer\" style=\"--gutenslider-min-height: 50vh;--gutenslider-arrow-size: 30px;--gutenslider-dot-size: 25px;--gutenslider-arrow-color: #ffffff;--gutenslider-dot-color: #ffffff;--gutenslider-padding-y-mobile: 40px;--gutenslider-padding-x-mobile: 40px;--gutenslider-padding-y-tablet: 40px;--gutenslider-padding-x-tablet: 40px;--gutenslider-padding-y-desktop: 40px;--gutenslider-padding-x-desktop: 40px;--gutenslider-bg-image: url();--gutenslider-min-height-md: 50vh;--gutenslider-min-height-sm: 50vh;--gutenslider-padding-x: 40px;--gutenslider-padding-x-md: 40px;--gutenslider-padding-x-sm: 20px;--gutenslider-padding-y: 40px;--gutenslider-padding-y-md: 40px;--gutenslider-padding-y-sm: 20px;--gutenslider-arrow-size-md: 30px;--gutenslider-arrow-size-sm: 30px;--gutenslider-dot-size-md: 25px;--gutenslider-dot-size-sm: 25px;--gutenslider-arrow-bg-color: transparent;--gutenslider-arrow-hover-color: #eeeeee;--gutenslider-arrow-bg-hover-color: transparent;--gutenslider-arrow-x-offset: 10px;--gutenslider-arrow-x-offset-md: 10px;--gutenslider-arrow-x-offset-sm: 10px;--gutenslider-arrow-y-offset: 0px;--gutenslider-arrow-y-offset-md: 0px;--gutenslider-arrow-y-offset-sm: 0px;--gutenslider-arrow-x-spacing: 0px;--gutenslider-dot-y-offset: 10px;--gutenslider-dot-y-offset-md: 10px;--gutenslider-dot-y-offset-sm: 10px;--gutenslider-margin-x: 0px;--gutenslider-margin-x-md: 0px;--gutenslider-margin-x-sm: 0px;--gutenslider-margin-y: 0px;--gutenslider-margin-y-md: 0px;--gutenslider-margin-y-sm: 0px;--gutenslider-divider-top: 60px;--gutenslider-divider-bottom: 60px;--gutenslider-lightgallery-bg: #ffffff;--gutenslider-lightgallery-font: #000000;--gs-first-pos: 50% 50%;--gs-gap-vertical: var( --wp--style--gallery-gap-default, var( --gallery-block--gutter-size, var( --wp--style--block-gap, 0.5em ) ) );--gs-gap-horizontal: var( --wp--style--gallery-gap-default, var( --gallery-block--gutter-size, var( --wp--style--block-gap, 0.5em ) ) );\"><div class=\"gutenslider-divider-top\" style=\"color:#fff;\"><\/div><div class=\"swiper\" data-settings='{\"autoplay\":false,\"speed\":700,\"direction\":\"horizontal\",\"autoHeight\":\"\",\"loop\":false,\"centeredSlides\":true,\"spaceBetween\":0,\"slidesPerView\":1,\"slidesPerGroup\":1,\"effect\":\"slide\",\"coverflowEffect\":{\"rotate\":30,\"slideShadows\":false,\"depth\":100,\"stretch\":50,\"modifier\":1},\"fadeEffect\":{\"crossFade\":true},\"zoom\":\"\",\"navigation\":{\"nextEl\":\"#gutenslider-vcjdnozz1 .eedee-gutenslider-next\",\"prevEl\":\"#gutenslider-vcjdnozz1 .eedee-gutenslider-prev\"},\"pagination\":{\"type\":\"bullets\",\"clickable\":true,\"dynamicBullets\":false,\"el\":\"#gutenslider-vcjdnozz1 .eedee-gutenslider-pagination\"},\"pauseOnHover\":\"1\",\"watchSlidesProgress\":true,\"watchSlidesVisibility\":true,\"settingsMd\":{\"autoHeight\":\"\",\"slidesPerView\":1,\"slidesPerGroup\":1,\"spaceBetween\":0,\"loop\":false},\"settingsLg\":{\"autoHeight\":\"\",\"slidesPerView\":1,\"slidesPerGroup\":1,\"spaceBetween\":0,\"loop\":false},\"hasLg\":false,\"hasLgCounter\":true,\"isFullScreen\":false,\"arrowsFollowMouse\":false,\"lgTitle\":\"none\",\"lgCaption\":\"none\",\"lgThumbnails\":true,\"lgZoomEnabled\":false,\"keyboard\":{\"keyboard\":{\"enabled\":true,\"onlyInViewport\":true}},\"hashNavigation\":false,\"dividers\":false}'><div class=\"swiper-wrapper\">\n<div class=\"swiper-slide wp-block-eedee-block-gutenslide is-position-center-center ed-bg-image\" style=\"--ed-vw:300;--ed-vh:200;\" data-hash=\"\"><div class=\"eedee-background-div bg-image\"><img width=\"2560\" height=\"1707\" class=\"wp-image-4804\" src=\"https:\/\/www.conica.com\/wp-content\/uploads\/2020\/09\/einstieg-berufserfahren-conica-2-scaled.jpg\" alt=\"\" decoding=\"async\" style=\"object-fit: cover; object-position: 50% 50%;\"  data-caption=\"Portrait Of Woman Standing In Busy Creative Office\" data-title=\"Portrait Of Woman Standing In Busy Creative Office\" srcset=\"https:\/\/www.conica.com\/wp-content\/uploads\/2020\/09\/einstieg-berufserfahren-conica-2-scaled.jpg 2560w, https:\/\/www.conica.com\/wp-content\/uploads\/2020\/09\/einstieg-berufserfahren-conica-2-300x200.jpg 300w, https:\/\/www.conica.com\/wp-content\/uploads\/2020\/09\/einstieg-berufserfahren-conica-2-1024x683.jpg 1024w, https:\/\/www.conica.com\/wp-content\/uploads\/2020\/09\/einstieg-berufserfahren-conica-2-768x512.jpg 768w, https:\/\/www.conica.com\/wp-content\/uploads\/2020\/09\/einstieg-berufserfahren-conica-2-1536x1024.jpg 1536w, https:\/\/www.conica.com\/wp-content\/uploads\/2020\/09\/einstieg-berufserfahren-conica-2-2048x1365.jpg 2048w, https:\/\/www.conica.com\/wp-content\/uploads\/2020\/09\/einstieg-berufserfahren-conica-2-600x400.jpg 600w, https:\/\/www.conica.com\/wp-content\/uploads\/2020\/09\/einstieg-berufserfahren-conica-2-1600x1067.jpg 1600w\" sizes=\"(max-width: 2560px) 100vw, 2560px\" \/><div class=\"eedee-background-div__overlay\" style=\"opacity:1;\"><\/div><\/div><div class=\"slide-content\">\n<div class=\"wp-block-eedee-block-gutenslide vertical-align-center\"><div id=\"gutenslide-esokhde9i\"><div class=\"eedee-background-div\"><img decoding=\"async\" width=\"2560\" height=\"1707\" class=\"wp-image-4804\" src=\"https:\/\/www.conica.com\/wp-content\/uploads\/2020\/09\/einstieg-berufserfahren-conica-2-scaled.jpg\" alt=\"\" style=\"object-fit:cover;object-position:50% 50%\" srcset=\"https:\/\/www.conica.com\/wp-content\/uploads\/2020\/09\/einstieg-berufserfahren-conica-2-scaled.jpg 2560w, https:\/\/www.conica.com\/wp-content\/uploads\/2020\/09\/einstieg-berufserfahren-conica-2-300x200.jpg 300w, https:\/\/www.conica.com\/wp-content\/uploads\/2020\/09\/einstieg-berufserfahren-conica-2-1024x683.jpg 1024w, https:\/\/www.conica.com\/wp-content\/uploads\/2020\/09\/einstieg-berufserfahren-conica-2-768x512.jpg 768w, https:\/\/www.conica.com\/wp-content\/uploads\/2020\/09\/einstieg-berufserfahren-conica-2-1536x1024.jpg 1536w, https:\/\/www.conica.com\/wp-content\/uploads\/2020\/09\/einstieg-berufserfahren-conica-2-2048x1365.jpg 2048w, https:\/\/www.conica.com\/wp-content\/uploads\/2020\/09\/einstieg-berufserfahren-conica-2-600x400.jpg 600w, https:\/\/www.conica.com\/wp-content\/uploads\/2020\/09\/einstieg-berufserfahren-conica-2-1600x1067.jpg 1600w\" sizes=\"(max-width: 2560px) 100vw, 2560px\" \/><div class=\"eedee-background-div__overlay\" style=\"opacity:1\"><\/div><\/div><div class=\"slide-content\"><\/div><\/div><\/div>\n<\/div><\/div>\n<\/div><\/div><button class=\"eedee-gutenslider-nav eedee-gutenslider-prev\"><svg xmlns=\"http:\/\/www.w3.org\/2000\/svg\" viewBox=\"0 0 24 24\" width=\"24\" height=\"24\"><circle class=\"bg\" cx=\"13\" cy=\"12\" r=\"11\" \/><path fill=\"none\" d=\"M0 0h24v24H0z\"\/><path class=\"arrow\" d=\"M10.828 12l4.95 4.95-1.414 1.414L8 12l6.364-6.364 1.414 1.414z\"\/><\/svg><\/button><button class=\"eedee-gutenslider-nav eedee-gutenslider-next\"><svg xmlns=\"http:\/\/www.w3.org\/2000\/svg\" viewBox=\"0 0 24 24\" width=\"24\" height=\"24\"><circle class=\"bg\" cx=\"11\" cy=\"12\" r=\"11\" \/><path fill=\"none\" d=\"M0 0h24v24H0z\"\/><path class=\"arrow\" d=\"M13.172 12l-4.95-4.95 1.414-1.414L16 12l-6.364 6.364-1.414-1.414z\"\/><\/svg><\/button><div class=\"eedee-gutenslider-pagination\"><\/div><div class=\"gutenslider-divider-bottom \" style=\"color:#fff;\"><\/div><\/div><\/div>\n\n\n<div style=\"height:100px\" aria-hidden=\"true\" class=\"wp-block-spacer\"><\/div>\n\n\n\n<p><\/p>\n<\/div><\/div><\/div>\n\n\n\n<h1 class=\"has-text-align-center wp-block-heading\">Einstieg als Berufserfahrener<\/h1>\n\n\n\n<p>Sie sind berufserfahren und m\u00f6chten sich weiterentwickeln? Steigen Sie ein bei CONICA und werden Sie Teil unseres Teams. F\u00fcr berufserfahrene Spezialistinnen und Spezialisten sowie f\u00fcr Quereinsteiger ist die CONICA eine interessante Adresse. Wir bieten rund um den Globus fordernde und spannende Stellen. Die CONICA AG bietet vielf\u00e4ltige M\u00f6glichkeiten f\u00fcr Sie als Fachprofi. Wir suchen stets gestandene Fach- und F\u00fchrungskr\u00e4fte, die Verantwortung \u00fcbernehmen wollen. Das gleiche gilt f\u00fcr Quereinsteiger. Auch sie k\u00f6nnen bei uns ihre Laufbahn weiterf\u00fchren, das bereits erarbeitete Know-how ist f\u00fcr CONICA \u00e4usserst wertvoll. Die konkrete Ausgestaltung Ihrer Laufbahn bei CONICA h\u00e4ngt von verschiedenen, individuellen Faktoren ab; etwa der Verf\u00fcgbarkeit passender Stellen, aber vor allem auch von ihrer Erfahrung, Ihrem Werdegang und nat\u00fcrlich Ihren Interessen.<\/p>\n\n\n\n<div style=\"height:20px\" aria-hidden=\"true\" class=\"wp-block-spacer\"><\/div>\n\n\n\n<div class=\"wp-block-atomic-blocks-ab-columns ab-layout-columns-3 ab-3-col-equal alignwide\"><div class=\"ab-layout-column-wrap ab-block-layout-column-gap-2 ab-is-responsive-column\">\n<div class=\"wp-block-atomic-blocks-ab-column ab-block-layout-column\"><div class=\"ab-block-layout-column-inner\" style=\"padding-right:5px;padding-left:5px\">\n<figure class=\"wp-block-image size-large\"><a href=\"https:\/\/www.conica.com\/karriere\/karrierechancen\/einstieg-als-lernender\/\"><img decoding=\"async\" width=\"1024\" height=\"704\" src=\"https:\/\/www.conica.com\/wp-content\/uploads\/2020\/09\/einstieg-lernende-conica-2-1024x704.jpg\" alt=\"\" class=\"wp-image-4799\" srcset=\"https:\/\/www.conica.com\/wp-content\/uploads\/2020\/09\/einstieg-lernende-conica-2-1024x704.jpg 1024w, https:\/\/www.conica.com\/wp-content\/uploads\/2020\/09\/einstieg-lernende-conica-2-300x206.jpg 300w, https:\/\/www.conica.com\/wp-content\/uploads\/2020\/09\/einstieg-lernende-conica-2-768x528.jpg 768w, https:\/\/www.conica.com\/wp-content\/uploads\/2020\/09\/einstieg-lernende-conica-2-1536x1056.jpg 1536w, https:\/\/www.conica.com\/wp-content\/uploads\/2020\/09\/einstieg-lernende-conica-2-2048x1408.jpg 2048w, https:\/\/www.conica.com\/wp-content\/uploads\/2020\/09\/einstieg-lernende-conica-2-1600x1100.jpg 1600w\" sizes=\"(max-width: 1024px) 100vw, 1024px\" \/><\/a><\/figure>\n\n\n\n<p class=\"has-text-align-center\"><a href=\"https:\/\/www.conica.com\/karriere\/karrierechancen\/einstieg-als-lernender\/\">Einstieg als Lernender<\/a><\/p>\n<\/div><\/div>\n\n\n\n<div class=\"wp-block-atomic-blocks-ab-column ab-block-layout-column\"><div class=\"ab-block-layout-column-inner\" style=\"padding-right:5px;padding-left:5px\">\n<figure class=\"wp-block-image size-large\"><a href=\"https:\/\/www.conica.com\/karriere\/karrierechancen\/einstieg-als-berufseinsteiger\/\"><img decoding=\"async\" width=\"1024\" height=\"683\" src=\"https:\/\/www.conica.com\/wp-content\/uploads\/2020\/09\/einstieg-berufseinstieg-conica-1024x683.jpg\" alt=\"\" class=\"wp-image-4806\" srcset=\"https:\/\/www.conica.com\/wp-content\/uploads\/2020\/09\/einstieg-berufseinstieg-conica-1024x683.jpg 1024w, https:\/\/www.conica.com\/wp-content\/uploads\/2020\/09\/einstieg-berufseinstieg-conica-300x200.jpg 300w, https:\/\/www.conica.com\/wp-content\/uploads\/2020\/09\/einstieg-berufseinstieg-conica-768x513.jpg 768w, https:\/\/www.conica.com\/wp-content\/uploads\/2020\/09\/einstieg-berufseinstieg-conica-1536x1025.jpg 1536w, https:\/\/www.conica.com\/wp-content\/uploads\/2020\/09\/einstieg-berufseinstieg-conica-2048x1367.jpg 2048w, https:\/\/www.conica.com\/wp-content\/uploads\/2020\/09\/einstieg-berufseinstieg-conica-600x400.jpg 600w, https:\/\/www.conica.com\/wp-content\/uploads\/2020\/09\/einstieg-berufseinstieg-conica-1600x1068.jpg 1600w\" sizes=\"(max-width: 1024px) 100vw, 1024px\" \/><\/a><\/figure>\n\n\n\n<p class=\"has-text-align-center\"><a href=\"https:\/\/www.conica.com\/karriere\/karrierechancen\/einstieg-als-berufseinsteiger\/\">Einstieg als Berufseinsteiger<\/a><\/p>\n<\/div><\/div>\n\n\n\n<div class=\"wp-block-atomic-blocks-ab-column ab-block-layout-column\"><div class=\"ab-block-layout-column-inner\">\n<p><\/p>\n<\/div><\/div>\n<\/div><\/div>\n","protected":false},"excerpt":{"rendered":"<p>Einstieg als Berufserfahrener Sie sind berufserfahren und m\u00f6chten sich weiterentwickeln? Steigen Sie ein bei CONICA und werden Sie Teil unseres Teams. F\u00fcr berufserfahrene Spezialistinnen und Spezialisten sowie f\u00fcr Quereinsteiger ist die CONICA eine interessante Adresse. Wir bieten rund um den Globus fordernde und spannende Stellen. Die CONICA AG bietet vielf\u00e4ltige M\u00f6glichkeiten f\u00fcr Sie als Fachprofi. [&hellip;]<\/p>\n","protected":false},"author":8,"featured_media":0,"parent":3922,"menu_order":0,"comment_status":"closed","ping_status":"closed","template":"","meta":{"_acf_changed":false,"_uag_custom_page_level_css":"","_genesis_hide_title":false,"_genesis_hide_breadcrumbs":false,"_genesis_hide_singular_image":false,"_genesis_custom_body_class":"","_genesis_custom_post_class":"","_genesis_layout":"","footnotes":""},"products_categories":[],"project_categories":[],"product_quiz_categories":[],"testimonials_categories":[],"locations_categories":[],"class_list":{"0":"post-3943","1":"page","2":"type-page","3":"status-publish","5":"entry"},"acf":[],"yoast_head":"<!-- This site is optimized with the Yoast SEO plugin v27.4 - https:\/\/yoast.com\/product\/yoast-seo-wordpress\/ -->\n<title>Einstieg als Berufserfahrener - CONICA AG<\/title>\n<meta name=\"robots\" content=\"index, follow, max-snippet:-1, max-image-preview:large, max-video-preview:-1\" \/>\n<link rel=\"canonical\" href=\"https:\/\/www.conica.com\/de\/karriere\/karrierechancen\/einstieg-als-berufserfahrener\/\" \/>\n<meta property=\"og:locale\" content=\"de_DE\" \/>\n<meta property=\"og:type\" content=\"article\" \/>\n<meta property=\"og:title\" content=\"Einstieg als Berufserfahrener - CONICA AG\" \/>\n<meta property=\"og:description\" content=\"Einstieg als Berufserfahrener Sie sind berufserfahren und m\u00f6chten sich weiterentwickeln? Steigen Sie ein bei CONICA und werden Sie Teil unseres Teams. F\u00fcr berufserfahrene Spezialistinnen und Spezialisten sowie f\u00fcr Quereinsteiger ist die CONICA eine interessante Adresse. Wir bieten rund um den Globus fordernde und spannende Stellen. Die CONICA AG bietet vielf\u00e4ltige M\u00f6glichkeiten f\u00fcr Sie als Fachprofi. [&hellip;]\" \/>\n<meta property=\"og:url\" content=\"https:\/\/www.conica.com\/de\/karriere\/karrierechancen\/einstieg-als-berufserfahrener\/\" \/>\n<meta property=\"og:site_name\" content=\"CONICA AG\" \/>\n<meta property=\"article:modified_time\" content=\"2025-08-12T14:15:14+00:00\" \/>\n<meta property=\"og:image\" content=\"https:\/\/www.conica.com\/wp-content\/uploads\/2020\/09\/einstieg-berufserfahren-conica-2-scaled.jpg\" \/>\n\t<meta property=\"og:image:width\" content=\"2560\" \/>\n\t<meta property=\"og:image:height\" content=\"1707\" \/>\n\t<meta property=\"og:image:type\" content=\"image\/jpeg\" \/>\n<meta name=\"twitter:card\" content=\"summary_large_image\" \/>\n<meta name=\"twitter:label1\" content=\"Gesch\u00e4tzte Lesezeit\" \/>\n\t<meta name=\"twitter:data1\" content=\"1\u00a0Minute\" \/>\n<script type=\"application\/ld+json\" class=\"yoast-schema-graph\">{\"@context\":\"https:\\\/\\\/schema.org\",\"@graph\":[{\"@type\":\"WebPage\",\"@id\":\"https:\\\/\\\/www.conica.com\\\/de\\\/karriere\\\/karrierechancen\\\/einstieg-als-berufserfahrener\\\/\",\"url\":\"https:\\\/\\\/www.conica.com\\\/de\\\/karriere\\\/karrierechancen\\\/einstieg-als-berufserfahrener\\\/\",\"name\":\"Einstieg als Berufserfahrener - CONICA AG\",\"isPartOf\":{\"@id\":\"https:\\\/\\\/www.conica.com\\\/it\\\/#website\"},\"primaryImageOfPage\":{\"@id\":\"https:\\\/\\\/www.conica.com\\\/de\\\/karriere\\\/karrierechancen\\\/einstieg-als-berufserfahrener\\\/#primaryimage\"},\"image\":{\"@id\":\"https:\\\/\\\/www.conica.com\\\/de\\\/karriere\\\/karrierechancen\\\/einstieg-als-berufserfahrener\\\/#primaryimage\"},\"thumbnailUrl\":\"https:\\\/\\\/www.conica.com\\\/wp-content\\\/uploads\\\/2020\\\/09\\\/einstieg-berufserfahren-conica-2-scaled.jpg\",\"datePublished\":\"2020-08-10T09:13:27+00:00\",\"dateModified\":\"2025-08-12T14:15:14+00:00\",\"breadcrumb\":{\"@id\":\"https:\\\/\\\/www.conica.com\\\/de\\\/karriere\\\/karrierechancen\\\/einstieg-als-berufserfahrener\\\/#breadcrumb\"},\"inLanguage\":\"de\",\"potentialAction\":[{\"@type\":\"ReadAction\",\"target\":[\"https:\\\/\\\/www.conica.com\\\/de\\\/karriere\\\/karrierechancen\\\/einstieg-als-berufserfahrener\\\/\"]}]},{\"@type\":\"ImageObject\",\"inLanguage\":\"de\",\"@id\":\"https:\\\/\\\/www.conica.com\\\/de\\\/karriere\\\/karrierechancen\\\/einstieg-als-berufserfahrener\\\/#primaryimage\",\"url\":\"https:\\\/\\\/www.conica.com\\\/wp-content\\\/uploads\\\/2020\\\/09\\\/einstieg-berufserfahren-conica-2-scaled.jpg\",\"contentUrl\":\"https:\\\/\\\/www.conica.com\\\/wp-content\\\/uploads\\\/2020\\\/09\\\/einstieg-berufserfahren-conica-2-scaled.jpg\"},{\"@type\":\"BreadcrumbList\",\"@id\":\"https:\\\/\\\/www.conica.com\\\/de\\\/karriere\\\/karrierechancen\\\/einstieg-als-berufserfahrener\\\/#breadcrumb\",\"itemListElement\":[{\"@type\":\"ListItem\",\"position\":1,\"name\":\"Home\",\"item\":\"https:\\\/\\\/www.conica.com\\\/de\\\/\"},{\"@type\":\"ListItem\",\"position\":2,\"name\":\"Karriere\",\"item\":\"https:\\\/\\\/www.conica.com\\\/de\\\/karriere\\\/\"},{\"@type\":\"ListItem\",\"position\":3,\"name\":\"Karrierechancen\",\"item\":\"https:\\\/\\\/www.conica.com\\\/de\\\/karriere\\\/karrierechancen\\\/\"},{\"@type\":\"ListItem\",\"position\":4,\"name\":\"Einstieg als Berufserfahrener\"}]},{\"@type\":\"WebSite\",\"@id\":\"https:\\\/\\\/www.conica.com\\\/it\\\/#website\",\"url\":\"https:\\\/\\\/www.conica.com\\\/it\\\/\",\"name\":\"CONICA AG\",\"description\":\"Sport-, Playground- und Functional Flooring Bel\u00e4ge\",\"publisher\":{\"@id\":\"https:\\\/\\\/www.conica.com\\\/it\\\/#organization\"},\"potentialAction\":[{\"@type\":\"SearchAction\",\"target\":{\"@type\":\"EntryPoint\",\"urlTemplate\":\"https:\\\/\\\/www.conica.com\\\/it\\\/?s={search_term_string}\"},\"query-input\":{\"@type\":\"PropertyValueSpecification\",\"valueRequired\":true,\"valueName\":\"search_term_string\"}}],\"inLanguage\":\"de\"},{\"@type\":\"Organization\",\"@id\":\"https:\\\/\\\/www.conica.com\\\/it\\\/#organization\",\"name\":\"CONICA AG\",\"url\":\"https:\\\/\\\/www.conica.com\\\/it\\\/\",\"logo\":{\"@type\":\"ImageObject\",\"inLanguage\":\"de\",\"@id\":\"https:\\\/\\\/www.conica.com\\\/it\\\/#\\\/schema\\\/logo\\\/image\\\/\",\"url\":\"https:\\\/\\\/www.conica.com\\\/wp-content\\\/uploads\\\/2020\\\/04\\\/logo_conica-01.svg\",\"contentUrl\":\"https:\\\/\\\/www.conica.com\\\/wp-content\\\/uploads\\\/2020\\\/04\\\/logo_conica-01.svg\",\"caption\":\"CONICA AG\"},\"image\":{\"@id\":\"https:\\\/\\\/www.conica.com\\\/it\\\/#\\\/schema\\\/logo\\\/image\\\/\"}}]}<\/script>\n<!-- \/ Yoast SEO plugin. -->","yoast_head_json":{"title":"Einstieg als Berufserfahrener - CONICA AG","robots":{"index":"index","follow":"follow","max-snippet":"max-snippet:-1","max-image-preview":"max-image-preview:large","max-video-preview":"max-video-preview:-1"},"canonical":"https:\/\/www.conica.com\/de\/karriere\/karrierechancen\/einstieg-als-berufserfahrener\/","og_locale":"de_DE","og_type":"article","og_title":"Einstieg als Berufserfahrener - CONICA AG","og_description":"Einstieg als Berufserfahrener Sie sind berufserfahren und m\u00f6chten sich weiterentwickeln? Steigen Sie ein bei CONICA und werden Sie Teil unseres Teams. F\u00fcr berufserfahrene Spezialistinnen und Spezialisten sowie f\u00fcr Quereinsteiger ist die CONICA eine interessante Adresse. Wir bieten rund um den Globus fordernde und spannende Stellen. Die CONICA AG bietet vielf\u00e4ltige M\u00f6glichkeiten f\u00fcr Sie als Fachprofi. [&hellip;]","og_url":"https:\/\/www.conica.com\/de\/karriere\/karrierechancen\/einstieg-als-berufserfahrener\/","og_site_name":"CONICA AG","article_modified_time":"2025-08-12T14:15:14+00:00","og_image":[{"width":2560,"height":1707,"url":"https:\/\/www.conica.com\/wp-content\/uploads\/2020\/09\/einstieg-berufserfahren-conica-2-scaled.jpg","type":"image\/jpeg"}],"twitter_card":"summary_large_image","twitter_misc":{"Gesch\u00e4tzte Lesezeit":"1\u00a0Minute"},"schema":{"@context":"https:\/\/schema.org","@graph":[{"@type":"WebPage","@id":"https:\/\/www.conica.com\/de\/karriere\/karrierechancen\/einstieg-als-berufserfahrener\/","url":"https:\/\/www.conica.com\/de\/karriere\/karrierechancen\/einstieg-als-berufserfahrener\/","name":"Einstieg als Berufserfahrener - CONICA AG","isPartOf":{"@id":"https:\/\/www.conica.com\/it\/#website"},"primaryImageOfPage":{"@id":"https:\/\/www.conica.com\/de\/karriere\/karrierechancen\/einstieg-als-berufserfahrener\/#primaryimage"},"image":{"@id":"https:\/\/www.conica.com\/de\/karriere\/karrierechancen\/einstieg-als-berufserfahrener\/#primaryimage"},"thumbnailUrl":"https:\/\/www.conica.com\/wp-content\/uploads\/2020\/09\/einstieg-berufserfahren-conica-2-scaled.jpg","datePublished":"2020-08-10T09:13:27+00:00","dateModified":"2025-08-12T14:15:14+00:00","breadcrumb":{"@id":"https:\/\/www.conica.com\/de\/karriere\/karrierechancen\/einstieg-als-berufserfahrener\/#breadcrumb"},"inLanguage":"de","potentialAction":[{"@type":"ReadAction","target":["https:\/\/www.conica.com\/de\/karriere\/karrierechancen\/einstieg-als-berufserfahrener\/"]}]},{"@type":"ImageObject","inLanguage":"de","@id":"https:\/\/www.conica.com\/de\/karriere\/karrierechancen\/einstieg-als-berufserfahrener\/#primaryimage","url":"https:\/\/www.conica.com\/wp-content\/uploads\/2020\/09\/einstieg-berufserfahren-conica-2-scaled.jpg","contentUrl":"https:\/\/www.conica.com\/wp-content\/uploads\/2020\/09\/einstieg-berufserfahren-conica-2-scaled.jpg"},{"@type":"BreadcrumbList","@id":"https:\/\/www.conica.com\/de\/karriere\/karrierechancen\/einstieg-als-berufserfahrener\/#breadcrumb","itemListElement":[{"@type":"ListItem","position":1,"name":"Home","item":"https:\/\/www.conica.com\/de\/"},{"@type":"ListItem","position":2,"name":"Karriere","item":"https:\/\/www.conica.com\/de\/karriere\/"},{"@type":"ListItem","position":3,"name":"Karrierechancen","item":"https:\/\/www.conica.com\/de\/karriere\/karrierechancen\/"},{"@type":"ListItem","position":4,"name":"Einstieg als Berufserfahrener"}]},{"@type":"WebSite","@id":"https:\/\/www.conica.com\/it\/#website","url":"https:\/\/www.conica.com\/it\/","name":"CONICA AG","description":"Sport-, Playground- und Functional Flooring Bel\u00e4ge","publisher":{"@id":"https:\/\/www.conica.com\/it\/#organization"},"potentialAction":[{"@type":"SearchAction","target":{"@type":"EntryPoint","urlTemplate":"https:\/\/www.conica.com\/it\/?s={search_term_string}"},"query-input":{"@type":"PropertyValueSpecification","valueRequired":true,"valueName":"search_term_string"}}],"inLanguage":"de"},{"@type":"Organization","@id":"https:\/\/www.conica.com\/it\/#organization","name":"CONICA AG","url":"https:\/\/www.conica.com\/it\/","logo":{"@type":"ImageObject","inLanguage":"de","@id":"https:\/\/www.conica.com\/it\/#\/schema\/logo\/image\/","url":"https:\/\/www.conica.com\/wp-content\/uploads\/2020\/04\/logo_conica-01.svg","contentUrl":"https:\/\/www.conica.com\/wp-content\/uploads\/2020\/04\/logo_conica-01.svg","caption":"CONICA AG"},"image":{"@id":"https:\/\/www.conica.com\/it\/#\/schema\/logo\/image\/"}}]}},"featured_image_src":null,"featured_image_src_square":null,"uagb_featured_image_src":{"full":false,"thumbnail":false,"medium":false,"medium_large":false,"large":false,"gs-tiny":false,"xl":false,"xxl":false,"xxxl":false,"xxxxl":false,"xxxxxl":false,"gts-thumbnail":false,"1536x1536":false,"2048x2048":false,"sidebar-featured":false,"genesis-singular-images":false,"ab-block-post-grid-landscape":false,"ab-block-post-grid-square":false,"gform-image-choice-sm":false,"gform-image-choice-md":false,"gform-image-choice-lg":false},"uagb_author_info":{"display_name":"cloudweb admin","author_link":"https:\/\/www.conica.com\/de\/author\/cloudweb-admin\/"},"uagb_comment_info":0,"uagb_excerpt":"Einstieg als Berufserfahrener Sie sind berufserfahren und m\u00f6chten sich weiterentwickeln? Steigen Sie ein bei CONICA und werden Sie Teil unseres Teams. F\u00fcr berufserfahrene Spezialistinnen und Spezialisten sowie f\u00fcr Quereinsteiger ist die CONICA eine interessante Adresse. Wir bieten rund um den Globus fordernde und spannende Stellen. Die CONICA AG bietet vielf\u00e4ltige M\u00f6glichkeiten f\u00fcr Sie als Fachprofi.&hellip;","_links":{"self":[{"href":"https:\/\/www.conica.com\/de\/wp-json\/wp\/v2\/pages\/3943","targetHints":{"allow":["GET"]}}],"collection":[{"href":"https:\/\/www.conica.com\/de\/wp-json\/wp\/v2\/pages"}],"about":[{"href":"https:\/\/www.conica.com\/de\/wp-json\/wp\/v2\/types\/page"}],"author":[{"embeddable":true,"href":"https:\/\/www.conica.com\/de\/wp-json\/wp\/v2\/users\/8"}],"replies":[{"embeddable":true,"href":"https:\/\/www.conica.com\/de\/wp-json\/wp\/v2\/comments?post=3943"}],"version-history":[{"count":1,"href":"https:\/\/www.conica.com\/de\/wp-json\/wp\/v2\/pages\/3943\/revisions"}],"predecessor-version":[{"id":44886,"href":"https:\/\/www.conica.com\/de\/wp-json\/wp\/v2\/pages\/3943\/revisions\/44886"}],"up":[{"embeddable":true,"href":"https:\/\/www.conica.com\/de\/wp-json\/wp\/v2\/pages\/3922"}],"wp:attachment":[{"href":"https:\/\/www.conica.com\/de\/wp-json\/wp\/v2\/media?parent=3943"}],"wp:term":[{"taxonomy":"products_categories","embeddable":true,"href":"https:\/\/www.conica.com\/de\/wp-json\/wp\/v2\/products_categories?post=3943"},{"taxonomy":"project_categories","embeddable":true,"href":"https:\/\/www.conica.com\/de\/wp-json\/wp\/v2\/project_categories?post=3943"},{"taxonomy":"product_quiz_categories","embeddable":true,"href":"https:\/\/www.conica.com\/de\/wp-json\/wp\/v2\/product_quiz_categories?post=3943"},{"taxonomy":"testimonials_categories","embeddable":true,"href":"https:\/\/www.conica.com\/de\/wp-json\/wp\/v2\/testimonials_categories?post=3943"},{"taxonomy":"locations_categories","embeddable":true,"href":"https:\/\/www.conica.com\/de\/wp-json\/wp\/v2\/locations_categories?post=3943"}],"curies":[{"name":"wp","href":"https:\/\/api.w.org\/{rel}","templated":true}]}}