{"id":4720,"date":"2020-09-28T12:10:16","date_gmt":"2020-09-28T10:10:16","guid":{"rendered":"https:\/\/www.conica.com\/?page_id=4720"},"modified":"2025-08-12T16:07:33","modified_gmt":"2025-08-12T14:07:33","slug":"operationsraeume-und-flure","status":"publish","type":"page","link":"https:\/\/www.conica.com\/de\/industrie\/gesundheitswesen\/operationsraeume-und-flure\/","title":{"rendered":"Operationsr\u00e4ume und Flure"},"content":{"rendered":"\n<div class=\"wp-block-atomic-blocks-ab-container ab-block-container alignfull\"><div class=\"ab-container-inside\"><div class=\"ab-container-content\">\n<div class=\"wp-block-atomic-blocks-ab-columns page-intro ab-layout-columns-2 ab-2-col-equal alignwide\"><div class=\"ab-layout-column-wrap ab-block-layout-column-gap-2 ab-is-responsive-column\">\n<div class=\"wp-block-atomic-blocks-ab-column ab-block-layout-column\"><div class=\"ab-block-layout-column-inner\">\n<h1 class=\"no-margin wp-block-heading\">Operationsr\u00e4ume und Flure<\/h1>\n<\/div><\/div>\n\n\n\n<div class=\"wp-block-atomic-blocks-ab-column ab-block-layout-column\"><div class=\"ab-block-layout-column-inner\">\n<p>Die Anforderungen an Bodenbel\u00e4ge im Gesundheitsbereich sind so vielf\u00e4ltig wie die Einsatzbereiche. Schon in einer Klinik reicht das Spektrum vom Empfang bis in den OP-Saal. Dazu kommen Reha-Einrichtungen, Arztpraxen und nat\u00fcrlich die zugeh\u00f6rige Infrastruktur, wie K\u00fcchen, Sozial- und Lagerr\u00e4ume, Treppenh\u00e4user, Wartezonen und viele Weitere. Der Untergrund muss neben Robustheit und Langlebigkeit oft auch keimhemmende Eigenschaften bieten oder ableitf\u00e4hig sein. Des Weiteren muss der Belag eine hohe Rutschfestigkeit aufweisen, wie auch gelenkschonend f\u00fcr die Mitarbeiter sein. In allen Bereichen, in denen wir uns dauerhaft Aufhalten, ist Gesundheitsschutz mit den entsprechenden Zertifikaten wichtig. CONICA hat die Produktlinie HEALTHCARE-Bel\u00e4ge spezifisch f\u00fcr diese anspruchsvolle Anforderungen entwickelt und produziert.<\/p>\n<\/div><\/div>\n<\/div><\/div>\n\n\n\n<p><\/p>\n<\/div><\/div><\/div>\n\n\n<div class=\"product-list-container alignfull\">\n    <div class=\"product-list-content\">\n        <div class=\"grid-row\">\n\n            \n\n            \n\n\n                <div class=\"grid-item grid-number-1\">\n                    <a class=\"wrapping-link\" href=\"https:\/\/www.conica.com\/de\/products\/conifloor-ips-as-esd-2\/\"><\/a>\n                    <div class=\"grid-item-wrapper\">\n                        <div class=\"grid-item-container\">\n                            <div class=\"grid-image-top\">\n                                <span class=\"centered project-image-bg\"\n                                    style=\"background-image: url(https:\/\/www.conica.com\/wp-content\/uploads\/2020\/10\/operationsraeume-flure-1-1024x576.png)\"><\/span>\n\n                            <\/div>\n\n                            \n                            <div class=\"grid-item-content\">\n                                <div class=\"column\">\n                                    <span class=\"item-title\">CONIFLOOR IPS AS ESD<\/span>\n                                    <span class=\"item-excerpt\"><p>Ableitf\u00e4hige, riss\u00fcberbr\u00fcckende Polyurethan-Verlaufsbeschichtung, f\u00fcr mittelschwere mechanische Belastung<\/p>\n<\/span>\n\n                                <\/div>\n\n                                                                    <div class=\"item-small-container\">\n                                        <img decoding=\"async\" src=\"https:\/\/www.conica.com\/wp-content\/uploads\/2020\/06\/conifloor_ips_as-1.png\" \/>\n                                    <\/div>\n                                                            <\/div>\n                        <\/div>\n                    <\/div>\n                <\/div>\n\n                \n\n            \n        <\/div>\n    <\/div>\n<\/div>\n\n\n<p><\/p>\n","protected":false},"excerpt":{"rendered":"","protected":false},"author":8,"featured_media":0,"parent":616,"menu_order":0,"comment_status":"closed","ping_status":"closed","template":"","meta":{"_acf_changed":false,"_uag_custom_page_level_css":"","_genesis_hide_title":false,"_genesis_hide_breadcrumbs":false,"_genesis_hide_singular_image":false,"_genesis_custom_body_class":"","_genesis_custom_post_class":"","_genesis_layout":"","footnotes":""},"products_categories":[112],"project_categories":[],"product_quiz_categories":[],"testimonials_categories":[],"locations_categories":[],"class_list":{"0":"post-4720","1":"page","2":"type-page","3":"status-publish","5":"products_categories-operationsraeume-und-flure","6":"entry"},"acf":[],"yoast_head":"<!-- This site is optimized with the Yoast SEO plugin v27.4 - https:\/\/yoast.com\/product\/yoast-seo-wordpress\/ -->\n<title>Bodenbel\u00e4ge f\u00fcr Operationsr\u00e4ume \u2714\ufe0f und Flure \u2714\ufe0f<\/title>\n<meta name=\"description\" content=\"Ableitf\u00e4hige, riss\u00fcberbr\u00fcckende und keimhemmende Bodenbel\u00e4ge f\u00fcr den Gesundheitsbereich wie z.B. Operationsr\u00e4ume &amp; Flure\" \/>\n<meta name=\"robots\" content=\"index, follow, max-snippet:-1, max-image-preview:large, max-video-preview:-1\" \/>\n<link rel=\"canonical\" href=\"https:\/\/www.conica.com\/de\/industrie\/gesundheitswesen\/operationsraeume-und-flure\/\" \/>\n<meta property=\"og:locale\" content=\"de_DE\" \/>\n<meta property=\"og:type\" content=\"article\" \/>\n<meta property=\"og:title\" content=\"Bodenbel\u00e4ge f\u00fcr Operationsr\u00e4ume \u2714\ufe0f und Flure \u2714\ufe0f\" \/>\n<meta property=\"og:description\" content=\"Ableitf\u00e4hige, riss\u00fcberbr\u00fcckende und keimhemmende Bodenbel\u00e4ge f\u00fcr den Gesundheitsbereich wie z.B. Operationsr\u00e4ume &amp; Flure\" \/>\n<meta property=\"og:url\" content=\"https:\/\/www.conica.com\/de\/industrie\/gesundheitswesen\/operationsraeume-und-flure\/\" \/>\n<meta property=\"og:site_name\" content=\"CONICA AG\" \/>\n<meta property=\"article:modified_time\" content=\"2025-08-12T14:07:33+00:00\" \/>\n<meta name=\"twitter:card\" content=\"summary_large_image\" \/>\n<meta name=\"twitter:label1\" content=\"Gesch\u00e4tzte Lesezeit\" \/>\n\t<meta name=\"twitter:data1\" content=\"1\u00a0Minute\" \/>\n<script type=\"application\/ld+json\" class=\"yoast-schema-graph\">{\"@context\":\"https:\\\/\\\/schema.org\",\"@graph\":[{\"@type\":\"WebPage\",\"@id\":\"https:\\\/\\\/www.conica.com\\\/de\\\/industrie\\\/gesundheitswesen\\\/operationsraeume-und-flure\\\/\",\"url\":\"https:\\\/\\\/www.conica.com\\\/de\\\/industrie\\\/gesundheitswesen\\\/operationsraeume-und-flure\\\/\",\"name\":\"Bodenbel\u00e4ge f\u00fcr Operationsr\u00e4ume \u2714\ufe0f und Flure \u2714\ufe0f\",\"isPartOf\":{\"@id\":\"https:\\\/\\\/www.conica.com\\\/it\\\/#website\"},\"datePublished\":\"2020-09-28T10:10:16+00:00\",\"dateModified\":\"2025-08-12T14:07:33+00:00\",\"description\":\"Ableitf\u00e4hige, riss\u00fcberbr\u00fcckende und keimhemmende Bodenbel\u00e4ge f\u00fcr den Gesundheitsbereich wie z.B. Operationsr\u00e4ume & Flure\",\"breadcrumb\":{\"@id\":\"https:\\\/\\\/www.conica.com\\\/de\\\/industrie\\\/gesundheitswesen\\\/operationsraeume-und-flure\\\/#breadcrumb\"},\"inLanguage\":\"de\",\"potentialAction\":[{\"@type\":\"ReadAction\",\"target\":[\"https:\\\/\\\/www.conica.com\\\/de\\\/industrie\\\/gesundheitswesen\\\/operationsraeume-und-flure\\\/\"]}]},{\"@type\":\"BreadcrumbList\",\"@id\":\"https:\\\/\\\/www.conica.com\\\/de\\\/industrie\\\/gesundheitswesen\\\/operationsraeume-und-flure\\\/#breadcrumb\",\"itemListElement\":[{\"@type\":\"ListItem\",\"position\":1,\"name\":\"Home\",\"item\":\"https:\\\/\\\/www.conica.com\\\/de\\\/\"},{\"@type\":\"ListItem\",\"position\":2,\"name\":\"Industrie\",\"item\":\"https:\\\/\\\/www.conica.com\\\/de\\\/industrie\\\/\"},{\"@type\":\"ListItem\",\"position\":3,\"name\":\"Gesundheitswesen\",\"item\":\"https:\\\/\\\/www.conica.com\\\/de\\\/industrie\\\/gesundheitswesen\\\/\"},{\"@type\":\"ListItem\",\"position\":4,\"name\":\"Operationsr\u00e4ume und Flure\"}]},{\"@type\":\"WebSite\",\"@id\":\"https:\\\/\\\/www.conica.com\\\/it\\\/#website\",\"url\":\"https:\\\/\\\/www.conica.com\\\/it\\\/\",\"name\":\"CONICA AG\",\"description\":\"Sport-, Playground- und Functional Flooring Bel\u00e4ge\",\"publisher\":{\"@id\":\"https:\\\/\\\/www.conica.com\\\/it\\\/#organization\"},\"potentialAction\":[{\"@type\":\"SearchAction\",\"target\":{\"@type\":\"EntryPoint\",\"urlTemplate\":\"https:\\\/\\\/www.conica.com\\\/it\\\/?s={search_term_string}\"},\"query-input\":{\"@type\":\"PropertyValueSpecification\",\"valueRequired\":true,\"valueName\":\"search_term_string\"}}],\"inLanguage\":\"de\"},{\"@type\":\"Organization\",\"@id\":\"https:\\\/\\\/www.conica.com\\\/it\\\/#organization\",\"name\":\"CONICA AG\",\"url\":\"https:\\\/\\\/www.conica.com\\\/it\\\/\",\"logo\":{\"@type\":\"ImageObject\",\"inLanguage\":\"de\",\"@id\":\"https:\\\/\\\/www.conica.com\\\/it\\\/#\\\/schema\\\/logo\\\/image\\\/\",\"url\":\"https:\\\/\\\/www.conica.com\\\/wp-content\\\/uploads\\\/2020\\\/04\\\/logo_conica-01.svg\",\"contentUrl\":\"https:\\\/\\\/www.conica.com\\\/wp-content\\\/uploads\\\/2020\\\/04\\\/logo_conica-01.svg\",\"caption\":\"CONICA AG\"},\"image\":{\"@id\":\"https:\\\/\\\/www.conica.com\\\/it\\\/#\\\/schema\\\/logo\\\/image\\\/\"}}]}<\/script>\n<!-- \/ Yoast SEO plugin. -->","yoast_head_json":{"title":"Bodenbel\u00e4ge f\u00fcr Operationsr\u00e4ume \u2714\ufe0f und Flure \u2714\ufe0f","description":"Ableitf\u00e4hige, riss\u00fcberbr\u00fcckende und keimhemmende Bodenbel\u00e4ge f\u00fcr den Gesundheitsbereich wie z.B. Operationsr\u00e4ume & Flure","robots":{"index":"index","follow":"follow","max-snippet":"max-snippet:-1","max-image-preview":"max-image-preview:large","max-video-preview":"max-video-preview:-1"},"canonical":"https:\/\/www.conica.com\/de\/industrie\/gesundheitswesen\/operationsraeume-und-flure\/","og_locale":"de_DE","og_type":"article","og_title":"Bodenbel\u00e4ge f\u00fcr Operationsr\u00e4ume \u2714\ufe0f und Flure \u2714\ufe0f","og_description":"Ableitf\u00e4hige, riss\u00fcberbr\u00fcckende und keimhemmende Bodenbel\u00e4ge f\u00fcr den Gesundheitsbereich wie z.B. Operationsr\u00e4ume & Flure","og_url":"https:\/\/www.conica.com\/de\/industrie\/gesundheitswesen\/operationsraeume-und-flure\/","og_site_name":"CONICA AG","article_modified_time":"2025-08-12T14:07:33+00:00","twitter_card":"summary_large_image","twitter_misc":{"Gesch\u00e4tzte Lesezeit":"1\u00a0Minute"},"schema":{"@context":"https:\/\/schema.org","@graph":[{"@type":"WebPage","@id":"https:\/\/www.conica.com\/de\/industrie\/gesundheitswesen\/operationsraeume-und-flure\/","url":"https:\/\/www.conica.com\/de\/industrie\/gesundheitswesen\/operationsraeume-und-flure\/","name":"Bodenbel\u00e4ge f\u00fcr Operationsr\u00e4ume \u2714\ufe0f und Flure \u2714\ufe0f","isPartOf":{"@id":"https:\/\/www.conica.com\/it\/#website"},"datePublished":"2020-09-28T10:10:16+00:00","dateModified":"2025-08-12T14:07:33+00:00","description":"Ableitf\u00e4hige, riss\u00fcberbr\u00fcckende und keimhemmende Bodenbel\u00e4ge f\u00fcr den Gesundheitsbereich wie z.B. Operationsr\u00e4ume & Flure","breadcrumb":{"@id":"https:\/\/www.conica.com\/de\/industrie\/gesundheitswesen\/operationsraeume-und-flure\/#breadcrumb"},"inLanguage":"de","potentialAction":[{"@type":"ReadAction","target":["https:\/\/www.conica.com\/de\/industrie\/gesundheitswesen\/operationsraeume-und-flure\/"]}]},{"@type":"BreadcrumbList","@id":"https:\/\/www.conica.com\/de\/industrie\/gesundheitswesen\/operationsraeume-und-flure\/#breadcrumb","itemListElement":[{"@type":"ListItem","position":1,"name":"Home","item":"https:\/\/www.conica.com\/de\/"},{"@type":"ListItem","position":2,"name":"Industrie","item":"https:\/\/www.conica.com\/de\/industrie\/"},{"@type":"ListItem","position":3,"name":"Gesundheitswesen","item":"https:\/\/www.conica.com\/de\/industrie\/gesundheitswesen\/"},{"@type":"ListItem","position":4,"name":"Operationsr\u00e4ume und Flure"}]},{"@type":"WebSite","@id":"https:\/\/www.conica.com\/it\/#website","url":"https:\/\/www.conica.com\/it\/","name":"CONICA AG","description":"Sport-, Playground- und Functional Flooring Bel\u00e4ge","publisher":{"@id":"https:\/\/www.conica.com\/it\/#organization"},"potentialAction":[{"@type":"SearchAction","target":{"@type":"EntryPoint","urlTemplate":"https:\/\/www.conica.com\/it\/?s={search_term_string}"},"query-input":{"@type":"PropertyValueSpecification","valueRequired":true,"valueName":"search_term_string"}}],"inLanguage":"de"},{"@type":"Organization","@id":"https:\/\/www.conica.com\/it\/#organization","name":"CONICA AG","url":"https:\/\/www.conica.com\/it\/","logo":{"@type":"ImageObject","inLanguage":"de","@id":"https:\/\/www.conica.com\/it\/#\/schema\/logo\/image\/","url":"https:\/\/www.conica.com\/wp-content\/uploads\/2020\/04\/logo_conica-01.svg","contentUrl":"https:\/\/www.conica.com\/wp-content\/uploads\/2020\/04\/logo_conica-01.svg","caption":"CONICA AG"},"image":{"@id":"https:\/\/www.conica.com\/it\/#\/schema\/logo\/image\/"}}]}},"featured_image_src":null,"featured_image_src_square":null,"uagb_featured_image_src":{"full":false,"thumbnail":false,"medium":false,"medium_large":false,"large":false,"gs-tiny":false,"xl":false,"xxl":false,"xxxl":false,"xxxxl":false,"xxxxxl":false,"gts-thumbnail":false,"1536x1536":false,"2048x2048":false,"sidebar-featured":false,"genesis-singular-images":false,"ab-block-post-grid-landscape":false,"ab-block-post-grid-square":false,"gform-image-choice-sm":false,"gform-image-choice-md":false,"gform-image-choice-lg":false},"uagb_author_info":{"display_name":"cloudweb admin","author_link":"https:\/\/www.conica.com\/de\/author\/cloudweb-admin\/"},"uagb_comment_info":0,"uagb_excerpt":null,"_links":{"self":[{"href":"https:\/\/www.conica.com\/de\/wp-json\/wp\/v2\/pages\/4720","targetHints":{"allow":["GET"]}}],"collection":[{"href":"https:\/\/www.conica.com\/de\/wp-json\/wp\/v2\/pages"}],"about":[{"href":"https:\/\/www.conica.com\/de\/wp-json\/wp\/v2\/types\/page"}],"author":[{"embeddable":true,"href":"https:\/\/www.conica.com\/de\/wp-json\/wp\/v2\/users\/8"}],"replies":[{"embeddable":true,"href":"https:\/\/www.conica.com\/de\/wp-json\/wp\/v2\/comments?post=4720"}],"version-history":[{"count":1,"href":"https:\/\/www.conica.com\/de\/wp-json\/wp\/v2\/pages\/4720\/revisions"}],"predecessor-version":[{"id":44802,"href":"https:\/\/www.conica.com\/de\/wp-json\/wp\/v2\/pages\/4720\/revisions\/44802"}],"up":[{"embeddable":true,"href":"https:\/\/www.conica.com\/de\/wp-json\/wp\/v2\/pages\/616"}],"wp:attachment":[{"href":"https:\/\/www.conica.com\/de\/wp-json\/wp\/v2\/media?parent=4720"}],"wp:term":[{"taxonomy":"products_categories","embeddable":true,"href":"https:\/\/www.conica.com\/de\/wp-json\/wp\/v2\/products_categories?post=4720"},{"taxonomy":"project_categories","embeddable":true,"href":"https:\/\/www.conica.com\/de\/wp-json\/wp\/v2\/project_categories?post=4720"},{"taxonomy":"product_quiz_categories","embeddable":true,"href":"https:\/\/www.conica.com\/de\/wp-json\/wp\/v2\/product_quiz_categories?post=4720"},{"taxonomy":"testimonials_categories","embeddable":true,"href":"https:\/\/www.conica.com\/de\/wp-json\/wp\/v2\/testimonials_categories?post=4720"},{"taxonomy":"locations_categories","embeddable":true,"href":"https:\/\/www.conica.com\/de\/wp-json\/wp\/v2\/locations_categories?post=4720"}],"curies":[{"name":"wp","href":"https:\/\/api.w.org\/{rel}","templated":true}]}}