{"id":4759,"date":"2020-09-28T12:55:16","date_gmt":"2020-09-28T10:55:16","guid":{"rendered":"https:\/\/www.conica.com\/?page_id=4759"},"modified":"2025-08-12T16:04:22","modified_gmt":"2025-08-12T14:04:22","slug":"aula-auditorium","status":"publish","type":"page","link":"https:\/\/www.conica.com\/de\/industrie\/bildungswesen\/aula-auditorium\/","title":{"rendered":"Aula &#038; Auditorium"},"content":{"rendered":"\n<div class=\"wp-block-atomic-blocks-ab-container ab-block-container alignfull\"><div class=\"ab-container-inside\"><div class=\"ab-container-content\">\n<div class=\"wp-block-atomic-blocks-ab-columns page-intro ab-layout-columns-2 ab-2-col-equal alignwide\"><div class=\"ab-layout-column-wrap ab-block-layout-column-gap-2 ab-is-responsive-column\">\n<div class=\"wp-block-atomic-blocks-ab-column ab-block-layout-column\"><div class=\"ab-block-layout-column-inner\">\n<h1 class=\"no-margin wp-block-heading\">Aula &amp; Auditorium<\/h1>\n<\/div><\/div>\n\n\n\n<div class=\"wp-block-atomic-blocks-ab-column ab-block-layout-column\"><div class=\"ab-block-layout-column-inner\">\n<p>In der Architektur des Bildungswesens treten Farben gleichberechtigt neben die Funktion. Die R\u00e4ume sollen fr\u00f6hlich, anregend und manchmal verspielt wirken. Und sie sollen die Orientierung erleichtern. Die CONICA Farbpalette l\u00e4sst dem Planer jede Freiheit. Daf\u00fcr muss er sich keine Gedanken \u00fcber Wirtschaftlichkeit, Langlebigkeit, Sicherheit und Funktion machen. Diese Anforderungen erf\u00fcllen alle CONICA Bel\u00e4ge ganz selbstverst\u00e4ndlich.<\/p>\n<\/div><\/div>\n<\/div><\/div>\n\n\n\n<p><\/p>\n<\/div><\/div><\/div>\n\n\n<div class=\"product-list-container alignfull\">\n    <div class=\"product-list-content\">\n        <div class=\"grid-row\">\n\n            \n\n            \n\n\n                <div class=\"grid-item grid-number-1\">\n                    <a class=\"wrapping-link\" href=\"https:\/\/www.conica.com\/de\/products\/conifloor-lpc-5\/\"><\/a>\n                    <div class=\"grid-item-wrapper\">\n                        <div class=\"grid-item-container\">\n                            <div class=\"grid-image-top\">\n                                <span class=\"centered project-image-bg\"\n                                    style=\"background-image: url(https:\/\/www.conica.com\/wp-content\/uploads\/2020\/10\/aula-auditorium-1-1024x576.png)\"><\/span>\n\n                            <\/div>\n\n                            \n                            <div class=\"grid-item-content\">\n                                <div class=\"column\">\n                                    <span class=\"item-title\">CONIFLOOR LPC<\/span>\n                                    <span class=\"item-excerpt\"><p>Farbige, emissionsarme, riss\u00fcberbr\u00fcckende und elastische Polyurethan-Verlaufsbeschichtung f\u00fcr dekorative und komfortable Bereiche mit farbtonstabiler Versiegelung<\/p>\n<\/span>\n\n                                <\/div>\n\n                                                                    <div class=\"item-small-container\">\n                                        <img decoding=\"async\" src=\"https:\/\/www.conica.com\/wp-content\/uploads\/2020\/06\/conifloor_lpc-1.png\" \/>\n                                    <\/div>\n                                                            <\/div>\n                        <\/div>\n                    <\/div>\n                <\/div>\n\n                \n\n\n                <div class=\"grid-item grid-number-2\">\n                    <a class=\"wrapping-link\" href=\"https:\/\/www.conica.com\/de\/products\/conifloor-lpc-2\/\"><\/a>\n                    <div class=\"grid-item-wrapper\">\n                        <div class=\"grid-item-container\">\n                            <div class=\"grid-image-top\">\n                                <span class=\"centered project-image-bg\"\n                                    style=\"background-image: url(https:\/\/www.conica.com\/wp-content\/uploads\/2020\/10\/aula-auditorium-4-1-1024x576.png)\"><\/span>\n\n                            <\/div>\n\n                            \n                            <div class=\"grid-item-content\">\n                                <div class=\"column\">\n                                    <span class=\"item-title\">CONIFLOOR LPC+ FL<\/span>\n                                    <span class=\"item-excerpt\"><p>Farbige, emissionsarme, riss\u00fcberbr\u00fcckende und elastische Polyurethan-Verlaufsbeschichtung mit trittelastischer, schalld\u00e4mmender Unterlagsmatte<\/p>\n<\/span>\n\n                                <\/div>\n\n                                                                    <div class=\"item-small-container\">\n                                        <img decoding=\"async\" src=\"https:\/\/www.conica.com\/wp-content\/uploads\/2020\/06\/conifloor_lpc-2.png\" \/>\n                                    <\/div>\n                                                            <\/div>\n                        <\/div>\n                    <\/div>\n                <\/div>\n\n                \n\n\n                <div class=\"grid-item grid-number-3\">\n                    <a class=\"wrapping-link\" href=\"https:\/\/www.conica.com\/de\/products\/conifloor-upd-3\/\"><\/a>\n                    <div class=\"grid-item-wrapper\">\n                        <div class=\"grid-item-container\">\n                            <div class=\"grid-image-top\">\n                                <span class=\"centered project-image-bg\"\n                                    style=\"background-image: url(https:\/\/www.conica.com\/wp-content\/uploads\/2020\/10\/aula-auditorium-3-1-1024x576.png)\"><\/span>\n\n                            <\/div>\n\n                            \n                            <div class=\"grid-item-content\">\n                                <div class=\"column\">\n                                    <span class=\"item-title\">CONIFLOOR UPD<\/span>\n                                    <span class=\"item-excerpt\"><p>Farbige, emissionsarme, farbtonstabile Polyurethan-Verlaufsbeschichtung f\u00fcr dekorative und komfortable Bereiche mit transparenter Versiegelung<\/p>\n<\/span>\n\n                                <\/div>\n\n                                                                    <div class=\"item-small-container\">\n                                        <img decoding=\"async\" src=\"https:\/\/www.conica.com\/wp-content\/uploads\/2020\/06\/conifloor_upd-1.png\" \/>\n                                    <\/div>\n                                                            <\/div>\n                        <\/div>\n                    <\/div>\n                <\/div>\n\n                \n\n\n                <div class=\"grid-item grid-number-4\">\n                    <a class=\"wrapping-link\" href=\"https:\/\/www.conica.com\/de\/products\/conifloor-ips-4\/\"><\/a>\n                    <div class=\"grid-item-wrapper\">\n                        <div class=\"grid-item-container\">\n                            <div class=\"grid-image-top\">\n                                <span class=\"centered project-image-bg\"\n                                    style=\"background-image: url(https:\/\/www.conica.com\/wp-content\/uploads\/2020\/10\/aula-auditorium-5-1-1024x683.png)\"><\/span>\n\n                            <\/div>\n\n                            \n                            <div class=\"grid-item-content\">\n                                <div class=\"column\">\n                                    <span class=\"item-title\">CONIFLOOR IPS<\/span>\n                                    <span class=\"item-excerpt\"><p>Riss\u00fcberbr\u00fcckende, farbige und flexible Verlaufsbeschichtung f\u00fcr mittelschwere mechanische Belastungen<\/p>\n<\/span>\n\n                                <\/div>\n\n                                                                    <div class=\"item-small-container\">\n                                        <img decoding=\"async\" src=\"https:\/\/www.conica.com\/wp-content\/uploads\/2020\/06\/conifloor_ips-1.png\" \/>\n                                    <\/div>\n                                                            <\/div>\n                        <\/div>\n                    <\/div>\n                <\/div>\n\n                \n\n            \n        <\/div>\n    <\/div>\n<\/div>\n\n\n<p><\/p>\n","protected":false},"excerpt":{"rendered":"","protected":false},"author":8,"featured_media":0,"parent":617,"menu_order":0,"comment_status":"closed","ping_status":"closed","template":"","meta":{"_acf_changed":false,"_uag_custom_page_level_css":"","_genesis_hide_title":false,"_genesis_hide_breadcrumbs":false,"_genesis_hide_singular_image":false,"_genesis_custom_body_class":"","_genesis_custom_post_class":"","_genesis_layout":"","footnotes":""},"products_categories":[119],"project_categories":[],"product_quiz_categories":[],"testimonials_categories":[],"locations_categories":[],"class_list":{"0":"post-4759","1":"page","2":"type-page","3":"status-publish","5":"products_categories-aula-auditorium","6":"entry"},"acf":[],"yoast_head":"<!-- This site is optimized with the Yoast SEO plugin v27.4 - https:\/\/yoast.com\/product\/yoast-seo-wordpress\/ -->\n<title>Bodenbelag Aula &amp; Auditorium \u27a1\ufe0f Bildungswesen<\/title>\n<meta name=\"description\" content=\"Rutschhemmende Versiegelung \u2714\ufe0f F\u00fcr eine ruhige Umgebung \u2714\ufe0f Emissionsarm \u2714\ufe0f \u27a1\ufe0f B\u00f6den f\u00fcr das Bildungswesen.\" \/>\n<meta name=\"robots\" content=\"index, follow, max-snippet:-1, max-image-preview:large, max-video-preview:-1\" \/>\n<link rel=\"canonical\" href=\"https:\/\/www.conica.com\/de\/industrie\/bildungswesen\/aula-auditorium\/\" \/>\n<meta property=\"og:locale\" content=\"de_DE\" \/>\n<meta property=\"og:type\" content=\"article\" \/>\n<meta property=\"og:title\" content=\"Bodenbelag Aula &amp; Auditorium \u27a1\ufe0f Bildungswesen\" \/>\n<meta property=\"og:description\" content=\"Rutschhemmende Versiegelung \u2714\ufe0f F\u00fcr eine ruhige Umgebung \u2714\ufe0f Emissionsarm \u2714\ufe0f \u27a1\ufe0f B\u00f6den f\u00fcr das Bildungswesen.\" \/>\n<meta property=\"og:url\" content=\"https:\/\/www.conica.com\/de\/industrie\/bildungswesen\/aula-auditorium\/\" \/>\n<meta property=\"og:site_name\" content=\"CONICA AG\" \/>\n<meta property=\"article:modified_time\" content=\"2025-08-12T14:04:22+00:00\" \/>\n<meta name=\"twitter:card\" content=\"summary_large_image\" \/>\n<meta name=\"twitter:label1\" content=\"Gesch\u00e4tzte Lesezeit\" \/>\n\t<meta name=\"twitter:data1\" content=\"1\u00a0Minute\" \/>\n<script type=\"application\/ld+json\" class=\"yoast-schema-graph\">{\"@context\":\"https:\\\/\\\/schema.org\",\"@graph\":[{\"@type\":\"WebPage\",\"@id\":\"https:\\\/\\\/www.conica.com\\\/de\\\/industrie\\\/bildungswesen\\\/aula-auditorium\\\/\",\"url\":\"https:\\\/\\\/www.conica.com\\\/de\\\/industrie\\\/bildungswesen\\\/aula-auditorium\\\/\",\"name\":\"Bodenbelag Aula & Auditorium \u27a1\ufe0f Bildungswesen\",\"isPartOf\":{\"@id\":\"https:\\\/\\\/www.conica.com\\\/it\\\/#website\"},\"datePublished\":\"2020-09-28T10:55:16+00:00\",\"dateModified\":\"2025-08-12T14:04:22+00:00\",\"description\":\"Rutschhemmende Versiegelung \u2714\ufe0f F\u00fcr eine ruhige Umgebung \u2714\ufe0f Emissionsarm \u2714\ufe0f \u27a1\ufe0f B\u00f6den f\u00fcr das Bildungswesen.\",\"breadcrumb\":{\"@id\":\"https:\\\/\\\/www.conica.com\\\/de\\\/industrie\\\/bildungswesen\\\/aula-auditorium\\\/#breadcrumb\"},\"inLanguage\":\"de\",\"potentialAction\":[{\"@type\":\"ReadAction\",\"target\":[\"https:\\\/\\\/www.conica.com\\\/de\\\/industrie\\\/bildungswesen\\\/aula-auditorium\\\/\"]}]},{\"@type\":\"BreadcrumbList\",\"@id\":\"https:\\\/\\\/www.conica.com\\\/de\\\/industrie\\\/bildungswesen\\\/aula-auditorium\\\/#breadcrumb\",\"itemListElement\":[{\"@type\":\"ListItem\",\"position\":1,\"name\":\"Home\",\"item\":\"https:\\\/\\\/www.conica.com\\\/de\\\/\"},{\"@type\":\"ListItem\",\"position\":2,\"name\":\"Industrie\",\"item\":\"https:\\\/\\\/www.conica.com\\\/de\\\/industrie\\\/\"},{\"@type\":\"ListItem\",\"position\":3,\"name\":\"Bildungswesen\",\"item\":\"https:\\\/\\\/www.conica.com\\\/de\\\/industrie\\\/bildungswesen\\\/\"},{\"@type\":\"ListItem\",\"position\":4,\"name\":\"Aula &#038; Auditorium\"}]},{\"@type\":\"WebSite\",\"@id\":\"https:\\\/\\\/www.conica.com\\\/it\\\/#website\",\"url\":\"https:\\\/\\\/www.conica.com\\\/it\\\/\",\"name\":\"CONICA AG\",\"description\":\"Sport-, Playground- und Functional Flooring Bel\u00e4ge\",\"publisher\":{\"@id\":\"https:\\\/\\\/www.conica.com\\\/it\\\/#organization\"},\"potentialAction\":[{\"@type\":\"SearchAction\",\"target\":{\"@type\":\"EntryPoint\",\"urlTemplate\":\"https:\\\/\\\/www.conica.com\\\/it\\\/?s={search_term_string}\"},\"query-input\":{\"@type\":\"PropertyValueSpecification\",\"valueRequired\":true,\"valueName\":\"search_term_string\"}}],\"inLanguage\":\"de\"},{\"@type\":\"Organization\",\"@id\":\"https:\\\/\\\/www.conica.com\\\/it\\\/#organization\",\"name\":\"CONICA AG\",\"url\":\"https:\\\/\\\/www.conica.com\\\/it\\\/\",\"logo\":{\"@type\":\"ImageObject\",\"inLanguage\":\"de\",\"@id\":\"https:\\\/\\\/www.conica.com\\\/it\\\/#\\\/schema\\\/logo\\\/image\\\/\",\"url\":\"https:\\\/\\\/www.conica.com\\\/wp-content\\\/uploads\\\/2020\\\/04\\\/logo_conica-01.svg\",\"contentUrl\":\"https:\\\/\\\/www.conica.com\\\/wp-content\\\/uploads\\\/2020\\\/04\\\/logo_conica-01.svg\",\"caption\":\"CONICA AG\"},\"image\":{\"@id\":\"https:\\\/\\\/www.conica.com\\\/it\\\/#\\\/schema\\\/logo\\\/image\\\/\"}}]}<\/script>\n<!-- \/ Yoast SEO plugin. -->","yoast_head_json":{"title":"Bodenbelag Aula & Auditorium \u27a1\ufe0f Bildungswesen","description":"Rutschhemmende Versiegelung \u2714\ufe0f F\u00fcr eine ruhige Umgebung \u2714\ufe0f Emissionsarm \u2714\ufe0f \u27a1\ufe0f B\u00f6den f\u00fcr das Bildungswesen.","robots":{"index":"index","follow":"follow","max-snippet":"max-snippet:-1","max-image-preview":"max-image-preview:large","max-video-preview":"max-video-preview:-1"},"canonical":"https:\/\/www.conica.com\/de\/industrie\/bildungswesen\/aula-auditorium\/","og_locale":"de_DE","og_type":"article","og_title":"Bodenbelag Aula & Auditorium \u27a1\ufe0f Bildungswesen","og_description":"Rutschhemmende Versiegelung \u2714\ufe0f F\u00fcr eine ruhige Umgebung \u2714\ufe0f Emissionsarm \u2714\ufe0f \u27a1\ufe0f B\u00f6den f\u00fcr das Bildungswesen.","og_url":"https:\/\/www.conica.com\/de\/industrie\/bildungswesen\/aula-auditorium\/","og_site_name":"CONICA AG","article_modified_time":"2025-08-12T14:04:22+00:00","twitter_card":"summary_large_image","twitter_misc":{"Gesch\u00e4tzte Lesezeit":"1\u00a0Minute"},"schema":{"@context":"https:\/\/schema.org","@graph":[{"@type":"WebPage","@id":"https:\/\/www.conica.com\/de\/industrie\/bildungswesen\/aula-auditorium\/","url":"https:\/\/www.conica.com\/de\/industrie\/bildungswesen\/aula-auditorium\/","name":"Bodenbelag Aula & Auditorium \u27a1\ufe0f Bildungswesen","isPartOf":{"@id":"https:\/\/www.conica.com\/it\/#website"},"datePublished":"2020-09-28T10:55:16+00:00","dateModified":"2025-08-12T14:04:22+00:00","description":"Rutschhemmende Versiegelung \u2714\ufe0f F\u00fcr eine ruhige Umgebung \u2714\ufe0f Emissionsarm \u2714\ufe0f \u27a1\ufe0f B\u00f6den f\u00fcr das Bildungswesen.","breadcrumb":{"@id":"https:\/\/www.conica.com\/de\/industrie\/bildungswesen\/aula-auditorium\/#breadcrumb"},"inLanguage":"de","potentialAction":[{"@type":"ReadAction","target":["https:\/\/www.conica.com\/de\/industrie\/bildungswesen\/aula-auditorium\/"]}]},{"@type":"BreadcrumbList","@id":"https:\/\/www.conica.com\/de\/industrie\/bildungswesen\/aula-auditorium\/#breadcrumb","itemListElement":[{"@type":"ListItem","position":1,"name":"Home","item":"https:\/\/www.conica.com\/de\/"},{"@type":"ListItem","position":2,"name":"Industrie","item":"https:\/\/www.conica.com\/de\/industrie\/"},{"@type":"ListItem","position":3,"name":"Bildungswesen","item":"https:\/\/www.conica.com\/de\/industrie\/bildungswesen\/"},{"@type":"ListItem","position":4,"name":"Aula &#038; Auditorium"}]},{"@type":"WebSite","@id":"https:\/\/www.conica.com\/it\/#website","url":"https:\/\/www.conica.com\/it\/","name":"CONICA AG","description":"Sport-, Playground- und Functional Flooring Bel\u00e4ge","publisher":{"@id":"https:\/\/www.conica.com\/it\/#organization"},"potentialAction":[{"@type":"SearchAction","target":{"@type":"EntryPoint","urlTemplate":"https:\/\/www.conica.com\/it\/?s={search_term_string}"},"query-input":{"@type":"PropertyValueSpecification","valueRequired":true,"valueName":"search_term_string"}}],"inLanguage":"de"},{"@type":"Organization","@id":"https:\/\/www.conica.com\/it\/#organization","name":"CONICA AG","url":"https:\/\/www.conica.com\/it\/","logo":{"@type":"ImageObject","inLanguage":"de","@id":"https:\/\/www.conica.com\/it\/#\/schema\/logo\/image\/","url":"https:\/\/www.conica.com\/wp-content\/uploads\/2020\/04\/logo_conica-01.svg","contentUrl":"https:\/\/www.conica.com\/wp-content\/uploads\/2020\/04\/logo_conica-01.svg","caption":"CONICA AG"},"image":{"@id":"https:\/\/www.conica.com\/it\/#\/schema\/logo\/image\/"}}]}},"featured_image_src":null,"featured_image_src_square":null,"uagb_featured_image_src":{"full":false,"thumbnail":false,"medium":false,"medium_large":false,"large":false,"gs-tiny":false,"xl":false,"xxl":false,"xxxl":false,"xxxxl":false,"xxxxxl":false,"gts-thumbnail":false,"1536x1536":false,"2048x2048":false,"sidebar-featured":false,"genesis-singular-images":false,"ab-block-post-grid-landscape":false,"ab-block-post-grid-square":false,"gform-image-choice-sm":false,"gform-image-choice-md":false,"gform-image-choice-lg":false},"uagb_author_info":{"display_name":"cloudweb admin","author_link":"https:\/\/www.conica.com\/de\/author\/cloudweb-admin\/"},"uagb_comment_info":0,"uagb_excerpt":null,"_links":{"self":[{"href":"https:\/\/www.conica.com\/de\/wp-json\/wp\/v2\/pages\/4759","targetHints":{"allow":["GET"]}}],"collection":[{"href":"https:\/\/www.conica.com\/de\/wp-json\/wp\/v2\/pages"}],"about":[{"href":"https:\/\/www.conica.com\/de\/wp-json\/wp\/v2\/types\/page"}],"author":[{"embeddable":true,"href":"https:\/\/www.conica.com\/de\/wp-json\/wp\/v2\/users\/8"}],"replies":[{"embeddable":true,"href":"https:\/\/www.conica.com\/de\/wp-json\/wp\/v2\/comments?post=4759"}],"version-history":[{"count":1,"href":"https:\/\/www.conica.com\/de\/wp-json\/wp\/v2\/pages\/4759\/revisions"}],"predecessor-version":[{"id":44767,"href":"https:\/\/www.conica.com\/de\/wp-json\/wp\/v2\/pages\/4759\/revisions\/44767"}],"up":[{"embeddable":true,"href":"https:\/\/www.conica.com\/de\/wp-json\/wp\/v2\/pages\/617"}],"wp:attachment":[{"href":"https:\/\/www.conica.com\/de\/wp-json\/wp\/v2\/media?parent=4759"}],"wp:term":[{"taxonomy":"products_categories","embeddable":true,"href":"https:\/\/www.conica.com\/de\/wp-json\/wp\/v2\/products_categories?post=4759"},{"taxonomy":"project_categories","embeddable":true,"href":"https:\/\/www.conica.com\/de\/wp-json\/wp\/v2\/project_categories?post=4759"},{"taxonomy":"product_quiz_categories","embeddable":true,"href":"https:\/\/www.conica.com\/de\/wp-json\/wp\/v2\/product_quiz_categories?post=4759"},{"taxonomy":"testimonials_categories","embeddable":true,"href":"https:\/\/www.conica.com\/de\/wp-json\/wp\/v2\/testimonials_categories?post=4759"},{"taxonomy":"locations_categories","embeddable":true,"href":"https:\/\/www.conica.com\/de\/wp-json\/wp\/v2\/locations_categories?post=4759"}],"curies":[{"name":"wp","href":"https:\/\/api.w.org\/{rel}","templated":true}]}}