{"id":617,"date":"2020-05-22T09:50:38","date_gmt":"2020-05-22T07:50:38","guid":{"rendered":"https:\/\/www.conica.com\/?page_id=617"},"modified":"2025-08-12T16:04:09","modified_gmt":"2025-08-12T14:04:09","slug":"bildungswesen","status":"publish","type":"page","link":"https:\/\/www.conica.com\/de\/industrie\/bildungswesen\/","title":{"rendered":"Bildungswesen"},"content":{"rendered":"\n<div class=\"wp-block-atomic-blocks-ab-container ab-block-container alignfull\"><div class=\"ab-container-inside\"><div class=\"ab-container-content\">\n<div class=\"wp-block-atomic-blocks-ab-columns page-intro ab-layout-columns-2 ab-2-col-equal alignwide\"><div class=\"ab-layout-column-wrap ab-block-layout-column-gap-2 ab-is-responsive-column\">\n<div class=\"wp-block-atomic-blocks-ab-column ab-block-layout-column\"><div class=\"ab-block-layout-column-inner\">\n<h2 class=\"no-margin wp-block-heading\">Bildungswesen<\/h2>\n<\/div><\/div>\n\n\n\n<div class=\"wp-block-atomic-blocks-ab-column ab-block-layout-column\"><div class=\"ab-block-layout-column-inner\">\n<p>In der Architektur des Bildungswesens treten Farben gleichberechtigt neben die Funktion. Die R\u00e4ume sollen fr\u00f6hlich, anregend und manchmal verspielt wirken. Und sie sollen die Orientierung erleichtern. Die CONICA Farbpalette l\u00e4sst dem Planer jede Freiheit. Daf\u00fcr muss er sich keine Gedanken \u00fcber Wirtschaftlichkeit, Langlebigkeit, Sicherheit und Funktion machen. Diese Anforderungen erf\u00fcllen alle CONICA Bel\u00e4ge ganz selbstverst\u00e4ndlich.<\/p>\n<\/div><\/div>\n<\/div><\/div>\n\n\n\n<div class=\"wp-block-atomic-blocks-ab-columns menu ab-layout-columns-3 ab-3-col-equal alignwide\"><div class=\"ab-layout-column-wrap ab-block-layout-column-gap-2 ab-is-responsive-column\">\n<div class=\"wp-block-atomic-blocks-ab-column ab-block-layout-column\"><div class=\"ab-block-layout-column-inner\">\n<figure class=\"wp-block-image size-large\"><a href=\"https:\/\/www.conica.com\/industrie\/bildungswesen\/klassenzimmer-flure\/\"><img decoding=\"async\" src=\"https:\/\/www.conica.com\/wp-content\/uploads\/2020\/10\/klassenzimmer-flure-2-1024x576.png\" alt=\"\" class=\"wp-image-4941\"\/><\/a><\/figure>\n\n\n\n<h4 class=\"has-text-align-center wp-block-heading\"><a href=\"https:\/\/www.conica.com\/industrie\/bildungswesen\/klassenzimmer-flure\/\">Klassenzimmer &amp; Flure<\/a><\/h4>\n<\/div><\/div>\n\n\n\n<div class=\"wp-block-atomic-blocks-ab-column ab-block-layout-column\"><div class=\"ab-block-layout-column-inner\">\n<figure class=\"wp-block-image size-large\"><a href=\"https:\/\/www.conica.com\/industrie\/bildungswesen\/mensen-cafeterias\/\"><img decoding=\"async\" src=\"https:\/\/www.conica.com\/wp-content\/uploads\/2020\/10\/mensen-cafeterias-2-1024x576.png\" alt=\"\" class=\"wp-image-4953\"\/><\/a><\/figure>\n\n\n\n<h4 class=\"has-text-align-center wp-block-heading\"><a href=\"https:\/\/www.conica.com\/industrie\/bildungswesen\/mensen-cafeterias\/\">Mensen &amp; Cafeterias<\/a><\/h4>\n<\/div><\/div>\n\n\n\n<div class=\"wp-block-atomic-blocks-ab-column ab-block-layout-column\"><div class=\"ab-block-layout-column-inner\">\n<figure class=\"wp-block-image size-large\"><a href=\"https:\/\/www.conica.com\/industrie\/bildungswesen\/aula-auditorium\/\"><img decoding=\"async\" src=\"https:\/\/www.conica.com\/wp-content\/uploads\/2020\/10\/aula-auditorium-2-1024x576.png\" alt=\"\" class=\"wp-image-4963\"\/><\/a><\/figure>\n\n\n\n<h4 class=\"has-text-align-center wp-block-heading\"><a href=\"https:\/\/www.conica.com\/industrie\/bildungswesen\/aula-auditorium\/\">Aula &amp; Auditorium<\/a><\/h4>\n<\/div><\/div>\n<\/div><\/div>\n\n\n\n<div class=\"wp-block-atomic-blocks-ab-columns menu ab-layout-columns-3 ab-3-col-equal alignwide\"><div class=\"ab-layout-column-wrap ab-block-layout-column-gap-2 ab-is-responsive-column\">\n<div class=\"wp-block-atomic-blocks-ab-column ab-block-layout-column\"><div class=\"ab-block-layout-column-inner\">\n<figure class=\"wp-block-image size-large\"><a href=\"https:\/\/www.conica.com\/industrie\/bildungswesen\/eingangsbereiche-administrative-bereiche\/\"><img decoding=\"async\" src=\"https:\/\/www.conica.com\/wp-content\/uploads\/2020\/10\/eingangsbereiche-3-1-1024x576.png\" alt=\"\" class=\"wp-image-4981\"\/><\/a><\/figure>\n\n\n\n<h4 class=\"has-text-align-center wp-block-heading\"><a href=\"https:\/\/www.conica.com\/industrie\/bildungswesen\/eingangsbereiche-administrative-bereiche\/\">Eingangsbereiche &amp; Administrative Bereiche<\/a><\/h4>\n<\/div><\/div>\n\n\n\n<div class=\"wp-block-atomic-blocks-ab-column ab-block-layout-column\"><div class=\"ab-block-layout-column-inner\">\n<figure class=\"wp-block-image size-large\"><a href=\"https:\/\/www.conica.com\/industrie\/bildungswesen\/sanitaerraeume-umkleiden\/\"><img decoding=\"async\" src=\"https:\/\/www.conica.com\/wp-content\/uploads\/2020\/10\/sanitaerraeume-umkleiden-2-1024x576.png\" alt=\"\" class=\"wp-image-4979\"\/><\/a><\/figure>\n\n\n\n<h4 class=\"has-text-align-center wp-block-heading\"><a href=\"https:\/\/www.conica.com\/industrie\/bildungswesen\/sanitaerraeume-umkleiden\/\">Sanit\u00e4rr\u00e4ume &amp; Umkleiden<\/a><\/h4>\n<\/div><\/div>\n\n\n\n<div class=\"wp-block-atomic-blocks-ab-column ab-block-layout-column\"><div class=\"ab-block-layout-column-inner\">\n<p><\/p>\n<\/div><\/div>\n<\/div><\/div>\n\n\n\n<p><\/p>\n<\/div><\/div><\/div>\n\n\n\n<div class=\"wp-block-atomic-blocks-ab-container alignfull ab-block-container\"><div class=\"ab-container-inside\"><div class=\"ab-container-content\">\n<h2 class=\"has-text-align-center wp-block-heading\">Unsere Projekte<\/h2>\n\n\n\n    <div class=\"wp-block-atomic-blocks-ab-columns ab-layout-columns-1 one-column alignwide\">\n        <div class=\"ab-layout-column-wrap ab-block-layout-column-gap-2 ab-is-responsive-column\">\n            <div class=\"wp-block-atomic-blocks-ab-column ab-block-layout-column\">\n                <div class=\"ab-block-layout-column-inner\">\n                    <div class=\"category-list\">\n                        <!-- Damit f\u00fcr Porduktseiten und Seiten ohne Produktkategorien nur diese Kategorie Auswahl angezeigt wird -->\n                                                <a class=\"active\"><span class=\"category-filter active\" data-filter=\".all\">All<\/span><\/a>\n                                            <\/div>\n                <\/div>\n            <\/div>\n        <\/div>\n    <\/div>\n\n    <div class=\"project-list-container alignfull\">\n        <div class=\"project-list-content\">\n            <div class=\"grid-row\" id=\"project-list-filter\">\n                                <div class=\"grid-item\">\n                    <div class=\"grid-item-wrapper\">\n                        <div class=\"grid-item-container more-box\">\n                            <div class=\"more-box-content\">\n                                                                <span class=\"item-title\">\n                                    Mehr erfahren                                <\/span>\n                                                                                                <span class=\"item-excerpt\">\n                                    M\u00f6chten Sie mehr \u00fcber unsere Produkte erfahren? Kontaktieren Sie uns.                                <\/span>\n                                                                                                <a href=\"https:\/\/conica.com\/conica-ag\/contact-us\/\" class=\"button\">\n                                    Anfrage senden                                <\/a>\n                                                            <\/div>\n                        <\/div>\n                    <\/div>\n                <\/div>\n            <\/div>\n        <\/div>\n    <\/div>\n    <div class=\"clear\"><\/div>\n\n    <\/div><\/div><\/div>\n","protected":false},"excerpt":{"rendered":"","protected":false},"author":8,"featured_media":0,"parent":615,"menu_order":0,"comment_status":"closed","ping_status":"closed","template":"","meta":{"_acf_changed":false,"_uag_custom_page_level_css":"","_genesis_hide_title":false,"_genesis_hide_breadcrumbs":false,"_genesis_hide_singular_image":false,"_genesis_custom_body_class":"","_genesis_custom_post_class":"","_genesis_layout":"","footnotes":""},"products_categories":[98],"project_categories":[],"product_quiz_categories":[],"testimonials_categories":[],"locations_categories":[],"class_list":{"0":"post-617","1":"page","2":"type-page","3":"status-publish","5":"products_categories-bildungswesen","6":"entry"},"acf":[],"yoast_head":"<!-- This site is optimized with the Yoast SEO plugin v27.4 - https:\/\/yoast.com\/product\/yoast-seo-wordpress\/ -->\n<title>Bodenbeschichtungen Bildungswesen \u27a1\ufe0f Conica<\/title>\n<meta name=\"description\" content=\"In der Architektur des Bildungswesens treten Farben gleichberechtigt neben die Funktion. Wirtschaftlich &amp; langlebig \u2714\ufe0f\" \/>\n<meta name=\"robots\" content=\"index, follow, max-snippet:-1, max-image-preview:large, max-video-preview:-1\" \/>\n<link rel=\"canonical\" href=\"https:\/\/www.conica.com\/de\/industrie\/bildungswesen\/\" \/>\n<meta property=\"og:locale\" content=\"de_DE\" \/>\n<meta property=\"og:type\" content=\"article\" \/>\n<meta property=\"og:title\" content=\"Bodenbeschichtungen Bildungswesen \u27a1\ufe0f Conica\" \/>\n<meta property=\"og:description\" content=\"In der Architektur des Bildungswesens treten Farben gleichberechtigt neben die Funktion. Wirtschaftlich &amp; langlebig \u2714\ufe0f\" \/>\n<meta property=\"og:url\" content=\"https:\/\/www.conica.com\/de\/industrie\/bildungswesen\/\" \/>\n<meta property=\"og:site_name\" content=\"CONICA AG\" \/>\n<meta property=\"article:modified_time\" content=\"2025-08-12T14:04:09+00:00\" \/>\n<meta name=\"twitter:card\" content=\"summary_large_image\" \/>\n<meta name=\"twitter:label1\" content=\"Gesch\u00e4tzte Lesezeit\" \/>\n\t<meta name=\"twitter:data1\" content=\"2\u00a0Minuten\" \/>\n<script type=\"application\/ld+json\" class=\"yoast-schema-graph\">{\"@context\":\"https:\\\/\\\/schema.org\",\"@graph\":[{\"@type\":\"WebPage\",\"@id\":\"https:\\\/\\\/www.conica.com\\\/de\\\/industrie\\\/bildungswesen\\\/\",\"url\":\"https:\\\/\\\/www.conica.com\\\/de\\\/industrie\\\/bildungswesen\\\/\",\"name\":\"Bodenbeschichtungen Bildungswesen \u27a1\ufe0f Conica\",\"isPartOf\":{\"@id\":\"https:\\\/\\\/www.conica.com\\\/it\\\/#website\"},\"primaryImageOfPage\":{\"@id\":\"https:\\\/\\\/www.conica.com\\\/de\\\/industrie\\\/bildungswesen\\\/#primaryimage\"},\"image\":{\"@id\":\"https:\\\/\\\/www.conica.com\\\/de\\\/industrie\\\/bildungswesen\\\/#primaryimage\"},\"thumbnailUrl\":\"https:\\\/\\\/www.conica.com\\\/wp-content\\\/uploads\\\/2020\\\/10\\\/klassenzimmer-flure-2-1024x576.png\",\"datePublished\":\"2020-05-22T07:50:38+00:00\",\"dateModified\":\"2025-08-12T14:04:09+00:00\",\"description\":\"In der Architektur des Bildungswesens treten Farben gleichberechtigt neben die Funktion. Wirtschaftlich & langlebig \u2714\ufe0f\",\"breadcrumb\":{\"@id\":\"https:\\\/\\\/www.conica.com\\\/de\\\/industrie\\\/bildungswesen\\\/#breadcrumb\"},\"inLanguage\":\"de\",\"potentialAction\":[{\"@type\":\"ReadAction\",\"target\":[\"https:\\\/\\\/www.conica.com\\\/de\\\/industrie\\\/bildungswesen\\\/\"]}]},{\"@type\":\"ImageObject\",\"inLanguage\":\"de\",\"@id\":\"https:\\\/\\\/www.conica.com\\\/de\\\/industrie\\\/bildungswesen\\\/#primaryimage\",\"url\":\"https:\\\/\\\/www.conica.com\\\/wp-content\\\/uploads\\\/2020\\\/10\\\/klassenzimmer-flure-2-1024x576.png\",\"contentUrl\":\"https:\\\/\\\/www.conica.com\\\/wp-content\\\/uploads\\\/2020\\\/10\\\/klassenzimmer-flure-2-1024x576.png\"},{\"@type\":\"BreadcrumbList\",\"@id\":\"https:\\\/\\\/www.conica.com\\\/de\\\/industrie\\\/bildungswesen\\\/#breadcrumb\",\"itemListElement\":[{\"@type\":\"ListItem\",\"position\":1,\"name\":\"Home\",\"item\":\"https:\\\/\\\/www.conica.com\\\/de\\\/\"},{\"@type\":\"ListItem\",\"position\":2,\"name\":\"Industrie\",\"item\":\"https:\\\/\\\/www.conica.com\\\/de\\\/industrie\\\/\"},{\"@type\":\"ListItem\",\"position\":3,\"name\":\"Bildungswesen\"}]},{\"@type\":\"WebSite\",\"@id\":\"https:\\\/\\\/www.conica.com\\\/it\\\/#website\",\"url\":\"https:\\\/\\\/www.conica.com\\\/it\\\/\",\"name\":\"CONICA AG\",\"description\":\"Sport-, Playground- und Functional Flooring Bel\u00e4ge\",\"publisher\":{\"@id\":\"https:\\\/\\\/www.conica.com\\\/it\\\/#organization\"},\"potentialAction\":[{\"@type\":\"SearchAction\",\"target\":{\"@type\":\"EntryPoint\",\"urlTemplate\":\"https:\\\/\\\/www.conica.com\\\/it\\\/?s={search_term_string}\"},\"query-input\":{\"@type\":\"PropertyValueSpecification\",\"valueRequired\":true,\"valueName\":\"search_term_string\"}}],\"inLanguage\":\"de\"},{\"@type\":\"Organization\",\"@id\":\"https:\\\/\\\/www.conica.com\\\/it\\\/#organization\",\"name\":\"CONICA AG\",\"url\":\"https:\\\/\\\/www.conica.com\\\/it\\\/\",\"logo\":{\"@type\":\"ImageObject\",\"inLanguage\":\"de\",\"@id\":\"https:\\\/\\\/www.conica.com\\\/it\\\/#\\\/schema\\\/logo\\\/image\\\/\",\"url\":\"https:\\\/\\\/www.conica.com\\\/wp-content\\\/uploads\\\/2020\\\/04\\\/logo_conica-01.svg\",\"contentUrl\":\"https:\\\/\\\/www.conica.com\\\/wp-content\\\/uploads\\\/2020\\\/04\\\/logo_conica-01.svg\",\"caption\":\"CONICA AG\"},\"image\":{\"@id\":\"https:\\\/\\\/www.conica.com\\\/it\\\/#\\\/schema\\\/logo\\\/image\\\/\"}}]}<\/script>\n<!-- \/ Yoast SEO plugin. -->","yoast_head_json":{"title":"Bodenbeschichtungen Bildungswesen \u27a1\ufe0f Conica","description":"In der Architektur des Bildungswesens treten Farben gleichberechtigt neben die Funktion. Wirtschaftlich & langlebig \u2714\ufe0f","robots":{"index":"index","follow":"follow","max-snippet":"max-snippet:-1","max-image-preview":"max-image-preview:large","max-video-preview":"max-video-preview:-1"},"canonical":"https:\/\/www.conica.com\/de\/industrie\/bildungswesen\/","og_locale":"de_DE","og_type":"article","og_title":"Bodenbeschichtungen Bildungswesen \u27a1\ufe0f Conica","og_description":"In der Architektur des Bildungswesens treten Farben gleichberechtigt neben die Funktion. Wirtschaftlich & langlebig \u2714\ufe0f","og_url":"https:\/\/www.conica.com\/de\/industrie\/bildungswesen\/","og_site_name":"CONICA AG","article_modified_time":"2025-08-12T14:04:09+00:00","twitter_card":"summary_large_image","twitter_misc":{"Gesch\u00e4tzte Lesezeit":"2\u00a0Minuten"},"schema":{"@context":"https:\/\/schema.org","@graph":[{"@type":"WebPage","@id":"https:\/\/www.conica.com\/de\/industrie\/bildungswesen\/","url":"https:\/\/www.conica.com\/de\/industrie\/bildungswesen\/","name":"Bodenbeschichtungen Bildungswesen \u27a1\ufe0f Conica","isPartOf":{"@id":"https:\/\/www.conica.com\/it\/#website"},"primaryImageOfPage":{"@id":"https:\/\/www.conica.com\/de\/industrie\/bildungswesen\/#primaryimage"},"image":{"@id":"https:\/\/www.conica.com\/de\/industrie\/bildungswesen\/#primaryimage"},"thumbnailUrl":"https:\/\/www.conica.com\/wp-content\/uploads\/2020\/10\/klassenzimmer-flure-2-1024x576.png","datePublished":"2020-05-22T07:50:38+00:00","dateModified":"2025-08-12T14:04:09+00:00","description":"In der Architektur des Bildungswesens treten Farben gleichberechtigt neben die Funktion. Wirtschaftlich & langlebig \u2714\ufe0f","breadcrumb":{"@id":"https:\/\/www.conica.com\/de\/industrie\/bildungswesen\/#breadcrumb"},"inLanguage":"de","potentialAction":[{"@type":"ReadAction","target":["https:\/\/www.conica.com\/de\/industrie\/bildungswesen\/"]}]},{"@type":"ImageObject","inLanguage":"de","@id":"https:\/\/www.conica.com\/de\/industrie\/bildungswesen\/#primaryimage","url":"https:\/\/www.conica.com\/wp-content\/uploads\/2020\/10\/klassenzimmer-flure-2-1024x576.png","contentUrl":"https:\/\/www.conica.com\/wp-content\/uploads\/2020\/10\/klassenzimmer-flure-2-1024x576.png"},{"@type":"BreadcrumbList","@id":"https:\/\/www.conica.com\/de\/industrie\/bildungswesen\/#breadcrumb","itemListElement":[{"@type":"ListItem","position":1,"name":"Home","item":"https:\/\/www.conica.com\/de\/"},{"@type":"ListItem","position":2,"name":"Industrie","item":"https:\/\/www.conica.com\/de\/industrie\/"},{"@type":"ListItem","position":3,"name":"Bildungswesen"}]},{"@type":"WebSite","@id":"https:\/\/www.conica.com\/it\/#website","url":"https:\/\/www.conica.com\/it\/","name":"CONICA AG","description":"Sport-, Playground- und Functional Flooring Bel\u00e4ge","publisher":{"@id":"https:\/\/www.conica.com\/it\/#organization"},"potentialAction":[{"@type":"SearchAction","target":{"@type":"EntryPoint","urlTemplate":"https:\/\/www.conica.com\/it\/?s={search_term_string}"},"query-input":{"@type":"PropertyValueSpecification","valueRequired":true,"valueName":"search_term_string"}}],"inLanguage":"de"},{"@type":"Organization","@id":"https:\/\/www.conica.com\/it\/#organization","name":"CONICA AG","url":"https:\/\/www.conica.com\/it\/","logo":{"@type":"ImageObject","inLanguage":"de","@id":"https:\/\/www.conica.com\/it\/#\/schema\/logo\/image\/","url":"https:\/\/www.conica.com\/wp-content\/uploads\/2020\/04\/logo_conica-01.svg","contentUrl":"https:\/\/www.conica.com\/wp-content\/uploads\/2020\/04\/logo_conica-01.svg","caption":"CONICA AG"},"image":{"@id":"https:\/\/www.conica.com\/it\/#\/schema\/logo\/image\/"}}]}},"featured_image_src":null,"featured_image_src_square":null,"uagb_featured_image_src":{"full":false,"thumbnail":false,"medium":false,"medium_large":false,"large":false,"gs-tiny":false,"xl":false,"xxl":false,"xxxl":false,"xxxxl":false,"xxxxxl":false,"gts-thumbnail":false,"1536x1536":false,"2048x2048":false,"sidebar-featured":false,"genesis-singular-images":false,"ab-block-post-grid-landscape":false,"ab-block-post-grid-square":false,"gform-image-choice-sm":false,"gform-image-choice-md":false,"gform-image-choice-lg":false},"uagb_author_info":{"display_name":"cloudweb admin","author_link":"https:\/\/www.conica.com\/de\/author\/cloudweb-admin\/"},"uagb_comment_info":0,"uagb_excerpt":null,"_links":{"self":[{"href":"https:\/\/www.conica.com\/de\/wp-json\/wp\/v2\/pages\/617","targetHints":{"allow":["GET"]}}],"collection":[{"href":"https:\/\/www.conica.com\/de\/wp-json\/wp\/v2\/pages"}],"about":[{"href":"https:\/\/www.conica.com\/de\/wp-json\/wp\/v2\/types\/page"}],"author":[{"embeddable":true,"href":"https:\/\/www.conica.com\/de\/wp-json\/wp\/v2\/users\/8"}],"replies":[{"embeddable":true,"href":"https:\/\/www.conica.com\/de\/wp-json\/wp\/v2\/comments?post=617"}],"version-history":[{"count":1,"href":"https:\/\/www.conica.com\/de\/wp-json\/wp\/v2\/pages\/617\/revisions"}],"predecessor-version":[{"id":44763,"href":"https:\/\/www.conica.com\/de\/wp-json\/wp\/v2\/pages\/617\/revisions\/44763"}],"up":[{"embeddable":true,"href":"https:\/\/www.conica.com\/de\/wp-json\/wp\/v2\/pages\/615"}],"wp:attachment":[{"href":"https:\/\/www.conica.com\/de\/wp-json\/wp\/v2\/media?parent=617"}],"wp:term":[{"taxonomy":"products_categories","embeddable":true,"href":"https:\/\/www.conica.com\/de\/wp-json\/wp\/v2\/products_categories?post=617"},{"taxonomy":"project_categories","embeddable":true,"href":"https:\/\/www.conica.com\/de\/wp-json\/wp\/v2\/project_categories?post=617"},{"taxonomy":"product_quiz_categories","embeddable":true,"href":"https:\/\/www.conica.com\/de\/wp-json\/wp\/v2\/product_quiz_categories?post=617"},{"taxonomy":"testimonials_categories","embeddable":true,"href":"https:\/\/www.conica.com\/de\/wp-json\/wp\/v2\/testimonials_categories?post=617"},{"taxonomy":"locations_categories","embeddable":true,"href":"https:\/\/www.conica.com\/de\/wp-json\/wp\/v2\/locations_categories?post=617"}],"curies":[{"name":"wp","href":"https:\/\/api.w.org\/{rel}","templated":true}]}}