{"id":9299,"date":"2021-02-02T13:54:52","date_gmt":"2021-02-02T12:54:52","guid":{"rendered":"https:\/\/www.conica.com\/?page_id=9299"},"modified":"2025-08-12T15:58:02","modified_gmt":"2025-08-12T13:58:02","slug":"conica-ag","status":"publish","type":"page","link":"https:\/\/www.conica.com\/de\/conica-ag\/","title":{"rendered":"CONICA AG"},"content":{"rendered":"\n<div class=\"wp-block-atomic-blocks-ab-container ab-block-container alignfull\"><div class=\"ab-container-inside\"><div class=\"ab-container-content\">\n<div class=\"wp-block-atomic-blocks-ab-columns page-intro ab-layout-columns-2 ab-2-col-equal alignwide\"><div class=\"ab-layout-column-wrap ab-block-layout-column-gap-2 ab-is-responsive-column\">\n<div class=\"wp-block-atomic-blocks-ab-column ab-block-layout-column\"><div class=\"ab-block-layout-column-inner\">\n<h1 class=\"no-margin wp-block-heading\">Unternehmen<\/h1>\n<\/div><\/div>\n\n\n\n<div class=\"wp-block-atomic-blocks-ab-column ab-block-layout-column\"><div class=\"ab-block-layout-column-inner\">\n<p>Seit 1977 entwickelt, produziert und vertreibt CONICA hochqualitative und zuverl\u00e4ssige Produkte zur Erstellung von Sport-, Playground- und Functional Flooring Bel\u00e4gen in allen Klimazonen der Welt.<\/p>\n<\/div><\/div>\n<\/div><\/div>\n\n\n\n<div class=\"wp-block-atomic-blocks-ab-container ab-block-container\"><div class=\"ab-container-inside\"><div class=\"ab-container-content\">\n<figure class=\"wp-block-image alignfull size-large\"><img decoding=\"async\" width=\"1024\" height=\"384\" src=\"https:\/\/www.conica.com\/wp-content\/uploads\/2020\/06\/unternehmen.jpg\" alt=\"\" class=\"wp-image-1183\" srcset=\"https:\/\/www.conica.com\/wp-content\/uploads\/2020\/06\/unternehmen.jpg 1024w, https:\/\/www.conica.com\/wp-content\/uploads\/2020\/06\/unternehmen-300x113.jpg 300w, https:\/\/www.conica.com\/wp-content\/uploads\/2020\/06\/unternehmen-768x288.jpg 768w\" sizes=\"(max-width: 1024px) 100vw, 1024px\" \/><\/figure>\n<\/div><\/div><\/div>\n<\/div><\/div><\/div>\n\n\n\n<div class=\"wp-block-atomic-blocks-ab-columns ab-layout-columns-1 one-column\"><div class=\"ab-layout-column-wrap ab-block-layout-column-gap-2 ab-is-responsive-column\">\n<div class=\"wp-block-atomic-blocks-ab-column ab-block-layout-column\"><div class=\"ab-block-layout-column-inner\">\n<p>CONICA\u2019s Produktsortiment beinhaltet intelligente Systeml\u00f6sungen f\u00fcr Leichtathletiklaufbahnen im Aussen- und Innenbereich, Mehrzweckanlagen, Sport- und Mehrzweckhallen, Kinderspielpl\u00e4tze und Tennispl\u00e4tze. Produkte f\u00fcr Kunstrasen, EPDM Granulate und Schwarzgranulate runden die umfangreiche Palette ab.<\/p>\n\n\n\n<p>Neben dem Sportbereich produziert CONICA fl\u00fcssige Kunststoffe f\u00fcr Industrieb\u00f6den, Oberfl\u00e4chenschutz und Parkdecks, sowie wasserdurchl\u00e4ssige Systeme f\u00fcr urbane und l\u00e4ndliche Gebiete.<\/p>\n\n\n\n<p>CONICA steht f\u00fcr langj\u00e4hrige fachliche Kompetenz, h\u00f6chste Produktqualit\u00e4t sowie umfangreichen Kundenservice. \u201eAlles aus einer Hand\u201c: Dieser Leitspruch kann bei CONICA w\u00f6rtlich genommen werden. Von einzelnen Produktkomponenten wie Bindemittel, EPDM- und Reifengranulate, die exakt aufeinander abgestimmt sind, bis hin zu Komplettl\u00f6sungen bei Polyurethan-Bel\u00e4gen, kann der Kunde aus einer Vielzahl von L\u00f6sungen w\u00e4hlen.<\/p>\n\n\n\n<p><a href=\"https:\/\/www.conica.com\/wp-content\/uploads\/2020\/06\/Corporate_Broschuere__de.pdf\">Download Unternehmensbrosch\u00fcre<\/a><\/p>\n<\/div><\/div>\n<\/div><\/div>\n\n\n\n<h2 class=\"has-text-align-left wp-block-heading\">Unsere Partner<\/h2>\n\n\n\n<div class=\"wp-block-atomic-blocks-ab-columns ab-layout-columns-6 ab-6-col-equal\"><div class=\"ab-layout-column-wrap ab-block-layout-column-gap-2 ab-is-responsive-column\">\n<div class=\"wp-block-atomic-blocks-ab-column ab-block-layout-column ab-is-vertically-aligned-center\"><div class=\"ab-block-layout-column-inner\">\n<figure class=\"wp-block-image size-large\"><a href=\"https:\/\/www.swiss-athletics.ch\/de\/\" target=\"_blank\" rel=\"noopener noreferrer\"><img decoding=\"async\" width=\"1024\" height=\"397\" src=\"https:\/\/www.conica.com\/wp-content\/uploads\/2021\/02\/Logo_Swiss_Athletics-1024x397.png\" alt=\"\" class=\"wp-image-9400\" srcset=\"https:\/\/www.conica.com\/wp-content\/uploads\/2021\/02\/Logo_Swiss_Athletics-1024x397.png 1024w, https:\/\/www.conica.com\/wp-content\/uploads\/2021\/02\/Logo_Swiss_Athletics-300x116.png 300w, https:\/\/www.conica.com\/wp-content\/uploads\/2021\/02\/Logo_Swiss_Athletics-768x298.png 768w, https:\/\/www.conica.com\/wp-content\/uploads\/2021\/02\/Logo_Swiss_Athletics-1536x595.png 1536w, https:\/\/www.conica.com\/wp-content\/uploads\/2021\/02\/Logo_Swiss_Athletics-1600x620.png 1600w, https:\/\/www.conica.com\/wp-content\/uploads\/2021\/02\/Logo_Swiss_Athletics.png 1667w\" sizes=\"(max-width: 1024px) 100vw, 1024px\" \/><\/a><\/figure>\n<\/div><\/div>\n\n\n\n<div class=\"wp-block-atomic-blocks-ab-column ab-block-layout-column ab-is-vertically-aligned-center\"><div class=\"ab-block-layout-column-inner\">\n<figure class=\"wp-block-image size-large\"><a href=\"https:\/\/zurich.diamondleague.com\/home\/\" target=\"_blank\" rel=\"noopener noreferrer\"><img decoding=\"async\" width=\"1024\" height=\"370\" src=\"https:\/\/www.conica.com\/wp-content\/uploads\/2021\/02\/wkz_2l_blue_l-984-2x-1-1024x370.jpg\" alt=\"\" class=\"wp-image-9405\" srcset=\"https:\/\/www.conica.com\/wp-content\/uploads\/2021\/02\/wkz_2l_blue_l-984-2x-1-1024x370.jpg 1024w, https:\/\/www.conica.com\/wp-content\/uploads\/2021\/02\/wkz_2l_blue_l-984-2x-1-300x109.jpg 300w, https:\/\/www.conica.com\/wp-content\/uploads\/2021\/02\/wkz_2l_blue_l-984-2x-1-768x278.jpg 768w, https:\/\/www.conica.com\/wp-content\/uploads\/2021\/02\/wkz_2l_blue_l-984-2x-1-1536x556.jpg 1536w, https:\/\/www.conica.com\/wp-content\/uploads\/2021\/02\/wkz_2l_blue_l-984-2x-1-1600x579.jpg 1600w, https:\/\/www.conica.com\/wp-content\/uploads\/2021\/02\/wkz_2l_blue_l-984-2x-1.jpg 1968w\" sizes=\"(max-width: 1024px) 100vw, 1024px\" \/><\/a><\/figure>\n<\/div><\/div>\n\n\n\n<div class=\"wp-block-atomic-blocks-ab-column ab-block-layout-column ab-is-vertically-aligned-center\"><div class=\"ab-block-layout-column-inner\">\n<figure class=\"wp-block-image size-large\"><a href=\"https:\/\/lausanne.diamondleague.com\/home\/\" target=\"_blank\" rel=\"noopener noreferrer\"><img decoding=\"async\" width=\"640\" height=\"640\" src=\"https:\/\/www.conica.com\/wp-content\/uploads\/2021\/02\/ath_logo_pantone_rouge_petit.jpg\" alt=\"\" class=\"wp-image-9395\" srcset=\"https:\/\/www.conica.com\/wp-content\/uploads\/2021\/02\/ath_logo_pantone_rouge_petit.jpg 640w, https:\/\/www.conica.com\/wp-content\/uploads\/2021\/02\/ath_logo_pantone_rouge_petit-300x300.jpg 300w, https:\/\/www.conica.com\/wp-content\/uploads\/2021\/02\/ath_logo_pantone_rouge_petit-150x150.jpg 150w, https:\/\/www.conica.com\/wp-content\/uploads\/2021\/02\/ath_logo_pantone_rouge_petit-100x100.jpg 100w, https:\/\/www.conica.com\/wp-content\/uploads\/2021\/02\/ath_logo_pantone_rouge_petit-75x75.jpg 75w, https:\/\/www.conica.com\/wp-content\/uploads\/2021\/02\/ath_logo_pantone_rouge_petit-600x600.jpg 600w\" sizes=\"(max-width: 640px) 100vw, 640px\" \/><\/a><\/figure>\n<\/div><\/div>\n\n\n\n<div class=\"wp-block-atomic-blocks-ab-column ab-block-layout-column ab-is-vertically-aligned-center\"><div class=\"ab-block-layout-column-inner\">\n<figure class=\"wp-block-image size-large\"><a href=\"https:\/\/specialolympics.ch\/\" target=\"_blank\" rel=\"noopener noreferrer\"><img decoding=\"async\" width=\"900\" height=\"450\" src=\"https:\/\/www.conica.com\/wp-content\/uploads\/2021\/02\/Logo_Swiss_Special_Olympics.jpg\" alt=\"\" class=\"wp-image-9370\" srcset=\"https:\/\/www.conica.com\/wp-content\/uploads\/2021\/02\/Logo_Swiss_Special_Olympics.jpg 900w, https:\/\/www.conica.com\/wp-content\/uploads\/2021\/02\/Logo_Swiss_Special_Olympics-300x150.jpg 300w, https:\/\/www.conica.com\/wp-content\/uploads\/2021\/02\/Logo_Swiss_Special_Olympics-768x384.jpg 768w\" sizes=\"(max-width: 900px) 100vw, 900px\" \/><\/a><\/figure>\n<\/div><\/div>\n\n\n\n<div class=\"wp-block-atomic-blocks-ab-column ab-block-layout-column ab-is-vertically-aligned-center\"><div class=\"ab-block-layout-column-inner\">\n<figure class=\"wp-block-image size-large\"><img decoding=\"async\" width=\"412\" height=\"232\" src=\"https:\/\/www.conica.com\/wp-content\/uploads\/2021\/02\/masz1897b2bmasolas-1.jpg\" alt=\"\" class=\"wp-image-9365\" srcset=\"https:\/\/www.conica.com\/wp-content\/uploads\/2021\/02\/masz1897b2bmasolas-1.jpg 412w, https:\/\/www.conica.com\/wp-content\/uploads\/2021\/02\/masz1897b2bmasolas-1-300x169.jpg 300w\" sizes=\"(max-width: 412px) 100vw, 412px\" \/><\/figure>\n<\/div><\/div>\n\n\n\n<div class=\"wp-block-atomic-blocks-ab-column ab-block-layout-column ab-is-vertically-aligned-center\"><div class=\"ab-block-layout-column-inner\">\n<figure class=\"wp-block-image size-large\"><a href=\"http:\/\/herculis-experience.com\/herculis-ebs-monaco\/\" target=\"_blank\" rel=\"noopener noreferrer\"><img decoding=\"async\" width=\"543\" height=\"198\" src=\"https:\/\/www.conica.com\/wp-content\/uploads\/2021\/02\/Logo_meeting_Herculis.jpg\" alt=\"\" class=\"wp-image-9380\" srcset=\"https:\/\/www.conica.com\/wp-content\/uploads\/2021\/02\/Logo_meeting_Herculis.jpg 543w, https:\/\/www.conica.com\/wp-content\/uploads\/2021\/02\/Logo_meeting_Herculis-300x109.jpg 300w\" sizes=\"(max-width: 543px) 100vw, 543px\" \/><\/a><\/figure>\n<\/div><\/div>\n<\/div><\/div>\n\n\n\n<div class=\"wp-block-atomic-blocks-ab-columns ab-layout-columns-6 ab-6-col-equal\"><div class=\"ab-layout-column-wrap ab-block-layout-column-gap-2 ab-is-responsive-column\">\n<div class=\"wp-block-atomic-blocks-ab-column ab-block-layout-column ab-is-vertically-aligned-center\"><div class=\"ab-block-layout-column-inner\">\n<figure class=\"wp-block-image size-large\"><a href=\"https:\/\/kadettensh.ch\/\" target=\"_blank\" rel=\"noopener noreferrer\"><img decoding=\"async\" width=\"883\" height=\"1024\" src=\"https:\/\/www.conica.com\/wp-content\/uploads\/2021\/02\/Kadetten_Schaffhausen_Logo.svg-883x1024.png\" alt=\"\" class=\"wp-image-9390\" srcset=\"https:\/\/www.conica.com\/wp-content\/uploads\/2021\/02\/Kadetten_Schaffhausen_Logo.svg-883x1024.png 883w, https:\/\/www.conica.com\/wp-content\/uploads\/2021\/02\/Kadetten_Schaffhausen_Logo.svg-259x300.png 259w, https:\/\/www.conica.com\/wp-content\/uploads\/2021\/02\/Kadetten_Schaffhausen_Logo.svg-768x890.png 768w, https:\/\/www.conica.com\/wp-content\/uploads\/2021\/02\/Kadetten_Schaffhausen_Logo.svg.png 1200w\" sizes=\"(max-width: 883px) 100vw, 883px\" \/><\/a><\/figure>\n<\/div><\/div>\n\n\n\n<div class=\"wp-block-atomic-blocks-ab-column ab-block-layout-column ab-is-vertically-aligned-center\"><div class=\"ab-block-layout-column-inner\">\n<figure class=\"wp-block-image size-large\"><a href=\"https:\/\/www.fcschaffhausen.ch\/\" target=\"_blank\" rel=\"noopener noreferrer\"><img decoding=\"async\" width=\"1024\" height=\"1024\" src=\"https:\/\/www.conica.com\/wp-content\/uploads\/2021\/02\/Fc_Schaffhausen.svg-1024x1024.png\" alt=\"\" class=\"wp-image-9385\" srcset=\"https:\/\/www.conica.com\/wp-content\/uploads\/2021\/02\/Fc_Schaffhausen.svg-1024x1024.png 1024w, https:\/\/www.conica.com\/wp-content\/uploads\/2021\/02\/Fc_Schaffhausen.svg-300x300.png 300w, https:\/\/www.conica.com\/wp-content\/uploads\/2021\/02\/Fc_Schaffhausen.svg-150x150.png 150w, https:\/\/www.conica.com\/wp-content\/uploads\/2021\/02\/Fc_Schaffhausen.svg-768x768.png 768w, https:\/\/www.conica.com\/wp-content\/uploads\/2021\/02\/Fc_Schaffhausen.svg-100x100.png 100w, https:\/\/www.conica.com\/wp-content\/uploads\/2021\/02\/Fc_Schaffhausen.svg-1536x1536.png 1536w, https:\/\/www.conica.com\/wp-content\/uploads\/2021\/02\/Fc_Schaffhausen.svg-75x75.png 75w, https:\/\/www.conica.com\/wp-content\/uploads\/2021\/02\/Fc_Schaffhausen.svg-600x600.png 600w, https:\/\/www.conica.com\/wp-content\/uploads\/2021\/02\/Fc_Schaffhausen.svg-1600x1600.png 1600w, https:\/\/www.conica.com\/wp-content\/uploads\/2021\/02\/Fc_Schaffhausen.svg.png 2000w\" sizes=\"(max-width: 1024px) 100vw, 1024px\" \/><\/a><\/figure>\n<\/div><\/div>\n\n\n\n<div class=\"wp-block-atomic-blocks-ab-column ab-block-layout-column ab-is-vertically-aligned-center\"><div class=\"ab-block-layout-column-inner\">\n<figure class=\"wp-block-image size-large\"><a href=\"https:\/\/www.worldathletics.org\/\" target=\"_blank\" rel=\"noopener noreferrer\"><img decoding=\"async\" width=\"1024\" height=\"1024\" src=\"https:\/\/www.conica.com\/wp-content\/uploads\/2021\/02\/WA_Permits_Products_Certified_Product_CMYK-1024x1024.png\" alt=\"\" class=\"wp-image-9375\" srcset=\"https:\/\/www.conica.com\/wp-content\/uploads\/2021\/02\/WA_Permits_Products_Certified_Product_CMYK-1024x1024.png 1024w, https:\/\/www.conica.com\/wp-content\/uploads\/2021\/02\/WA_Permits_Products_Certified_Product_CMYK-300x300.png 300w, https:\/\/www.conica.com\/wp-content\/uploads\/2021\/02\/WA_Permits_Products_Certified_Product_CMYK-150x150.png 150w, https:\/\/www.conica.com\/wp-content\/uploads\/2021\/02\/WA_Permits_Products_Certified_Product_CMYK-768x768.png 768w, https:\/\/www.conica.com\/wp-content\/uploads\/2021\/02\/WA_Permits_Products_Certified_Product_CMYK-100x100.png 100w, https:\/\/www.conica.com\/wp-content\/uploads\/2021\/02\/WA_Permits_Products_Certified_Product_CMYK-75x75.png 75w, https:\/\/www.conica.com\/wp-content\/uploads\/2021\/02\/WA_Permits_Products_Certified_Product_CMYK-600x600.png 600w, https:\/\/www.conica.com\/wp-content\/uploads\/2021\/02\/WA_Permits_Products_Certified_Product_CMYK.png 1194w\" sizes=\"(max-width: 1024px) 100vw, 1024px\" \/><\/a><\/figure>\n<\/div><\/div>\n\n\n\n<div class=\"wp-block-atomic-blocks-ab-column ab-block-layout-column ab-is-vertically-aligned-center\"><div class=\"ab-block-layout-column-inner\">\n<p><\/p>\n<\/div><\/div>\n\n\n\n<div class=\"wp-block-atomic-blocks-ab-column ab-block-layout-column ab-is-vertically-aligned-center\"><div class=\"ab-block-layout-column-inner\">\n<p><\/p>\n<\/div><\/div>\n\n\n\n<div class=\"wp-block-atomic-blocks-ab-column ab-block-layout-column ab-is-vertically-aligned-center\"><div class=\"ab-block-layout-column-inner\">\n<p><\/p>\n<\/div><\/div>\n<\/div><\/div>\n\n\n\n<p><\/p>\n","protected":false},"excerpt":{"rendered":"<p>Unsere Partner<\/p>\n","protected":false},"author":8,"featured_media":0,"parent":0,"menu_order":0,"comment_status":"closed","ping_status":"closed","template":"","meta":{"_acf_changed":false,"_uag_custom_page_level_css":"","_genesis_hide_title":false,"_genesis_hide_breadcrumbs":false,"_genesis_hide_singular_image":false,"_genesis_custom_body_class":"","_genesis_custom_post_class":"","_genesis_layout":"","footnotes":""},"products_categories":[],"project_categories":[],"product_quiz_categories":[],"testimonials_categories":[],"locations_categories":[],"class_list":{"0":"post-9299","1":"page","2":"type-page","3":"status-publish","5":"entry"},"acf":[],"yoast_head":"<!-- This site is optimized with the Yoast SEO plugin v26.3 - https:\/\/yoast.com\/wordpress\/plugins\/seo\/ -->\n<title>CONICA AG - CONICA AG<\/title>\n<meta name=\"robots\" content=\"index, follow, max-snippet:-1, max-image-preview:large, max-video-preview:-1\" \/>\n<link rel=\"canonical\" href=\"https:\/\/www.conica.com\/de\/conica-ag\/\" \/>\n<meta property=\"og:locale\" content=\"de_DE\" \/>\n<meta property=\"og:type\" content=\"article\" \/>\n<meta property=\"og:title\" content=\"CONICA AG - CONICA AG\" \/>\n<meta property=\"og:description\" content=\"Unsere Partner\" \/>\n<meta property=\"og:url\" content=\"https:\/\/www.conica.com\/de\/conica-ag\/\" \/>\n<meta property=\"og:site_name\" content=\"CONICA AG\" \/>\n<meta property=\"article:modified_time\" content=\"2025-08-12T13:58:02+00:00\" \/>\n<meta property=\"og:image\" content=\"https:\/\/www.conica.com\/wp-content\/uploads\/2020\/06\/unternehmen.jpg\" \/>\n\t<meta property=\"og:image:width\" content=\"1024\" \/>\n\t<meta property=\"og:image:height\" content=\"384\" \/>\n\t<meta property=\"og:image:type\" content=\"image\/jpeg\" \/>\n<meta name=\"twitter:card\" content=\"summary_large_image\" \/>\n<meta name=\"twitter:label1\" content=\"Gesch\u00e4tzte Lesezeit\" \/>\n\t<meta name=\"twitter:data1\" content=\"3\u00a0Minuten\" \/>\n<script type=\"application\/ld+json\" class=\"yoast-schema-graph\">{\"@context\":\"https:\/\/schema.org\",\"@graph\":[{\"@type\":\"WebPage\",\"@id\":\"https:\/\/www.conica.com\/de\/conica-ag\/\",\"url\":\"https:\/\/www.conica.com\/de\/conica-ag\/\",\"name\":\"CONICA AG - CONICA AG\",\"isPartOf\":{\"@id\":\"https:\/\/www.conica.com\/it\/#website\"},\"primaryImageOfPage\":{\"@id\":\"https:\/\/www.conica.com\/de\/conica-ag\/#primaryimage\"},\"image\":{\"@id\":\"https:\/\/www.conica.com\/de\/conica-ag\/#primaryimage\"},\"thumbnailUrl\":\"https:\/\/www.conica.com\/wp-content\/uploads\/2020\/06\/unternehmen.jpg\",\"datePublished\":\"2021-02-02T12:54:52+00:00\",\"dateModified\":\"2025-08-12T13:58:02+00:00\",\"breadcrumb\":{\"@id\":\"https:\/\/www.conica.com\/de\/conica-ag\/#breadcrumb\"},\"inLanguage\":\"de\",\"potentialAction\":[{\"@type\":\"ReadAction\",\"target\":[\"https:\/\/www.conica.com\/de\/conica-ag\/\"]}]},{\"@type\":\"ImageObject\",\"inLanguage\":\"de\",\"@id\":\"https:\/\/www.conica.com\/de\/conica-ag\/#primaryimage\",\"url\":\"https:\/\/www.conica.com\/wp-content\/uploads\/2020\/06\/unternehmen.jpg\",\"contentUrl\":\"https:\/\/www.conica.com\/wp-content\/uploads\/2020\/06\/unternehmen.jpg\"},{\"@type\":\"BreadcrumbList\",\"@id\":\"https:\/\/www.conica.com\/de\/conica-ag\/#breadcrumb\",\"itemListElement\":[{\"@type\":\"ListItem\",\"position\":1,\"name\":\"Home\",\"item\":\"https:\/\/www.conica.com\/de\/\"},{\"@type\":\"ListItem\",\"position\":2,\"name\":\"CONICA AG\"}]},{\"@type\":\"WebSite\",\"@id\":\"https:\/\/www.conica.com\/it\/#website\",\"url\":\"https:\/\/www.conica.com\/it\/\",\"name\":\"CONICA AG\",\"description\":\"Sport-, Playground- und Functional Flooring Bel\u00e4ge\",\"publisher\":{\"@id\":\"https:\/\/www.conica.com\/it\/#organization\"},\"potentialAction\":[{\"@type\":\"SearchAction\",\"target\":{\"@type\":\"EntryPoint\",\"urlTemplate\":\"https:\/\/www.conica.com\/it\/?s={search_term_string}\"},\"query-input\":{\"@type\":\"PropertyValueSpecification\",\"valueRequired\":true,\"valueName\":\"search_term_string\"}}],\"inLanguage\":\"de\"},{\"@type\":\"Organization\",\"@id\":\"https:\/\/www.conica.com\/it\/#organization\",\"name\":\"CONICA AG\",\"url\":\"https:\/\/www.conica.com\/it\/\",\"logo\":{\"@type\":\"ImageObject\",\"inLanguage\":\"de\",\"@id\":\"https:\/\/www.conica.com\/it\/#\/schema\/logo\/image\/\",\"url\":\"https:\/\/www.conica.com\/wp-content\/uploads\/2020\/04\/logo_conica-01.svg\",\"contentUrl\":\"https:\/\/www.conica.com\/wp-content\/uploads\/2020\/04\/logo_conica-01.svg\",\"caption\":\"CONICA AG\"},\"image\":{\"@id\":\"https:\/\/www.conica.com\/it\/#\/schema\/logo\/image\/\"}}]}<\/script>\n<!-- \/ Yoast SEO plugin. -->","yoast_head_json":{"title":"CONICA AG - CONICA AG","robots":{"index":"index","follow":"follow","max-snippet":"max-snippet:-1","max-image-preview":"max-image-preview:large","max-video-preview":"max-video-preview:-1"},"canonical":"https:\/\/www.conica.com\/de\/conica-ag\/","og_locale":"de_DE","og_type":"article","og_title":"CONICA AG - CONICA AG","og_description":"Unsere Partner","og_url":"https:\/\/www.conica.com\/de\/conica-ag\/","og_site_name":"CONICA AG","article_modified_time":"2025-08-12T13:58:02+00:00","og_image":[{"width":1024,"height":384,"url":"https:\/\/www.conica.com\/wp-content\/uploads\/2020\/06\/unternehmen.jpg","type":"image\/jpeg"}],"twitter_card":"summary_large_image","twitter_misc":{"Gesch\u00e4tzte Lesezeit":"3\u00a0Minuten"},"schema":{"@context":"https:\/\/schema.org","@graph":[{"@type":"WebPage","@id":"https:\/\/www.conica.com\/de\/conica-ag\/","url":"https:\/\/www.conica.com\/de\/conica-ag\/","name":"CONICA AG - CONICA AG","isPartOf":{"@id":"https:\/\/www.conica.com\/it\/#website"},"primaryImageOfPage":{"@id":"https:\/\/www.conica.com\/de\/conica-ag\/#primaryimage"},"image":{"@id":"https:\/\/www.conica.com\/de\/conica-ag\/#primaryimage"},"thumbnailUrl":"https:\/\/www.conica.com\/wp-content\/uploads\/2020\/06\/unternehmen.jpg","datePublished":"2021-02-02T12:54:52+00:00","dateModified":"2025-08-12T13:58:02+00:00","breadcrumb":{"@id":"https:\/\/www.conica.com\/de\/conica-ag\/#breadcrumb"},"inLanguage":"de","potentialAction":[{"@type":"ReadAction","target":["https:\/\/www.conica.com\/de\/conica-ag\/"]}]},{"@type":"ImageObject","inLanguage":"de","@id":"https:\/\/www.conica.com\/de\/conica-ag\/#primaryimage","url":"https:\/\/www.conica.com\/wp-content\/uploads\/2020\/06\/unternehmen.jpg","contentUrl":"https:\/\/www.conica.com\/wp-content\/uploads\/2020\/06\/unternehmen.jpg"},{"@type":"BreadcrumbList","@id":"https:\/\/www.conica.com\/de\/conica-ag\/#breadcrumb","itemListElement":[{"@type":"ListItem","position":1,"name":"Home","item":"https:\/\/www.conica.com\/de\/"},{"@type":"ListItem","position":2,"name":"CONICA AG"}]},{"@type":"WebSite","@id":"https:\/\/www.conica.com\/it\/#website","url":"https:\/\/www.conica.com\/it\/","name":"CONICA AG","description":"Sport-, Playground- und Functional Flooring Bel\u00e4ge","publisher":{"@id":"https:\/\/www.conica.com\/it\/#organization"},"potentialAction":[{"@type":"SearchAction","target":{"@type":"EntryPoint","urlTemplate":"https:\/\/www.conica.com\/it\/?s={search_term_string}"},"query-input":{"@type":"PropertyValueSpecification","valueRequired":true,"valueName":"search_term_string"}}],"inLanguage":"de"},{"@type":"Organization","@id":"https:\/\/www.conica.com\/it\/#organization","name":"CONICA AG","url":"https:\/\/www.conica.com\/it\/","logo":{"@type":"ImageObject","inLanguage":"de","@id":"https:\/\/www.conica.com\/it\/#\/schema\/logo\/image\/","url":"https:\/\/www.conica.com\/wp-content\/uploads\/2020\/04\/logo_conica-01.svg","contentUrl":"https:\/\/www.conica.com\/wp-content\/uploads\/2020\/04\/logo_conica-01.svg","caption":"CONICA AG"},"image":{"@id":"https:\/\/www.conica.com\/it\/#\/schema\/logo\/image\/"}}]}},"featured_image_src":null,"featured_image_src_square":null,"uagb_featured_image_src":{"full":false,"thumbnail":false,"medium":false,"medium_large":false,"large":false,"gs-tiny":false,"xl":false,"xxl":false,"xxxl":false,"xxxxl":false,"xxxxxl":false,"gts-thumbnail":false,"1536x1536":false,"2048x2048":false,"sidebar-featured":false,"genesis-singular-images":false,"ab-block-post-grid-landscape":false,"ab-block-post-grid-square":false,"gform-image-choice-sm":false,"gform-image-choice-md":false,"gform-image-choice-lg":false},"uagb_author_info":{"display_name":"cloudweb admin","author_link":"https:\/\/www.conica.com\/de\/author\/cloudweb-admin\/"},"uagb_comment_info":0,"uagb_excerpt":"Unsere Partner","_links":{"self":[{"href":"https:\/\/www.conica.com\/de\/wp-json\/wp\/v2\/pages\/9299","targetHints":{"allow":["GET"]}}],"collection":[{"href":"https:\/\/www.conica.com\/de\/wp-json\/wp\/v2\/pages"}],"about":[{"href":"https:\/\/www.conica.com\/de\/wp-json\/wp\/v2\/types\/page"}],"author":[{"embeddable":true,"href":"https:\/\/www.conica.com\/de\/wp-json\/wp\/v2\/users\/8"}],"replies":[{"embeddable":true,"href":"https:\/\/www.conica.com\/de\/wp-json\/wp\/v2\/comments?post=9299"}],"version-history":[{"count":1,"href":"https:\/\/www.conica.com\/de\/wp-json\/wp\/v2\/pages\/9299\/revisions"}],"predecessor-version":[{"id":44709,"href":"https:\/\/www.conica.com\/de\/wp-json\/wp\/v2\/pages\/9299\/revisions\/44709"}],"wp:attachment":[{"href":"https:\/\/www.conica.com\/de\/wp-json\/wp\/v2\/media?parent=9299"}],"wp:term":[{"taxonomy":"products_categories","embeddable":true,"href":"https:\/\/www.conica.com\/de\/wp-json\/wp\/v2\/products_categories?post=9299"},{"taxonomy":"project_categories","embeddable":true,"href":"https:\/\/www.conica.com\/de\/wp-json\/wp\/v2\/project_categories?post=9299"},{"taxonomy":"product_quiz_categories","embeddable":true,"href":"https:\/\/www.conica.com\/de\/wp-json\/wp\/v2\/product_quiz_categories?post=9299"},{"taxonomy":"testimonials_categories","embeddable":true,"href":"https:\/\/www.conica.com\/de\/wp-json\/wp\/v2\/testimonials_categories?post=9299"},{"taxonomy":"locations_categories","embeddable":true,"href":"https:\/\/www.conica.com\/de\/wp-json\/wp\/v2\/locations_categories?post=9299"}],"curies":[{"name":"wp","href":"https:\/\/api.w.org\/{rel}","templated":true}]}}