{"id":21309,"date":"2020-07-22T08:08:44","date_gmt":"2020-07-22T06:08:44","guid":{"rendered":"https:\/\/www.conica.com\/industrielle-anwendungen\/"},"modified":"2021-10-06T06:31:36","modified_gmt":"2021-10-06T04:31:36","slug":"industrielle-anwendungen","status":"publish","type":"page","link":"https:\/\/www.conica.com\/es\/industrielle-anwendungen\/","title":{"rendered":"APLICACIONES INDUSTRIALES"},"content":{"rendered":"<div id=\"gutenslider-vivza7gcd\" class=\"wp-block-eedee-block-gutenslider gs-frontend content-change alignfull arrow-style-1 arrow-position-sides arrow-mb-none arrows-lg arrows-md arrows-sm dot-style-1 dots-lg dots-md dots-sm dot-position-bottom is-position-center-center mb-none wrap-auto-height\" data-parallax-direction=\"down\" data-parallax-amount=\"1.3\" data-lg-transition=\"lg-slide\" data-hash=\"\" ><div class=\"eedee-swiper-outer\" style=\"--gutenslider-min-height: 50vh;--gutenslider-arrow-size: 30px;--gutenslider-dot-size: 25px;--gutenslider-arrow-color: #ffffff;--gutenslider-dot-color: #ffffff;--gutenslider-padding-y-mobile: 40px;--gutenslider-padding-x-mobile: 40px;--gutenslider-padding-y-tablet: 40px;--gutenslider-padding-x-tablet: 40px;--gutenslider-padding-y-desktop: 40px;--gutenslider-padding-x-desktop: 40px;--gutenslider-bg-image: url();--gutenslider-min-height-md: 50vh;--gutenslider-min-height-sm: 50vh;--gutenslider-padding-x: 40px;--gutenslider-padding-x-md: 40px;--gutenslider-padding-x-sm: 20px;--gutenslider-padding-y: 40px;--gutenslider-padding-y-md: 40px;--gutenslider-padding-y-sm: 20px;--gutenslider-arrow-size-md: 30px;--gutenslider-arrow-size-sm: 30px;--gutenslider-dot-size-md: 25px;--gutenslider-dot-size-sm: 25px;--gutenslider-arrow-bg-color: transparent;--gutenslider-arrow-hover-color: #eeeeee;--gutenslider-arrow-bg-hover-color: transparent;--gutenslider-arrow-x-offset: 10px;--gutenslider-arrow-x-offset-md: 10px;--gutenslider-arrow-x-offset-sm: 10px;--gutenslider-arrow-y-offset: 0px;--gutenslider-arrow-y-offset-md: 0px;--gutenslider-arrow-y-offset-sm: 0px;--gutenslider-arrow-x-spacing: 0px;--gutenslider-dot-y-offset: 10px;--gutenslider-dot-y-offset-md: 10px;--gutenslider-dot-y-offset-sm: 10px;--gutenslider-margin-x: 0px;--gutenslider-margin-x-md: 0px;--gutenslider-margin-x-sm: 0px;--gutenslider-margin-y: 0px;--gutenslider-margin-y-md: 0px;--gutenslider-margin-y-sm: 0px;--gutenslider-divider-top: 60px;--gutenslider-divider-bottom: 60px;--gutenslider-lightgallery-bg: #ffffff;--gutenslider-lightgallery-font: #000000;--gs-first-pos: 50% 50%;--gs-gap-vertical: var( --wp--style--gallery-gap-default, var( --gallery-block--gutter-size, var( --wp--style--block-gap, 0.5em ) ) );--gs-gap-horizontal: var( --wp--style--gallery-gap-default, var( --gallery-block--gutter-size, var( --wp--style--block-gap, 0.5em ) ) );\"><div class=\"gutenslider-divider-top\" style=\"color:#fff;\"><\/div><div class=\"swiper\" data-settings='{\"autoplay\":{\"delay\":3000,\"pauseOnMouseEnter\":true,\"disableOnInteraction\":false},\"speed\":700,\"direction\":\"horizontal\",\"autoHeight\":\"\",\"loop\":true,\"centeredSlides\":true,\"spaceBetween\":0,\"slidesPerView\":1,\"slidesPerGroup\":1,\"effect\":\"slide\",\"coverflowEffect\":{\"rotate\":30,\"slideShadows\":false,\"depth\":100,\"stretch\":50,\"modifier\":1},\"fadeEffect\":{\"crossFade\":true},\"zoom\":\"\",\"navigation\":{\"nextEl\":\"#gutenslider-vivza7gcd .eedee-gutenslider-next\",\"prevEl\":\"#gutenslider-vivza7gcd .eedee-gutenslider-prev\"},\"pagination\":{\"type\":\"bullets\",\"clickable\":true,\"dynamicBullets\":false,\"el\":\"#gutenslider-vivza7gcd .eedee-gutenslider-pagination\"},\"pauseOnHover\":\"1\",\"watchSlidesProgress\":true,\"watchSlidesVisibility\":true,\"settingsMd\":{\"autoHeight\":\"\",\"slidesPerView\":1,\"slidesPerGroup\":1,\"spaceBetween\":0,\"loop\":true},\"settingsLg\":{\"autoHeight\":\"\",\"slidesPerView\":1,\"slidesPerGroup\":1,\"spaceBetween\":0,\"loop\":true},\"hasLg\":false,\"hasLgCounter\":true,\"isFullScreen\":false,\"arrowsFollowMouse\":false,\"lgTitle\":\"none\",\"lgCaption\":\"none\",\"lgThumbnails\":true,\"lgZoomEnabled\":false,\"keyboard\":{\"keyboard\":{\"enabled\":true,\"onlyInViewport\":true}},\"hashNavigation\":false,\"dividers\":false}'><div class=\"swiper-wrapper\">\n<div class=\"swiper-slide wp-block-eedee-block-gutenslide wp-block-eedee-block-gutenslide vertical-align-center is-position-center-center ed-bg-image\" style=\"--ed-vw:300;--ed-vh:75;\" data-hash=\"\"><div class=\"eedee-background-div bg-image\"><img width=\"1024\" height=\"257\" class=\"wp-image-1858\" src=\"https:\/\/www.conica.com\/wp-content\/uploads\/2020\/07\/industirelle-anwendungen.jpg\" alt=\"\" decoding=\"async\" style=\"object-fit: cover; object-position: 50% 50%;\"  data-title=\"industirelle-anwendungen\" srcset=\"https:\/\/www.conica.com\/wp-content\/uploads\/2020\/07\/industirelle-anwendungen.jpg 1024w, https:\/\/www.conica.com\/wp-content\/uploads\/2020\/07\/industirelle-anwendungen-300x75.jpg 300w, https:\/\/www.conica.com\/wp-content\/uploads\/2020\/07\/industirelle-anwendungen-768x193.jpg 768w\" sizes=\"(max-width: 1024px) 100vw, 1024px\" \/><div class=\"eedee-background-div__overlay\" style=\"opacity:1;\"><\/div><\/div><div class=\"slide-content\">\n<div class=\"wp-block-eedee-block-gutenslide vertical-align-center\"><div id=\"gutenslide-8lemitkru\"><div class=\"eedee-background-div\"><img decoding=\"async\" width=\"1024\" height=\"257\" class=\"wp-image-1858\" src=\"https:\/\/www.conica.com\/wp-content\/uploads\/2020\/07\/industirelle-anwendungen.jpg\" alt=\"\" style=\"object-fit:cover;object-position:50% 50%\" srcset=\"https:\/\/www.conica.com\/wp-content\/uploads\/2020\/07\/industirelle-anwendungen.jpg 1024w, https:\/\/www.conica.com\/wp-content\/uploads\/2020\/07\/industirelle-anwendungen-300x75.jpg 300w, https:\/\/www.conica.com\/wp-content\/uploads\/2020\/07\/industirelle-anwendungen-768x193.jpg 768w\" sizes=\"(max-width: 1024px) 100vw, 1024px\" \/><div class=\"eedee-background-div__overlay\" style=\"opacity:1\"><\/div><\/div><div class=\"slide-content\"><\/div><\/div><\/div>\n<\/div><\/div>\n<\/div><\/div><button class=\"eedee-gutenslider-nav eedee-gutenslider-prev\"><svg xmlns=\"http:\/\/www.w3.org\/2000\/svg\" viewBox=\"0 0 24 24\" width=\"24\" height=\"24\"><circle class=\"bg\" cx=\"13\" cy=\"12\" r=\"11\" \/><path fill=\"none\" d=\"M0 0h24v24H0z\"\/><path class=\"arrow\" d=\"M10.828 12l4.95 4.95-1.414 1.414L8 12l6.364-6.364 1.414 1.414z\"\/><\/svg><\/button><button class=\"eedee-gutenslider-nav eedee-gutenslider-next\"><svg xmlns=\"http:\/\/www.w3.org\/2000\/svg\" viewBox=\"0 0 24 24\" width=\"24\" height=\"24\"><circle class=\"bg\" cx=\"11\" cy=\"12\" r=\"11\" \/><path fill=\"none\" d=\"M0 0h24v24H0z\"\/><path class=\"arrow\" d=\"M13.172 12l-4.95-4.95 1.414-1.414L16 12l-6.364 6.364-1.414-1.414z\"\/><\/svg><\/button><div class=\"eedee-gutenslider-pagination\"><\/div><div class=\"gutenslider-divider-bottom \" style=\"color:#fff;\"><\/div><\/div><\/div>\n\n\n<div class=\"wp-block-atomic-blocks-ab-container ab-block-container\"><div class=\"ab-container-inside\"><div class=\"ab-container-content\">\n<div class=\"wp-block-atomic-blocks-ab-columns ab-layout-columns-1 one-column\"><div class=\"ab-layout-column-wrap ab-block-layout-column-gap-2 ab-is-responsive-column\">\n<div class=\"wp-block-atomic-blocks-ab-column ab-block-layout-column\"><div class=\"ab-block-layout-column-inner\">\n<h2 class=\"wp-block-heading\">RESINAS DE CONICA \u2013 SOLUCIONES PARA LA INDUSTRIA<\/h2>\n\n\n\n<p>Desde hace 40 a\u00f1os, CONICA es especialista en el desarrollo de poliuretanos y resinas epoxi para una amplia gama de aplicaciones. Desarrollamos productos semiacabados y acabados, innovadores y de alto rendimiento para clientes de la industria de la fundici\u00f3n, encolado y recubrimiento. Para las aplicaciones industriales, la alta calidad constante de los productos y los procesos de fabricaci\u00f3n eficientes son importantes para mantenerse un paso por delante en la competencia internacional. Nuestra producci\u00f3n en Suiza garantiza la fiabilidad, la calidad y la eficiencia a trav\u00e9s de procesos automatizados y controles de calidad. CONICA est\u00e1 certificada de acuerdo con las \u00faltimas normas internacionales. Los productos se realizan a medida en el laboratorio en cooperaci\u00f3n con el cliente para satisfacer los requisitos particulares y los par\u00e1metros de proceso. Nuestros muchos a\u00f1os de experiencia nos ayudan a alcanzar el objetivo de desarrollo de forma r\u00e1pida y eficiente. Los objetivos que nos marcamos en el desarrollo son la durabilidad, la resistencia a la temperatura, al desgaste, resistencia contra influencias externas y muchos m\u00e1s.<\/p>\n\n\n\n<p>Nuestros clientes provienen de los campos de los fabricantes de adhesivos, espumas aislantes, tecnolog\u00eda de fijaci\u00f3n, sistemas de filtrado y rodillos de impresi\u00f3n. Con nuestros aglutinantes tambi\u00e9n se producen piezas moldeadas y esteras el\u00e1sticas. Para ello, el sistema de resina se mezcla con granulado de caucho, corcho, EPDM u otros pl\u00e1sticos reciclados, por ejemplo, y se le da forma. As\u00ed, se crean productos finales de alta calidad. CONICA ofrece a los clientes industriales una amplia gama de materias primas y resinas. Tambi\u00e9n hacemos uso de esta experiencia para desarrollar y producir sistemas espec\u00edficos en di\u00e1logo con cada cliente.<\/p>\n<\/div><\/div>\n<\/div><\/div>\n<\/div><\/div><\/div>\n","protected":false},"excerpt":{"rendered":"","protected":false},"author":8,"featured_media":0,"parent":0,"menu_order":0,"comment_status":"closed","ping_status":"closed","template":"","meta":{"_acf_changed":false,"_uag_custom_page_level_css":"","_genesis_hide_title":false,"_genesis_hide_breadcrumbs":false,"_genesis_hide_singular_image":false,"_genesis_custom_body_class":"","_genesis_custom_post_class":"","_genesis_layout":"","footnotes":""},"products_categories":[],"project_categories":[],"product_quiz_categories":[],"testimonials_categories":[],"locations_categories":[],"class_list":{"0":"post-21309","1":"page","2":"type-page","3":"status-publish","5":"entry"},"acf":[],"yoast_head":"<!-- This site is optimized with the Yoast SEO plugin v26.3 - https:\/\/yoast.com\/wordpress\/plugins\/seo\/ -->\n<title>APLICACIONES INDUSTRIALES - CONICA AG<\/title>\n<meta name=\"robots\" content=\"index, follow, max-snippet:-1, max-image-preview:large, max-video-preview:-1\" \/>\n<link rel=\"canonical\" href=\"https:\/\/www.conica.com\/es\/industrielle-anwendungen\/\" \/>\n<meta property=\"og:locale\" content=\"es_ES\" \/>\n<meta property=\"og:type\" content=\"article\" \/>\n<meta property=\"og:title\" content=\"APLICACIONES INDUSTRIALES - CONICA AG\" \/>\n<meta property=\"og:url\" content=\"https:\/\/www.conica.com\/es\/industrielle-anwendungen\/\" \/>\n<meta property=\"og:site_name\" content=\"CONICA AG\" \/>\n<meta property=\"article:modified_time\" content=\"2021-10-06T04:31:36+00:00\" \/>\n<meta property=\"og:image\" content=\"https:\/\/www.conica.com\/wp-content\/uploads\/2020\/07\/industirelle-anwendungen.jpg\" \/>\n<meta name=\"twitter:card\" content=\"summary_large_image\" \/>\n<meta name=\"twitter:label1\" content=\"Tiempo de lectura\" \/>\n\t<meta name=\"twitter:data1\" content=\"2 minutos\" \/>\n<script type=\"application\/ld+json\" class=\"yoast-schema-graph\">{\"@context\":\"https:\/\/schema.org\",\"@graph\":[{\"@type\":\"WebPage\",\"@id\":\"https:\/\/www.conica.com\/es\/industrielle-anwendungen\/\",\"url\":\"https:\/\/www.conica.com\/es\/industrielle-anwendungen\/\",\"name\":\"APLICACIONES INDUSTRIALES - CONICA AG\",\"isPartOf\":{\"@id\":\"https:\/\/www.conica.com\/it\/#website\"},\"primaryImageOfPage\":{\"@id\":\"https:\/\/www.conica.com\/es\/industrielle-anwendungen\/#primaryimage\"},\"image\":{\"@id\":\"https:\/\/www.conica.com\/es\/industrielle-anwendungen\/#primaryimage\"},\"thumbnailUrl\":\"https:\/\/www.conica.com\/wp-content\/uploads\/2020\/07\/industirelle-anwendungen.jpg\",\"datePublished\":\"2020-07-22T06:08:44+00:00\",\"dateModified\":\"2021-10-06T04:31:36+00:00\",\"breadcrumb\":{\"@id\":\"https:\/\/www.conica.com\/es\/industrielle-anwendungen\/#breadcrumb\"},\"inLanguage\":\"es\",\"potentialAction\":[{\"@type\":\"ReadAction\",\"target\":[\"https:\/\/www.conica.com\/es\/industrielle-anwendungen\/\"]}]},{\"@type\":\"ImageObject\",\"inLanguage\":\"es\",\"@id\":\"https:\/\/www.conica.com\/es\/industrielle-anwendungen\/#primaryimage\",\"url\":\"https:\/\/www.conica.com\/wp-content\/uploads\/2020\/07\/industirelle-anwendungen.jpg\",\"contentUrl\":\"https:\/\/www.conica.com\/wp-content\/uploads\/2020\/07\/industirelle-anwendungen.jpg\"},{\"@type\":\"BreadcrumbList\",\"@id\":\"https:\/\/www.conica.com\/es\/industrielle-anwendungen\/#breadcrumb\",\"itemListElement\":[{\"@type\":\"ListItem\",\"position\":1,\"name\":\"Home\",\"item\":\"https:\/\/www.conica.com\/es\/\"},{\"@type\":\"ListItem\",\"position\":2,\"name\":\"APLICACIONES INDUSTRIALES\"}]},{\"@type\":\"WebSite\",\"@id\":\"https:\/\/www.conica.com\/it\/#website\",\"url\":\"https:\/\/www.conica.com\/it\/\",\"name\":\"CONICA AG\",\"description\":\"Sport-, Playground- und Functional Flooring Bel\u00e4ge\",\"publisher\":{\"@id\":\"https:\/\/www.conica.com\/it\/#organization\"},\"potentialAction\":[{\"@type\":\"SearchAction\",\"target\":{\"@type\":\"EntryPoint\",\"urlTemplate\":\"https:\/\/www.conica.com\/it\/?s={search_term_string}\"},\"query-input\":{\"@type\":\"PropertyValueSpecification\",\"valueRequired\":true,\"valueName\":\"search_term_string\"}}],\"inLanguage\":\"es\"},{\"@type\":\"Organization\",\"@id\":\"https:\/\/www.conica.com\/it\/#organization\",\"name\":\"CONICA AG\",\"url\":\"https:\/\/www.conica.com\/it\/\",\"logo\":{\"@type\":\"ImageObject\",\"inLanguage\":\"es\",\"@id\":\"https:\/\/www.conica.com\/it\/#\/schema\/logo\/image\/\",\"url\":\"https:\/\/www.conica.com\/wp-content\/uploads\/2020\/04\/logo_conica-01.svg\",\"contentUrl\":\"https:\/\/www.conica.com\/wp-content\/uploads\/2020\/04\/logo_conica-01.svg\",\"caption\":\"CONICA AG\"},\"image\":{\"@id\":\"https:\/\/www.conica.com\/it\/#\/schema\/logo\/image\/\"}}]}<\/script>\n<!-- \/ Yoast SEO plugin. -->","yoast_head_json":{"title":"APLICACIONES INDUSTRIALES - CONICA AG","robots":{"index":"index","follow":"follow","max-snippet":"max-snippet:-1","max-image-preview":"max-image-preview:large","max-video-preview":"max-video-preview:-1"},"canonical":"https:\/\/www.conica.com\/es\/industrielle-anwendungen\/","og_locale":"es_ES","og_type":"article","og_title":"APLICACIONES INDUSTRIALES - CONICA AG","og_url":"https:\/\/www.conica.com\/es\/industrielle-anwendungen\/","og_site_name":"CONICA AG","article_modified_time":"2021-10-06T04:31:36+00:00","og_image":[{"url":"https:\/\/www.conica.com\/wp-content\/uploads\/2020\/07\/industirelle-anwendungen.jpg","type":"","width":"","height":""}],"twitter_card":"summary_large_image","twitter_misc":{"Tiempo de lectura":"2 minutos"},"schema":{"@context":"https:\/\/schema.org","@graph":[{"@type":"WebPage","@id":"https:\/\/www.conica.com\/es\/industrielle-anwendungen\/","url":"https:\/\/www.conica.com\/es\/industrielle-anwendungen\/","name":"APLICACIONES INDUSTRIALES - CONICA AG","isPartOf":{"@id":"https:\/\/www.conica.com\/it\/#website"},"primaryImageOfPage":{"@id":"https:\/\/www.conica.com\/es\/industrielle-anwendungen\/#primaryimage"},"image":{"@id":"https:\/\/www.conica.com\/es\/industrielle-anwendungen\/#primaryimage"},"thumbnailUrl":"https:\/\/www.conica.com\/wp-content\/uploads\/2020\/07\/industirelle-anwendungen.jpg","datePublished":"2020-07-22T06:08:44+00:00","dateModified":"2021-10-06T04:31:36+00:00","breadcrumb":{"@id":"https:\/\/www.conica.com\/es\/industrielle-anwendungen\/#breadcrumb"},"inLanguage":"es","potentialAction":[{"@type":"ReadAction","target":["https:\/\/www.conica.com\/es\/industrielle-anwendungen\/"]}]},{"@type":"ImageObject","inLanguage":"es","@id":"https:\/\/www.conica.com\/es\/industrielle-anwendungen\/#primaryimage","url":"https:\/\/www.conica.com\/wp-content\/uploads\/2020\/07\/industirelle-anwendungen.jpg","contentUrl":"https:\/\/www.conica.com\/wp-content\/uploads\/2020\/07\/industirelle-anwendungen.jpg"},{"@type":"BreadcrumbList","@id":"https:\/\/www.conica.com\/es\/industrielle-anwendungen\/#breadcrumb","itemListElement":[{"@type":"ListItem","position":1,"name":"Home","item":"https:\/\/www.conica.com\/es\/"},{"@type":"ListItem","position":2,"name":"APLICACIONES INDUSTRIALES"}]},{"@type":"WebSite","@id":"https:\/\/www.conica.com\/it\/#website","url":"https:\/\/www.conica.com\/it\/","name":"CONICA AG","description":"Sport-, Playground- und Functional Flooring Bel\u00e4ge","publisher":{"@id":"https:\/\/www.conica.com\/it\/#organization"},"potentialAction":[{"@type":"SearchAction","target":{"@type":"EntryPoint","urlTemplate":"https:\/\/www.conica.com\/it\/?s={search_term_string}"},"query-input":{"@type":"PropertyValueSpecification","valueRequired":true,"valueName":"search_term_string"}}],"inLanguage":"es"},{"@type":"Organization","@id":"https:\/\/www.conica.com\/it\/#organization","name":"CONICA AG","url":"https:\/\/www.conica.com\/it\/","logo":{"@type":"ImageObject","inLanguage":"es","@id":"https:\/\/www.conica.com\/it\/#\/schema\/logo\/image\/","url":"https:\/\/www.conica.com\/wp-content\/uploads\/2020\/04\/logo_conica-01.svg","contentUrl":"https:\/\/www.conica.com\/wp-content\/uploads\/2020\/04\/logo_conica-01.svg","caption":"CONICA AG"},"image":{"@id":"https:\/\/www.conica.com\/it\/#\/schema\/logo\/image\/"}}]}},"featured_image_src":null,"featured_image_src_square":null,"uagb_featured_image_src":{"full":false,"thumbnail":false,"medium":false,"medium_large":false,"large":false,"gs-tiny":false,"xl":false,"xxl":false,"xxxl":false,"xxxxl":false,"xxxxxl":false,"gts-thumbnail":false,"1536x1536":false,"2048x2048":false,"sidebar-featured":false,"genesis-singular-images":false,"ab-block-post-grid-landscape":false,"ab-block-post-grid-square":false,"gform-image-choice-sm":false,"gform-image-choice-md":false,"gform-image-choice-lg":false},"uagb_author_info":{"display_name":"cloudweb admin","author_link":"https:\/\/www.conica.com\/es\/author\/cloudweb-admin\/"},"uagb_comment_info":0,"uagb_excerpt":null,"_links":{"self":[{"href":"https:\/\/www.conica.com\/es\/wp-json\/wp\/v2\/pages\/21309","targetHints":{"allow":["GET"]}}],"collection":[{"href":"https:\/\/www.conica.com\/es\/wp-json\/wp\/v2\/pages"}],"about":[{"href":"https:\/\/www.conica.com\/es\/wp-json\/wp\/v2\/types\/page"}],"author":[{"embeddable":true,"href":"https:\/\/www.conica.com\/es\/wp-json\/wp\/v2\/users\/8"}],"replies":[{"embeddable":true,"href":"https:\/\/www.conica.com\/es\/wp-json\/wp\/v2\/comments?post=21309"}],"version-history":[{"count":0,"href":"https:\/\/www.conica.com\/es\/wp-json\/wp\/v2\/pages\/21309\/revisions"}],"wp:attachment":[{"href":"https:\/\/www.conica.com\/es\/wp-json\/wp\/v2\/media?parent=21309"}],"wp:term":[{"taxonomy":"products_categories","embeddable":true,"href":"https:\/\/www.conica.com\/es\/wp-json\/wp\/v2\/products_categories?post=21309"},{"taxonomy":"project_categories","embeddable":true,"href":"https:\/\/www.conica.com\/es\/wp-json\/wp\/v2\/project_categories?post=21309"},{"taxonomy":"product_quiz_categories","embeddable":true,"href":"https:\/\/www.conica.com\/es\/wp-json\/wp\/v2\/product_quiz_categories?post=21309"},{"taxonomy":"testimonials_categories","embeddable":true,"href":"https:\/\/www.conica.com\/es\/wp-json\/wp\/v2\/testimonials_categories?post=21309"},{"taxonomy":"locations_categories","embeddable":true,"href":"https:\/\/www.conica.com\/es\/wp-json\/wp\/v2\/locations_categories?post=21309"}],"curies":[{"name":"wp","href":"https:\/\/api.w.org\/{rel}","templated":true}]}}