{"id":21388,"date":"2020-05-22T09:52:58","date_gmt":"2020-05-22T07:52:58","guid":{"rendered":"https:\/\/www.conica.com\/parques-infantiles\/produkte-fuer-spielplaetze\/"},"modified":"2026-04-13T08:55:09","modified_gmt":"2026-04-13T06:55:09","slug":"productos-para-parques-infantiles","status":"publish","type":"page","link":"https:\/\/www.conica.com\/es\/parques-infantiles\/productos-para-parques-infantiles\/","title":{"rendered":"Productos para parques infantiles"},"content":{"rendered":"\n<div class=\"wp-block-atomic-blocks-ab-container ab-block-container alignfull\"><div class=\"ab-container-inside\"><div class=\"ab-container-content\">\n<div class=\"wp-block-atomic-blocks-ab-columns page-intro ab-layout-columns-2 ab-2-col-equal alignwide\"><div class=\"ab-layout-column-wrap ab-block-layout-column-gap-2 ab-is-responsive-column\">\n<div class=\"wp-block-atomic-blocks-ab-column ab-block-layout-column\"><div class=\"ab-block-layout-column-inner\">\n<h1 class=\"wp-block-heading no-margin\">PRODUCTOS<\/h1>\n<\/div><\/div>\n\n\n\n<div class=\"wp-block-atomic-blocks-ab-column ab-block-layout-column\"><div class=\"ab-block-layout-column-inner\">\n<p>CONICA fabrica y distribuye una gama de productos que se utilizan para las superficies de seguridad de los parques infantiles y las zonas peatonales, algunos de los cuales pueden utilizarse para optimizar un sistema existente o para mejorar su aspecto.<\/p>\n\n\n\n<p><strong>IMPRIMACI\u00d3N<\/strong><\/p>\n\n\n\n<p class=\"has-normal-font-size\">La cartera de productos de CONICA ofrece imprimaciones para una amplia variedad de aplicaciones:<\/p>\n\n\n        <div class=\"download-wrapper alignfull\">\n            <div\n                    id=\"download-wrapper-content-dl-25644\"\n                    class=\"download-wrapper-content-dl trigger-download-wrapper-content-dl alignwide\"\n                    data-fid=\"25644\"\n                    data-rld=\"\"\n                    data-rnsd=\"1\"\n            >\n                <div class=\"download-icon\">\n\t\t\t\t\t                        <div class=\"pdf\"><\/div>\n\t\t\t\t\t                <\/div>\n                <div class=\"download-title\">\n                    <p>\n                        <strong>Resumen de productos primers<\/strong>&nbsp;<\/p>\n                    <p>                    <\/p>\n                <\/div>\n            <\/div>\n        <\/div>\n\n\t\t\n\n\n<p><strong>PRODUCTOS PARA LA CONSTRUCCI\u00d3N DE PARQUES INFANTILES<\/strong><\/p>\n\n\n\n<p>Para que nuestros clientes puedan elegir el producto adecuado para su proyecto, CONICA ofrece una gama de diferentes aglutinantes. CONIPUR 4020 y CONIPUR 4051 se caracterizan por un largo tiempo de procesado y un r\u00e1pido curado\/tiempo de transitabilidad; CONIPUR 4080 es m\u00e1s lento. Todos los aglutinantes son el\u00e1sticos y son adecuados para la instalaci\u00f3n manual de capas de granulado de goma.<\/p>\n\n\n\n<p>La estructura del sistema para parques infantiles es impermeable al agua, especialmente para su uso en interiores. Esto lo vuelve m\u00e1s insensible a la suciedad y facilita su limpieza. Para ello, se aplica un tapaporos transparente y un sellador transparente a la superficie de EPDM.<\/p>\n\n\n        <div class=\"download-wrapper alignfull\">\n            <div\n                    id=\"download-wrapper-content-dl-46717\"\n                    class=\"download-wrapper-content-dl trigger-download-wrapper-content-dl alignwide\"\n                    data-fid=\"46717\"\n                    data-rld=\"\"\n                    data-rnsd=\"1\"\n            >\n                <div class=\"download-icon\">\n\t\t\t\t\t                        <div class=\"pdf\"><\/div>\n\t\t\t\t\t                <\/div>\n                <div class=\"download-title\">\n                    <p>\n                        <strong>CONIPUR 4480 \u2013 Pore Sealer<\/strong>&nbsp;<\/p>\n                    <p>                    <\/p>\n                <\/div>\n            <\/div>\n        <\/div>\n\n\t\t\n\n        <div class=\"download-wrapper alignfull\">\n            <div\n                    id=\"download-wrapper-content-dl-31418\"\n                    class=\"download-wrapper-content-dl trigger-download-wrapper-content-dl alignwide\"\n                    data-fid=\"31418\"\n                    data-rld=\"\"\n                    data-rnsd=\"1\"\n            >\n                <div class=\"download-icon\">\n\t\t\t\t\t                        <div class=\"pdf\"><\/div>\n\t\t\t\t\t                <\/div>\n                <div class=\"download-title\">\n                    <p>\n                        <strong>CONIPUR 3202 W \u2013 Top Coat <\/strong>&nbsp;<\/p>\n                    <p>                    <\/p>\n                <\/div>\n            <\/div>\n        <\/div>\n\n\t\t\n\n\n<p><strong>PRODUCTOS PARA MOQUETAS DE PIEDRA<\/strong><\/p>\n\n\n\n<p>Estos aglutinantes son m\u00e1s duros y, por lo tanto, particularmente adecuados para las moquetas de piedra.<\/p>\n\n\n        <div class=\"download-wrapper alignfull\">\n            <div\n                    id=\"download-wrapper-content-dl-33785\"\n                    class=\"download-wrapper-content-dl trigger-download-wrapper-content-dl alignwide\"\n                    data-fid=\"33785\"\n                    data-rld=\"\"\n                    data-rnsd=\"1\"\n            >\n                <div class=\"download-icon\">\n\t\t\t\t\t                        <div class=\"pdf\"><\/div>\n\t\t\t\t\t                <\/div>\n                <div class=\"download-title\">\n                    <p>\n                        <strong>CONIPAVE 610\u00a0\u2013 yellowing (not UV-stable) binder <\/strong>&nbsp;<\/p>\n                    <p>                    <\/p>\n                <\/div>\n            <\/div>\n        <\/div>\n\n\t\t\n\n        <div class=\"download-wrapper alignfull\">\n            <div\n                    id=\"download-wrapper-content-dl-38451\"\n                    class=\"download-wrapper-content-dl trigger-download-wrapper-content-dl alignwide\"\n                    data-fid=\"38451\"\n                    data-rld=\"\"\n                    data-rnsd=\"1\"\n            >\n                <div class=\"download-icon\">\n\t\t\t\t\t                        <div class=\"pdf\"><\/div>\n\t\t\t\t\t                <\/div>\n                <div class=\"download-title\">\n                    <p>\n                        <strong>CONIPAVE 653\/1<\/strong>&nbsp;<\/p>\n                    <p>                    <\/p>\n                <\/div>\n            <\/div>\n        <\/div>\n\n\t\t\n\n        <div class=\"download-wrapper alignfull\">\n            <div\n                    id=\"download-wrapper-content-dl-38456\"\n                    class=\"download-wrapper-content-dl trigger-download-wrapper-content-dl alignwide\"\n                    data-fid=\"38456\"\n                    data-rld=\"\"\n                    data-rnsd=\"1\"\n            >\n                <div class=\"download-icon\">\n\t\t\t\t\t                        <div class=\"pdf\"><\/div>\n\t\t\t\t\t                <\/div>\n                <div class=\"download-title\">\n                    <p>\n                        <strong>CONIPAVE 653\/1 thix<\/strong>&nbsp;<\/p>\n                    <p>                    <\/p>\n                <\/div>\n            <\/div>\n        <\/div>\n\n\t\t\n\n\n<p><strong>PRODUCTOS PARA ACTIVITY TRACKS<\/strong><\/p>\n\n\n        <div class=\"download-wrapper alignfull\">\n            <div\n                    id=\"download-wrapper-content-dl-38516\"\n                    class=\"download-wrapper-content-dl trigger-download-wrapper-content-dl alignwide\"\n                    data-fid=\"38516\"\n                    data-rld=\"\"\n                    data-rnsd=\"1\"\n            >\n                <div class=\"download-icon\">\n\t\t\t\t\t                        <div class=\"pdf\"><\/div>\n\t\t\t\t\t                <\/div>\n                <div class=\"download-title\">\n                    <p>\n                        <strong>CONIPUR 326 Bindemittel f\u00fcr die Asphaltersatz- aber auch f\u00fcr die Elastikschicht <\/strong>&nbsp;<\/p>\n                    <p>                    <\/p>\n                <\/div>\n            <\/div>\n        <\/div>\n\n\t\t\n\n        <div class=\"download-wrapper alignfull\">\n            <div\n                    id=\"download-wrapper-content-dl-38461\"\n                    class=\"download-wrapper-content-dl trigger-download-wrapper-content-dl alignwide\"\n                    data-fid=\"38461\"\n                    data-rld=\"\"\n                    data-rnsd=\"1\"\n            >\n                <div class=\"download-icon\">\n\t\t\t\t\t                        <div class=\"pdf\"><\/div>\n\t\t\t\t\t                <\/div>\n                <div class=\"download-title\">\n                    <p>\n                        <strong>CONIPUR 326 \u2013 binder for CONIPUR Jbase as well as for elastic layers<\/strong>&nbsp;<\/p>\n                    <p>                    <\/p>\n                <\/div>\n            <\/div>\n        <\/div>\n\n\t\t\n\n        <div class=\"download-wrapper alignfull\">\n            <div\n                    id=\"download-wrapper-content-dl-31554\"\n                    class=\"download-wrapper-content-dl trigger-download-wrapper-content-dl alignwide\"\n                    data-fid=\"31554\"\n                    data-rld=\"\"\n                    data-rnsd=\"1\"\n            >\n                <div class=\"download-icon\">\n\t\t\t\t\t                        <div class=\"pdf\"><\/div>\n\t\t\t\t\t                <\/div>\n                <div class=\"download-title\">\n                    <p>\n                        <strong>CONIPUR 2400 &#8211; pore sealer <\/strong>&nbsp;<\/p>\n                    <p>                    <\/p>\n                <\/div>\n            <\/div>\n        <\/div>\n\n\t\t\n\n        <div class=\"download-wrapper alignfull\">\n            <div\n                    id=\"download-wrapper-content-dl-31529\"\n                    class=\"download-wrapper-content-dl trigger-download-wrapper-content-dl alignwide\"\n                    data-fid=\"31529\"\n                    data-rld=\"\"\n                    data-rnsd=\"1\"\n            >\n                <div class=\"download-icon\">\n\t\t\t\t\t                        <div class=\"pdf\"><\/div>\n\t\t\t\t\t                <\/div>\n                <div class=\"download-title\">\n                    <p>\n                        <strong>CONIPUR 210 \u2013 coating<\/strong>&nbsp;<\/p>\n                    <p>                    <\/p>\n                <\/div>\n            <\/div>\n        <\/div>\n\n\t\t\n\n        <div class=\"download-wrapper alignfull\">\n            <div\n                    id=\"download-wrapper-content-dl-31549\"\n                    class=\"download-wrapper-content-dl trigger-download-wrapper-content-dl alignwide\"\n                    data-fid=\"31549\"\n                    data-rld=\"\"\n                    data-rnsd=\"1\"\n            >\n                <div class=\"download-icon\">\n\t\t\t\t\t                        <div class=\"pdf\"><\/div>\n\t\t\t\t\t                <\/div>\n                <div class=\"download-title\">\n                    <p>\n                        <strong>CONIPUR 7310 \u2013 spraycoating<\/strong>&nbsp;<\/p>\n                    <p>                    <\/p>\n                <\/div>\n            <\/div>\n        <\/div>\n\n\t\t\n\n        <div class=\"download-wrapper alignfull\">\n            <div\n                    id=\"download-wrapper-content-dl-31539\"\n                    class=\"download-wrapper-content-dl trigger-download-wrapper-content-dl alignwide\"\n                    data-fid=\"31539\"\n                    data-rld=\"\"\n                    data-rnsd=\"1\"\n            >\n                <div class=\"download-icon\">\n\t\t\t\t\t                        <div class=\"pdf\"><\/div>\n\t\t\t\t\t                <\/div>\n                <div class=\"download-title\">\n                    <p>\n                        <strong>CONIPUR 2200 \u2013 pigmented, UV-resistant top coat<\/strong>&nbsp;<\/p>\n                    <p>                    <\/p>\n                <\/div>\n            <\/div>\n        <\/div>\n\n\t\t\n\n        <div class=\"download-wrapper alignfull\">\n            <div\n                    id=\"download-wrapper-content-dl-31544\"\n                    class=\"download-wrapper-content-dl trigger-download-wrapper-content-dl alignwide\"\n                    data-fid=\"31544\"\n                    data-rld=\"\"\n                    data-rnsd=\"1\"\n            >\n                <div class=\"download-icon\">\n\t\t\t\t\t                        <div class=\"pdf\"><\/div>\n\t\t\t\t\t                <\/div>\n                <div class=\"download-title\">\n                    <p>\n                        <strong>CONIPUR 2210 \u2013 anti-skid, pigmented, UV-resistant top coat <\/strong>&nbsp;<\/p>\n                    <p>                    <\/p>\n                <\/div>\n            <\/div>\n        <\/div>\n\n\t\t\n\n\n<p><strong>GRANULADO NEGRO<\/strong><\/p>\n\n\n\n<p>El SBR se produce en la sede de CONICA en el Reino Unido. Es un producto reciclado hecho de neum\u00e1ticos usados de camiones y se utiliza como capa base de las superficies de los parques infantiles.<\/p>\n\n\n        <div class=\"download-wrapper alignfull\">\n            <div\n                    id=\"download-wrapper-content-dl-38521\"\n                    class=\"download-wrapper-content-dl trigger-download-wrapper-content-dl alignwide\"\n                    data-fid=\"38521\"\n                    data-rld=\"\"\n                    data-rnsd=\"1\"\n            >\n                <div class=\"download-icon\">\n\t\t\t\t\t                        <div class=\"pdf\"><\/div>\n\t\t\t\t\t                <\/div>\n                <div class=\"download-title\">\n                    <p>\n                        <strong>CONIPUR SBR R <\/strong>&nbsp;<\/p>\n                    <p>                    <\/p>\n                <\/div>\n            <\/div>\n        <\/div>\n\n\t\t\n\n\n<p><strong>GRANULADO DE EPDM<\/strong><\/p>\n\n\n\n<p>El granulado de EPDM de CONIPUR es duradero, flexible y de alta calidad. Es f\u00e1cil de procesar y est\u00e1 disponible en 22 colores est\u00e1ndar, por lo que no hay l\u00edmites para la creatividad en el dise\u00f1o de superficies.<\/p>\n\n\n        <div class=\"download-wrapper alignfull\">\n            <div\n                    id=\"download-wrapper-content-dl-41117\"\n                    class=\"download-wrapper-content-dl trigger-download-wrapper-content-dl alignwide\"\n                    data-fid=\"41117\"\n                    data-rld=\"\"\n                    data-rnsd=\"1\"\n            >\n                <div class=\"download-icon\">\n\t\t\t\t\t                        <div class=\"pdf\"><\/div>\n\t\t\t\t\t                <\/div>\n                <div class=\"download-title\">\n                    <p>\n                        <strong>CONIPUR EPDM, 1.0 \u2013 3.5 mm<\/strong>&nbsp;<\/p>\n                    <p>                    <\/p>\n                <\/div>\n            <\/div>\n        <\/div>\n\n\t\t\n\n        <div class=\"download-wrapper alignfull\">\n            <div\n                    id=\"download-wrapper-content-dl-38501\"\n                    class=\"download-wrapper-content-dl trigger-download-wrapper-content-dl alignwide\"\n                    data-fid=\"38501\"\n                    data-rld=\"\"\n                    data-rnsd=\"1\"\n            >\n                <div class=\"download-icon\">\n\t\t\t\t\t                        <div class=\"pdf\"><\/div>\n\t\t\t\t\t                <\/div>\n                <div class=\"download-title\">\n                    <p>\n                        <strong>CONIPUR EPDM, 0.0 \u2013 0.5 mm<\/strong>&nbsp;<\/p>\n                    <p>                    <\/p>\n                <\/div>\n            <\/div>\n        <\/div>\n\n\t\t\n\n        <div class=\"download-wrapper alignfull\">\n            <div\n                    id=\"download-wrapper-content-dl-38506\"\n                    class=\"download-wrapper-content-dl trigger-download-wrapper-content-dl alignwide\"\n                    data-fid=\"38506\"\n                    data-rld=\"\"\n                    data-rnsd=\"1\"\n            >\n                <div class=\"download-icon\">\n\t\t\t\t\t                        <div class=\"pdf\"><\/div>\n\t\t\t\t\t                <\/div>\n                <div class=\"download-title\">\n                    <p>\n                        <strong>CONIPUR EPDM Colour Chart <\/strong>&nbsp;<\/p>\n                    <p>                    <\/p>\n                <\/div>\n            <\/div>\n        <\/div>\n\n\t\t\n\n\n<p><strong>MEDIOS AUXILIARES<\/strong><\/p>\n\n\n        <div class=\"download-wrapper alignfull\">\n            <div\n                    id=\"download-wrapper-content-dl-38511\"\n                    class=\"download-wrapper-content-dl trigger-download-wrapper-content-dl alignwide\"\n                    data-fid=\"38511\"\n                    data-rld=\"\"\n                    data-rnsd=\"1\"\n            >\n                <div class=\"download-icon\">\n\t\t\t\t\t                        <div class=\"pdf\"><\/div>\n\t\t\t\t\t                <\/div>\n                <div class=\"download-title\">\n                    <p>\n                        <strong>Smoothing Agent \u2013 facilitates the application of the rubber\/stone-binder-mix<\/strong>&nbsp;<\/p>\n                    <p>                    <\/p>\n                <\/div>\n            <\/div>\n        <\/div>\n\n\t\t<\/div><\/div>\n<\/div><\/div>\n<\/div><\/div><\/div>\n","protected":false},"excerpt":{"rendered":"","protected":false},"author":8,"featured_media":0,"parent":21378,"menu_order":0,"comment_status":"closed","ping_status":"closed","template":"","meta":{"_acf_changed":false,"_uag_custom_page_level_css":"","_genesis_hide_title":false,"_genesis_hide_breadcrumbs":false,"_genesis_hide_singular_image":false,"_genesis_custom_body_class":"","_genesis_custom_post_class":"","_genesis_layout":"","footnotes":""},"products_categories":[],"project_categories":[],"product_quiz_categories":[],"testimonials_categories":[],"locations_categories":[],"class_list":{"0":"post-21388","1":"page","2":"type-page","3":"status-publish","5":"entry"},"acf":[],"yoast_head":"<!-- This site is optimized with the Yoast SEO plugin v27.4 - https:\/\/yoast.com\/product\/yoast-seo-wordpress\/ -->\n<title>Productos para parques infantiles - CONICA AG<\/title>\n<meta name=\"robots\" content=\"index, follow, max-snippet:-1, max-image-preview:large, max-video-preview:-1\" \/>\n<link rel=\"canonical\" href=\"https:\/\/www.conica.com\/es\/parques-infantiles\/productos-para-parques-infantiles\/\" \/>\n<meta property=\"og:locale\" content=\"es_ES\" \/>\n<meta property=\"og:type\" content=\"article\" \/>\n<meta property=\"og:title\" content=\"Productos para parques infantiles - CONICA AG\" \/>\n<meta property=\"og:url\" content=\"https:\/\/www.conica.com\/es\/parques-infantiles\/productos-para-parques-infantiles\/\" \/>\n<meta property=\"og:site_name\" content=\"CONICA AG\" \/>\n<meta property=\"article:modified_time\" content=\"2026-04-13T06:55:09+00:00\" \/>\n<meta name=\"twitter:card\" content=\"summary_large_image\" \/>\n<meta name=\"twitter:label1\" content=\"Tiempo de lectura\" \/>\n\t<meta name=\"twitter:data1\" content=\"2 minutos\" \/>\n<script type=\"application\/ld+json\" class=\"yoast-schema-graph\">{\"@context\":\"https:\\\/\\\/schema.org\",\"@graph\":[{\"@type\":\"WebPage\",\"@id\":\"https:\\\/\\\/www.conica.com\\\/es\\\/parques-infantiles\\\/productos-para-parques-infantiles\\\/\",\"url\":\"https:\\\/\\\/www.conica.com\\\/es\\\/parques-infantiles\\\/productos-para-parques-infantiles\\\/\",\"name\":\"Productos para parques infantiles - CONICA AG\",\"isPartOf\":{\"@id\":\"https:\\\/\\\/www.conica.com\\\/it\\\/#website\"},\"datePublished\":\"2020-05-22T07:52:58+00:00\",\"dateModified\":\"2026-04-13T06:55:09+00:00\",\"breadcrumb\":{\"@id\":\"https:\\\/\\\/www.conica.com\\\/es\\\/parques-infantiles\\\/productos-para-parques-infantiles\\\/#breadcrumb\"},\"inLanguage\":\"es\",\"potentialAction\":[{\"@type\":\"ReadAction\",\"target\":[\"https:\\\/\\\/www.conica.com\\\/es\\\/parques-infantiles\\\/productos-para-parques-infantiles\\\/\"]}]},{\"@type\":\"BreadcrumbList\",\"@id\":\"https:\\\/\\\/www.conica.com\\\/es\\\/parques-infantiles\\\/productos-para-parques-infantiles\\\/#breadcrumb\",\"itemListElement\":[{\"@type\":\"ListItem\",\"position\":1,\"name\":\"Home\",\"item\":\"https:\\\/\\\/www.conica.com\\\/es\\\/\"},{\"@type\":\"ListItem\",\"position\":2,\"name\":\"Parques infantiles\",\"item\":\"https:\\\/\\\/www.conica.com\\\/es\\\/parques-infantiles\\\/\"},{\"@type\":\"ListItem\",\"position\":3,\"name\":\"Productos para parques infantiles\"}]},{\"@type\":\"WebSite\",\"@id\":\"https:\\\/\\\/www.conica.com\\\/it\\\/#website\",\"url\":\"https:\\\/\\\/www.conica.com\\\/it\\\/\",\"name\":\"CONICA AG\",\"description\":\"Sport-, Playground- und Functional Flooring Bel\u00e4ge\",\"publisher\":{\"@id\":\"https:\\\/\\\/www.conica.com\\\/it\\\/#organization\"},\"potentialAction\":[{\"@type\":\"SearchAction\",\"target\":{\"@type\":\"EntryPoint\",\"urlTemplate\":\"https:\\\/\\\/www.conica.com\\\/it\\\/?s={search_term_string}\"},\"query-input\":{\"@type\":\"PropertyValueSpecification\",\"valueRequired\":true,\"valueName\":\"search_term_string\"}}],\"inLanguage\":\"es\"},{\"@type\":\"Organization\",\"@id\":\"https:\\\/\\\/www.conica.com\\\/it\\\/#organization\",\"name\":\"CONICA AG\",\"url\":\"https:\\\/\\\/www.conica.com\\\/it\\\/\",\"logo\":{\"@type\":\"ImageObject\",\"inLanguage\":\"es\",\"@id\":\"https:\\\/\\\/www.conica.com\\\/it\\\/#\\\/schema\\\/logo\\\/image\\\/\",\"url\":\"https:\\\/\\\/www.conica.com\\\/wp-content\\\/uploads\\\/2020\\\/04\\\/logo_conica-01.svg\",\"contentUrl\":\"https:\\\/\\\/www.conica.com\\\/wp-content\\\/uploads\\\/2020\\\/04\\\/logo_conica-01.svg\",\"caption\":\"CONICA AG\"},\"image\":{\"@id\":\"https:\\\/\\\/www.conica.com\\\/it\\\/#\\\/schema\\\/logo\\\/image\\\/\"}}]}<\/script>\n<!-- \/ Yoast SEO plugin. -->","yoast_head_json":{"title":"Productos para parques infantiles - CONICA AG","robots":{"index":"index","follow":"follow","max-snippet":"max-snippet:-1","max-image-preview":"max-image-preview:large","max-video-preview":"max-video-preview:-1"},"canonical":"https:\/\/www.conica.com\/es\/parques-infantiles\/productos-para-parques-infantiles\/","og_locale":"es_ES","og_type":"article","og_title":"Productos para parques infantiles - CONICA AG","og_url":"https:\/\/www.conica.com\/es\/parques-infantiles\/productos-para-parques-infantiles\/","og_site_name":"CONICA AG","article_modified_time":"2026-04-13T06:55:09+00:00","twitter_card":"summary_large_image","twitter_misc":{"Tiempo de lectura":"2 minutos"},"schema":{"@context":"https:\/\/schema.org","@graph":[{"@type":"WebPage","@id":"https:\/\/www.conica.com\/es\/parques-infantiles\/productos-para-parques-infantiles\/","url":"https:\/\/www.conica.com\/es\/parques-infantiles\/productos-para-parques-infantiles\/","name":"Productos para parques infantiles - CONICA AG","isPartOf":{"@id":"https:\/\/www.conica.com\/it\/#website"},"datePublished":"2020-05-22T07:52:58+00:00","dateModified":"2026-04-13T06:55:09+00:00","breadcrumb":{"@id":"https:\/\/www.conica.com\/es\/parques-infantiles\/productos-para-parques-infantiles\/#breadcrumb"},"inLanguage":"es","potentialAction":[{"@type":"ReadAction","target":["https:\/\/www.conica.com\/es\/parques-infantiles\/productos-para-parques-infantiles\/"]}]},{"@type":"BreadcrumbList","@id":"https:\/\/www.conica.com\/es\/parques-infantiles\/productos-para-parques-infantiles\/#breadcrumb","itemListElement":[{"@type":"ListItem","position":1,"name":"Home","item":"https:\/\/www.conica.com\/es\/"},{"@type":"ListItem","position":2,"name":"Parques infantiles","item":"https:\/\/www.conica.com\/es\/parques-infantiles\/"},{"@type":"ListItem","position":3,"name":"Productos para parques infantiles"}]},{"@type":"WebSite","@id":"https:\/\/www.conica.com\/it\/#website","url":"https:\/\/www.conica.com\/it\/","name":"CONICA AG","description":"Sport-, Playground- und Functional Flooring Bel\u00e4ge","publisher":{"@id":"https:\/\/www.conica.com\/it\/#organization"},"potentialAction":[{"@type":"SearchAction","target":{"@type":"EntryPoint","urlTemplate":"https:\/\/www.conica.com\/it\/?s={search_term_string}"},"query-input":{"@type":"PropertyValueSpecification","valueRequired":true,"valueName":"search_term_string"}}],"inLanguage":"es"},{"@type":"Organization","@id":"https:\/\/www.conica.com\/it\/#organization","name":"CONICA AG","url":"https:\/\/www.conica.com\/it\/","logo":{"@type":"ImageObject","inLanguage":"es","@id":"https:\/\/www.conica.com\/it\/#\/schema\/logo\/image\/","url":"https:\/\/www.conica.com\/wp-content\/uploads\/2020\/04\/logo_conica-01.svg","contentUrl":"https:\/\/www.conica.com\/wp-content\/uploads\/2020\/04\/logo_conica-01.svg","caption":"CONICA AG"},"image":{"@id":"https:\/\/www.conica.com\/it\/#\/schema\/logo\/image\/"}}]}},"featured_image_src":null,"featured_image_src_square":null,"uagb_featured_image_src":{"full":false,"thumbnail":false,"medium":false,"medium_large":false,"large":false,"gs-tiny":false,"xl":false,"xxl":false,"xxxl":false,"xxxxl":false,"xxxxxl":false,"gts-thumbnail":false,"1536x1536":false,"2048x2048":false,"sidebar-featured":false,"genesis-singular-images":false,"ab-block-post-grid-landscape":false,"ab-block-post-grid-square":false,"gform-image-choice-sm":false,"gform-image-choice-md":false,"gform-image-choice-lg":false},"uagb_author_info":{"display_name":"cloudweb admin","author_link":"https:\/\/www.conica.com\/es\/author\/cloudweb-admin\/"},"uagb_comment_info":0,"uagb_excerpt":null,"_links":{"self":[{"href":"https:\/\/www.conica.com\/es\/wp-json\/wp\/v2\/pages\/21388","targetHints":{"allow":["GET"]}}],"collection":[{"href":"https:\/\/www.conica.com\/es\/wp-json\/wp\/v2\/pages"}],"about":[{"href":"https:\/\/www.conica.com\/es\/wp-json\/wp\/v2\/types\/page"}],"author":[{"embeddable":true,"href":"https:\/\/www.conica.com\/es\/wp-json\/wp\/v2\/users\/8"}],"replies":[{"embeddable":true,"href":"https:\/\/www.conica.com\/es\/wp-json\/wp\/v2\/comments?post=21388"}],"version-history":[{"count":1,"href":"https:\/\/www.conica.com\/es\/wp-json\/wp\/v2\/pages\/21388\/revisions"}],"predecessor-version":[{"id":46722,"href":"https:\/\/www.conica.com\/es\/wp-json\/wp\/v2\/pages\/21388\/revisions\/46722"}],"up":[{"embeddable":true,"href":"https:\/\/www.conica.com\/es\/wp-json\/wp\/v2\/pages\/21378"}],"wp:attachment":[{"href":"https:\/\/www.conica.com\/es\/wp-json\/wp\/v2\/media?parent=21388"}],"wp:term":[{"taxonomy":"products_categories","embeddable":true,"href":"https:\/\/www.conica.com\/es\/wp-json\/wp\/v2\/products_categories?post=21388"},{"taxonomy":"project_categories","embeddable":true,"href":"https:\/\/www.conica.com\/es\/wp-json\/wp\/v2\/project_categories?post=21388"},{"taxonomy":"product_quiz_categories","embeddable":true,"href":"https:\/\/www.conica.com\/es\/wp-json\/wp\/v2\/product_quiz_categories?post=21388"},{"taxonomy":"testimonials_categories","embeddable":true,"href":"https:\/\/www.conica.com\/es\/wp-json\/wp\/v2\/testimonials_categories?post=21388"},{"taxonomy":"locations_categories","embeddable":true,"href":"https:\/\/www.conica.com\/es\/wp-json\/wp\/v2\/locations_categories?post=21388"}],"curies":[{"name":"wp","href":"https:\/\/api.w.org\/{rel}","templated":true}]}}