{"id":21415,"date":"2020-06-18T16:12:57","date_gmt":"2020-06-18T14:12:57","guid":{"rendered":"https:\/\/www.conica.com\/industria\/pavimentos-industriales\/ableitfaehige-industriebeschichtungen\/"},"modified":"2021-10-06T07:16:36","modified_gmt":"2021-10-06T05:16:36","slug":"recubrimientos-industriales-disipadores","status":"publish","type":"page","link":"https:\/\/www.conica.com\/es\/industria\/pavimentos-industriales\/recubrimientos-industriales-disipadores\/","title":{"rendered":"Recubrimientos industriales disipadores"},"content":{"rendered":"\n<div class=\"wp-block-atomic-blocks-ab-container ab-block-container alignfull\"><div class=\"ab-container-inside\"><div class=\"ab-container-content\">\n<div class=\"wp-block-atomic-blocks-ab-columns page-intro ab-layout-columns-2 ab-2-col-equal alignwide\"><div class=\"ab-layout-column-wrap ab-block-layout-column-gap-2 ab-is-responsive-column\">\n<div class=\"wp-block-atomic-blocks-ab-column ab-block-layout-column\"><div class=\"ab-block-layout-column-inner\">\n<h1 class=\"no-margin wp-block-heading\">Recubrimientos industriales disipadores<\/h1>\n<\/div><\/div>\n\n\n\n<div class=\"wp-block-atomic-blocks-ab-column ab-block-layout-column\"><div class=\"ab-block-layout-column-inner\">\n<p>En esta \u00e1rea encontrar\u00e1 pavimentos de alta conductividad, principalmente para la protecci\u00f3n contra explosiones, y pavimentos con conductividad definida con precisi\u00f3n que se utilizan sobre todo en la industria electr\u00f3nica como pavimentos ESD. Estos pavimentos pueden utilizarse en capas gruesas de alto rendimiento, pero tambi\u00e9n en capas m\u00e1s finas y estructuradas. Se dispone de selladores para su reutilizaci\u00f3n, que convierten un suelo disipativo en un suelo ESD.<\/p>\n\n\n\n<p><\/p>\n<\/div><\/div>\n<\/div><\/div>\n\n\n\n<p><\/p>\n<\/div><\/div><\/div>\n\n\n<div class=\"product-list-container alignfull\">\n    <div class=\"product-list-content\">\n        <div class=\"grid-row\">\n\n            \n\n            \n\n\n                <div class=\"grid-item grid-number-1\">\n                    <a class=\"wrapping-link\" href=\"https:\/\/www.conica.com\/es\/products\/conifloor-ies-as-3\/\"><\/a>\n                    <div class=\"grid-item-wrapper\">\n                        <div class=\"grid-item-container\">\n                            <div class=\"grid-image-top\">\n                                <span class=\"centered project-image-bg\"\n                                    style=\"background-image: url(https:\/\/www.conica.com\/wp-content\/uploads\/2020\/06\/FunctionalFlooring_Industrial_HochleistungsIndustriebeschichtungen-1024x660.jpg)\"><\/span>\n\n                            <\/div>\n\n                            \n                            <div class=\"grid-item-content\">\n                                <div class=\"column\">\n                                    <span class=\"item-title\">CONIFLOOR IES AS<\/span>\n                                    <span class=\"item-excerpt\"><p>Capa volcada de uso disipativa de resina epoxi coloreada, para cargas mec\u00e1nicas pesadas.<\/p>\n<\/span>\n\n                                <\/div>\n\n                                                                    <div class=\"item-small-container\">\n                                        <img decoding=\"async\" src=\"https:\/\/www.conica.com\/wp-content\/uploads\/2020\/07\/conifloor-ies-as-conica.png\" \/>\n                                    <\/div>\n                                                            <\/div>\n                        <\/div>\n                    <\/div>\n                <\/div>\n\n                \n\n\n                <div class=\"grid-item grid-number-2\">\n                    <a class=\"wrapping-link\" href=\"https:\/\/www.conica.com\/es\/products\/conifloor-ies-esd-2\/\"><\/a>\n                    <div class=\"grid-item-wrapper\">\n                        <div class=\"grid-item-container\">\n                            <div class=\"grid-image-top\">\n                                <span class=\"centered project-image-bg\"\n                                    style=\"background-image: url(https:\/\/www.conica.com\/wp-content\/uploads\/2020\/07\/Deutschland_Neuhausen-ob-Eck_Lagerhalle-1024x660.jpg)\"><\/span>\n\n                            <\/div>\n\n                            \n                            <div class=\"grid-item-content\">\n                                <div class=\"column\">\n                                    <span class=\"item-title\">CONIFLOOR IES ESD<\/span>\n                                    <span class=\"item-excerpt\"><p>Capa volcada de uso de resina epoxi coloreada, compatible con ESD, para cargas pesadas y<br \/>\nmoderadas.<\/p>\n<\/span>\n\n                                <\/div>\n\n                                                                    <div class=\"item-small-container\">\n                                        <img decoding=\"async\" src=\"https:\/\/www.conica.com\/wp-content\/uploads\/2020\/07\/conifloor_ies_as_esd.png\" \/>\n                                    <\/div>\n                                                            <\/div>\n                        <\/div>\n                    <\/div>\n                <\/div>\n\n                \n\n\n                <div class=\"grid-item grid-number-3\">\n                    <a class=\"wrapping-link\" href=\"https:\/\/www.conica.com\/es\/products\/conifloor-iet-as\/\"><\/a>\n                    <div class=\"grid-item-wrapper\">\n                        <div class=\"grid-item-container\">\n                            <div class=\"grid-image-top\">\n                                <span class=\"centered project-image-bg\"\n                                    style=\"background-image: url(https:\/\/www.conica.com\/wp-content\/uploads\/2020\/07\/FunctionalFlooring_Industrial_WirtschaftlicheIndustriebeschichtungen-1024x660.jpg)\"><\/span>\n\n                            <\/div>\n\n                            \n                            <div class=\"grid-item-content\">\n                                <div class=\"column\">\n                                    <span class=\"item-title\">CONIFLOOR IET AS<\/span>\n                                    <span class=\"item-excerpt\"><p>Capa a rodillo disipativa<br \/>\npara cargas mec\u00e1nicas medias con propiedades antideslizantes. <\/p>\n<\/span>\n\n                                <\/div>\n\n                                                                    <div class=\"item-small-container\">\n                                        <img decoding=\"async\" src=\"https:\/\/www.conica.com\/wp-content\/uploads\/2020\/06\/conifloor_iet_as.png\" \/>\n                                    <\/div>\n                                                            <\/div>\n                        <\/div>\n                    <\/div>\n                <\/div>\n\n                \n\n\n                <div class=\"grid-item grid-number-4\">\n                    <a class=\"wrapping-link\" href=\"https:\/\/www.conica.com\/es\/products\/conifloor-ips-as-esd-3\/\"><\/a>\n                    <div class=\"grid-item-wrapper\">\n                        <div class=\"grid-item-container\">\n                            <div class=\"grid-image-top\">\n                                <span class=\"centered project-image-bg\"\n                                    style=\"background-image: url(https:\/\/www.conica.com\/wp-content\/uploads\/2020\/10\/lager-rampe-2-1-1024x576.png)\"><\/span>\n\n                            <\/div>\n\n                            \n                            <div class=\"grid-item-content\">\n                                <div class=\"column\">\n                                    <span class=\"item-title\">CONIFLOOR IPS AS ESD<\/span>\n                                    <span class=\"item-excerpt\"><p>Capa volcada de uso de poliuretano disipativa y coloreada con sellador antideslizante ESD para cargas bajas y medias.<\/p>\n<\/span>\n\n                                <\/div>\n\n                                                                    <div class=\"item-small-container\">\n                                        <img decoding=\"async\" src=\"https:\/\/www.conica.com\/wp-content\/uploads\/2020\/06\/conifloor_ips_as_esd.png\" \/>\n                                    <\/div>\n                                                            <\/div>\n                        <\/div>\n                    <\/div>\n                <\/div>\n\n                \n\n\n                <div class=\"grid-item grid-number-5\">\n                    <a class=\"wrapping-link\" href=\"https:\/\/www.conica.com\/es\/products\/conifloor-colorquartz-le-as-esd\/\"><\/a>\n                    <div class=\"grid-item-wrapper\">\n                        <div class=\"grid-item-container\">\n                            <div class=\"grid-image-top\">\n                                <span class=\"centered project-image-bg\"\n                                    style=\"background-image: url(https:\/\/www.conica.com\/wp-content\/uploads\/2020\/07\/Deutschland_Wallduern-Altheim_Industriehalle_2-1024x660.jpg)\"><\/span>\n\n                            <\/div>\n\n                            \n                            <div class=\"grid-item-content\">\n                                <div class=\"column\">\n                                    <span class=\"item-title\">CONIFLOOR COLORQUARZ LE AS-ESD<\/span>\n                                    <span class=\"item-excerpt\"><p>Pavimento esparcido de resina epoxi sin disolventes con arena de cuarzo coloreada para cargas mec\u00e1nicas pesadas. <\/p>\n<\/span>\n\n                                <\/div>\n\n                                                                    <div class=\"item-small-container\">\n                                        <img decoding=\"async\" src=\"https:\/\/www.conica.com\/wp-content\/uploads\/2020\/08\/CONIFLOOR_Colorquarz_esd.png\" \/>\n                                    <\/div>\n                                                            <\/div>\n                        <\/div>\n                    <\/div>\n                <\/div>\n\n                \n\n\n                <div class=\"grid-item grid-number-6\">\n                    <a class=\"wrapping-link\" href=\"https:\/\/www.conica.com\/es\/products\/conifloor-iet-esd\/\"><\/a>\n                    <div class=\"grid-item-wrapper\">\n                        <div class=\"grid-item-container\">\n                            <div class=\"grid-image-top\">\n                                <span class=\"centered project-image-bg\"\n                                    style=\"background-image: url(https:\/\/www.conica.com\/wp-content\/uploads\/2020\/06\/FunctionalFlooring_Industrial_AbleitfaehigeIndustriebeschichtungen-1024x660.jpg)\"><\/span>\n\n                            <\/div>\n\n                            \n                            <div class=\"grid-item-content\">\n                                <div class=\"column\">\n                                    <span class=\"item-title\">CONIFLOOR IET ESD<\/span>\n                                    <span class=\"item-excerpt\"><p>Capa a rodillo ESD con propiedades antideslizantes, para cargas bajas y medias. <\/p>\n<\/span>\n\n                                <\/div>\n\n                                                                    <div class=\"item-small-container\">\n                                        <img decoding=\"async\" src=\"https:\/\/www.conica.com\/wp-content\/uploads\/2020\/06\/conifloor_iet_esd.png\" \/>\n                                    <\/div>\n                                                            <\/div>\n                        <\/div>\n                    <\/div>\n                <\/div>\n\n                \n\n\n                <div class=\"grid-item grid-number-7\">\n                    <a class=\"wrapping-link\" href=\"https:\/\/www.conica.com\/es\/products\/conifloor-iec-as-4\/\"><\/a>\n                    <div class=\"grid-item-wrapper\">\n                        <div class=\"grid-item-container\">\n                            <div class=\"grid-image-top\">\n                                <span class=\"centered project-image-bg\"\n                                    style=\"background-image: url(https:\/\/www.conica.com\/wp-content\/uploads\/2020\/10\/lager-rampe-3-1-1024x576.png)\"><\/span>\n\n                            <\/div>\n\n                                                            <div class=\"new\"><span class=\"new-icon\"><\/span><\/div>\n                            \n                            <div class=\"grid-item-content\">\n                                <div class=\"column\">\n                                    <span class=\"item-title\">CONIFLOOR IEC AS<\/span>\n                                    <span class=\"item-excerpt\"><p>Duro pavimento de epoxi con superficie disipativa y puenteo de fisuras.  Para cargas mec\u00e1nicas y qu\u00edmicas altas<\/p>\n<\/span>\n\n                                <\/div>\n\n                                                                    <div class=\"item-small-container\">\n                                        <img decoding=\"async\" src=\"https:\/\/www.conica.com\/wp-content\/uploads\/2021\/03\/conica-iec-as.png\" \/>\n                                    <\/div>\n                                                            <\/div>\n                        <\/div>\n                    <\/div>\n                <\/div>\n\n                \n\n            \n        <\/div>\n    <\/div>\n<\/div>","protected":false},"excerpt":{"rendered":"","protected":false},"author":8,"featured_media":0,"parent":21407,"menu_order":0,"comment_status":"closed","ping_status":"closed","template":"","meta":{"_acf_changed":false,"_uag_custom_page_level_css":"","_genesis_hide_title":false,"_genesis_hide_breadcrumbs":false,"_genesis_hide_singular_image":false,"_genesis_custom_body_class":"","_genesis_custom_post_class":"","_genesis_layout":"","footnotes":""},"products_categories":[47],"project_categories":[],"product_quiz_categories":[],"testimonials_categories":[],"locations_categories":[],"class_list":{"0":"post-21415","1":"page","2":"type-page","3":"status-publish","5":"products_categories-ableitfaehige-industriebeschichtungen","6":"entry"},"acf":[],"yoast_head":"<!-- This site is optimized with the Yoast SEO plugin v27.4 - https:\/\/yoast.com\/product\/yoast-seo-wordpress\/ -->\n<title>Recubrimientos industriales disipadores - CONICA AG<\/title>\n<meta name=\"robots\" content=\"index, follow, max-snippet:-1, max-image-preview:large, max-video-preview:-1\" \/>\n<link rel=\"canonical\" href=\"https:\/\/www.conica.com\/es\/industria\/pavimentos-industriales\/recubrimientos-industriales-disipadores\/\" \/>\n<meta property=\"og:locale\" content=\"es_ES\" \/>\n<meta property=\"og:type\" content=\"article\" \/>\n<meta property=\"og:title\" content=\"Recubrimientos industriales disipadores - CONICA AG\" \/>\n<meta property=\"og:url\" content=\"https:\/\/www.conica.com\/es\/industria\/pavimentos-industriales\/recubrimientos-industriales-disipadores\/\" \/>\n<meta property=\"og:site_name\" content=\"CONICA AG\" \/>\n<meta property=\"article:modified_time\" content=\"2021-10-06T05:16:36+00:00\" \/>\n<meta name=\"twitter:card\" content=\"summary_large_image\" \/>\n<meta name=\"twitter:label1\" content=\"Tiempo de lectura\" \/>\n\t<meta name=\"twitter:data1\" content=\"1 minuto\" \/>\n<script type=\"application\/ld+json\" class=\"yoast-schema-graph\">{\"@context\":\"https:\\\/\\\/schema.org\",\"@graph\":[{\"@type\":\"WebPage\",\"@id\":\"https:\\\/\\\/www.conica.com\\\/es\\\/industria\\\/pavimentos-industriales\\\/recubrimientos-industriales-disipadores\\\/\",\"url\":\"https:\\\/\\\/www.conica.com\\\/es\\\/industria\\\/pavimentos-industriales\\\/recubrimientos-industriales-disipadores\\\/\",\"name\":\"Recubrimientos industriales disipadores - CONICA AG\",\"isPartOf\":{\"@id\":\"https:\\\/\\\/www.conica.com\\\/it\\\/#website\"},\"datePublished\":\"2020-06-18T14:12:57+00:00\",\"dateModified\":\"2021-10-06T05:16:36+00:00\",\"breadcrumb\":{\"@id\":\"https:\\\/\\\/www.conica.com\\\/es\\\/industria\\\/pavimentos-industriales\\\/recubrimientos-industriales-disipadores\\\/#breadcrumb\"},\"inLanguage\":\"es\",\"potentialAction\":[{\"@type\":\"ReadAction\",\"target\":[\"https:\\\/\\\/www.conica.com\\\/es\\\/industria\\\/pavimentos-industriales\\\/recubrimientos-industriales-disipadores\\\/\"]}]},{\"@type\":\"BreadcrumbList\",\"@id\":\"https:\\\/\\\/www.conica.com\\\/es\\\/industria\\\/pavimentos-industriales\\\/recubrimientos-industriales-disipadores\\\/#breadcrumb\",\"itemListElement\":[{\"@type\":\"ListItem\",\"position\":1,\"name\":\"Home\",\"item\":\"https:\\\/\\\/www.conica.com\\\/es\\\/\"},{\"@type\":\"ListItem\",\"position\":2,\"name\":\"Industria\",\"item\":\"https:\\\/\\\/www.conica.com\\\/es\\\/industria\\\/\"},{\"@type\":\"ListItem\",\"position\":3,\"name\":\"Pavimentos industriales\",\"item\":\"https:\\\/\\\/www.conica.com\\\/es\\\/industria\\\/pavimentos-industriales\\\/\"},{\"@type\":\"ListItem\",\"position\":4,\"name\":\"Recubrimientos industriales disipadores\"}]},{\"@type\":\"WebSite\",\"@id\":\"https:\\\/\\\/www.conica.com\\\/it\\\/#website\",\"url\":\"https:\\\/\\\/www.conica.com\\\/it\\\/\",\"name\":\"CONICA AG\",\"description\":\"Sport-, Playground- und Functional Flooring Bel\u00e4ge\",\"publisher\":{\"@id\":\"https:\\\/\\\/www.conica.com\\\/it\\\/#organization\"},\"potentialAction\":[{\"@type\":\"SearchAction\",\"target\":{\"@type\":\"EntryPoint\",\"urlTemplate\":\"https:\\\/\\\/www.conica.com\\\/it\\\/?s={search_term_string}\"},\"query-input\":{\"@type\":\"PropertyValueSpecification\",\"valueRequired\":true,\"valueName\":\"search_term_string\"}}],\"inLanguage\":\"es\"},{\"@type\":\"Organization\",\"@id\":\"https:\\\/\\\/www.conica.com\\\/it\\\/#organization\",\"name\":\"CONICA AG\",\"url\":\"https:\\\/\\\/www.conica.com\\\/it\\\/\",\"logo\":{\"@type\":\"ImageObject\",\"inLanguage\":\"es\",\"@id\":\"https:\\\/\\\/www.conica.com\\\/it\\\/#\\\/schema\\\/logo\\\/image\\\/\",\"url\":\"https:\\\/\\\/www.conica.com\\\/wp-content\\\/uploads\\\/2020\\\/04\\\/logo_conica-01.svg\",\"contentUrl\":\"https:\\\/\\\/www.conica.com\\\/wp-content\\\/uploads\\\/2020\\\/04\\\/logo_conica-01.svg\",\"caption\":\"CONICA AG\"},\"image\":{\"@id\":\"https:\\\/\\\/www.conica.com\\\/it\\\/#\\\/schema\\\/logo\\\/image\\\/\"}}]}<\/script>\n<!-- \/ Yoast SEO plugin. -->","yoast_head_json":{"title":"Recubrimientos industriales disipadores - CONICA AG","robots":{"index":"index","follow":"follow","max-snippet":"max-snippet:-1","max-image-preview":"max-image-preview:large","max-video-preview":"max-video-preview:-1"},"canonical":"https:\/\/www.conica.com\/es\/industria\/pavimentos-industriales\/recubrimientos-industriales-disipadores\/","og_locale":"es_ES","og_type":"article","og_title":"Recubrimientos industriales disipadores - CONICA AG","og_url":"https:\/\/www.conica.com\/es\/industria\/pavimentos-industriales\/recubrimientos-industriales-disipadores\/","og_site_name":"CONICA AG","article_modified_time":"2021-10-06T05:16:36+00:00","twitter_card":"summary_large_image","twitter_misc":{"Tiempo de lectura":"1 minuto"},"schema":{"@context":"https:\/\/schema.org","@graph":[{"@type":"WebPage","@id":"https:\/\/www.conica.com\/es\/industria\/pavimentos-industriales\/recubrimientos-industriales-disipadores\/","url":"https:\/\/www.conica.com\/es\/industria\/pavimentos-industriales\/recubrimientos-industriales-disipadores\/","name":"Recubrimientos industriales disipadores - CONICA AG","isPartOf":{"@id":"https:\/\/www.conica.com\/it\/#website"},"datePublished":"2020-06-18T14:12:57+00:00","dateModified":"2021-10-06T05:16:36+00:00","breadcrumb":{"@id":"https:\/\/www.conica.com\/es\/industria\/pavimentos-industriales\/recubrimientos-industriales-disipadores\/#breadcrumb"},"inLanguage":"es","potentialAction":[{"@type":"ReadAction","target":["https:\/\/www.conica.com\/es\/industria\/pavimentos-industriales\/recubrimientos-industriales-disipadores\/"]}]},{"@type":"BreadcrumbList","@id":"https:\/\/www.conica.com\/es\/industria\/pavimentos-industriales\/recubrimientos-industriales-disipadores\/#breadcrumb","itemListElement":[{"@type":"ListItem","position":1,"name":"Home","item":"https:\/\/www.conica.com\/es\/"},{"@type":"ListItem","position":2,"name":"Industria","item":"https:\/\/www.conica.com\/es\/industria\/"},{"@type":"ListItem","position":3,"name":"Pavimentos industriales","item":"https:\/\/www.conica.com\/es\/industria\/pavimentos-industriales\/"},{"@type":"ListItem","position":4,"name":"Recubrimientos industriales disipadores"}]},{"@type":"WebSite","@id":"https:\/\/www.conica.com\/it\/#website","url":"https:\/\/www.conica.com\/it\/","name":"CONICA AG","description":"Sport-, Playground- und Functional Flooring Bel\u00e4ge","publisher":{"@id":"https:\/\/www.conica.com\/it\/#organization"},"potentialAction":[{"@type":"SearchAction","target":{"@type":"EntryPoint","urlTemplate":"https:\/\/www.conica.com\/it\/?s={search_term_string}"},"query-input":{"@type":"PropertyValueSpecification","valueRequired":true,"valueName":"search_term_string"}}],"inLanguage":"es"},{"@type":"Organization","@id":"https:\/\/www.conica.com\/it\/#organization","name":"CONICA AG","url":"https:\/\/www.conica.com\/it\/","logo":{"@type":"ImageObject","inLanguage":"es","@id":"https:\/\/www.conica.com\/it\/#\/schema\/logo\/image\/","url":"https:\/\/www.conica.com\/wp-content\/uploads\/2020\/04\/logo_conica-01.svg","contentUrl":"https:\/\/www.conica.com\/wp-content\/uploads\/2020\/04\/logo_conica-01.svg","caption":"CONICA AG"},"image":{"@id":"https:\/\/www.conica.com\/it\/#\/schema\/logo\/image\/"}}]}},"featured_image_src":null,"featured_image_src_square":null,"uagb_featured_image_src":{"full":false,"thumbnail":false,"medium":false,"medium_large":false,"large":false,"gs-tiny":false,"xl":false,"xxl":false,"xxxl":false,"xxxxl":false,"xxxxxl":false,"gts-thumbnail":false,"1536x1536":false,"2048x2048":false,"sidebar-featured":false,"genesis-singular-images":false,"ab-block-post-grid-landscape":false,"ab-block-post-grid-square":false,"gform-image-choice-sm":false,"gform-image-choice-md":false,"gform-image-choice-lg":false},"uagb_author_info":{"display_name":"cloudweb admin","author_link":"https:\/\/www.conica.com\/es\/author\/cloudweb-admin\/"},"uagb_comment_info":0,"uagb_excerpt":null,"_links":{"self":[{"href":"https:\/\/www.conica.com\/es\/wp-json\/wp\/v2\/pages\/21415","targetHints":{"allow":["GET"]}}],"collection":[{"href":"https:\/\/www.conica.com\/es\/wp-json\/wp\/v2\/pages"}],"about":[{"href":"https:\/\/www.conica.com\/es\/wp-json\/wp\/v2\/types\/page"}],"author":[{"embeddable":true,"href":"https:\/\/www.conica.com\/es\/wp-json\/wp\/v2\/users\/8"}],"replies":[{"embeddable":true,"href":"https:\/\/www.conica.com\/es\/wp-json\/wp\/v2\/comments?post=21415"}],"version-history":[{"count":0,"href":"https:\/\/www.conica.com\/es\/wp-json\/wp\/v2\/pages\/21415\/revisions"}],"up":[{"embeddable":true,"href":"https:\/\/www.conica.com\/es\/wp-json\/wp\/v2\/pages\/21407"}],"wp:attachment":[{"href":"https:\/\/www.conica.com\/es\/wp-json\/wp\/v2\/media?parent=21415"}],"wp:term":[{"taxonomy":"products_categories","embeddable":true,"href":"https:\/\/www.conica.com\/es\/wp-json\/wp\/v2\/products_categories?post=21415"},{"taxonomy":"project_categories","embeddable":true,"href":"https:\/\/www.conica.com\/es\/wp-json\/wp\/v2\/project_categories?post=21415"},{"taxonomy":"product_quiz_categories","embeddable":true,"href":"https:\/\/www.conica.com\/es\/wp-json\/wp\/v2\/product_quiz_categories?post=21415"},{"taxonomy":"testimonials_categories","embeddable":true,"href":"https:\/\/www.conica.com\/es\/wp-json\/wp\/v2\/testimonials_categories?post=21415"},{"taxonomy":"locations_categories","embeddable":true,"href":"https:\/\/www.conica.com\/es\/wp-json\/wp\/v2\/locations_categories?post=21415"}],"curies":[{"name":"wp","href":"https:\/\/api.w.org\/{rel}","templated":true}]}}