{"id":21455,"date":"2020-09-28T12:15:02","date_gmt":"2020-09-28T10:15:02","guid":{"rendered":"https:\/\/www.conica.com\/industria\/atencion-medica\/eingangs-und-wartebereiche-patientenzimmer\/"},"modified":"2021-10-06T07:30:26","modified_gmt":"2021-10-06T05:30:26","slug":"zonas-de-entrada-y-de-espera-habitaciones-de-los-pacientes","status":"publish","type":"page","link":"https:\/\/www.conica.com\/es\/industria\/atencion-medica\/zonas-de-entrada-y-de-espera-habitaciones-de-los-pacientes\/","title":{"rendered":"Zonas de entrada y de espera, habitaciones de los pacientes"},"content":{"rendered":"\n<div class=\"wp-block-atomic-blocks-ab-container ab-block-container alignfull\"><div class=\"ab-container-inside\"><div class=\"ab-container-content\">\n<div class=\"wp-block-atomic-blocks-ab-columns page-intro ab-layout-columns-2 ab-2-col-equal alignwide\"><div class=\"ab-layout-column-wrap ab-block-layout-column-gap-2 ab-is-responsive-column\">\n<div class=\"wp-block-atomic-blocks-ab-column ab-block-layout-column\"><div class=\"ab-block-layout-column-inner\">\n<h1 class=\"no-margin wp-block-heading\">Zonas de entrada y de espera, habitaciones de los pacientes<\/h1>\n<\/div><\/div>\n\n\n\n<div class=\"wp-block-atomic-blocks-ab-column ab-block-layout-column\"><div class=\"ab-block-layout-column-inner\">\n<p>Los requisitos para los pavimentos en el sector sanitario son tan variados como las \u00e1reas de aplicaci\u00f3n. Incluso en una cl\u00ednica, el espectro de posibilidades va desde la recepci\u00f3n hasta el quir\u00f3fano. Adem\u00e1s, hay instalaciones de rehabilitaci\u00f3n, consultorios m\u00e9dicos y, por supuesto, la infraestructura asociada, como cocinas, salas sociales y de almacenamiento, escaleras, zonas de espera, etc. Adem\u00e1s de la robustez y la durabilidad, el sustrato a menudo tambi\u00e9n debe ofrecer propiedades inhibidoras de bacterias o ser disipativo. Adem\u00e1s, el pavimento debe tener una alta resistencia al deslizamiento y proteger las articulaciones de los empleados. En todas las \u00e1reas donde pasamos mucho tiempo, la protecci\u00f3n de la salud con los certificados correspondientes es importante. CONICA ha desarrollado y producido la l\u00ednea de productos de pavimentaci\u00f3n HEALTHCARE espec\u00edficamente para estos exigentes requisitos.<\/p>\n<\/div><\/div>\n<\/div><\/div>\n\n\n\n<p><\/p>\n<\/div><\/div><\/div>\n\n\n<div class=\"product-list-container alignfull\">\n    <div class=\"product-list-content\">\n        <div class=\"grid-row\">\n\n            \n\n            \n\n\n                <div class=\"grid-item grid-number-1\">\n                    <a class=\"wrapping-link\" href=\"https:\/\/www.conica.com\/es\/products\/conifloor-lpc\/\"><\/a>\n                    <div class=\"grid-item-wrapper\">\n                        <div class=\"grid-item-container\">\n                            <div class=\"grid-image-top\">\n                                <span class=\"centered project-image-bg\"\n                                    style=\"background-image: url(https:\/\/www.conica.com\/wp-content\/uploads\/2020\/10\/eingangs-wartebereich-patientenzimmer-2-1-1024x576.png)\"><\/span>\n\n                            <\/div>\n\n                            \n                            <div class=\"grid-item-content\">\n                                <div class=\"column\">\n                                    <span class=\"item-title\">CONIFLOOR LPC<\/span>\n                                    <span class=\"item-excerpt\"><p>Capa volcada de uso de poliuretano coloreada, de bajas emisiones, con puente de fisuras y el\u00e1stico, con sellador bacteriost\u00e1tico<\/p>\n<\/span>\n\n                                <\/div>\n\n                                                                    <div class=\"item-small-container\">\n                                        <img decoding=\"async\" src=\"https:\/\/www.conica.com\/wp-content\/uploads\/2020\/06\/conifloor_lpc-1.png\" \/>\n                                    <\/div>\n                                                            <\/div>\n                        <\/div>\n                    <\/div>\n                <\/div>\n\n                \n\n\n                <div class=\"grid-item grid-number-2\">\n                    <a class=\"wrapping-link\" href=\"https:\/\/www.conica.com\/es\/products\/conifloor-ips-2\/\"><\/a>\n                    <div class=\"grid-item-wrapper\">\n                        <div class=\"grid-item-container\">\n                            <div class=\"grid-image-top\">\n                                <span class=\"centered project-image-bg\"\n                                    style=\"background-image: url(https:\/\/www.conica.com\/wp-content\/uploads\/2020\/10\/eingangs-wartebereich-patientenzimmer-3-1-1024x576.png)\"><\/span>\n\n                            <\/div>\n\n                            \n                            <div class=\"grid-item-content\">\n                                <div class=\"column\">\n                                    <span class=\"item-title\">CONIFLOOR IPS<\/span>\n                                    <span class=\"item-excerpt\"><p>Capa volcada de uso flexible, coloreada y con puente de fisuras para cargas mec\u00e1nicas medias con sellador bacteriost\u00e1tico. <\/p>\n<\/span>\n\n                                <\/div>\n\n                                                                    <div class=\"item-small-container\">\n                                        <img decoding=\"async\" src=\"https:\/\/www.conica.com\/wp-content\/uploads\/2020\/06\/conifloor_ips-1.png\" \/>\n                                    <\/div>\n                                                            <\/div>\n                        <\/div>\n                    <\/div>\n                <\/div>\n\n                \n\n            \n        <\/div>\n    <\/div>\n<\/div>\n\n\n<p><\/p>\n","protected":false},"excerpt":{"rendered":"","protected":false},"author":8,"featured_media":0,"parent":21444,"menu_order":0,"comment_status":"closed","ping_status":"closed","template":"","meta":{"_acf_changed":false,"_uag_custom_page_level_css":"","_genesis_hide_title":false,"_genesis_hide_breadcrumbs":false,"_genesis_hide_singular_image":false,"_genesis_custom_body_class":"","_genesis_custom_post_class":"","_genesis_layout":"","footnotes":""},"products_categories":[113],"project_categories":[],"product_quiz_categories":[],"testimonials_categories":[],"locations_categories":[],"class_list":{"0":"post-21455","1":"page","2":"type-page","3":"status-publish","5":"products_categories-eingangs-und-wartebereiche-patientenzimmer","6":"entry"},"acf":[],"yoast_head":"<!-- This site is optimized with the Yoast SEO plugin v27.4 - https:\/\/yoast.com\/product\/yoast-seo-wordpress\/ -->\n<title>Zonas de entrada y de espera, habitaciones de los pacientes - CONICA AG<\/title>\n<meta name=\"robots\" content=\"index, follow, max-snippet:-1, max-image-preview:large, max-video-preview:-1\" \/>\n<link rel=\"canonical\" href=\"https:\/\/www.conica.com\/es\/industria\/atencion-medica\/zonas-de-entrada-y-de-espera-habitaciones-de-los-pacientes\/\" \/>\n<meta property=\"og:locale\" content=\"es_ES\" \/>\n<meta property=\"og:type\" content=\"article\" \/>\n<meta property=\"og:title\" content=\"Zonas de entrada y de espera, habitaciones de los pacientes - CONICA AG\" \/>\n<meta property=\"og:url\" content=\"https:\/\/www.conica.com\/es\/industria\/atencion-medica\/zonas-de-entrada-y-de-espera-habitaciones-de-los-pacientes\/\" \/>\n<meta property=\"og:site_name\" content=\"CONICA AG\" \/>\n<meta property=\"article:modified_time\" content=\"2021-10-06T05:30:26+00:00\" \/>\n<meta name=\"twitter:card\" content=\"summary_large_image\" \/>\n<meta name=\"twitter:label1\" content=\"Tiempo de lectura\" \/>\n\t<meta name=\"twitter:data1\" content=\"1 minuto\" \/>\n<script type=\"application\/ld+json\" class=\"yoast-schema-graph\">{\"@context\":\"https:\\\/\\\/schema.org\",\"@graph\":[{\"@type\":\"WebPage\",\"@id\":\"https:\\\/\\\/www.conica.com\\\/es\\\/industria\\\/atencion-medica\\\/zonas-de-entrada-y-de-espera-habitaciones-de-los-pacientes\\\/\",\"url\":\"https:\\\/\\\/www.conica.com\\\/es\\\/industria\\\/atencion-medica\\\/zonas-de-entrada-y-de-espera-habitaciones-de-los-pacientes\\\/\",\"name\":\"Zonas de entrada y de espera, habitaciones de los pacientes - CONICA AG\",\"isPartOf\":{\"@id\":\"https:\\\/\\\/www.conica.com\\\/it\\\/#website\"},\"datePublished\":\"2020-09-28T10:15:02+00:00\",\"dateModified\":\"2021-10-06T05:30:26+00:00\",\"breadcrumb\":{\"@id\":\"https:\\\/\\\/www.conica.com\\\/es\\\/industria\\\/atencion-medica\\\/zonas-de-entrada-y-de-espera-habitaciones-de-los-pacientes\\\/#breadcrumb\"},\"inLanguage\":\"es\",\"potentialAction\":[{\"@type\":\"ReadAction\",\"target\":[\"https:\\\/\\\/www.conica.com\\\/es\\\/industria\\\/atencion-medica\\\/zonas-de-entrada-y-de-espera-habitaciones-de-los-pacientes\\\/\"]}]},{\"@type\":\"BreadcrumbList\",\"@id\":\"https:\\\/\\\/www.conica.com\\\/es\\\/industria\\\/atencion-medica\\\/zonas-de-entrada-y-de-espera-habitaciones-de-los-pacientes\\\/#breadcrumb\",\"itemListElement\":[{\"@type\":\"ListItem\",\"position\":1,\"name\":\"Home\",\"item\":\"https:\\\/\\\/www.conica.com\\\/es\\\/\"},{\"@type\":\"ListItem\",\"position\":2,\"name\":\"Industria\",\"item\":\"https:\\\/\\\/www.conica.com\\\/es\\\/industria\\\/\"},{\"@type\":\"ListItem\",\"position\":3,\"name\":\"Atenci\u00f3n m\u00e9dica\",\"item\":\"https:\\\/\\\/www.conica.com\\\/es\\\/industria\\\/atencion-medica\\\/\"},{\"@type\":\"ListItem\",\"position\":4,\"name\":\"Zonas de entrada y de espera, habitaciones de los pacientes\"}]},{\"@type\":\"WebSite\",\"@id\":\"https:\\\/\\\/www.conica.com\\\/it\\\/#website\",\"url\":\"https:\\\/\\\/www.conica.com\\\/it\\\/\",\"name\":\"CONICA AG\",\"description\":\"Sport-, Playground- und Functional Flooring Bel\u00e4ge\",\"publisher\":{\"@id\":\"https:\\\/\\\/www.conica.com\\\/it\\\/#organization\"},\"potentialAction\":[{\"@type\":\"SearchAction\",\"target\":{\"@type\":\"EntryPoint\",\"urlTemplate\":\"https:\\\/\\\/www.conica.com\\\/it\\\/?s={search_term_string}\"},\"query-input\":{\"@type\":\"PropertyValueSpecification\",\"valueRequired\":true,\"valueName\":\"search_term_string\"}}],\"inLanguage\":\"es\"},{\"@type\":\"Organization\",\"@id\":\"https:\\\/\\\/www.conica.com\\\/it\\\/#organization\",\"name\":\"CONICA AG\",\"url\":\"https:\\\/\\\/www.conica.com\\\/it\\\/\",\"logo\":{\"@type\":\"ImageObject\",\"inLanguage\":\"es\",\"@id\":\"https:\\\/\\\/www.conica.com\\\/it\\\/#\\\/schema\\\/logo\\\/image\\\/\",\"url\":\"https:\\\/\\\/www.conica.com\\\/wp-content\\\/uploads\\\/2020\\\/04\\\/logo_conica-01.svg\",\"contentUrl\":\"https:\\\/\\\/www.conica.com\\\/wp-content\\\/uploads\\\/2020\\\/04\\\/logo_conica-01.svg\",\"caption\":\"CONICA AG\"},\"image\":{\"@id\":\"https:\\\/\\\/www.conica.com\\\/it\\\/#\\\/schema\\\/logo\\\/image\\\/\"}}]}<\/script>\n<!-- \/ Yoast SEO plugin. -->","yoast_head_json":{"title":"Zonas de entrada y de espera, habitaciones de los pacientes - CONICA AG","robots":{"index":"index","follow":"follow","max-snippet":"max-snippet:-1","max-image-preview":"max-image-preview:large","max-video-preview":"max-video-preview:-1"},"canonical":"https:\/\/www.conica.com\/es\/industria\/atencion-medica\/zonas-de-entrada-y-de-espera-habitaciones-de-los-pacientes\/","og_locale":"es_ES","og_type":"article","og_title":"Zonas de entrada y de espera, habitaciones de los pacientes - CONICA AG","og_url":"https:\/\/www.conica.com\/es\/industria\/atencion-medica\/zonas-de-entrada-y-de-espera-habitaciones-de-los-pacientes\/","og_site_name":"CONICA AG","article_modified_time":"2021-10-06T05:30:26+00:00","twitter_card":"summary_large_image","twitter_misc":{"Tiempo de lectura":"1 minuto"},"schema":{"@context":"https:\/\/schema.org","@graph":[{"@type":"WebPage","@id":"https:\/\/www.conica.com\/es\/industria\/atencion-medica\/zonas-de-entrada-y-de-espera-habitaciones-de-los-pacientes\/","url":"https:\/\/www.conica.com\/es\/industria\/atencion-medica\/zonas-de-entrada-y-de-espera-habitaciones-de-los-pacientes\/","name":"Zonas de entrada y de espera, habitaciones de los pacientes - CONICA AG","isPartOf":{"@id":"https:\/\/www.conica.com\/it\/#website"},"datePublished":"2020-09-28T10:15:02+00:00","dateModified":"2021-10-06T05:30:26+00:00","breadcrumb":{"@id":"https:\/\/www.conica.com\/es\/industria\/atencion-medica\/zonas-de-entrada-y-de-espera-habitaciones-de-los-pacientes\/#breadcrumb"},"inLanguage":"es","potentialAction":[{"@type":"ReadAction","target":["https:\/\/www.conica.com\/es\/industria\/atencion-medica\/zonas-de-entrada-y-de-espera-habitaciones-de-los-pacientes\/"]}]},{"@type":"BreadcrumbList","@id":"https:\/\/www.conica.com\/es\/industria\/atencion-medica\/zonas-de-entrada-y-de-espera-habitaciones-de-los-pacientes\/#breadcrumb","itemListElement":[{"@type":"ListItem","position":1,"name":"Home","item":"https:\/\/www.conica.com\/es\/"},{"@type":"ListItem","position":2,"name":"Industria","item":"https:\/\/www.conica.com\/es\/industria\/"},{"@type":"ListItem","position":3,"name":"Atenci\u00f3n m\u00e9dica","item":"https:\/\/www.conica.com\/es\/industria\/atencion-medica\/"},{"@type":"ListItem","position":4,"name":"Zonas de entrada y de espera, habitaciones de los pacientes"}]},{"@type":"WebSite","@id":"https:\/\/www.conica.com\/it\/#website","url":"https:\/\/www.conica.com\/it\/","name":"CONICA AG","description":"Sport-, Playground- und Functional Flooring Bel\u00e4ge","publisher":{"@id":"https:\/\/www.conica.com\/it\/#organization"},"potentialAction":[{"@type":"SearchAction","target":{"@type":"EntryPoint","urlTemplate":"https:\/\/www.conica.com\/it\/?s={search_term_string}"},"query-input":{"@type":"PropertyValueSpecification","valueRequired":true,"valueName":"search_term_string"}}],"inLanguage":"es"},{"@type":"Organization","@id":"https:\/\/www.conica.com\/it\/#organization","name":"CONICA AG","url":"https:\/\/www.conica.com\/it\/","logo":{"@type":"ImageObject","inLanguage":"es","@id":"https:\/\/www.conica.com\/it\/#\/schema\/logo\/image\/","url":"https:\/\/www.conica.com\/wp-content\/uploads\/2020\/04\/logo_conica-01.svg","contentUrl":"https:\/\/www.conica.com\/wp-content\/uploads\/2020\/04\/logo_conica-01.svg","caption":"CONICA AG"},"image":{"@id":"https:\/\/www.conica.com\/it\/#\/schema\/logo\/image\/"}}]}},"featured_image_src":null,"featured_image_src_square":null,"uagb_featured_image_src":{"full":false,"thumbnail":false,"medium":false,"medium_large":false,"large":false,"gs-tiny":false,"xl":false,"xxl":false,"xxxl":false,"xxxxl":false,"xxxxxl":false,"gts-thumbnail":false,"1536x1536":false,"2048x2048":false,"sidebar-featured":false,"genesis-singular-images":false,"ab-block-post-grid-landscape":false,"ab-block-post-grid-square":false,"gform-image-choice-sm":false,"gform-image-choice-md":false,"gform-image-choice-lg":false},"uagb_author_info":{"display_name":"cloudweb admin","author_link":"https:\/\/www.conica.com\/es\/author\/cloudweb-admin\/"},"uagb_comment_info":0,"uagb_excerpt":null,"_links":{"self":[{"href":"https:\/\/www.conica.com\/es\/wp-json\/wp\/v2\/pages\/21455","targetHints":{"allow":["GET"]}}],"collection":[{"href":"https:\/\/www.conica.com\/es\/wp-json\/wp\/v2\/pages"}],"about":[{"href":"https:\/\/www.conica.com\/es\/wp-json\/wp\/v2\/types\/page"}],"author":[{"embeddable":true,"href":"https:\/\/www.conica.com\/es\/wp-json\/wp\/v2\/users\/8"}],"replies":[{"embeddable":true,"href":"https:\/\/www.conica.com\/es\/wp-json\/wp\/v2\/comments?post=21455"}],"version-history":[{"count":0,"href":"https:\/\/www.conica.com\/es\/wp-json\/wp\/v2\/pages\/21455\/revisions"}],"up":[{"embeddable":true,"href":"https:\/\/www.conica.com\/es\/wp-json\/wp\/v2\/pages\/21444"}],"wp:attachment":[{"href":"https:\/\/www.conica.com\/es\/wp-json\/wp\/v2\/media?parent=21455"}],"wp:term":[{"taxonomy":"products_categories","embeddable":true,"href":"https:\/\/www.conica.com\/es\/wp-json\/wp\/v2\/products_categories?post=21455"},{"taxonomy":"project_categories","embeddable":true,"href":"https:\/\/www.conica.com\/es\/wp-json\/wp\/v2\/project_categories?post=21455"},{"taxonomy":"product_quiz_categories","embeddable":true,"href":"https:\/\/www.conica.com\/es\/wp-json\/wp\/v2\/product_quiz_categories?post=21455"},{"taxonomy":"testimonials_categories","embeddable":true,"href":"https:\/\/www.conica.com\/es\/wp-json\/wp\/v2\/testimonials_categories?post=21455"},{"taxonomy":"locations_categories","embeddable":true,"href":"https:\/\/www.conica.com\/es\/wp-json\/wp\/v2\/locations_categories?post=21455"}],"curies":[{"name":"wp","href":"https:\/\/api.w.org\/{rel}","templated":true}]}}