{"id":21501,"date":"2020-05-22T09:49:07","date_gmt":"2020-05-22T07:49:07","guid":{"rendered":"https:\/\/www.conica.com\/deporte\/pavimentos-deportivos-interiores\/tennisplaetze-innen\/"},"modified":"2024-11-29T14:02:39","modified_gmt":"2024-11-29T13:02:39","slug":"pistas-de-tenis","status":"publish","type":"page","link":"https:\/\/www.conica.com\/es\/deporte\/pavimentos-deportivos-interiores\/pistas-de-tenis\/","title":{"rendered":"Pistas de tenis"},"content":{"rendered":"\n<div class=\"wp-block-atomic-blocks-ab-container ab-block-container alignfull\"><div class=\"ab-container-inside\"><div class=\"ab-container-content\">\n<div class=\"wp-block-atomic-blocks-ab-columns page-intro ab-layout-columns-2 ab-2-col-equal alignwide\"><div class=\"ab-layout-column-wrap ab-block-layout-column-gap-2 ab-is-responsive-column\">\n<div class=\"wp-block-atomic-blocks-ab-column ab-block-layout-column\"><div class=\"ab-block-layout-column-inner\">\n<h1 class=\"wp-block-heading no-margin\"><strong>Una nueva era para el tenis:<\/strong><\/h1>\n\n\n\n<p><strong>Innovaciones que inspiran<\/strong><\/p>\n\n\n\n<figure class=\"wp-block-image size-large\"><img decoding=\"async\" width=\"1024\" height=\"512\" src=\"https:\/\/www.conica.com\/wp-content\/uploads\/2024\/11\/White-Torn-Paper-Coming-Soon-Facebook-Post-Canva-Banner-5-1024x512.png\" alt=\"\" class=\"wp-image-41323\" srcset=\"https:\/\/www.conica.com\/wp-content\/uploads\/2024\/11\/White-Torn-Paper-Coming-Soon-Facebook-Post-Canva-Banner-5-1024x512.png 1024w, https:\/\/www.conica.com\/wp-content\/uploads\/2024\/11\/White-Torn-Paper-Coming-Soon-Facebook-Post-Canva-Banner-5-300x150.png 300w, https:\/\/www.conica.com\/wp-content\/uploads\/2024\/11\/White-Torn-Paper-Coming-Soon-Facebook-Post-Canva-Banner-5-768x384.png 768w, https:\/\/www.conica.com\/wp-content\/uploads\/2024\/11\/White-Torn-Paper-Coming-Soon-Facebook-Post-Canva-Banner-5-50x25.png 50w, https:\/\/www.conica.com\/wp-content\/uploads\/2024\/11\/White-Torn-Paper-Coming-Soon-Facebook-Post-Canva-Banner-5-1600x800.png 1600w, https:\/\/www.conica.com\/wp-content\/uploads\/2024\/11\/White-Torn-Paper-Coming-Soon-Facebook-Post-Canva-Banner-5-1536x768.png 1536w, https:\/\/www.conica.com\/wp-content\/uploads\/2024\/11\/White-Torn-Paper-Coming-Soon-Facebook-Post-Canva-Banner-5-2048x1024.png 2048w\" sizes=\"(max-width: 1024px) 100vw, 1024px\" \/><\/figure>\n<\/div><\/div>\n\n\n\n<div class=\"wp-block-atomic-blocks-ab-column ab-block-layout-column\"><div class=\"ab-block-layout-column-inner\">\n<p>Estamos emocionados de anunciar una incorporaci\u00f3n emocionante a nuestro portafolio de tenis: un sistema de pista dura de \u00faltima generaci\u00f3n que revolucionar\u00e1 el juego. Esta soluci\u00f3n innovadora ha sido desarrollada con un enfoque en el rendimiento y la sostenibilidad y contar\u00e1 con la certificaci\u00f3n oficial de la ITF.<\/p>\n\n\n\n<p>En CONICA, nos comprometemos a dar forma al futuro del tenis mediante tecnolog\u00edas avanzadas que respondan a las crecientes necesidades de los jugadores y las instalaciones deportivas. Este nuevo sistema marca solo el comienzo de una evoluci\u00f3n apasionante.<\/p>\n\n\n\n<p>\u00a1Mant\u00e9ngase al tanto para conocer m\u00e1s sobre esta innovaci\u00f3n revolucionaria muy pronto!<\/p>\n\n\n\n<p>\u00bfTiene preguntas o quiere ser de los primeros en obtener m\u00e1s informaci\u00f3n? Cont\u00e1ctenos en <a>marketing@conica.com<\/a>.<\/p>\n<\/div><\/div>\n<\/div><\/div>\n\n\n\n<p><\/p>\n<\/div><\/div><\/div>\n\n\n\n<p><\/p>\n","protected":false},"excerpt":{"rendered":"","protected":false},"author":8,"featured_media":0,"parent":21484,"menu_order":0,"comment_status":"closed","ping_status":"closed","template":"","meta":{"_acf_changed":false,"_uag_custom_page_level_css":"","_genesis_hide_title":false,"_genesis_hide_breadcrumbs":false,"_genesis_hide_singular_image":false,"_genesis_custom_body_class":"","_genesis_custom_post_class":"","_genesis_layout":"","footnotes":""},"products_categories":[42],"project_categories":[],"product_quiz_categories":[],"testimonials_categories":[],"locations_categories":[],"class_list":{"0":"post-21501","1":"page","2":"type-page","3":"status-publish","5":"products_categories-tennisplaetze-innen","6":"entry"},"acf":[],"yoast_head":"<!-- This site is optimized with the Yoast SEO plugin v27.4 - https:\/\/yoast.com\/product\/yoast-seo-wordpress\/ -->\n<title>Pistas de tenis - CONICA AG<\/title>\n<meta name=\"robots\" content=\"index, follow, max-snippet:-1, max-image-preview:large, max-video-preview:-1\" \/>\n<link rel=\"canonical\" href=\"https:\/\/www.conica.com\/es\/deporte\/pavimentos-deportivos-interiores\/pistas-de-tenis\/\" \/>\n<meta property=\"og:locale\" content=\"es_ES\" \/>\n<meta property=\"og:type\" content=\"article\" \/>\n<meta property=\"og:title\" content=\"Pistas de tenis - CONICA AG\" \/>\n<meta property=\"og:url\" content=\"https:\/\/www.conica.com\/es\/deporte\/pavimentos-deportivos-interiores\/pistas-de-tenis\/\" \/>\n<meta property=\"og:site_name\" content=\"CONICA AG\" \/>\n<meta property=\"article:modified_time\" content=\"2024-11-29T13:02:39+00:00\" \/>\n<meta property=\"og:image\" content=\"https:\/\/www.conica.com\/wp-content\/uploads\/2024\/11\/White-Torn-Paper-Coming-Soon-Facebook-Post-Canva-Banner-5.png\" \/>\n\t<meta property=\"og:image:width\" content=\"2550\" \/>\n\t<meta property=\"og:image:height\" content=\"1275\" \/>\n\t<meta property=\"og:image:type\" content=\"image\/png\" \/>\n<meta name=\"twitter:card\" content=\"summary_large_image\" \/>\n<meta name=\"twitter:label1\" content=\"Tiempo de lectura\" \/>\n\t<meta name=\"twitter:data1\" content=\"1 minuto\" \/>\n<script type=\"application\/ld+json\" class=\"yoast-schema-graph\">{\"@context\":\"https:\\\/\\\/schema.org\",\"@graph\":[{\"@type\":\"WebPage\",\"@id\":\"https:\\\/\\\/www.conica.com\\\/es\\\/deporte\\\/pavimentos-deportivos-interiores\\\/pistas-de-tenis\\\/\",\"url\":\"https:\\\/\\\/www.conica.com\\\/es\\\/deporte\\\/pavimentos-deportivos-interiores\\\/pistas-de-tenis\\\/\",\"name\":\"Pistas de tenis - CONICA AG\",\"isPartOf\":{\"@id\":\"https:\\\/\\\/www.conica.com\\\/it\\\/#website\"},\"primaryImageOfPage\":{\"@id\":\"https:\\\/\\\/www.conica.com\\\/es\\\/deporte\\\/pavimentos-deportivos-interiores\\\/pistas-de-tenis\\\/#primaryimage\"},\"image\":{\"@id\":\"https:\\\/\\\/www.conica.com\\\/es\\\/deporte\\\/pavimentos-deportivos-interiores\\\/pistas-de-tenis\\\/#primaryimage\"},\"thumbnailUrl\":\"https:\\\/\\\/www.conica.com\\\/wp-content\\\/uploads\\\/2024\\\/11\\\/White-Torn-Paper-Coming-Soon-Facebook-Post-Canva-Banner-5-1024x512.png\",\"datePublished\":\"2020-05-22T07:49:07+00:00\",\"dateModified\":\"2024-11-29T13:02:39+00:00\",\"breadcrumb\":{\"@id\":\"https:\\\/\\\/www.conica.com\\\/es\\\/deporte\\\/pavimentos-deportivos-interiores\\\/pistas-de-tenis\\\/#breadcrumb\"},\"inLanguage\":\"es\",\"potentialAction\":[{\"@type\":\"ReadAction\",\"target\":[\"https:\\\/\\\/www.conica.com\\\/es\\\/deporte\\\/pavimentos-deportivos-interiores\\\/pistas-de-tenis\\\/\"]}]},{\"@type\":\"ImageObject\",\"inLanguage\":\"es\",\"@id\":\"https:\\\/\\\/www.conica.com\\\/es\\\/deporte\\\/pavimentos-deportivos-interiores\\\/pistas-de-tenis\\\/#primaryimage\",\"url\":\"https:\\\/\\\/www.conica.com\\\/wp-content\\\/uploads\\\/2024\\\/11\\\/White-Torn-Paper-Coming-Soon-Facebook-Post-Canva-Banner-5-1024x512.png\",\"contentUrl\":\"https:\\\/\\\/www.conica.com\\\/wp-content\\\/uploads\\\/2024\\\/11\\\/White-Torn-Paper-Coming-Soon-Facebook-Post-Canva-Banner-5-1024x512.png\"},{\"@type\":\"BreadcrumbList\",\"@id\":\"https:\\\/\\\/www.conica.com\\\/es\\\/deporte\\\/pavimentos-deportivos-interiores\\\/pistas-de-tenis\\\/#breadcrumb\",\"itemListElement\":[{\"@type\":\"ListItem\",\"position\":1,\"name\":\"Home\",\"item\":\"https:\\\/\\\/www.conica.com\\\/es\\\/\"},{\"@type\":\"ListItem\",\"position\":2,\"name\":\"Deporte\",\"item\":\"https:\\\/\\\/www.conica.com\\\/es\\\/deporte\\\/\"},{\"@type\":\"ListItem\",\"position\":3,\"name\":\"Pavimentos deportivos interiores\",\"item\":\"https:\\\/\\\/www.conica.com\\\/es\\\/deporte\\\/pavimentos-deportivos-interiores\\\/\"},{\"@type\":\"ListItem\",\"position\":4,\"name\":\"Pistas de tenis\"}]},{\"@type\":\"WebSite\",\"@id\":\"https:\\\/\\\/www.conica.com\\\/it\\\/#website\",\"url\":\"https:\\\/\\\/www.conica.com\\\/it\\\/\",\"name\":\"CONICA AG\",\"description\":\"Sport-, Playground- und Functional Flooring Bel\u00e4ge\",\"publisher\":{\"@id\":\"https:\\\/\\\/www.conica.com\\\/it\\\/#organization\"},\"potentialAction\":[{\"@type\":\"SearchAction\",\"target\":{\"@type\":\"EntryPoint\",\"urlTemplate\":\"https:\\\/\\\/www.conica.com\\\/it\\\/?s={search_term_string}\"},\"query-input\":{\"@type\":\"PropertyValueSpecification\",\"valueRequired\":true,\"valueName\":\"search_term_string\"}}],\"inLanguage\":\"es\"},{\"@type\":\"Organization\",\"@id\":\"https:\\\/\\\/www.conica.com\\\/it\\\/#organization\",\"name\":\"CONICA AG\",\"url\":\"https:\\\/\\\/www.conica.com\\\/it\\\/\",\"logo\":{\"@type\":\"ImageObject\",\"inLanguage\":\"es\",\"@id\":\"https:\\\/\\\/www.conica.com\\\/it\\\/#\\\/schema\\\/logo\\\/image\\\/\",\"url\":\"https:\\\/\\\/www.conica.com\\\/wp-content\\\/uploads\\\/2020\\\/04\\\/logo_conica-01.svg\",\"contentUrl\":\"https:\\\/\\\/www.conica.com\\\/wp-content\\\/uploads\\\/2020\\\/04\\\/logo_conica-01.svg\",\"caption\":\"CONICA AG\"},\"image\":{\"@id\":\"https:\\\/\\\/www.conica.com\\\/it\\\/#\\\/schema\\\/logo\\\/image\\\/\"}}]}<\/script>\n<!-- \/ Yoast SEO plugin. -->","yoast_head_json":{"title":"Pistas de tenis - CONICA AG","robots":{"index":"index","follow":"follow","max-snippet":"max-snippet:-1","max-image-preview":"max-image-preview:large","max-video-preview":"max-video-preview:-1"},"canonical":"https:\/\/www.conica.com\/es\/deporte\/pavimentos-deportivos-interiores\/pistas-de-tenis\/","og_locale":"es_ES","og_type":"article","og_title":"Pistas de tenis - CONICA AG","og_url":"https:\/\/www.conica.com\/es\/deporte\/pavimentos-deportivos-interiores\/pistas-de-tenis\/","og_site_name":"CONICA AG","article_modified_time":"2024-11-29T13:02:39+00:00","og_image":[{"width":2550,"height":1275,"url":"https:\/\/www.conica.com\/wp-content\/uploads\/2024\/11\/White-Torn-Paper-Coming-Soon-Facebook-Post-Canva-Banner-5.png","type":"image\/png"}],"twitter_card":"summary_large_image","twitter_misc":{"Tiempo de lectura":"1 minuto"},"schema":{"@context":"https:\/\/schema.org","@graph":[{"@type":"WebPage","@id":"https:\/\/www.conica.com\/es\/deporte\/pavimentos-deportivos-interiores\/pistas-de-tenis\/","url":"https:\/\/www.conica.com\/es\/deporte\/pavimentos-deportivos-interiores\/pistas-de-tenis\/","name":"Pistas de tenis - CONICA AG","isPartOf":{"@id":"https:\/\/www.conica.com\/it\/#website"},"primaryImageOfPage":{"@id":"https:\/\/www.conica.com\/es\/deporte\/pavimentos-deportivos-interiores\/pistas-de-tenis\/#primaryimage"},"image":{"@id":"https:\/\/www.conica.com\/es\/deporte\/pavimentos-deportivos-interiores\/pistas-de-tenis\/#primaryimage"},"thumbnailUrl":"https:\/\/www.conica.com\/wp-content\/uploads\/2024\/11\/White-Torn-Paper-Coming-Soon-Facebook-Post-Canva-Banner-5-1024x512.png","datePublished":"2020-05-22T07:49:07+00:00","dateModified":"2024-11-29T13:02:39+00:00","breadcrumb":{"@id":"https:\/\/www.conica.com\/es\/deporte\/pavimentos-deportivos-interiores\/pistas-de-tenis\/#breadcrumb"},"inLanguage":"es","potentialAction":[{"@type":"ReadAction","target":["https:\/\/www.conica.com\/es\/deporte\/pavimentos-deportivos-interiores\/pistas-de-tenis\/"]}]},{"@type":"ImageObject","inLanguage":"es","@id":"https:\/\/www.conica.com\/es\/deporte\/pavimentos-deportivos-interiores\/pistas-de-tenis\/#primaryimage","url":"https:\/\/www.conica.com\/wp-content\/uploads\/2024\/11\/White-Torn-Paper-Coming-Soon-Facebook-Post-Canva-Banner-5-1024x512.png","contentUrl":"https:\/\/www.conica.com\/wp-content\/uploads\/2024\/11\/White-Torn-Paper-Coming-Soon-Facebook-Post-Canva-Banner-5-1024x512.png"},{"@type":"BreadcrumbList","@id":"https:\/\/www.conica.com\/es\/deporte\/pavimentos-deportivos-interiores\/pistas-de-tenis\/#breadcrumb","itemListElement":[{"@type":"ListItem","position":1,"name":"Home","item":"https:\/\/www.conica.com\/es\/"},{"@type":"ListItem","position":2,"name":"Deporte","item":"https:\/\/www.conica.com\/es\/deporte\/"},{"@type":"ListItem","position":3,"name":"Pavimentos deportivos interiores","item":"https:\/\/www.conica.com\/es\/deporte\/pavimentos-deportivos-interiores\/"},{"@type":"ListItem","position":4,"name":"Pistas de tenis"}]},{"@type":"WebSite","@id":"https:\/\/www.conica.com\/it\/#website","url":"https:\/\/www.conica.com\/it\/","name":"CONICA AG","description":"Sport-, Playground- und Functional Flooring Bel\u00e4ge","publisher":{"@id":"https:\/\/www.conica.com\/it\/#organization"},"potentialAction":[{"@type":"SearchAction","target":{"@type":"EntryPoint","urlTemplate":"https:\/\/www.conica.com\/it\/?s={search_term_string}"},"query-input":{"@type":"PropertyValueSpecification","valueRequired":true,"valueName":"search_term_string"}}],"inLanguage":"es"},{"@type":"Organization","@id":"https:\/\/www.conica.com\/it\/#organization","name":"CONICA AG","url":"https:\/\/www.conica.com\/it\/","logo":{"@type":"ImageObject","inLanguage":"es","@id":"https:\/\/www.conica.com\/it\/#\/schema\/logo\/image\/","url":"https:\/\/www.conica.com\/wp-content\/uploads\/2020\/04\/logo_conica-01.svg","contentUrl":"https:\/\/www.conica.com\/wp-content\/uploads\/2020\/04\/logo_conica-01.svg","caption":"CONICA AG"},"image":{"@id":"https:\/\/www.conica.com\/it\/#\/schema\/logo\/image\/"}}]}},"featured_image_src":null,"featured_image_src_square":null,"uagb_featured_image_src":{"full":false,"thumbnail":false,"medium":false,"medium_large":false,"large":false,"gs-tiny":false,"xl":false,"xxl":false,"xxxl":false,"xxxxl":false,"xxxxxl":false,"gts-thumbnail":false,"1536x1536":false,"2048x2048":false,"sidebar-featured":false,"genesis-singular-images":false,"ab-block-post-grid-landscape":false,"ab-block-post-grid-square":false,"gform-image-choice-sm":false,"gform-image-choice-md":false,"gform-image-choice-lg":false},"uagb_author_info":{"display_name":"cloudweb admin","author_link":"https:\/\/www.conica.com\/es\/author\/cloudweb-admin\/"},"uagb_comment_info":0,"uagb_excerpt":null,"_links":{"self":[{"href":"https:\/\/www.conica.com\/es\/wp-json\/wp\/v2\/pages\/21501","targetHints":{"allow":["GET"]}}],"collection":[{"href":"https:\/\/www.conica.com\/es\/wp-json\/wp\/v2\/pages"}],"about":[{"href":"https:\/\/www.conica.com\/es\/wp-json\/wp\/v2\/types\/page"}],"author":[{"embeddable":true,"href":"https:\/\/www.conica.com\/es\/wp-json\/wp\/v2\/users\/8"}],"replies":[{"embeddable":true,"href":"https:\/\/www.conica.com\/es\/wp-json\/wp\/v2\/comments?post=21501"}],"version-history":[{"count":0,"href":"https:\/\/www.conica.com\/es\/wp-json\/wp\/v2\/pages\/21501\/revisions"}],"up":[{"embeddable":true,"href":"https:\/\/www.conica.com\/es\/wp-json\/wp\/v2\/pages\/21484"}],"wp:attachment":[{"href":"https:\/\/www.conica.com\/es\/wp-json\/wp\/v2\/media?parent=21501"}],"wp:term":[{"taxonomy":"products_categories","embeddable":true,"href":"https:\/\/www.conica.com\/es\/wp-json\/wp\/v2\/products_categories?post=21501"},{"taxonomy":"project_categories","embeddable":true,"href":"https:\/\/www.conica.com\/es\/wp-json\/wp\/v2\/project_categories?post=21501"},{"taxonomy":"product_quiz_categories","embeddable":true,"href":"https:\/\/www.conica.com\/es\/wp-json\/wp\/v2\/product_quiz_categories?post=21501"},{"taxonomy":"testimonials_categories","embeddable":true,"href":"https:\/\/www.conica.com\/es\/wp-json\/wp\/v2\/testimonials_categories?post=21501"},{"taxonomy":"locations_categories","embeddable":true,"href":"https:\/\/www.conica.com\/es\/wp-json\/wp\/v2\/locations_categories?post=21501"}],"curies":[{"name":"wp","href":"https:\/\/api.w.org\/{rel}","templated":true}]}}