{"id":21532,"date":"2020-07-22T07:52:15","date_gmt":"2020-07-22T05:52:15","guid":{"rendered":"https:\/\/www.conica.com\/conica-ag-2\/minergie-eco\/"},"modified":"2022-11-08T09:53:56","modified_gmt":"2022-11-08T08:53:56","slug":"minergie-eco","status":"publish","type":"page","link":"https:\/\/www.conica.com\/es\/conica-ag-2\/minergie-eco\/","title":{"rendered":"MINERGIE ECO"},"content":{"rendered":"\n<div class=\"wp-block-atomic-blocks-ab-container ab-block-container alignfull\">\n<div class=\"ab-container-inside\">\n<div class=\"ab-container-content\">&nbsp;<\/div>\n<\/div>\n<\/div>\n\n\n\n<div class=\"wp-block-atomic-blocks-ab-columns page-intro ab-layout-columns-2 ab-2-col-equal alignwide\"><div class=\"ab-layout-column-wrap ab-block-layout-column-gap-2 ab-is-responsive-column\">\n<div class=\"wp-block-atomic-blocks-ab-column ab-block-layout-column ab-is-vertically-aligned-top\"><div class=\"ab-block-layout-column-inner\">\n<h1 class=\"has-text-align-left wp-block-heading\">MINERGIE ECO<\/h1>\n<\/div><\/div>\n\n\n\n<div class=\"wp-block-atomic-blocks-ab-column ab-block-layout-column\"><div class=\"ab-block-layout-column-inner\">\n<p>Minergie es un sello de calidad para edificios nuevos y edificios antiguos modernizados. El sello Minergie comprende las normas: Minergie, Minergie-P, Minergie-A y el anexo Minergie-Eco.<br>Minergie-Eco es un complemento de Minergie y Minergie-P. Minergie-Eco es un proyecto de cooperaci\u00f3n de las asociaciones Minergie y eco-bau. Complementa los temas de eficiencia energ\u00e9tica y confort del sello Minergie con la salud y la construcci\u00f3n ecol\u00f3gica. M\u00e1s informaci\u00f3n sobre Minergie en la siguiente p\u00e1gina web:&nbsp;<a href=\"https:\/\/www.minergie.ch\/de\/verstehen\/uebersicht\/\" target=\"_blank\" rel=\"noreferrer noopener\"><u>www.minergie.ch<\/u><\/a><\/p>\n\n\n\n<p>Los materiales de construcci\u00f3n utilizados tambi\u00e9n est\u00e1n sujetos a ciertas directrices. Los productos pueden ser probados y listados en eco-bau o en la Schweizer Stiftung Farbe. Puede encontrar m\u00e1s detalles en los cat\u00e1logos de especificaciones de Minergie-ECO (Documentos de trabajo &#8211; Herramientas para productos adecuados).<\/p>\n<\/div><\/div>\n<\/div><\/div>\n\n\n\n<figure class=\"wp-block-image alignfull size-large is-style-default\"><img decoding=\"async\" width=\"1024\" height=\"257\" src=\"https:\/\/www.conica.com\/wp-content\/uploads\/2022\/11\/Umwelt-Etikette_C_Schweizer-Stiftung-Farbe-opt-1024x257.jpg\" alt=\"\" class=\"wp-image-31022\" srcset=\"https:\/\/www.conica.com\/wp-content\/uploads\/2022\/11\/Umwelt-Etikette_C_Schweizer-Stiftung-Farbe-opt-1024x257.jpg 1024w, https:\/\/www.conica.com\/wp-content\/uploads\/2022\/11\/Umwelt-Etikette_C_Schweizer-Stiftung-Farbe-opt-300x75.jpg 300w, https:\/\/www.conica.com\/wp-content\/uploads\/2022\/11\/Umwelt-Etikette_C_Schweizer-Stiftung-Farbe-opt-768x192.jpg 768w, https:\/\/www.conica.com\/wp-content\/uploads\/2022\/11\/Umwelt-Etikette_C_Schweizer-Stiftung-Farbe-opt-1600x401.jpg 1600w, https:\/\/www.conica.com\/wp-content\/uploads\/2022\/11\/Umwelt-Etikette_C_Schweizer-Stiftung-Farbe-opt-1536x385.jpg 1536w, https:\/\/www.conica.com\/wp-content\/uploads\/2022\/11\/Umwelt-Etikette_C_Schweizer-Stiftung-Farbe-opt-2048x513.jpg 2048w\" sizes=\"(max-width: 1024px) 100vw, 1024px\" \/><\/figure>\n\n\n\n<p>En eco-bau hay un directorio de productos en el que se realiza la evaluaci\u00f3n en 3 niveles. No obstante, tambi\u00e9n pueden utilizarse otros productos siempre que cumplan los requisitos de productos de Minergie-ECO: eco-bau \u2013 Directorio de productos.<\/p>\n\n\n\n<p>CONICA ha elaborado una lista de los productos que pueden utilizarse en interiores en la Schweizer Stiftung Farbe. Los productos se clasifican seg\u00fan criterios claros en la categor\u00eda aplicable A-G. Los productos de las categor\u00edas A a C pueden utilizarse para Minergie-Eco sin necesidad de realizar m\u00e1s pruebas. En la lista de productos de la Schweizer Stiftung Farbe encontrar\u00e1 la clasificaci\u00f3n de nuestros productos. Aqu\u00ed encontrar\u00e1 no solo nuestros productos de bajas emisiones, sino todos los productos que pueden utilizarse principalmente en interiores.<\/p>\n\n\n\n<p><\/p>\n\n\n\n<p><\/p>\n\n\n\n<p><\/p>\n","protected":false},"excerpt":{"rendered":"<p>&nbsp; En eco-bau hay un directorio de productos en el que se realiza la evaluaci\u00f3n en 3 niveles. No obstante, tambi\u00e9n pueden utilizarse otros productos siempre que cumplan los requisitos de productos de Minergie-ECO: eco-bau \u2013 Directorio de productos. CONICA ha elaborado una lista de los productos que pueden utilizarse en interiores en la Schweizer [&hellip;]<\/p>\n","protected":false},"author":8,"featured_media":0,"parent":21517,"menu_order":0,"comment_status":"closed","ping_status":"closed","template":"","meta":{"_acf_changed":false,"_uag_custom_page_level_css":"","_genesis_hide_title":false,"_genesis_hide_breadcrumbs":false,"_genesis_hide_singular_image":true,"_genesis_custom_body_class":"","_genesis_custom_post_class":"","_genesis_layout":"full-width-content","footnotes":""},"products_categories":[],"project_categories":[],"product_quiz_categories":[],"testimonials_categories":[],"locations_categories":[],"class_list":{"0":"post-21532","1":"page","2":"type-page","3":"status-publish","5":"entry"},"acf":[],"yoast_head":"<!-- This site is optimized with the Yoast SEO plugin v27.4 - https:\/\/yoast.com\/product\/yoast-seo-wordpress\/ -->\n<title>MINERGIE ECO - CONICA AG<\/title>\n<meta name=\"robots\" content=\"index, follow, max-snippet:-1, max-image-preview:large, max-video-preview:-1\" \/>\n<link rel=\"canonical\" href=\"https:\/\/www.conica.com\/es\/conica-ag-2\/minergie-eco\/\" \/>\n<meta property=\"og:locale\" content=\"es_ES\" \/>\n<meta property=\"og:type\" content=\"article\" \/>\n<meta property=\"og:title\" content=\"MINERGIE ECO - CONICA AG\" \/>\n<meta property=\"og:description\" content=\"&nbsp; En eco-bau hay un directorio de productos en el que se realiza la evaluaci\u00f3n en 3 niveles. No obstante, tambi\u00e9n pueden utilizarse otros productos siempre que cumplan los requisitos de productos de Minergie-ECO: eco-bau \u2013 Directorio de productos. CONICA ha elaborado una lista de los productos que pueden utilizarse en interiores en la Schweizer [&hellip;]\" \/>\n<meta property=\"og:url\" content=\"https:\/\/www.conica.com\/es\/conica-ag-2\/minergie-eco\/\" \/>\n<meta property=\"og:site_name\" content=\"CONICA AG\" \/>\n<meta property=\"article:modified_time\" content=\"2022-11-08T08:53:56+00:00\" \/>\n<meta property=\"og:image\" content=\"https:\/\/www.conica.com\/wp-content\/uploads\/2022\/11\/Umwelt-Etikette_C_Schweizer-Stiftung-Farbe-opt-1024x257.jpg\" \/>\n<meta name=\"twitter:card\" content=\"summary_large_image\" \/>\n<meta name=\"twitter:label1\" content=\"Tiempo de lectura\" \/>\n\t<meta name=\"twitter:data1\" content=\"2 minutos\" \/>\n<script type=\"application\/ld+json\" class=\"yoast-schema-graph\">{\"@context\":\"https:\\\/\\\/schema.org\",\"@graph\":[{\"@type\":\"WebPage\",\"@id\":\"https:\\\/\\\/www.conica.com\\\/es\\\/conica-ag-2\\\/minergie-eco\\\/\",\"url\":\"https:\\\/\\\/www.conica.com\\\/es\\\/conica-ag-2\\\/minergie-eco\\\/\",\"name\":\"MINERGIE ECO - CONICA AG\",\"isPartOf\":{\"@id\":\"https:\\\/\\\/www.conica.com\\\/it\\\/#website\"},\"primaryImageOfPage\":{\"@id\":\"https:\\\/\\\/www.conica.com\\\/es\\\/conica-ag-2\\\/minergie-eco\\\/#primaryimage\"},\"image\":{\"@id\":\"https:\\\/\\\/www.conica.com\\\/es\\\/conica-ag-2\\\/minergie-eco\\\/#primaryimage\"},\"thumbnailUrl\":\"https:\\\/\\\/www.conica.com\\\/wp-content\\\/uploads\\\/2022\\\/11\\\/Umwelt-Etikette_C_Schweizer-Stiftung-Farbe-opt-1024x257.jpg\",\"datePublished\":\"2020-07-22T05:52:15+00:00\",\"dateModified\":\"2022-11-08T08:53:56+00:00\",\"breadcrumb\":{\"@id\":\"https:\\\/\\\/www.conica.com\\\/es\\\/conica-ag-2\\\/minergie-eco\\\/#breadcrumb\"},\"inLanguage\":\"es\",\"potentialAction\":[{\"@type\":\"ReadAction\",\"target\":[\"https:\\\/\\\/www.conica.com\\\/es\\\/conica-ag-2\\\/minergie-eco\\\/\"]}]},{\"@type\":\"ImageObject\",\"inLanguage\":\"es\",\"@id\":\"https:\\\/\\\/www.conica.com\\\/es\\\/conica-ag-2\\\/minergie-eco\\\/#primaryimage\",\"url\":\"https:\\\/\\\/www.conica.com\\\/wp-content\\\/uploads\\\/2022\\\/11\\\/Umwelt-Etikette_C_Schweizer-Stiftung-Farbe-opt-1024x257.jpg\",\"contentUrl\":\"https:\\\/\\\/www.conica.com\\\/wp-content\\\/uploads\\\/2022\\\/11\\\/Umwelt-Etikette_C_Schweizer-Stiftung-Farbe-opt-1024x257.jpg\"},{\"@type\":\"BreadcrumbList\",\"@id\":\"https:\\\/\\\/www.conica.com\\\/es\\\/conica-ag-2\\\/minergie-eco\\\/#breadcrumb\",\"itemListElement\":[{\"@type\":\"ListItem\",\"position\":1,\"name\":\"Home\",\"item\":\"https:\\\/\\\/www.conica.com\\\/es\\\/\"},{\"@type\":\"ListItem\",\"position\":2,\"name\":\"CONICA AG\",\"item\":\"https:\\\/\\\/www.conica.com\\\/es\\\/conica-ag-2\\\/\"},{\"@type\":\"ListItem\",\"position\":3,\"name\":\"MINERGIE ECO\"}]},{\"@type\":\"WebSite\",\"@id\":\"https:\\\/\\\/www.conica.com\\\/it\\\/#website\",\"url\":\"https:\\\/\\\/www.conica.com\\\/it\\\/\",\"name\":\"CONICA AG\",\"description\":\"Sport-, Playground- und Functional Flooring Bel\u00e4ge\",\"publisher\":{\"@id\":\"https:\\\/\\\/www.conica.com\\\/it\\\/#organization\"},\"potentialAction\":[{\"@type\":\"SearchAction\",\"target\":{\"@type\":\"EntryPoint\",\"urlTemplate\":\"https:\\\/\\\/www.conica.com\\\/it\\\/?s={search_term_string}\"},\"query-input\":{\"@type\":\"PropertyValueSpecification\",\"valueRequired\":true,\"valueName\":\"search_term_string\"}}],\"inLanguage\":\"es\"},{\"@type\":\"Organization\",\"@id\":\"https:\\\/\\\/www.conica.com\\\/it\\\/#organization\",\"name\":\"CONICA AG\",\"url\":\"https:\\\/\\\/www.conica.com\\\/it\\\/\",\"logo\":{\"@type\":\"ImageObject\",\"inLanguage\":\"es\",\"@id\":\"https:\\\/\\\/www.conica.com\\\/it\\\/#\\\/schema\\\/logo\\\/image\\\/\",\"url\":\"https:\\\/\\\/www.conica.com\\\/wp-content\\\/uploads\\\/2020\\\/04\\\/logo_conica-01.svg\",\"contentUrl\":\"https:\\\/\\\/www.conica.com\\\/wp-content\\\/uploads\\\/2020\\\/04\\\/logo_conica-01.svg\",\"caption\":\"CONICA AG\"},\"image\":{\"@id\":\"https:\\\/\\\/www.conica.com\\\/it\\\/#\\\/schema\\\/logo\\\/image\\\/\"}}]}<\/script>\n<!-- \/ Yoast SEO plugin. -->","yoast_head_json":{"title":"MINERGIE ECO - CONICA AG","robots":{"index":"index","follow":"follow","max-snippet":"max-snippet:-1","max-image-preview":"max-image-preview:large","max-video-preview":"max-video-preview:-1"},"canonical":"https:\/\/www.conica.com\/es\/conica-ag-2\/minergie-eco\/","og_locale":"es_ES","og_type":"article","og_title":"MINERGIE ECO - CONICA AG","og_description":"&nbsp; En eco-bau hay un directorio de productos en el que se realiza la evaluaci\u00f3n en 3 niveles. No obstante, tambi\u00e9n pueden utilizarse otros productos siempre que cumplan los requisitos de productos de Minergie-ECO: eco-bau \u2013 Directorio de productos. CONICA ha elaborado una lista de los productos que pueden utilizarse en interiores en la Schweizer [&hellip;]","og_url":"https:\/\/www.conica.com\/es\/conica-ag-2\/minergie-eco\/","og_site_name":"CONICA AG","article_modified_time":"2022-11-08T08:53:56+00:00","og_image":[{"url":"https:\/\/www.conica.com\/wp-content\/uploads\/2022\/11\/Umwelt-Etikette_C_Schweizer-Stiftung-Farbe-opt-1024x257.jpg","type":"","width":"","height":""}],"twitter_card":"summary_large_image","twitter_misc":{"Tiempo de lectura":"2 minutos"},"schema":{"@context":"https:\/\/schema.org","@graph":[{"@type":"WebPage","@id":"https:\/\/www.conica.com\/es\/conica-ag-2\/minergie-eco\/","url":"https:\/\/www.conica.com\/es\/conica-ag-2\/minergie-eco\/","name":"MINERGIE ECO - CONICA AG","isPartOf":{"@id":"https:\/\/www.conica.com\/it\/#website"},"primaryImageOfPage":{"@id":"https:\/\/www.conica.com\/es\/conica-ag-2\/minergie-eco\/#primaryimage"},"image":{"@id":"https:\/\/www.conica.com\/es\/conica-ag-2\/minergie-eco\/#primaryimage"},"thumbnailUrl":"https:\/\/www.conica.com\/wp-content\/uploads\/2022\/11\/Umwelt-Etikette_C_Schweizer-Stiftung-Farbe-opt-1024x257.jpg","datePublished":"2020-07-22T05:52:15+00:00","dateModified":"2022-11-08T08:53:56+00:00","breadcrumb":{"@id":"https:\/\/www.conica.com\/es\/conica-ag-2\/minergie-eco\/#breadcrumb"},"inLanguage":"es","potentialAction":[{"@type":"ReadAction","target":["https:\/\/www.conica.com\/es\/conica-ag-2\/minergie-eco\/"]}]},{"@type":"ImageObject","inLanguage":"es","@id":"https:\/\/www.conica.com\/es\/conica-ag-2\/minergie-eco\/#primaryimage","url":"https:\/\/www.conica.com\/wp-content\/uploads\/2022\/11\/Umwelt-Etikette_C_Schweizer-Stiftung-Farbe-opt-1024x257.jpg","contentUrl":"https:\/\/www.conica.com\/wp-content\/uploads\/2022\/11\/Umwelt-Etikette_C_Schweizer-Stiftung-Farbe-opt-1024x257.jpg"},{"@type":"BreadcrumbList","@id":"https:\/\/www.conica.com\/es\/conica-ag-2\/minergie-eco\/#breadcrumb","itemListElement":[{"@type":"ListItem","position":1,"name":"Home","item":"https:\/\/www.conica.com\/es\/"},{"@type":"ListItem","position":2,"name":"CONICA AG","item":"https:\/\/www.conica.com\/es\/conica-ag-2\/"},{"@type":"ListItem","position":3,"name":"MINERGIE ECO"}]},{"@type":"WebSite","@id":"https:\/\/www.conica.com\/it\/#website","url":"https:\/\/www.conica.com\/it\/","name":"CONICA AG","description":"Sport-, Playground- und Functional Flooring Bel\u00e4ge","publisher":{"@id":"https:\/\/www.conica.com\/it\/#organization"},"potentialAction":[{"@type":"SearchAction","target":{"@type":"EntryPoint","urlTemplate":"https:\/\/www.conica.com\/it\/?s={search_term_string}"},"query-input":{"@type":"PropertyValueSpecification","valueRequired":true,"valueName":"search_term_string"}}],"inLanguage":"es"},{"@type":"Organization","@id":"https:\/\/www.conica.com\/it\/#organization","name":"CONICA AG","url":"https:\/\/www.conica.com\/it\/","logo":{"@type":"ImageObject","inLanguage":"es","@id":"https:\/\/www.conica.com\/it\/#\/schema\/logo\/image\/","url":"https:\/\/www.conica.com\/wp-content\/uploads\/2020\/04\/logo_conica-01.svg","contentUrl":"https:\/\/www.conica.com\/wp-content\/uploads\/2020\/04\/logo_conica-01.svg","caption":"CONICA AG"},"image":{"@id":"https:\/\/www.conica.com\/it\/#\/schema\/logo\/image\/"}}]}},"featured_image_src":null,"featured_image_src_square":null,"uagb_featured_image_src":{"full":false,"thumbnail":false,"medium":false,"medium_large":false,"large":false,"gs-tiny":false,"xl":false,"xxl":false,"xxxl":false,"xxxxl":false,"xxxxxl":false,"gts-thumbnail":false,"1536x1536":false,"2048x2048":false,"sidebar-featured":false,"genesis-singular-images":false,"ab-block-post-grid-landscape":false,"ab-block-post-grid-square":false,"gform-image-choice-sm":false,"gform-image-choice-md":false,"gform-image-choice-lg":false},"uagb_author_info":{"display_name":"cloudweb admin","author_link":"https:\/\/www.conica.com\/es\/author\/cloudweb-admin\/"},"uagb_comment_info":0,"uagb_excerpt":"&nbsp; En eco-bau hay un directorio de productos en el que se realiza la evaluaci\u00f3n en 3 niveles. No obstante, tambi\u00e9n pueden utilizarse otros productos siempre que cumplan los requisitos de productos de Minergie-ECO: eco-bau \u2013 Directorio de productos. CONICA ha elaborado una lista de los productos que pueden utilizarse en interiores en la Schweizer&hellip;","_links":{"self":[{"href":"https:\/\/www.conica.com\/es\/wp-json\/wp\/v2\/pages\/21532","targetHints":{"allow":["GET"]}}],"collection":[{"href":"https:\/\/www.conica.com\/es\/wp-json\/wp\/v2\/pages"}],"about":[{"href":"https:\/\/www.conica.com\/es\/wp-json\/wp\/v2\/types\/page"}],"author":[{"embeddable":true,"href":"https:\/\/www.conica.com\/es\/wp-json\/wp\/v2\/users\/8"}],"replies":[{"embeddable":true,"href":"https:\/\/www.conica.com\/es\/wp-json\/wp\/v2\/comments?post=21532"}],"version-history":[{"count":0,"href":"https:\/\/www.conica.com\/es\/wp-json\/wp\/v2\/pages\/21532\/revisions"}],"up":[{"embeddable":true,"href":"https:\/\/www.conica.com\/es\/wp-json\/wp\/v2\/pages\/21517"}],"wp:attachment":[{"href":"https:\/\/www.conica.com\/es\/wp-json\/wp\/v2\/media?parent=21532"}],"wp:term":[{"taxonomy":"products_categories","embeddable":true,"href":"https:\/\/www.conica.com\/es\/wp-json\/wp\/v2\/products_categories?post=21532"},{"taxonomy":"project_categories","embeddable":true,"href":"https:\/\/www.conica.com\/es\/wp-json\/wp\/v2\/project_categories?post=21532"},{"taxonomy":"product_quiz_categories","embeddable":true,"href":"https:\/\/www.conica.com\/es\/wp-json\/wp\/v2\/product_quiz_categories?post=21532"},{"taxonomy":"testimonials_categories","embeddable":true,"href":"https:\/\/www.conica.com\/es\/wp-json\/wp\/v2\/testimonials_categories?post=21532"},{"taxonomy":"locations_categories","embeddable":true,"href":"https:\/\/www.conica.com\/es\/wp-json\/wp\/v2\/locations_categories?post=21532"}],"curies":[{"name":"wp","href":"https:\/\/api.w.org\/{rel}","templated":true}]}}