{"id":21536,"date":"2020-05-22T09:53:51","date_gmt":"2020-05-22T07:53:51","guid":{"rendered":"https:\/\/www.conica.com\/conica-ag-2\/nachhaltigkeit\/"},"modified":"2026-03-24T10:55:18","modified_gmt":"2026-03-24T09:55:18","slug":"sostenibilidad","status":"publish","type":"page","link":"https:\/\/www.conica.com\/es\/conica-ag-2\/sostenibilidad\/","title":{"rendered":"Sostenibilidad"},"content":{"rendered":"\n<div class=\"wp-block-atomic-blocks-ab-container ab-block-container alignfull\"><div class=\"ab-container-inside\"><div class=\"ab-container-content\">\n<div class=\"wp-block-atomic-blocks-ab-columns page-intro ab-layout-columns-2 ab-2-col-equal alignwide\"><div class=\"ab-layout-column-wrap ab-block-layout-column-gap-2 ab-is-responsive-column\">\n<div class=\"wp-block-atomic-blocks-ab-column ab-block-layout-column\"><div class=\"ab-block-layout-column-inner\">\n<h1 class=\"wp-block-heading no-margin\">LA RESPONSABILIDAD EN EL CORAZ\u00d3N DE TODO LO QUE HACEMOS.<\/h1>\n<\/div><\/div>\n\n\n\n<div class=\"wp-block-atomic-blocks-ab-column ab-block-layout-column\"><div class=\"ab-block-layout-column-inner\">\n<p>Vivimos nuestra pol\u00edtica de calidad, medioambiente y seguridad laboral como fundamento de la pol\u00edtica empresarial de CONICA AG, y la cada empleado la aplica en todas sus actividades.<\/p>\n\n\n\n<p>Mediante un proceso de mejora sistem\u00e1tica y continua, nos esforzamos siempre por:<\/p>\n\n\n\n<p>Mejorar la calidad de los productos y servicios<br>Conservar los recursos naturales mediante un uso eficiente<br>Evitar accidentes<br>Superar las expectativas de los clientes y aumentar su satisfacci\u00f3n<\/p>\n\n\n        <div class=\"download-wrapper alignfull\">\n            <div\n                    id=\"download-wrapper-content-dl-40488\"\n                    class=\"download-wrapper-content-dl trigger-download-wrapper-content-dl alignwide\"\n                    data-fid=\"40488\"\n                    data-rld=\"\"\n                    data-rnsd=\"\"\n            >\n                <div class=\"download-icon\">\n\t\t\t\t\t                        <div class=\"cert\"><\/div>\n\t\t\t\t\t                <\/div>\n                <div class=\"download-title\">\n                    <p>\n                        <strong>Quality, environmental and  occupational safety policy (Company Policy)<\/strong>&nbsp;<\/p>\n                    <p>                    <\/p>\n                <\/div>\n            <\/div>\n        <\/div>\n\n\t\t<\/div><\/div>\n<\/div><\/div>\n\n\n\n<div class=\"wp-block-atomic-blocks-ab-container ab-block-container\"><div class=\"ab-container-inside\"><div class=\"ab-container-content\">\n<figure class=\"wp-block-image alignfull size-large\"><img decoding=\"async\" width=\"1024\" height=\"384\" src=\"https:\/\/www.conica.com\/wp-content\/uploads\/2020\/06\/nachhaltiger-bodenbelag.jpg\" alt=\"\" class=\"wp-image-1158\" srcset=\"https:\/\/www.conica.com\/wp-content\/uploads\/2020\/06\/nachhaltiger-bodenbelag.jpg 1024w, https:\/\/www.conica.com\/wp-content\/uploads\/2020\/06\/nachhaltiger-bodenbelag-300x113.jpg 300w, https:\/\/www.conica.com\/wp-content\/uploads\/2020\/06\/nachhaltiger-bodenbelag-768x288.jpg 768w\" sizes=\"(max-width: 1024px) 100vw, 1024px\" \/><\/figure>\n<\/div><\/div><\/div>\n\n\n\n<p><\/p>\n<\/div><\/div><\/div>\n\n\n\n<div class=\"wp-block-media-text is-stacked-on-mobile\" style=\"grid-template-columns:25% auto\"><figure class=\"wp-block-media-text__media\"><img decoding=\"async\" width=\"540\" height=\"540\" src=\"https:\/\/www.conica.com\/wp-content\/uploads\/2026\/03\/CONICA-ECOVADIS-MEDAL-5.png\" alt=\"\" class=\"wp-image-46593 size-full\" srcset=\"https:\/\/www.conica.com\/wp-content\/uploads\/2026\/03\/CONICA-ECOVADIS-MEDAL-5.png 540w, https:\/\/www.conica.com\/wp-content\/uploads\/2026\/03\/CONICA-ECOVADIS-MEDAL-5-300x300.png 300w, https:\/\/www.conica.com\/wp-content\/uploads\/2026\/03\/CONICA-ECOVADIS-MEDAL-5-150x150.png 150w, https:\/\/www.conica.com\/wp-content\/uploads\/2026\/03\/CONICA-ECOVADIS-MEDAL-5-50x50.png 50w, https:\/\/www.conica.com\/wp-content\/uploads\/2026\/03\/CONICA-ECOVADIS-MEDAL-5-100x100.png 100w, https:\/\/www.conica.com\/wp-content\/uploads\/2026\/03\/CONICA-ECOVADIS-MEDAL-5-75x75.png 75w\" sizes=\"(max-width: 540px) 100vw, 540px\" \/><\/figure><div class=\"wp-block-media-text__content\">\n<p><strong>CONICA AG<\/strong> ha obtenido el <a href=\"https:\/\/recognition.ecovadis.com\/Gtwof0CEVUeQt4DWhW8tDw\"><strong>Committed Badge<\/strong> en su evaluaci\u00f3n de <strong>EcoVadis<\/strong>,<\/a> lo que constituye un reconocimiento de su buen desempe\u00f1o seg\u00fan la metodolog\u00eda de evaluaci\u00f3n de <strong>EcoVadis<\/strong>.<\/p>\n<\/div><\/div>\n\n\n\n<p><\/p>\n\n\n\n<div class=\"wp-block-atomic-blocks-ab-columns ab-layout-columns-1 one-column\"><div class=\"ab-layout-column-wrap ab-block-layout-column-gap-2 ab-is-responsive-column\">\n<div class=\"wp-block-atomic-blocks-ab-column ab-block-layout-column\"><div class=\"ab-block-layout-column-inner\">\n<p>Para ello, CONICA AG reduce preventivamente el consumo de recursos naturales y mejora su rendimiento medioambiental tanto mediante el reciclaje y el cierre de los ciclos de materiales para evitar residuos, como a trav\u00e9s del desarrollo de productos innovadores que, por ejemplo, contienen materias primas de origen biol\u00f3gico o gozan de una larga vida \u00fatil.<\/p>\n\n\n\n<p>CONICA AG se compromete a cumplir plenamente con los requisitos legales aplicables en materia de derecho ambiental y de seguridad laboral, as\u00ed como con las obligaciones internas espec\u00edficas de la empresa y locales, actuando de forma proactiva e integral.<\/p>\n\n\n\n<p>La aplicaci\u00f3n coherente de nuestra pol\u00edtica de calidad, ambiental y de seguridad laboral a trav\u00e9s de la participaci\u00f3n de todos los empleados es la garant\u00eda de un crecimiento sostenible y del \u00e9xito de nuestra empresa. Es la base de nuestra capacidad para seguir ofreciendo a nuestros clientes productos y servicios de alta calidad y competitivos.<\/p>\n\n\n\n<p>La direcci\u00f3n se asegura de que todos los empleados entiendan y apliquen la pol\u00edtica de la empresa en su trabajo diario.<\/p>\n\n\n\n<hr class=\"wp-block-separator has-alpha-channel-opacity\"\/>\n<\/div><\/div>\n<\/div><\/div>\n\n\n\n<div class=\"wp-block-atomic-blocks-ab-columns ab-layout-columns-2 ab-2-col-equal\"><div class=\"ab-layout-column-wrap ab-block-layout-column-gap-2 ab-is-responsive-column\">\n<div class=\"wp-block-atomic-blocks-ab-column ab-block-layout-column\"><div class=\"ab-block-layout-column-inner\">\n<figure class=\"wp-block-image size-large\"><img decoding=\"async\" width=\"707\" height=\"1024\" src=\"https:\/\/www.conica.com\/wp-content\/uploads\/2023\/03\/2022_CONICA_AG_EnAW-certificate_e-5-707x1024.jpg\" alt=\"\" class=\"wp-image-33246\" srcset=\"https:\/\/www.conica.com\/wp-content\/uploads\/2023\/03\/2022_CONICA_AG_EnAW-certificate_e-5-707x1024.jpg 707w, https:\/\/www.conica.com\/wp-content\/uploads\/2023\/03\/2022_CONICA_AG_EnAW-certificate_e-5-207x300.jpg 207w, https:\/\/www.conica.com\/wp-content\/uploads\/2023\/03\/2022_CONICA_AG_EnAW-certificate_e-5-768x1113.jpg 768w, https:\/\/www.conica.com\/wp-content\/uploads\/2023\/03\/2022_CONICA_AG_EnAW-certificate_e-5-1060x1536.jpg 1060w, https:\/\/www.conica.com\/wp-content\/uploads\/2023\/03\/2022_CONICA_AG_EnAW-certificate_e-5.jpg 1181w\" sizes=\"(max-width: 707px) 100vw, 707px\" \/><\/figure>\n<\/div><\/div>\n\n\n\n<div class=\"wp-block-atomic-blocks-ab-column ab-block-layout-column\"><div class=\"ab-block-layout-column-inner\">\n<p><strong>Voluntary Climate Protection and Energy Efficiency<\/strong><\/p>\n\n\n\n<p><strong>CONICA AG<\/strong>&nbsp;is convinced of the need to stand up for sustainable climate protection.<br>By voluntarily declaring its adherence to the Swiss Private Sector Energy Agency programme,<br><strong>CONICA AG<\/strong>&nbsp;commits to actively reducing CO2 emissions and optimizing energy<br>efficiency. The Swiss Federal Government, cantons and private sector partners honor<br>the target agreement.<\/p>\n<\/div><\/div>\n<\/div><\/div>\n","protected":false},"excerpt":{"rendered":"<p>CONICA AG ha obtenido el Committed Badge en su evaluaci\u00f3n de EcoVadis, lo que constituye un reconocimiento de su buen desempe\u00f1o seg\u00fan la metodolog\u00eda de evaluaci\u00f3n de EcoVadis.<\/p>\n","protected":false},"author":8,"featured_media":0,"parent":21517,"menu_order":0,"comment_status":"closed","ping_status":"closed","template":"","meta":{"_acf_changed":false,"_uag_custom_page_level_css":"","_genesis_hide_title":false,"_genesis_hide_breadcrumbs":false,"_genesis_hide_singular_image":false,"_genesis_custom_body_class":"","_genesis_custom_post_class":"","_genesis_layout":"","footnotes":""},"products_categories":[],"project_categories":[],"product_quiz_categories":[],"testimonials_categories":[],"locations_categories":[],"class_list":{"0":"post-21536","1":"page","2":"type-page","3":"status-publish","5":"entry"},"acf":[],"yoast_head":"<!-- This site is optimized with the Yoast SEO plugin v27.4 - https:\/\/yoast.com\/product\/yoast-seo-wordpress\/ -->\n<title>Sostenibilidad - CONICA AG<\/title>\n<meta name=\"robots\" content=\"index, follow, max-snippet:-1, max-image-preview:large, max-video-preview:-1\" \/>\n<link rel=\"canonical\" href=\"https:\/\/www.conica.com\/es\/conica-ag-2\/sostenibilidad\/\" \/>\n<meta property=\"og:locale\" content=\"es_ES\" \/>\n<meta property=\"og:type\" content=\"article\" \/>\n<meta property=\"og:title\" content=\"Sostenibilidad - CONICA AG\" \/>\n<meta property=\"og:description\" content=\"CONICA AG ha obtenido el Committed Badge en su evaluaci\u00f3n de EcoVadis, lo que constituye un reconocimiento de su buen desempe\u00f1o seg\u00fan la metodolog\u00eda de evaluaci\u00f3n de EcoVadis.\" \/>\n<meta property=\"og:url\" content=\"https:\/\/www.conica.com\/es\/conica-ag-2\/sostenibilidad\/\" \/>\n<meta property=\"og:site_name\" content=\"CONICA AG\" \/>\n<meta property=\"article:modified_time\" content=\"2026-03-24T09:55:18+00:00\" \/>\n<meta property=\"og:image\" content=\"https:\/\/www.conica.com\/wp-content\/uploads\/2020\/06\/nachhaltiger-bodenbelag.jpg\" \/>\n\t<meta property=\"og:image:width\" content=\"1024\" \/>\n\t<meta property=\"og:image:height\" content=\"384\" \/>\n\t<meta property=\"og:image:type\" content=\"image\/jpeg\" \/>\n<meta name=\"twitter:card\" content=\"summary_large_image\" \/>\n<meta name=\"twitter:label1\" content=\"Tiempo de lectura\" \/>\n\t<meta name=\"twitter:data1\" content=\"3 minutos\" \/>\n<script type=\"application\/ld+json\" class=\"yoast-schema-graph\">{\"@context\":\"https:\\\/\\\/schema.org\",\"@graph\":[{\"@type\":\"WebPage\",\"@id\":\"https:\\\/\\\/www.conica.com\\\/es\\\/conica-ag-2\\\/sostenibilidad\\\/\",\"url\":\"https:\\\/\\\/www.conica.com\\\/es\\\/conica-ag-2\\\/sostenibilidad\\\/\",\"name\":\"Sostenibilidad - CONICA AG\",\"isPartOf\":{\"@id\":\"https:\\\/\\\/www.conica.com\\\/it\\\/#website\"},\"primaryImageOfPage\":{\"@id\":\"https:\\\/\\\/www.conica.com\\\/es\\\/conica-ag-2\\\/sostenibilidad\\\/#primaryimage\"},\"image\":{\"@id\":\"https:\\\/\\\/www.conica.com\\\/es\\\/conica-ag-2\\\/sostenibilidad\\\/#primaryimage\"},\"thumbnailUrl\":\"https:\\\/\\\/www.conica.com\\\/wp-content\\\/uploads\\\/2020\\\/06\\\/nachhaltiger-bodenbelag.jpg\",\"datePublished\":\"2020-05-22T07:53:51+00:00\",\"dateModified\":\"2026-03-24T09:55:18+00:00\",\"breadcrumb\":{\"@id\":\"https:\\\/\\\/www.conica.com\\\/es\\\/conica-ag-2\\\/sostenibilidad\\\/#breadcrumb\"},\"inLanguage\":\"es\",\"potentialAction\":[{\"@type\":\"ReadAction\",\"target\":[\"https:\\\/\\\/www.conica.com\\\/es\\\/conica-ag-2\\\/sostenibilidad\\\/\"]}]},{\"@type\":\"ImageObject\",\"inLanguage\":\"es\",\"@id\":\"https:\\\/\\\/www.conica.com\\\/es\\\/conica-ag-2\\\/sostenibilidad\\\/#primaryimage\",\"url\":\"https:\\\/\\\/www.conica.com\\\/wp-content\\\/uploads\\\/2020\\\/06\\\/nachhaltiger-bodenbelag.jpg\",\"contentUrl\":\"https:\\\/\\\/www.conica.com\\\/wp-content\\\/uploads\\\/2020\\\/06\\\/nachhaltiger-bodenbelag.jpg\"},{\"@type\":\"BreadcrumbList\",\"@id\":\"https:\\\/\\\/www.conica.com\\\/es\\\/conica-ag-2\\\/sostenibilidad\\\/#breadcrumb\",\"itemListElement\":[{\"@type\":\"ListItem\",\"position\":1,\"name\":\"Home\",\"item\":\"https:\\\/\\\/www.conica.com\\\/es\\\/\"},{\"@type\":\"ListItem\",\"position\":2,\"name\":\"CONICA AG\",\"item\":\"https:\\\/\\\/www.conica.com\\\/es\\\/conica-ag-2\\\/\"},{\"@type\":\"ListItem\",\"position\":3,\"name\":\"Sostenibilidad\"}]},{\"@type\":\"WebSite\",\"@id\":\"https:\\\/\\\/www.conica.com\\\/it\\\/#website\",\"url\":\"https:\\\/\\\/www.conica.com\\\/it\\\/\",\"name\":\"CONICA AG\",\"description\":\"Sport-, Playground- und Functional Flooring Bel\u00e4ge\",\"publisher\":{\"@id\":\"https:\\\/\\\/www.conica.com\\\/it\\\/#organization\"},\"potentialAction\":[{\"@type\":\"SearchAction\",\"target\":{\"@type\":\"EntryPoint\",\"urlTemplate\":\"https:\\\/\\\/www.conica.com\\\/it\\\/?s={search_term_string}\"},\"query-input\":{\"@type\":\"PropertyValueSpecification\",\"valueRequired\":true,\"valueName\":\"search_term_string\"}}],\"inLanguage\":\"es\"},{\"@type\":\"Organization\",\"@id\":\"https:\\\/\\\/www.conica.com\\\/it\\\/#organization\",\"name\":\"CONICA AG\",\"url\":\"https:\\\/\\\/www.conica.com\\\/it\\\/\",\"logo\":{\"@type\":\"ImageObject\",\"inLanguage\":\"es\",\"@id\":\"https:\\\/\\\/www.conica.com\\\/it\\\/#\\\/schema\\\/logo\\\/image\\\/\",\"url\":\"https:\\\/\\\/www.conica.com\\\/wp-content\\\/uploads\\\/2020\\\/04\\\/logo_conica-01.svg\",\"contentUrl\":\"https:\\\/\\\/www.conica.com\\\/wp-content\\\/uploads\\\/2020\\\/04\\\/logo_conica-01.svg\",\"caption\":\"CONICA AG\"},\"image\":{\"@id\":\"https:\\\/\\\/www.conica.com\\\/it\\\/#\\\/schema\\\/logo\\\/image\\\/\"}}]}<\/script>\n<!-- \/ Yoast SEO plugin. -->","yoast_head_json":{"title":"Sostenibilidad - CONICA AG","robots":{"index":"index","follow":"follow","max-snippet":"max-snippet:-1","max-image-preview":"max-image-preview:large","max-video-preview":"max-video-preview:-1"},"canonical":"https:\/\/www.conica.com\/es\/conica-ag-2\/sostenibilidad\/","og_locale":"es_ES","og_type":"article","og_title":"Sostenibilidad - CONICA AG","og_description":"CONICA AG ha obtenido el Committed Badge en su evaluaci\u00f3n de EcoVadis, lo que constituye un reconocimiento de su buen desempe\u00f1o seg\u00fan la metodolog\u00eda de evaluaci\u00f3n de EcoVadis.","og_url":"https:\/\/www.conica.com\/es\/conica-ag-2\/sostenibilidad\/","og_site_name":"CONICA AG","article_modified_time":"2026-03-24T09:55:18+00:00","og_image":[{"width":1024,"height":384,"url":"https:\/\/www.conica.com\/wp-content\/uploads\/2020\/06\/nachhaltiger-bodenbelag.jpg","type":"image\/jpeg"}],"twitter_card":"summary_large_image","twitter_misc":{"Tiempo de lectura":"3 minutos"},"schema":{"@context":"https:\/\/schema.org","@graph":[{"@type":"WebPage","@id":"https:\/\/www.conica.com\/es\/conica-ag-2\/sostenibilidad\/","url":"https:\/\/www.conica.com\/es\/conica-ag-2\/sostenibilidad\/","name":"Sostenibilidad - CONICA AG","isPartOf":{"@id":"https:\/\/www.conica.com\/it\/#website"},"primaryImageOfPage":{"@id":"https:\/\/www.conica.com\/es\/conica-ag-2\/sostenibilidad\/#primaryimage"},"image":{"@id":"https:\/\/www.conica.com\/es\/conica-ag-2\/sostenibilidad\/#primaryimage"},"thumbnailUrl":"https:\/\/www.conica.com\/wp-content\/uploads\/2020\/06\/nachhaltiger-bodenbelag.jpg","datePublished":"2020-05-22T07:53:51+00:00","dateModified":"2026-03-24T09:55:18+00:00","breadcrumb":{"@id":"https:\/\/www.conica.com\/es\/conica-ag-2\/sostenibilidad\/#breadcrumb"},"inLanguage":"es","potentialAction":[{"@type":"ReadAction","target":["https:\/\/www.conica.com\/es\/conica-ag-2\/sostenibilidad\/"]}]},{"@type":"ImageObject","inLanguage":"es","@id":"https:\/\/www.conica.com\/es\/conica-ag-2\/sostenibilidad\/#primaryimage","url":"https:\/\/www.conica.com\/wp-content\/uploads\/2020\/06\/nachhaltiger-bodenbelag.jpg","contentUrl":"https:\/\/www.conica.com\/wp-content\/uploads\/2020\/06\/nachhaltiger-bodenbelag.jpg"},{"@type":"BreadcrumbList","@id":"https:\/\/www.conica.com\/es\/conica-ag-2\/sostenibilidad\/#breadcrumb","itemListElement":[{"@type":"ListItem","position":1,"name":"Home","item":"https:\/\/www.conica.com\/es\/"},{"@type":"ListItem","position":2,"name":"CONICA AG","item":"https:\/\/www.conica.com\/es\/conica-ag-2\/"},{"@type":"ListItem","position":3,"name":"Sostenibilidad"}]},{"@type":"WebSite","@id":"https:\/\/www.conica.com\/it\/#website","url":"https:\/\/www.conica.com\/it\/","name":"CONICA AG","description":"Sport-, Playground- und Functional Flooring Bel\u00e4ge","publisher":{"@id":"https:\/\/www.conica.com\/it\/#organization"},"potentialAction":[{"@type":"SearchAction","target":{"@type":"EntryPoint","urlTemplate":"https:\/\/www.conica.com\/it\/?s={search_term_string}"},"query-input":{"@type":"PropertyValueSpecification","valueRequired":true,"valueName":"search_term_string"}}],"inLanguage":"es"},{"@type":"Organization","@id":"https:\/\/www.conica.com\/it\/#organization","name":"CONICA AG","url":"https:\/\/www.conica.com\/it\/","logo":{"@type":"ImageObject","inLanguage":"es","@id":"https:\/\/www.conica.com\/it\/#\/schema\/logo\/image\/","url":"https:\/\/www.conica.com\/wp-content\/uploads\/2020\/04\/logo_conica-01.svg","contentUrl":"https:\/\/www.conica.com\/wp-content\/uploads\/2020\/04\/logo_conica-01.svg","caption":"CONICA AG"},"image":{"@id":"https:\/\/www.conica.com\/it\/#\/schema\/logo\/image\/"}}]}},"featured_image_src":null,"featured_image_src_square":null,"uagb_featured_image_src":{"full":false,"thumbnail":false,"medium":false,"medium_large":false,"large":false,"gs-tiny":false,"xl":false,"xxl":false,"xxxl":false,"xxxxl":false,"xxxxxl":false,"gts-thumbnail":false,"1536x1536":false,"2048x2048":false,"sidebar-featured":false,"genesis-singular-images":false,"ab-block-post-grid-landscape":false,"ab-block-post-grid-square":false,"gform-image-choice-sm":false,"gform-image-choice-md":false,"gform-image-choice-lg":false},"uagb_author_info":{"display_name":"cloudweb admin","author_link":"https:\/\/www.conica.com\/es\/author\/cloudweb-admin\/"},"uagb_comment_info":0,"uagb_excerpt":"CONICA AG ha obtenido el Committed Badge en su evaluaci\u00f3n de EcoVadis, lo que constituye un reconocimiento de su buen desempe\u00f1o seg\u00fan la metodolog\u00eda de evaluaci\u00f3n de EcoVadis.","_links":{"self":[{"href":"https:\/\/www.conica.com\/es\/wp-json\/wp\/v2\/pages\/21536","targetHints":{"allow":["GET"]}}],"collection":[{"href":"https:\/\/www.conica.com\/es\/wp-json\/wp\/v2\/pages"}],"about":[{"href":"https:\/\/www.conica.com\/es\/wp-json\/wp\/v2\/types\/page"}],"author":[{"embeddable":true,"href":"https:\/\/www.conica.com\/es\/wp-json\/wp\/v2\/users\/8"}],"replies":[{"embeddable":true,"href":"https:\/\/www.conica.com\/es\/wp-json\/wp\/v2\/comments?post=21536"}],"version-history":[{"count":1,"href":"https:\/\/www.conica.com\/es\/wp-json\/wp\/v2\/pages\/21536\/revisions"}],"predecessor-version":[{"id":46598,"href":"https:\/\/www.conica.com\/es\/wp-json\/wp\/v2\/pages\/21536\/revisions\/46598"}],"up":[{"embeddable":true,"href":"https:\/\/www.conica.com\/es\/wp-json\/wp\/v2\/pages\/21517"}],"wp:attachment":[{"href":"https:\/\/www.conica.com\/es\/wp-json\/wp\/v2\/media?parent=21536"}],"wp:term":[{"taxonomy":"products_categories","embeddable":true,"href":"https:\/\/www.conica.com\/es\/wp-json\/wp\/v2\/products_categories?post=21536"},{"taxonomy":"project_categories","embeddable":true,"href":"https:\/\/www.conica.com\/es\/wp-json\/wp\/v2\/project_categories?post=21536"},{"taxonomy":"product_quiz_categories","embeddable":true,"href":"https:\/\/www.conica.com\/es\/wp-json\/wp\/v2\/product_quiz_categories?post=21536"},{"taxonomy":"testimonials_categories","embeddable":true,"href":"https:\/\/www.conica.com\/es\/wp-json\/wp\/v2\/testimonials_categories?post=21536"},{"taxonomy":"locations_categories","embeddable":true,"href":"https:\/\/www.conica.com\/es\/wp-json\/wp\/v2\/locations_categories?post=21536"}],"curies":[{"name":"wp","href":"https:\/\/api.w.org\/{rel}","templated":true}]}}