{"id":26012,"date":"2020-08-10T09:03:55","date_gmt":"2020-08-10T07:03:55","guid":{"rendered":"https:\/\/www.conica.com\/deporte\/produkte-fuer-sports-flooring\/produkte-fuer-den-kunstrasenbau\/"},"modified":"2024-01-11T15:01:21","modified_gmt":"2024-01-11T14:01:21","slug":"products-for-artificial-grass","status":"publish","type":"page","link":"https:\/\/www.conica.com\/es\/deporte\/productos-para-suelos-deportivos\/products-for-artificial-grass\/","title":{"rendered":"Products for artificial grass"},"content":{"rendered":"<div id=\"gutenslider-xedjnm4lj\" class=\"wp-block-eedee-block-gutenslider gs-frontend content-change alignfull arrow-style-1 arrow-position-sides arrow-mb-none arrows-lg arrows-md arrows-sm dot-style-1 dots-lg dots-md dots-sm dot-position-bottom is-position-center-center mb-none wrap-auto-height\" data-parallax-direction=\"down\" data-parallax-amount=\"1.3\" data-lg-transition=\"lg-slide\" data-hash=\"\" ><div class=\"eedee-swiper-outer\" style=\"--gutenslider-min-height: 50vh;--gutenslider-arrow-size: 30px;--gutenslider-dot-size: 25px;--gutenslider-arrow-color: #ffffff;--gutenslider-dot-color: #ffffff;--gutenslider-padding-y-mobile: 40px;--gutenslider-padding-x-mobile: 40px;--gutenslider-padding-y-tablet: 40px;--gutenslider-padding-x-tablet: 40px;--gutenslider-padding-y-desktop: 40px;--gutenslider-padding-x-desktop: 40px;--gutenslider-bg-image: url();--gutenslider-min-height-md: 50vh;--gutenslider-min-height-sm: 50vh;--gutenslider-padding-x: 40px;--gutenslider-padding-x-md: 40px;--gutenslider-padding-x-sm: 20px;--gutenslider-padding-y: 40px;--gutenslider-padding-y-md: 40px;--gutenslider-padding-y-sm: 20px;--gutenslider-arrow-size-md: 30px;--gutenslider-arrow-size-sm: 30px;--gutenslider-dot-size-md: 25px;--gutenslider-dot-size-sm: 25px;--gutenslider-arrow-bg-color: transparent;--gutenslider-arrow-hover-color: #eeeeee;--gutenslider-arrow-bg-hover-color: transparent;--gutenslider-arrow-x-offset: 10px;--gutenslider-arrow-x-offset-md: 10px;--gutenslider-arrow-x-offset-sm: 10px;--gutenslider-arrow-y-offset: 0px;--gutenslider-arrow-y-offset-md: 0px;--gutenslider-arrow-y-offset-sm: 0px;--gutenslider-arrow-x-spacing: 0px;--gutenslider-dot-y-offset: 10px;--gutenslider-dot-y-offset-md: 10px;--gutenslider-dot-y-offset-sm: 10px;--gutenslider-margin-x: 0px;--gutenslider-margin-x-md: 0px;--gutenslider-margin-x-sm: 0px;--gutenslider-margin-y: 0px;--gutenslider-margin-y-md: 0px;--gutenslider-margin-y-sm: 0px;--gutenslider-divider-top: 60px;--gutenslider-divider-bottom: 60px;--gutenslider-lightgallery-bg: #ffffff;--gutenslider-lightgallery-font: #000000;--gs-first-pos: 50% 50%;--gs-gap-vertical: var( --wp--style--gallery-gap-default, var( --gallery-block--gutter-size, var( --wp--style--block-gap, 0.5em ) ) );--gs-gap-horizontal: var( --wp--style--gallery-gap-default, var( --gallery-block--gutter-size, var( --wp--style--block-gap, 0.5em ) ) );\"><div class=\"gutenslider-divider-top\" style=\"color:#fff;\"><\/div><div class=\"swiper\" data-settings='{\"autoplay\":{\"delay\":3000,\"pauseOnMouseEnter\":true,\"disableOnInteraction\":false},\"speed\":700,\"direction\":\"horizontal\",\"autoHeight\":\"\",\"loop\":true,\"centeredSlides\":true,\"spaceBetween\":0,\"slidesPerView\":1,\"slidesPerGroup\":1,\"effect\":\"slide\",\"coverflowEffect\":{\"rotate\":30,\"slideShadows\":false,\"depth\":100,\"stretch\":50,\"modifier\":1},\"fadeEffect\":{\"crossFade\":true},\"zoom\":\"\",\"navigation\":{\"nextEl\":\"#gutenslider-xedjnm4lj .eedee-gutenslider-next\",\"prevEl\":\"#gutenslider-xedjnm4lj .eedee-gutenslider-prev\"},\"pagination\":{\"type\":\"bullets\",\"clickable\":true,\"dynamicBullets\":false,\"el\":\"#gutenslider-xedjnm4lj .eedee-gutenslider-pagination\"},\"pauseOnHover\":\"1\",\"watchSlidesProgress\":true,\"watchSlidesVisibility\":true,\"settingsMd\":{\"autoHeight\":\"\",\"slidesPerView\":1,\"slidesPerGroup\":1,\"spaceBetween\":0,\"loop\":true},\"settingsLg\":{\"autoHeight\":\"\",\"slidesPerView\":1,\"slidesPerGroup\":1,\"spaceBetween\":0,\"loop\":true},\"hasLg\":false,\"hasLgCounter\":true,\"isFullScreen\":false,\"arrowsFollowMouse\":false,\"lgTitle\":\"none\",\"lgCaption\":\"none\",\"lgThumbnails\":true,\"lgZoomEnabled\":false,\"keyboard\":{\"keyboard\":{\"enabled\":true,\"onlyInViewport\":true}},\"hashNavigation\":false,\"dividers\":false}'><div class=\"swiper-wrapper\">\n<div class=\"swiper-slide wp-block-eedee-block-gutenslide is-position-center-center ed-bg-image\" style=\"--ed-vw:300;--ed-vh:213;\" data-hash=\"\"><div class=\"eedee-background-div bg-image\"><img width=\"1024\" height=\"726\" class=\"wp-image-27044\" src=\"https:\/\/www.conica.com\/wp-content\/uploads\/2022\/04\/Umfrage-2022-3-1024x726.png\" alt=\"\" decoding=\"async\" style=\"object-fit: cover; object-position: 50% 50%;\"  data-title=\"Umfrage 2022 (3)\" srcset=\"https:\/\/www.conica.com\/wp-content\/uploads\/2022\/04\/Umfrage-2022-3-1024x726.png 1024w, https:\/\/www.conica.com\/wp-content\/uploads\/2022\/04\/Umfrage-2022-3-300x213.png 300w, https:\/\/www.conica.com\/wp-content\/uploads\/2022\/04\/Umfrage-2022-3-768x545.png 768w, https:\/\/www.conica.com\/wp-content\/uploads\/2022\/04\/Umfrage-2022-3-1600x1135.png 1600w, https:\/\/www.conica.com\/wp-content\/uploads\/2022\/04\/Umfrage-2022-3-1536x1090.png 1536w, https:\/\/www.conica.com\/wp-content\/uploads\/2022\/04\/Umfrage-2022-3.png 1748w\" sizes=\"(max-width: 1024px) 100vw, 1024px\" \/><div class=\"eedee-background-div__overlay\" style=\"opacity:1;\"><\/div><\/div><div class=\"slide-content\">\n\n<p class=\"has-text-align-center gutenslider-content-initial has-larger-font-size\"><\/p>\n\n<\/div><\/div>\n<\/div><\/div><button class=\"eedee-gutenslider-nav eedee-gutenslider-prev\"><svg xmlns=\"http:\/\/www.w3.org\/2000\/svg\" viewBox=\"0 0 24 24\" width=\"24\" height=\"24\"><circle class=\"bg\" cx=\"13\" cy=\"12\" r=\"11\" \/><path fill=\"none\" d=\"M0 0h24v24H0z\"\/><path class=\"arrow\" d=\"M10.828 12l4.95 4.95-1.414 1.414L8 12l6.364-6.364 1.414 1.414z\"\/><\/svg><\/button><button class=\"eedee-gutenslider-nav eedee-gutenslider-next\"><svg xmlns=\"http:\/\/www.w3.org\/2000\/svg\" viewBox=\"0 0 24 24\" width=\"24\" height=\"24\"><circle class=\"bg\" cx=\"11\" cy=\"12\" r=\"11\" \/><path fill=\"none\" d=\"M0 0h24v24H0z\"\/><path class=\"arrow\" d=\"M13.172 12l-4.95-4.95 1.414-1.414L16 12l-6.364 6.364-1.414-1.414z\"\/><\/svg><\/button><div class=\"eedee-gutenslider-pagination\"><\/div><div class=\"gutenslider-divider-bottom \" style=\"color:#fff;\"><\/div><\/div><\/div>\n\n\n<div class=\"wp-block-atomic-blocks-ab-container ab-block-container alignfull\"><div class=\"ab-container-inside\"><div class=\"ab-container-content\">\n<div class=\"wp-block-atomic-blocks-ab-columns page-intro ab-layout-columns-2 ab-2-col-equal alignwide\"><div class=\"ab-layout-column-wrap ab-block-layout-column-gap-2 ab-is-responsive-column\">\n<div class=\"wp-block-atomic-blocks-ab-column ab-block-layout-column ab-is-vertically-aligned-top\"><div class=\"ab-block-layout-column-inner\">\n<h2 class=\"wp-block-heading no-margin\">PRODUCTOS PARA CONSTRUCCI\u00d3N DE C\u00c9SPED ARTIFICIAL<\/h2>\n\n\n\n<p><\/p>\n<\/div><\/div>\n\n\n\n<div class=\"wp-block-atomic-blocks-ab-column ab-block-layout-column\"><div class=\"ab-block-layout-column-inner\">\n<p><strong>AGLUTINANTE<\/strong><\/p>\n\n\n\n<p>CONIPUR 324<\/p>\n\n\n\n<p>Aglutinante de PUR de 1 componente, endurecido con humedad, para las almohadillas de impacto bajo el c\u00e9sped artificial<br><a href=\"https:\/\/www.conica.com\/wp-content\/uploads\/2022\/12\/CONIPUR-324-en-.pdf\" target=\"_blank\" rel=\"noreferrer noopener\">Technical Datasheet CONIPUR 324<\/a><\/p>\n\n\n        <div class=\"download-wrapper alignfull\">\n            <div\n                    id=\"download-wrapper-content-dl-31604\"\n                    class=\"download-wrapper-content-dl trigger-download-wrapper-content-dl alignwide\"\n                    data-fid=\"31604\"\n                    data-rld=\"\"\n                    data-rnsd=\"1\"\n            >\n                <div class=\"download-icon\">\n\t\t\t\t\t                        <div class=\"pdf\"><\/div>\n\t\t\t\t\t                <\/div>\n                <div class=\"download-title\">\n                    <p>\n                        <strong>Technical Datasheet CONIPUR 324<\/strong>&nbsp;<\/p>\n                    <p>                    <\/p>\n                <\/div>\n            <\/div>\n        <\/div>\n\n\t\t\n\n\n<p><\/p>\n\n\n\n<p><\/p>\n\n\n\n<p><\/p>\n\n\n\n<p><\/p>\n\n\n\n<p><\/p>\n\n\n\n<p><strong>GR\u00c1NULOS DE RELLENO<\/strong><\/p>\n\n\n\n<p>CONIPUR INFILL<\/p>\n\n\n\n<p>EPDM granules for spreading into artificial grass systems \u2013 mostly for football fields. CONIPUR Infill Granulado de EPDM para rociar en sistemas de c\u00e9sped artificial, principalmente para campos de f\u00fatbol. Refuerza las fibras del c\u00e9sped artificial y as\u00ed prolonga su vida \u00fatil.<\/p>\n\n\n        <div class=\"download-wrapper alignfull\">\n            <div\n                    id=\"download-wrapper-content-dl-35141\"\n                    class=\"download-wrapper-content-dl trigger-download-wrapper-content-dl alignwide\"\n                    data-fid=\"35141\"\n                    data-rld=\"\"\n                    data-rnsd=\"1\"\n            >\n                <div class=\"download-icon\">\n\t\t\t\t\t                        <div class=\"pdf\"><\/div>\n\t\t\t\t\t                <\/div>\n                <div class=\"download-title\">\n                    <p>\n                        <strong>Technical Data Sheet CONIPUR Infill<\/strong>&nbsp;<\/p>\n                    <p>                    <\/p>\n                <\/div>\n            <\/div>\n        <\/div>\n\n\t\t\n\n\n<p><strong>GLUE FOR ARTIFICIAL TURF LANES<\/strong><\/p>\n\n\n\n<p><\/p>\n\n\n\n<p><\/p>\n\n\n\n<p>CONIPUR 107<\/p>\n\n\n\n<p>adhesivo de PUR de 1 componente sin disolventes especialmente desarrollado para pegar las costuras del c\u00e9sped artificial y las marcas de l\u00edneas en las costuras. CONIPUR 107 se endurece con la humedad, formando una ligera espuma. CONIPUR 107 tiene altas propiedades mec\u00e1nicas.<\/p>\n\n\n        <div class=\"download-wrapper alignfull\">\n            <div\n                    id=\"download-wrapper-content-dl-35151\"\n                    class=\"download-wrapper-content-dl trigger-download-wrapper-content-dl alignwide\"\n                    data-fid=\"35151\"\n                    data-rld=\"\"\n                    data-rnsd=\"1\"\n            >\n                <div class=\"download-icon\">\n\t\t\t\t\t                        <div class=\"pdf\"><\/div>\n\t\t\t\t\t                <\/div>\n                <div class=\"download-title\">\n                    <p>\n                        <strong>Technical Data Sheet CONIPUR 107<\/strong>&nbsp;<\/p>\n                    <p>                    <\/p>\n                <\/div>\n            <\/div>\n        <\/div>\n\n\t\t\n\n\n<p><strong>ALMOHADILLAS DE IMPACTO\/CAPAS EL\u00c1STICAS BAJO EL C\u00c9SPED ARTIFICIAL<\/strong><\/p>\n\n\n\n<p>CONIPUR EU<\/p>\n\n\n\n<p>elastic layer underneath artificial grass on unbound substrates<\/p>\n\n\n        <div class=\"download-wrapper alignfull\">\n            <div\n                    id=\"download-wrapper-content-dl-35156\"\n                    class=\"download-wrapper-content-dl trigger-download-wrapper-content-dl alignwide\"\n                    data-fid=\"35156\"\n                    data-rld=\"\"\n                    data-rnsd=\"1\"\n            >\n                <div class=\"download-icon\">\n\t\t\t\t\t                        <div class=\"pdf\"><\/div>\n\t\t\t\t\t                <\/div>\n                <div class=\"download-title\">\n                    <p>\n                        <strong>Technical Data Sheet CONIPUR EU<\/strong>&nbsp;<\/p>\n                    <p>                    <\/p>\n                <\/div>\n            <\/div>\n        <\/div>\n\n\t\t\n\n\n<p>CONIPUR EB<\/p>\n\n\n\n<p>Capa el\u00e1stica para c\u00e9sped artificial en capas de base ligadas<\/p>\n\n\n        <div class=\"download-wrapper alignfull\">\n            <div\n                    id=\"download-wrapper-content-dl-35161\"\n                    class=\"download-wrapper-content-dl trigger-download-wrapper-content-dl alignwide\"\n                    data-fid=\"35161\"\n                    data-rld=\"\"\n                    data-rnsd=\"1\"\n            >\n                <div class=\"download-icon\">\n\t\t\t\t\t                        <div class=\"pdf\"><\/div>\n\t\t\t\t\t                <\/div>\n                <div class=\"download-title\">\n                    <p>\n                        <strong>Technical Data Sheet CONIPUR EB<\/strong>&nbsp;<\/p>\n                    <p>                    <\/p>\n                <\/div>\n            <\/div>\n        <\/div>\n\n\t\t\n\n\n<p>CONIPUR ET HOCKEY<\/p>\n\n\n\n<p>Capa base el\u00e1stica dura para campos de hockey de c\u00e9sped artificial<\/p>\n\n\n        <div class=\"download-wrapper alignfull\">\n            <div\n                    id=\"download-wrapper-content-dl-35166\"\n                    class=\"download-wrapper-content-dl trigger-download-wrapper-content-dl alignwide\"\n                    data-fid=\"35166\"\n                    data-rld=\"\"\n                    data-rnsd=\"1\"\n            >\n                <div class=\"download-icon\">\n\t\t\t\t\t                        <div class=\"pdf\"><\/div>\n\t\t\t\t\t                <\/div>\n                <div class=\"download-title\">\n                    <p>\n                        <strong>Technical Data Sheet CONIPUR ET hockey<\/strong>&nbsp;<\/p>\n                    <p>                    <\/p>\n                <\/div>\n            <\/div>\n        <\/div>\n\n\t\t\n\n\n<p>CONIPUR ET SOCCER<\/p>\n\n\n\n<p>hard elastic base layer underneath footCapa base el\u00e1stica dura para campos de f\u00fatbol de c\u00e9sped artificial<\/p>\n\n\n        <div class=\"download-wrapper alignfull\">\n            <div\n                    id=\"download-wrapper-content-dl-3886\"\n                    class=\"download-wrapper-content-dl trigger-download-wrapper-content-dl alignwide\"\n                    data-fid=\"3886\"\n                    data-rld=\"\"\n                    data-rnsd=\"1\"\n            >\n                <div class=\"download-icon\">\n\t\t\t\t\t                        <div class=\"pdf\"><\/div>\n\t\t\t\t\t                <\/div>\n                <div class=\"download-title\">\n                    <p>\n                        <strong>Technical Data Sheet CONIPUR ET soccer<\/strong>&nbsp;<\/p>\n                    <p>                    <\/p>\n                <\/div>\n            <\/div>\n        <\/div>\n\n\t\t<\/div><\/div>\n<\/div><\/div>\n\n\n\n<p><\/p>\n<\/div><\/div><\/div>\n\n\n\n<p><\/p>\n","protected":false},"excerpt":{"rendered":"","protected":false},"author":8,"featured_media":0,"parent":25991,"menu_order":0,"comment_status":"closed","ping_status":"closed","template":"","meta":{"_acf_changed":false,"_uag_custom_page_level_css":"","_genesis_hide_title":false,"_genesis_hide_breadcrumbs":false,"_genesis_hide_singular_image":false,"_genesis_custom_body_class":"","_genesis_custom_post_class":"","_genesis_layout":"","footnotes":""},"products_categories":[],"project_categories":[],"product_quiz_categories":[],"testimonials_categories":[],"locations_categories":[],"class_list":{"0":"post-26012","1":"page","2":"type-page","3":"status-publish","5":"entry"},"acf":[],"yoast_head":"<!-- This site is optimized with the Yoast SEO plugin v27.4 - https:\/\/yoast.com\/product\/yoast-seo-wordpress\/ -->\n<title>Products for artificial grass - CONICA AG<\/title>\n<meta name=\"robots\" content=\"index, follow, max-snippet:-1, max-image-preview:large, max-video-preview:-1\" \/>\n<link rel=\"canonical\" href=\"https:\/\/www.conica.com\/es\/deporte\/productos-para-suelos-deportivos\/products-for-artificial-grass\/\" \/>\n<meta property=\"og:locale\" content=\"es_ES\" \/>\n<meta property=\"og:type\" content=\"article\" \/>\n<meta property=\"og:title\" content=\"Products for artificial grass - CONICA AG\" \/>\n<meta property=\"og:url\" content=\"https:\/\/www.conica.com\/es\/deporte\/productos-para-suelos-deportivos\/products-for-artificial-grass\/\" \/>\n<meta property=\"og:site_name\" content=\"CONICA AG\" \/>\n<meta property=\"article:modified_time\" content=\"2024-01-11T14:01:21+00:00\" \/>\n<meta name=\"twitter:card\" content=\"summary_large_image\" \/>\n<meta name=\"twitter:label1\" content=\"Tiempo de lectura\" \/>\n\t<meta name=\"twitter:data1\" content=\"2 minutos\" \/>\n<script type=\"application\/ld+json\" class=\"yoast-schema-graph\">{\"@context\":\"https:\\\/\\\/schema.org\",\"@graph\":[{\"@type\":\"WebPage\",\"@id\":\"https:\\\/\\\/www.conica.com\\\/es\\\/deporte\\\/productos-para-suelos-deportivos\\\/products-for-artificial-grass\\\/\",\"url\":\"https:\\\/\\\/www.conica.com\\\/es\\\/deporte\\\/productos-para-suelos-deportivos\\\/products-for-artificial-grass\\\/\",\"name\":\"Products for artificial grass - CONICA AG\",\"isPartOf\":{\"@id\":\"https:\\\/\\\/www.conica.com\\\/it\\\/#website\"},\"datePublished\":\"2020-08-10T07:03:55+00:00\",\"dateModified\":\"2024-01-11T14:01:21+00:00\",\"breadcrumb\":{\"@id\":\"https:\\\/\\\/www.conica.com\\\/es\\\/deporte\\\/productos-para-suelos-deportivos\\\/products-for-artificial-grass\\\/#breadcrumb\"},\"inLanguage\":\"es\",\"potentialAction\":[{\"@type\":\"ReadAction\",\"target\":[\"https:\\\/\\\/www.conica.com\\\/es\\\/deporte\\\/productos-para-suelos-deportivos\\\/products-for-artificial-grass\\\/\"]}]},{\"@type\":\"BreadcrumbList\",\"@id\":\"https:\\\/\\\/www.conica.com\\\/es\\\/deporte\\\/productos-para-suelos-deportivos\\\/products-for-artificial-grass\\\/#breadcrumb\",\"itemListElement\":[{\"@type\":\"ListItem\",\"position\":1,\"name\":\"Home\",\"item\":\"https:\\\/\\\/www.conica.com\\\/es\\\/\"},{\"@type\":\"ListItem\",\"position\":2,\"name\":\"Deporte\",\"item\":\"https:\\\/\\\/www.conica.com\\\/es\\\/deporte\\\/\"},{\"@type\":\"ListItem\",\"position\":3,\"name\":\"Productos para suelos deportivos\",\"item\":\"https:\\\/\\\/www.conica.com\\\/es\\\/deporte\\\/productos-para-suelos-deportivos\\\/\"},{\"@type\":\"ListItem\",\"position\":4,\"name\":\"Products for artificial grass\"}]},{\"@type\":\"WebSite\",\"@id\":\"https:\\\/\\\/www.conica.com\\\/it\\\/#website\",\"url\":\"https:\\\/\\\/www.conica.com\\\/it\\\/\",\"name\":\"CONICA AG\",\"description\":\"Sport-, Playground- und Functional Flooring Bel\u00e4ge\",\"publisher\":{\"@id\":\"https:\\\/\\\/www.conica.com\\\/it\\\/#organization\"},\"potentialAction\":[{\"@type\":\"SearchAction\",\"target\":{\"@type\":\"EntryPoint\",\"urlTemplate\":\"https:\\\/\\\/www.conica.com\\\/it\\\/?s={search_term_string}\"},\"query-input\":{\"@type\":\"PropertyValueSpecification\",\"valueRequired\":true,\"valueName\":\"search_term_string\"}}],\"inLanguage\":\"es\"},{\"@type\":\"Organization\",\"@id\":\"https:\\\/\\\/www.conica.com\\\/it\\\/#organization\",\"name\":\"CONICA AG\",\"url\":\"https:\\\/\\\/www.conica.com\\\/it\\\/\",\"logo\":{\"@type\":\"ImageObject\",\"inLanguage\":\"es\",\"@id\":\"https:\\\/\\\/www.conica.com\\\/it\\\/#\\\/schema\\\/logo\\\/image\\\/\",\"url\":\"https:\\\/\\\/www.conica.com\\\/wp-content\\\/uploads\\\/2020\\\/04\\\/logo_conica-01.svg\",\"contentUrl\":\"https:\\\/\\\/www.conica.com\\\/wp-content\\\/uploads\\\/2020\\\/04\\\/logo_conica-01.svg\",\"caption\":\"CONICA AG\"},\"image\":{\"@id\":\"https:\\\/\\\/www.conica.com\\\/it\\\/#\\\/schema\\\/logo\\\/image\\\/\"}}]}<\/script>\n<!-- \/ Yoast SEO plugin. -->","yoast_head_json":{"title":"Products for artificial grass - CONICA AG","robots":{"index":"index","follow":"follow","max-snippet":"max-snippet:-1","max-image-preview":"max-image-preview:large","max-video-preview":"max-video-preview:-1"},"canonical":"https:\/\/www.conica.com\/es\/deporte\/productos-para-suelos-deportivos\/products-for-artificial-grass\/","og_locale":"es_ES","og_type":"article","og_title":"Products for artificial grass - CONICA AG","og_url":"https:\/\/www.conica.com\/es\/deporte\/productos-para-suelos-deportivos\/products-for-artificial-grass\/","og_site_name":"CONICA AG","article_modified_time":"2024-01-11T14:01:21+00:00","twitter_card":"summary_large_image","twitter_misc":{"Tiempo de lectura":"2 minutos"},"schema":{"@context":"https:\/\/schema.org","@graph":[{"@type":"WebPage","@id":"https:\/\/www.conica.com\/es\/deporte\/productos-para-suelos-deportivos\/products-for-artificial-grass\/","url":"https:\/\/www.conica.com\/es\/deporte\/productos-para-suelos-deportivos\/products-for-artificial-grass\/","name":"Products for artificial grass - CONICA AG","isPartOf":{"@id":"https:\/\/www.conica.com\/it\/#website"},"datePublished":"2020-08-10T07:03:55+00:00","dateModified":"2024-01-11T14:01:21+00:00","breadcrumb":{"@id":"https:\/\/www.conica.com\/es\/deporte\/productos-para-suelos-deportivos\/products-for-artificial-grass\/#breadcrumb"},"inLanguage":"es","potentialAction":[{"@type":"ReadAction","target":["https:\/\/www.conica.com\/es\/deporte\/productos-para-suelos-deportivos\/products-for-artificial-grass\/"]}]},{"@type":"BreadcrumbList","@id":"https:\/\/www.conica.com\/es\/deporte\/productos-para-suelos-deportivos\/products-for-artificial-grass\/#breadcrumb","itemListElement":[{"@type":"ListItem","position":1,"name":"Home","item":"https:\/\/www.conica.com\/es\/"},{"@type":"ListItem","position":2,"name":"Deporte","item":"https:\/\/www.conica.com\/es\/deporte\/"},{"@type":"ListItem","position":3,"name":"Productos para suelos deportivos","item":"https:\/\/www.conica.com\/es\/deporte\/productos-para-suelos-deportivos\/"},{"@type":"ListItem","position":4,"name":"Products for artificial grass"}]},{"@type":"WebSite","@id":"https:\/\/www.conica.com\/it\/#website","url":"https:\/\/www.conica.com\/it\/","name":"CONICA AG","description":"Sport-, Playground- und Functional Flooring Bel\u00e4ge","publisher":{"@id":"https:\/\/www.conica.com\/it\/#organization"},"potentialAction":[{"@type":"SearchAction","target":{"@type":"EntryPoint","urlTemplate":"https:\/\/www.conica.com\/it\/?s={search_term_string}"},"query-input":{"@type":"PropertyValueSpecification","valueRequired":true,"valueName":"search_term_string"}}],"inLanguage":"es"},{"@type":"Organization","@id":"https:\/\/www.conica.com\/it\/#organization","name":"CONICA AG","url":"https:\/\/www.conica.com\/it\/","logo":{"@type":"ImageObject","inLanguage":"es","@id":"https:\/\/www.conica.com\/it\/#\/schema\/logo\/image\/","url":"https:\/\/www.conica.com\/wp-content\/uploads\/2020\/04\/logo_conica-01.svg","contentUrl":"https:\/\/www.conica.com\/wp-content\/uploads\/2020\/04\/logo_conica-01.svg","caption":"CONICA AG"},"image":{"@id":"https:\/\/www.conica.com\/it\/#\/schema\/logo\/image\/"}}]}},"featured_image_src":null,"featured_image_src_square":null,"uagb_featured_image_src":{"full":false,"thumbnail":false,"medium":false,"medium_large":false,"large":false,"gs-tiny":false,"xl":false,"xxl":false,"xxxl":false,"xxxxl":false,"xxxxxl":false,"gts-thumbnail":false,"1536x1536":false,"2048x2048":false,"sidebar-featured":false,"genesis-singular-images":false,"ab-block-post-grid-landscape":false,"ab-block-post-grid-square":false,"gform-image-choice-sm":false,"gform-image-choice-md":false,"gform-image-choice-lg":false},"uagb_author_info":{"display_name":"cloudweb admin","author_link":"https:\/\/www.conica.com\/es\/author\/cloudweb-admin\/"},"uagb_comment_info":0,"uagb_excerpt":null,"_links":{"self":[{"href":"https:\/\/www.conica.com\/es\/wp-json\/wp\/v2\/pages\/26012","targetHints":{"allow":["GET"]}}],"collection":[{"href":"https:\/\/www.conica.com\/es\/wp-json\/wp\/v2\/pages"}],"about":[{"href":"https:\/\/www.conica.com\/es\/wp-json\/wp\/v2\/types\/page"}],"author":[{"embeddable":true,"href":"https:\/\/www.conica.com\/es\/wp-json\/wp\/v2\/users\/8"}],"replies":[{"embeddable":true,"href":"https:\/\/www.conica.com\/es\/wp-json\/wp\/v2\/comments?post=26012"}],"version-history":[{"count":0,"href":"https:\/\/www.conica.com\/es\/wp-json\/wp\/v2\/pages\/26012\/revisions"}],"up":[{"embeddable":true,"href":"https:\/\/www.conica.com\/es\/wp-json\/wp\/v2\/pages\/25991"}],"wp:attachment":[{"href":"https:\/\/www.conica.com\/es\/wp-json\/wp\/v2\/media?parent=26012"}],"wp:term":[{"taxonomy":"products_categories","embeddable":true,"href":"https:\/\/www.conica.com\/es\/wp-json\/wp\/v2\/products_categories?post=26012"},{"taxonomy":"project_categories","embeddable":true,"href":"https:\/\/www.conica.com\/es\/wp-json\/wp\/v2\/project_categories?post=26012"},{"taxonomy":"product_quiz_categories","embeddable":true,"href":"https:\/\/www.conica.com\/es\/wp-json\/wp\/v2\/product_quiz_categories?post=26012"},{"taxonomy":"testimonials_categories","embeddable":true,"href":"https:\/\/www.conica.com\/es\/wp-json\/wp\/v2\/testimonials_categories?post=26012"},{"taxonomy":"locations_categories","embeddable":true,"href":"https:\/\/www.conica.com\/es\/wp-json\/wp\/v2\/locations_categories?post=26012"}],"curies":[{"name":"wp","href":"https:\/\/api.w.org\/{rel}","templated":true}]}}