{"id":10941,"date":"2020-08-07T16:46:45","date_gmt":"2020-08-07T14:46:45","guid":{"rendered":"https:\/\/www.conica.com\/sport\/produkte-fuer-sports-flooring\/epdm-granulate\/"},"modified":"2024-10-01T10:32:03","modified_gmt":"2024-10-01T08:32:03","slug":"epdm-granulate","status":"publish","type":"page","link":"https:\/\/www.conica.com\/fr\/sport\/produkte-fuer-sports-flooring\/epdm-granulate\/","title":{"rendered":"GRANUL\u00c9S EPDM"},"content":{"rendered":"<div id=\"gutenslider-tbgcwe61l\" class=\"wp-block-eedee-block-gutenslider gs-frontend content-change alignfull arrow-style-1 arrow-position-sides arrow-mb-none arrows-lg arrows-md arrows-sm dot-style-1 dots-lg dots-md dots-sm dot-position-bottom is-position-center-center mb-none wrap-auto-height\" data-parallax-direction=\"down\" data-parallax-amount=\"1.3\" data-lg-transition=\"lg-slide\" data-hash=\"\" ><div class=\"eedee-swiper-outer\" style=\"--gutenslider-min-height: 50vh;--gutenslider-arrow-size: 30px;--gutenslider-dot-size: 25px;--gutenslider-arrow-color: #ffffff;--gutenslider-dot-color: #ffffff;--gutenslider-padding-y-mobile: 40px;--gutenslider-padding-x-mobile: 40px;--gutenslider-padding-y-tablet: 40px;--gutenslider-padding-x-tablet: 40px;--gutenslider-padding-y-desktop: 40px;--gutenslider-padding-x-desktop: 40px;--gutenslider-bg-image: url();--gutenslider-min-height-md: 50vh;--gutenslider-min-height-sm: 50vh;--gutenslider-padding-x: 40px;--gutenslider-padding-x-md: 40px;--gutenslider-padding-x-sm: 20px;--gutenslider-padding-y: 40px;--gutenslider-padding-y-md: 40px;--gutenslider-padding-y-sm: 20px;--gutenslider-arrow-size-md: 30px;--gutenslider-arrow-size-sm: 30px;--gutenslider-dot-size-md: 25px;--gutenslider-dot-size-sm: 25px;--gutenslider-arrow-bg-color: transparent;--gutenslider-arrow-hover-color: #eeeeee;--gutenslider-arrow-bg-hover-color: transparent;--gutenslider-arrow-x-offset: 10px;--gutenslider-arrow-x-offset-md: 10px;--gutenslider-arrow-x-offset-sm: 10px;--gutenslider-arrow-y-offset: 0px;--gutenslider-arrow-y-offset-md: 0px;--gutenslider-arrow-y-offset-sm: 0px;--gutenslider-arrow-x-spacing: 0px;--gutenslider-dot-y-offset: 10px;--gutenslider-dot-y-offset-md: 10px;--gutenslider-dot-y-offset-sm: 10px;--gutenslider-margin-x: 0px;--gutenslider-margin-x-md: 0px;--gutenslider-margin-x-sm: 0px;--gutenslider-margin-y: 0px;--gutenslider-margin-y-md: 0px;--gutenslider-margin-y-sm: 0px;--gutenslider-divider-top: 60px;--gutenslider-divider-bottom: 60px;--gutenslider-lightgallery-bg: #ffffff;--gutenslider-lightgallery-font: #000000;--gs-first-pos: 50% 50%;--gs-gap-vertical: var( --wp--style--gallery-gap-default, var( --gallery-block--gutter-size, var( --wp--style--block-gap, 0.5em ) ) );--gs-gap-horizontal: var( --wp--style--gallery-gap-default, var( --gallery-block--gutter-size, var( --wp--style--block-gap, 0.5em ) ) );\"><div class=\"gutenslider-divider-top\" style=\"color:#fff;\"><\/div><div class=\"swiper\" data-settings='{\"autoplay\":{\"delay\":3000,\"pauseOnMouseEnter\":true,\"disableOnInteraction\":false},\"speed\":700,\"direction\":\"horizontal\",\"autoHeight\":\"\",\"loop\":true,\"centeredSlides\":true,\"spaceBetween\":0,\"slidesPerView\":1,\"slidesPerGroup\":1,\"effect\":\"slide\",\"coverflowEffect\":{\"rotate\":30,\"slideShadows\":false,\"depth\":100,\"stretch\":50,\"modifier\":1},\"fadeEffect\":{\"crossFade\":true},\"zoom\":\"\",\"navigation\":{\"nextEl\":\"#gutenslider-tbgcwe61l .eedee-gutenslider-next\",\"prevEl\":\"#gutenslider-tbgcwe61l .eedee-gutenslider-prev\"},\"pagination\":{\"type\":\"bullets\",\"clickable\":true,\"dynamicBullets\":false,\"el\":\"#gutenslider-tbgcwe61l .eedee-gutenslider-pagination\"},\"pauseOnHover\":\"1\",\"watchSlidesProgress\":true,\"watchSlidesVisibility\":true,\"settingsMd\":{\"autoHeight\":\"\",\"slidesPerView\":1,\"slidesPerGroup\":1,\"spaceBetween\":0,\"loop\":true},\"settingsLg\":{\"autoHeight\":\"\",\"slidesPerView\":1,\"slidesPerGroup\":1,\"spaceBetween\":0,\"loop\":true},\"hasLg\":false,\"hasLgCounter\":true,\"isFullScreen\":false,\"arrowsFollowMouse\":false,\"lgTitle\":\"none\",\"lgCaption\":\"none\",\"lgThumbnails\":true,\"lgZoomEnabled\":false,\"keyboard\":{\"keyboard\":{\"enabled\":true,\"onlyInViewport\":true}},\"hashNavigation\":false,\"dividers\":false}'><div class=\"swiper-wrapper\">\n<div class=\"swiper-slide wp-block-eedee-block-gutenslide is-position-center-center ed-bg-image\" style=\"--ed-vw:300;--ed-vh:200;\" data-hash=\"\"><div class=\"eedee-background-div bg-image\"><img width=\"1024\" height=\"683\" class=\"wp-image-27047\" src=\"https:\/\/www.conica.com\/wp-content\/uploads\/2022\/04\/DSC01855-1024x683.jpg\" alt=\"\" decoding=\"async\" style=\"object-fit: cover; object-position: 50% 50%;\"  data-title=\"DSC01855\" srcset=\"https:\/\/www.conica.com\/wp-content\/uploads\/2022\/04\/DSC01855-1024x683.jpg 1024w, https:\/\/www.conica.com\/wp-content\/uploads\/2022\/04\/DSC01855-300x200.jpg 300w, https:\/\/www.conica.com\/wp-content\/uploads\/2022\/04\/DSC01855-768x512.jpg 768w, https:\/\/www.conica.com\/wp-content\/uploads\/2022\/04\/DSC01855-1600x1067.jpg 1600w, https:\/\/www.conica.com\/wp-content\/uploads\/2022\/04\/DSC01855-1536x1025.jpg 1536w, https:\/\/www.conica.com\/wp-content\/uploads\/2022\/04\/DSC01855-600x400.jpg 600w\" sizes=\"(max-width: 1024px) 100vw, 1024px\" \/><div class=\"eedee-background-div__overlay\" style=\"opacity:1;\"><\/div><\/div><div class=\"slide-content\">\n\n<p class=\"has-text-align-center gutenslider-content-initial has-larger-font-size\"><\/p>\n\n<\/div><\/div>\n<\/div><\/div><button class=\"eedee-gutenslider-nav eedee-gutenslider-prev\"><svg xmlns=\"http:\/\/www.w3.org\/2000\/svg\" viewBox=\"0 0 24 24\" width=\"24\" height=\"24\"><circle class=\"bg\" cx=\"13\" cy=\"12\" r=\"11\" \/><path fill=\"none\" d=\"M0 0h24v24H0z\"\/><path class=\"arrow\" d=\"M10.828 12l4.95 4.95-1.414 1.414L8 12l6.364-6.364 1.414 1.414z\"\/><\/svg><\/button><button class=\"eedee-gutenslider-nav eedee-gutenslider-next\"><svg xmlns=\"http:\/\/www.w3.org\/2000\/svg\" viewBox=\"0 0 24 24\" width=\"24\" height=\"24\"><circle class=\"bg\" cx=\"11\" cy=\"12\" r=\"11\" \/><path fill=\"none\" d=\"M0 0h24v24H0z\"\/><path class=\"arrow\" d=\"M13.172 12l-4.95-4.95 1.414-1.414L16 12l-6.364 6.364-1.414-1.414z\"\/><\/svg><\/button><div class=\"eedee-gutenslider-pagination\"><\/div><div class=\"gutenslider-divider-bottom \" style=\"color:#fff;\"><\/div><\/div><\/div>\n\n\n<div class=\"wp-block-atomic-blocks-ab-container ab-block-container alignfull\"><div class=\"ab-container-inside\"><div class=\"ab-container-content\">\n<div class=\"wp-block-atomic-blocks-ab-columns page-intro ab-layout-columns-2 ab-2-col-equal alignwide\"><div class=\"ab-layout-column-wrap ab-block-layout-column-gap-2 ab-is-responsive-column\">\n<div class=\"wp-block-atomic-blocks-ab-column ab-block-layout-column\"><div class=\"ab-block-layout-column-inner\">\n<h2 class=\"wp-block-heading no-margin\">GRANUL\u00c9S EPDM<\/h2>\n<\/div><\/div>\n\n\n\n<div class=\"wp-block-atomic-blocks-ab-column ab-block-layout-column\"><div class=\"ab-block-layout-column-inner\">\n<p>Les granul\u00e9s d&rsquo;EPDM de CONIPUR sont robustes, polyvalents, de qualit\u00e9 sup\u00e9rieure et faciles d&rsquo;utilisation. Ils sont disponibles en plusieurs couleurs, du rev\u00eatement multicolore pour une aire de jeux aux granul\u00e9s Infill pour gazons artificiels en passant par les terrains de jeu polyvalents et les pistes de sports de course.<\/p>\n\n\n\n<p><strong>GRANUL\u00c9S DE SAUPOUDRAGE<\/strong><\/p>\n\n\n\n<p>CONIPUR EPDM 1.0-3.5 MM<\/p>\n\n\n\n<p>Granul\u00e9s pour rev\u00eatements de saupoudrage de pistes de course, terrains de jeu polyvalents et<br>construction d&rsquo;aires de jeu<\/p>\n\n\n        <div class=\"download-wrapper alignfull\">\n            <div\n                    id=\"download-wrapper-content-dl-41092\"\n                    class=\"download-wrapper-content-dl trigger-download-wrapper-content-dl alignwide\"\n                    data-fid=\"41092\"\n                    data-rld=\"\"\n                    data-rnsd=\"1\"\n            >\n                <div class=\"download-icon\">\n\t\t\t\t\t                        <div class=\"pdf\"><\/div>\n\t\t\t\t\t                <\/div>\n                <div class=\"download-title\">\n                    <p>\n                        <strong>Fiche technique CONIPUR EPDM 1-3.5 mm<\/strong>&nbsp;<\/p>\n                    <p>                    <\/p>\n                <\/div>\n            <\/div>\n        <\/div>\n\n\t\t\n\n\n<p><strong>GRANUL\u00c9S POUR REV\u00caTEMENTS PAR PULV\u00c9RISATION<\/strong><\/p>\n\n\n\n<p>POUDRE EPDM CONIPUR 0,0-0,5&nbsp;MM<\/p>\n\n\n\n<p>pour ajuster la viscosit\u00e9 des rev\u00eatements par pulv\u00e9risation et des mastics de jointement<\/p>\n\n\n        <div class=\"download-wrapper alignfull\">\n            <div\n                    id=\"download-wrapper-content-dl-14701\"\n                    class=\"download-wrapper-content-dl trigger-download-wrapper-content-dl alignwide\"\n                    data-fid=\"14701\"\n                    data-rld=\"\"\n                    data-rnsd=\"1\"\n            >\n                <div class=\"download-icon\">\n\t\t\t\t\t                        <div class=\"pdf\"><\/div>\n\t\t\t\t\t                <\/div>\n                <div class=\"download-title\">\n                    <p>\n                        <strong>Fiche technique CONIPUR EPDM Poudre 0,0-0,5 MM<\/strong>&nbsp;<\/p>\n                    <p>                    <\/p>\n                <\/div>\n            <\/div>\n        <\/div>\n\n\t\t\n\n\n<p class=\"has-normal-font-size\">CONIPUR EPDM 0.5-1.5 MM<\/p>\n\n\n\n<p>Granul\u00e9s pour rev\u00eatements par pulv\u00e9risation<\/p>\n\n\n        <div class=\"download-wrapper alignfull\">\n            <div\n                    id=\"download-wrapper-content-dl-14696\"\n                    class=\"download-wrapper-content-dl trigger-download-wrapper-content-dl alignwide\"\n                    data-fid=\"14696\"\n                    data-rld=\"\"\n                    data-rnsd=\"1\"\n            >\n                <div class=\"download-icon\">\n\t\t\t\t\t                        <div class=\"pdf\"><\/div>\n\t\t\t\t\t                <\/div>\n                <div class=\"download-title\">\n                    <p>\n                        <strong>Fiche technique CONIPUR EPDM 0,5-1,5 mm<\/strong>&nbsp;<\/p>\n                    <p>                    <\/p>\n                <\/div>\n            <\/div>\n        <\/div>\n\n\t\t\n\n\n<p><strong>GRANUL\u00c9S INFILL POUR L&rsquo;INSTALLATION DE GAZONS ARTIFICIELS<\/strong><\/p>\n\n\n\n<p>CONIPUR INFILL<\/p>\n\n\n\n<p>Granul\u00e9s pour saupoudrage d&rsquo;espaces en gazon artificiel. CONIPUR Infill renforce les fibres du gazon artificiel, ce qui prolonge sa dur\u00e9e de vie.<\/p>\n\n\n        <div class=\"download-wrapper alignfull\">\n            <div\n                    id=\"download-wrapper-content-dl-14691\"\n                    class=\"download-wrapper-content-dl trigger-download-wrapper-content-dl alignwide\"\n                    data-fid=\"14691\"\n                    data-rld=\"\"\n                    data-rnsd=\"1\"\n            >\n                <div class=\"download-icon\">\n\t\t\t\t\t                        <div class=\"pdf\"><\/div>\n\t\t\t\t\t                <\/div>\n                <div class=\"download-title\">\n                    <p>\n                        <strong>Fiche technique CONIPUR INFILL<\/strong>&nbsp;<\/p>\n                    <p>                    <\/p>\n                <\/div>\n            <\/div>\n        <\/div>\n\n\t\t\n\n        <div class=\"download-wrapper alignfull\">\n            <div\n                    id=\"download-wrapper-content-dl-20836\"\n                    class=\"download-wrapper-content-dl trigger-download-wrapper-content-dl alignwide\"\n                    data-fid=\"20836\"\n                    data-rld=\"\"\n                    data-rnsd=\"1\"\n            >\n                <div class=\"download-icon\">\n\t\t\t\t\t                        <div class=\"pdf\"><\/div>\n\t\t\t\t\t                <\/div>\n                <div class=\"download-title\">\n                    <p>\n                        <strong>Nuancier EPDM granul\u00e9s 1- 3.5 MM, 0.5 &#8211; 1.5 MM et poudre<\/strong>&nbsp;<\/p>\n                    <p>                    <\/p>\n                <\/div>\n            <\/div>\n        <\/div>\n\n\t\t<\/div><\/div>\n<\/div><\/div>\n\n\n\n<p><\/p>\n<\/div><\/div><\/div>\n\n\n\n<p><\/p>\n","protected":false},"excerpt":{"rendered":"","protected":false},"author":8,"featured_media":0,"parent":10903,"menu_order":0,"comment_status":"closed","ping_status":"closed","template":"","meta":{"_acf_changed":false,"_uag_custom_page_level_css":"","_genesis_hide_title":false,"_genesis_hide_breadcrumbs":false,"_genesis_hide_singular_image":false,"_genesis_custom_body_class":"","_genesis_custom_post_class":"","_genesis_layout":"","footnotes":""},"products_categories":[],"project_categories":[],"product_quiz_categories":[],"testimonials_categories":[],"locations_categories":[],"class_list":{"0":"post-10941","1":"page","2":"type-page","3":"status-publish","5":"entry"},"acf":[],"yoast_head":"<!-- This site is optimized with the Yoast SEO plugin v27.4 - https:\/\/yoast.com\/product\/yoast-seo-wordpress\/ -->\n<title>GRANUL\u00c9S EPDM - CONICA AG<\/title>\n<meta name=\"robots\" content=\"index, follow, max-snippet:-1, max-image-preview:large, max-video-preview:-1\" \/>\n<link rel=\"canonical\" href=\"https:\/\/www.conica.com\/fr\/sport\/produkte-fuer-sports-flooring\/epdm-granulate\/\" \/>\n<meta property=\"og:locale\" content=\"fr_FR\" \/>\n<meta property=\"og:type\" content=\"article\" \/>\n<meta property=\"og:title\" content=\"GRANUL\u00c9S EPDM - CONICA AG\" \/>\n<meta property=\"og:url\" content=\"https:\/\/www.conica.com\/fr\/sport\/produkte-fuer-sports-flooring\/epdm-granulate\/\" \/>\n<meta property=\"og:site_name\" content=\"CONICA AG\" \/>\n<meta property=\"article:modified_time\" content=\"2024-10-01T08:32:03+00:00\" \/>\n<meta name=\"twitter:card\" content=\"summary_large_image\" \/>\n<meta name=\"twitter:label1\" content=\"Dur\u00e9e de lecture estim\u00e9e\" \/>\n\t<meta name=\"twitter:data1\" content=\"1 minute\" \/>\n<script type=\"application\/ld+json\" class=\"yoast-schema-graph\">{\"@context\":\"https:\\\/\\\/schema.org\",\"@graph\":[{\"@type\":\"WebPage\",\"@id\":\"https:\\\/\\\/www.conica.com\\\/fr\\\/sport\\\/produkte-fuer-sports-flooring\\\/epdm-granulate\\\/\",\"url\":\"https:\\\/\\\/www.conica.com\\\/fr\\\/sport\\\/produkte-fuer-sports-flooring\\\/epdm-granulate\\\/\",\"name\":\"GRANUL\u00c9S EPDM - CONICA AG\",\"isPartOf\":{\"@id\":\"https:\\\/\\\/www.conica.com\\\/it\\\/#website\"},\"datePublished\":\"2020-08-07T14:46:45+00:00\",\"dateModified\":\"2024-10-01T08:32:03+00:00\",\"breadcrumb\":{\"@id\":\"https:\\\/\\\/www.conica.com\\\/fr\\\/sport\\\/produkte-fuer-sports-flooring\\\/epdm-granulate\\\/#breadcrumb\"},\"inLanguage\":\"fr-FR\",\"potentialAction\":[{\"@type\":\"ReadAction\",\"target\":[\"https:\\\/\\\/www.conica.com\\\/fr\\\/sport\\\/produkte-fuer-sports-flooring\\\/epdm-granulate\\\/\"]}]},{\"@type\":\"BreadcrumbList\",\"@id\":\"https:\\\/\\\/www.conica.com\\\/fr\\\/sport\\\/produkte-fuer-sports-flooring\\\/epdm-granulate\\\/#breadcrumb\",\"itemListElement\":[{\"@type\":\"ListItem\",\"position\":1,\"name\":\"Home\",\"item\":\"https:\\\/\\\/www.conica.com\\\/fr\\\/\"},{\"@type\":\"ListItem\",\"position\":2,\"name\":\"Sports\",\"item\":\"https:\\\/\\\/www.conica.com\\\/fr\\\/sport\\\/\"},{\"@type\":\"ListItem\",\"position\":3,\"name\":\"Produits pour sols sportifs\",\"item\":\"https:\\\/\\\/www.conica.com\\\/fr\\\/sport\\\/produkte-fuer-sports-flooring\\\/\"},{\"@type\":\"ListItem\",\"position\":4,\"name\":\"GRANUL\u00c9S EPDM\"}]},{\"@type\":\"WebSite\",\"@id\":\"https:\\\/\\\/www.conica.com\\\/it\\\/#website\",\"url\":\"https:\\\/\\\/www.conica.com\\\/it\\\/\",\"name\":\"CONICA AG\",\"description\":\"Sport-, Playground- und Functional Flooring Bel\u00e4ge\",\"publisher\":{\"@id\":\"https:\\\/\\\/www.conica.com\\\/it\\\/#organization\"},\"potentialAction\":[{\"@type\":\"SearchAction\",\"target\":{\"@type\":\"EntryPoint\",\"urlTemplate\":\"https:\\\/\\\/www.conica.com\\\/it\\\/?s={search_term_string}\"},\"query-input\":{\"@type\":\"PropertyValueSpecification\",\"valueRequired\":true,\"valueName\":\"search_term_string\"}}],\"inLanguage\":\"fr-FR\"},{\"@type\":\"Organization\",\"@id\":\"https:\\\/\\\/www.conica.com\\\/it\\\/#organization\",\"name\":\"CONICA AG\",\"url\":\"https:\\\/\\\/www.conica.com\\\/it\\\/\",\"logo\":{\"@type\":\"ImageObject\",\"inLanguage\":\"fr-FR\",\"@id\":\"https:\\\/\\\/www.conica.com\\\/it\\\/#\\\/schema\\\/logo\\\/image\\\/\",\"url\":\"https:\\\/\\\/www.conica.com\\\/wp-content\\\/uploads\\\/2020\\\/04\\\/logo_conica-01.svg\",\"contentUrl\":\"https:\\\/\\\/www.conica.com\\\/wp-content\\\/uploads\\\/2020\\\/04\\\/logo_conica-01.svg\",\"caption\":\"CONICA AG\"},\"image\":{\"@id\":\"https:\\\/\\\/www.conica.com\\\/it\\\/#\\\/schema\\\/logo\\\/image\\\/\"}}]}<\/script>\n<!-- \/ Yoast SEO plugin. -->","yoast_head_json":{"title":"GRANUL\u00c9S EPDM - CONICA AG","robots":{"index":"index","follow":"follow","max-snippet":"max-snippet:-1","max-image-preview":"max-image-preview:large","max-video-preview":"max-video-preview:-1"},"canonical":"https:\/\/www.conica.com\/fr\/sport\/produkte-fuer-sports-flooring\/epdm-granulate\/","og_locale":"fr_FR","og_type":"article","og_title":"GRANUL\u00c9S EPDM - CONICA AG","og_url":"https:\/\/www.conica.com\/fr\/sport\/produkte-fuer-sports-flooring\/epdm-granulate\/","og_site_name":"CONICA AG","article_modified_time":"2024-10-01T08:32:03+00:00","twitter_card":"summary_large_image","twitter_misc":{"Dur\u00e9e de lecture estim\u00e9e":"1 minute"},"schema":{"@context":"https:\/\/schema.org","@graph":[{"@type":"WebPage","@id":"https:\/\/www.conica.com\/fr\/sport\/produkte-fuer-sports-flooring\/epdm-granulate\/","url":"https:\/\/www.conica.com\/fr\/sport\/produkte-fuer-sports-flooring\/epdm-granulate\/","name":"GRANUL\u00c9S EPDM - CONICA AG","isPartOf":{"@id":"https:\/\/www.conica.com\/it\/#website"},"datePublished":"2020-08-07T14:46:45+00:00","dateModified":"2024-10-01T08:32:03+00:00","breadcrumb":{"@id":"https:\/\/www.conica.com\/fr\/sport\/produkte-fuer-sports-flooring\/epdm-granulate\/#breadcrumb"},"inLanguage":"fr-FR","potentialAction":[{"@type":"ReadAction","target":["https:\/\/www.conica.com\/fr\/sport\/produkte-fuer-sports-flooring\/epdm-granulate\/"]}]},{"@type":"BreadcrumbList","@id":"https:\/\/www.conica.com\/fr\/sport\/produkte-fuer-sports-flooring\/epdm-granulate\/#breadcrumb","itemListElement":[{"@type":"ListItem","position":1,"name":"Home","item":"https:\/\/www.conica.com\/fr\/"},{"@type":"ListItem","position":2,"name":"Sports","item":"https:\/\/www.conica.com\/fr\/sport\/"},{"@type":"ListItem","position":3,"name":"Produits pour sols sportifs","item":"https:\/\/www.conica.com\/fr\/sport\/produkte-fuer-sports-flooring\/"},{"@type":"ListItem","position":4,"name":"GRANUL\u00c9S EPDM"}]},{"@type":"WebSite","@id":"https:\/\/www.conica.com\/it\/#website","url":"https:\/\/www.conica.com\/it\/","name":"CONICA AG","description":"Sport-, Playground- und Functional Flooring Bel\u00e4ge","publisher":{"@id":"https:\/\/www.conica.com\/it\/#organization"},"potentialAction":[{"@type":"SearchAction","target":{"@type":"EntryPoint","urlTemplate":"https:\/\/www.conica.com\/it\/?s={search_term_string}"},"query-input":{"@type":"PropertyValueSpecification","valueRequired":true,"valueName":"search_term_string"}}],"inLanguage":"fr-FR"},{"@type":"Organization","@id":"https:\/\/www.conica.com\/it\/#organization","name":"CONICA AG","url":"https:\/\/www.conica.com\/it\/","logo":{"@type":"ImageObject","inLanguage":"fr-FR","@id":"https:\/\/www.conica.com\/it\/#\/schema\/logo\/image\/","url":"https:\/\/www.conica.com\/wp-content\/uploads\/2020\/04\/logo_conica-01.svg","contentUrl":"https:\/\/www.conica.com\/wp-content\/uploads\/2020\/04\/logo_conica-01.svg","caption":"CONICA AG"},"image":{"@id":"https:\/\/www.conica.com\/it\/#\/schema\/logo\/image\/"}}]}},"featured_image_src":null,"featured_image_src_square":null,"uagb_featured_image_src":{"full":false,"thumbnail":false,"medium":false,"medium_large":false,"large":false,"gs-tiny":false,"xl":false,"xxl":false,"xxxl":false,"xxxxl":false,"xxxxxl":false,"gts-thumbnail":false,"1536x1536":false,"2048x2048":false,"sidebar-featured":false,"genesis-singular-images":false,"ab-block-post-grid-landscape":false,"ab-block-post-grid-square":false,"gform-image-choice-sm":false,"gform-image-choice-md":false,"gform-image-choice-lg":false},"uagb_author_info":{"display_name":"cloudweb admin","author_link":"https:\/\/www.conica.com\/fr\/author\/cloudweb-admin\/"},"uagb_comment_info":0,"uagb_excerpt":null,"_links":{"self":[{"href":"https:\/\/www.conica.com\/fr\/wp-json\/wp\/v2\/pages\/10941","targetHints":{"allow":["GET"]}}],"collection":[{"href":"https:\/\/www.conica.com\/fr\/wp-json\/wp\/v2\/pages"}],"about":[{"href":"https:\/\/www.conica.com\/fr\/wp-json\/wp\/v2\/types\/page"}],"author":[{"embeddable":true,"href":"https:\/\/www.conica.com\/fr\/wp-json\/wp\/v2\/users\/8"}],"replies":[{"embeddable":true,"href":"https:\/\/www.conica.com\/fr\/wp-json\/wp\/v2\/comments?post=10941"}],"version-history":[{"count":0,"href":"https:\/\/www.conica.com\/fr\/wp-json\/wp\/v2\/pages\/10941\/revisions"}],"up":[{"embeddable":true,"href":"https:\/\/www.conica.com\/fr\/wp-json\/wp\/v2\/pages\/10903"}],"wp:attachment":[{"href":"https:\/\/www.conica.com\/fr\/wp-json\/wp\/v2\/media?parent=10941"}],"wp:term":[{"taxonomy":"products_categories","embeddable":true,"href":"https:\/\/www.conica.com\/fr\/wp-json\/wp\/v2\/products_categories?post=10941"},{"taxonomy":"project_categories","embeddable":true,"href":"https:\/\/www.conica.com\/fr\/wp-json\/wp\/v2\/project_categories?post=10941"},{"taxonomy":"product_quiz_categories","embeddable":true,"href":"https:\/\/www.conica.com\/fr\/wp-json\/wp\/v2\/product_quiz_categories?post=10941"},{"taxonomy":"testimonials_categories","embeddable":true,"href":"https:\/\/www.conica.com\/fr\/wp-json\/wp\/v2\/testimonials_categories?post=10941"},{"taxonomy":"locations_categories","embeddable":true,"href":"https:\/\/www.conica.com\/fr\/wp-json\/wp\/v2\/locations_categories?post=10941"}],"curies":[{"name":"wp","href":"https:\/\/api.w.org\/{rel}","templated":true}]}}