{"id":11877,"date":"2021-02-02T13:54:52","date_gmt":"2021-02-02T12:54:52","guid":{"rendered":"https:\/\/www.conica.com\/conica-ag\/"},"modified":"2021-04-06T15:41:42","modified_gmt":"2021-04-06T13:41:42","slug":"conica-ag","status":"publish","type":"page","link":"https:\/\/www.conica.com\/fr\/conica-ag\/","title":{"rendered":"CONICA AG"},"content":{"rendered":"\n<div class=\"wp-block-atomic-blocks-ab-container ab-block-container alignfull\"><div class=\"ab-container-inside\"><div class=\"ab-container-content\">\n<div class=\"wp-block-atomic-blocks-ab-columns page-intro ab-layout-columns-2 ab-2-col-equal alignwide\"><div class=\"ab-layout-column-wrap ab-block-layout-column-gap-2 ab-is-responsive-column\">\n<div class=\"wp-block-atomic-blocks-ab-column ab-block-layout-column\"><div class=\"ab-block-layout-column-inner\">\n<h1 class=\"no-margin wp-block-heading\">ENTREPRISE<\/h1>\n<\/div><\/div>\n\n\n\n<div class=\"wp-block-atomic-blocks-ab-column ab-block-layout-column\"><div class=\"ab-block-layout-column-inner\">\n<p>Depuis 1977, CONICA d\u00e9veloppe, produit et distribue des produits de tr\u00e8s grande qualit\u00e9 et fiables pour la fabrication de rev\u00eatements de sols pour le sport et fonctionnels dans toutes les r\u00e9gions du monde.<\/p>\n<\/div><\/div>\n<\/div><\/div>\n\n\n\n<div class=\"wp-block-atomic-blocks-ab-container ab-block-container\"><div class=\"ab-container-inside\"><div class=\"ab-container-content\">\n<figure class=\"wp-block-image alignfull size-large\"><img decoding=\"async\" width=\"1024\" height=\"384\" src=\"https:\/\/www.conica.com\/wp-content\/uploads\/2020\/06\/unternehmen.jpg\" alt=\"\" class=\"wp-image-1183\" srcset=\"https:\/\/www.conica.com\/wp-content\/uploads\/2020\/06\/unternehmen.jpg 1024w, https:\/\/www.conica.com\/wp-content\/uploads\/2020\/06\/unternehmen-300x113.jpg 300w, https:\/\/www.conica.com\/wp-content\/uploads\/2020\/06\/unternehmen-768x288.jpg 768w\" sizes=\"(max-width: 1024px) 100vw, 1024px\" \/><\/figure>\n<\/div><\/div><\/div>\n<\/div><\/div><\/div>\n\n\n\n<div class=\"wp-block-atomic-blocks-ab-columns ab-layout-columns-1 one-column\"><div class=\"ab-layout-column-wrap ab-block-layout-column-gap-2 ab-is-responsive-column\">\n<div class=\"wp-block-atomic-blocks-ab-column ab-block-layout-column\"><div class=\"ab-block-layout-column-inner\">\n<p>Les gammes de produits CONICA sont constitu\u00e9es de solutions syst\u00e8me intelligentes pour les pistes de course d&rsquo;athl\u00e9tisme en int\u00e9rieur et en ext\u00e9rieur, les am\u00e9nagements polyvalents, les gymnases et terrains de sport polyvalents, les aires de jeux pour enfants et les courts de tennis. Des produits pour gazons artificiels, ainsi que des granul\u00e9s EPDM et noirs compl\u00e8tent cet assortiment.<\/p>\n\n\n\n<p>En plus du domaine sportif, CONICA produit \u00e9galement des mati\u00e8res plastiques liquides pour les sols industriels, les protections de surfaces, les parkings, ainsi que des syst\u00e8mes perm\u00e9ables pour les zones urbaines et rurales.<\/p>\n\n\n\n<p>CONICA, c&rsquo;est une comp\u00e9tence professionnelle de longue date, une qualit\u00e9 de produit maximale ainsi qu&rsquo;un service client complet. Ainsi, le client obtient&nbsp;tout aupr\u00e8s d&rsquo;un seul fournisseur. Cette maxime peut \u00eatre prise au pied de la lettre chez Conica. Le client peut choisir parmi une grande diversit\u00e9 de solutions: des composants produit individuels comme les liants, granul\u00e9s EPDM et de pneus, parfaitement accord\u00e9s les uns avec les autres, jusqu&rsquo;aux solutions compl\u00e8tes de rev\u00eatements polyur\u00e9thanes.<\/p>\n\n\n\n<p><a href=\"https:\/\/www.conica.com\/wp-content\/uploads\/2020\/06\/Corporate_Broschuere__de.pdf\">Download Unternehmensbrosch\u00fcre<\/a><\/p>\n<\/div><\/div>\n<\/div><\/div>\n\n\n\n<p><\/p>\n","protected":false},"excerpt":{"rendered":"","protected":false},"author":8,"featured_media":0,"parent":0,"menu_order":0,"comment_status":"closed","ping_status":"closed","template":"","meta":{"_acf_changed":false,"_uag_custom_page_level_css":"","_genesis_hide_title":false,"_genesis_hide_breadcrumbs":false,"_genesis_hide_singular_image":false,"_genesis_custom_body_class":"","_genesis_custom_post_class":"","_genesis_layout":"","footnotes":""},"products_categories":[],"project_categories":[],"product_quiz_categories":[],"testimonials_categories":[],"locations_categories":[],"class_list":{"0":"post-11877","1":"page","2":"type-page","3":"status-publish","5":"entry"},"acf":[],"yoast_head":"<!-- This site is optimized with the Yoast SEO plugin v26.3 - https:\/\/yoast.com\/wordpress\/plugins\/seo\/ -->\n<title>CONICA AG - CONICA AG<\/title>\n<meta name=\"robots\" content=\"index, follow, max-snippet:-1, max-image-preview:large, max-video-preview:-1\" \/>\n<link rel=\"canonical\" href=\"https:\/\/www.conica.com\/fr\/conica-ag\/\" \/>\n<meta property=\"og:locale\" content=\"fr_FR\" \/>\n<meta property=\"og:type\" content=\"article\" \/>\n<meta property=\"og:title\" content=\"CONICA AG - CONICA AG\" \/>\n<meta property=\"og:url\" content=\"https:\/\/www.conica.com\/fr\/conica-ag\/\" \/>\n<meta property=\"og:site_name\" content=\"CONICA AG\" \/>\n<meta property=\"article:modified_time\" content=\"2021-04-06T13:41:42+00:00\" \/>\n<meta property=\"og:image\" content=\"https:\/\/www.conica.com\/wp-content\/uploads\/2020\/06\/unternehmen.jpg\" \/>\n<meta name=\"twitter:card\" content=\"summary_large_image\" \/>\n<meta name=\"twitter:label1\" content=\"Dur\u00e9e de lecture estim\u00e9e\" \/>\n\t<meta name=\"twitter:data1\" content=\"2 minutes\" \/>\n<script type=\"application\/ld+json\" class=\"yoast-schema-graph\">{\"@context\":\"https:\/\/schema.org\",\"@graph\":[{\"@type\":\"WebPage\",\"@id\":\"https:\/\/www.conica.com\/fr\/conica-ag\/\",\"url\":\"https:\/\/www.conica.com\/fr\/conica-ag\/\",\"name\":\"CONICA AG - CONICA AG\",\"isPartOf\":{\"@id\":\"https:\/\/www.conica.com\/it\/#website\"},\"primaryImageOfPage\":{\"@id\":\"https:\/\/www.conica.com\/fr\/conica-ag\/#primaryimage\"},\"image\":{\"@id\":\"https:\/\/www.conica.com\/fr\/conica-ag\/#primaryimage\"},\"thumbnailUrl\":\"https:\/\/www.conica.com\/wp-content\/uploads\/2020\/06\/unternehmen.jpg\",\"datePublished\":\"2021-02-02T12:54:52+00:00\",\"dateModified\":\"2021-04-06T13:41:42+00:00\",\"breadcrumb\":{\"@id\":\"https:\/\/www.conica.com\/fr\/conica-ag\/#breadcrumb\"},\"inLanguage\":\"fr-FR\",\"potentialAction\":[{\"@type\":\"ReadAction\",\"target\":[\"https:\/\/www.conica.com\/fr\/conica-ag\/\"]}]},{\"@type\":\"ImageObject\",\"inLanguage\":\"fr-FR\",\"@id\":\"https:\/\/www.conica.com\/fr\/conica-ag\/#primaryimage\",\"url\":\"https:\/\/www.conica.com\/wp-content\/uploads\/2020\/06\/unternehmen.jpg\",\"contentUrl\":\"https:\/\/www.conica.com\/wp-content\/uploads\/2020\/06\/unternehmen.jpg\"},{\"@type\":\"BreadcrumbList\",\"@id\":\"https:\/\/www.conica.com\/fr\/conica-ag\/#breadcrumb\",\"itemListElement\":[{\"@type\":\"ListItem\",\"position\":1,\"name\":\"Home\",\"item\":\"https:\/\/www.conica.com\/fr\/\"},{\"@type\":\"ListItem\",\"position\":2,\"name\":\"CONICA AG\"}]},{\"@type\":\"WebSite\",\"@id\":\"https:\/\/www.conica.com\/it\/#website\",\"url\":\"https:\/\/www.conica.com\/it\/\",\"name\":\"CONICA AG\",\"description\":\"Sport-, Playground- und Functional Flooring Bel\u00e4ge\",\"publisher\":{\"@id\":\"https:\/\/www.conica.com\/it\/#organization\"},\"potentialAction\":[{\"@type\":\"SearchAction\",\"target\":{\"@type\":\"EntryPoint\",\"urlTemplate\":\"https:\/\/www.conica.com\/it\/?s={search_term_string}\"},\"query-input\":{\"@type\":\"PropertyValueSpecification\",\"valueRequired\":true,\"valueName\":\"search_term_string\"}}],\"inLanguage\":\"fr-FR\"},{\"@type\":\"Organization\",\"@id\":\"https:\/\/www.conica.com\/it\/#organization\",\"name\":\"CONICA AG\",\"url\":\"https:\/\/www.conica.com\/it\/\",\"logo\":{\"@type\":\"ImageObject\",\"inLanguage\":\"fr-FR\",\"@id\":\"https:\/\/www.conica.com\/it\/#\/schema\/logo\/image\/\",\"url\":\"https:\/\/www.conica.com\/wp-content\/uploads\/2020\/04\/logo_conica-01.svg\",\"contentUrl\":\"https:\/\/www.conica.com\/wp-content\/uploads\/2020\/04\/logo_conica-01.svg\",\"caption\":\"CONICA AG\"},\"image\":{\"@id\":\"https:\/\/www.conica.com\/it\/#\/schema\/logo\/image\/\"}}]}<\/script>\n<!-- \/ Yoast SEO plugin. -->","yoast_head_json":{"title":"CONICA AG - CONICA AG","robots":{"index":"index","follow":"follow","max-snippet":"max-snippet:-1","max-image-preview":"max-image-preview:large","max-video-preview":"max-video-preview:-1"},"canonical":"https:\/\/www.conica.com\/fr\/conica-ag\/","og_locale":"fr_FR","og_type":"article","og_title":"CONICA AG - CONICA AG","og_url":"https:\/\/www.conica.com\/fr\/conica-ag\/","og_site_name":"CONICA AG","article_modified_time":"2021-04-06T13:41:42+00:00","og_image":[{"url":"https:\/\/www.conica.com\/wp-content\/uploads\/2020\/06\/unternehmen.jpg","type":"","width":"","height":""}],"twitter_card":"summary_large_image","twitter_misc":{"Dur\u00e9e de lecture estim\u00e9e":"2 minutes"},"schema":{"@context":"https:\/\/schema.org","@graph":[{"@type":"WebPage","@id":"https:\/\/www.conica.com\/fr\/conica-ag\/","url":"https:\/\/www.conica.com\/fr\/conica-ag\/","name":"CONICA AG - CONICA AG","isPartOf":{"@id":"https:\/\/www.conica.com\/it\/#website"},"primaryImageOfPage":{"@id":"https:\/\/www.conica.com\/fr\/conica-ag\/#primaryimage"},"image":{"@id":"https:\/\/www.conica.com\/fr\/conica-ag\/#primaryimage"},"thumbnailUrl":"https:\/\/www.conica.com\/wp-content\/uploads\/2020\/06\/unternehmen.jpg","datePublished":"2021-02-02T12:54:52+00:00","dateModified":"2021-04-06T13:41:42+00:00","breadcrumb":{"@id":"https:\/\/www.conica.com\/fr\/conica-ag\/#breadcrumb"},"inLanguage":"fr-FR","potentialAction":[{"@type":"ReadAction","target":["https:\/\/www.conica.com\/fr\/conica-ag\/"]}]},{"@type":"ImageObject","inLanguage":"fr-FR","@id":"https:\/\/www.conica.com\/fr\/conica-ag\/#primaryimage","url":"https:\/\/www.conica.com\/wp-content\/uploads\/2020\/06\/unternehmen.jpg","contentUrl":"https:\/\/www.conica.com\/wp-content\/uploads\/2020\/06\/unternehmen.jpg"},{"@type":"BreadcrumbList","@id":"https:\/\/www.conica.com\/fr\/conica-ag\/#breadcrumb","itemListElement":[{"@type":"ListItem","position":1,"name":"Home","item":"https:\/\/www.conica.com\/fr\/"},{"@type":"ListItem","position":2,"name":"CONICA AG"}]},{"@type":"WebSite","@id":"https:\/\/www.conica.com\/it\/#website","url":"https:\/\/www.conica.com\/it\/","name":"CONICA AG","description":"Sport-, Playground- und Functional Flooring Bel\u00e4ge","publisher":{"@id":"https:\/\/www.conica.com\/it\/#organization"},"potentialAction":[{"@type":"SearchAction","target":{"@type":"EntryPoint","urlTemplate":"https:\/\/www.conica.com\/it\/?s={search_term_string}"},"query-input":{"@type":"PropertyValueSpecification","valueRequired":true,"valueName":"search_term_string"}}],"inLanguage":"fr-FR"},{"@type":"Organization","@id":"https:\/\/www.conica.com\/it\/#organization","name":"CONICA AG","url":"https:\/\/www.conica.com\/it\/","logo":{"@type":"ImageObject","inLanguage":"fr-FR","@id":"https:\/\/www.conica.com\/it\/#\/schema\/logo\/image\/","url":"https:\/\/www.conica.com\/wp-content\/uploads\/2020\/04\/logo_conica-01.svg","contentUrl":"https:\/\/www.conica.com\/wp-content\/uploads\/2020\/04\/logo_conica-01.svg","caption":"CONICA AG"},"image":{"@id":"https:\/\/www.conica.com\/it\/#\/schema\/logo\/image\/"}}]}},"featured_image_src":null,"featured_image_src_square":null,"uagb_featured_image_src":{"full":false,"thumbnail":false,"medium":false,"medium_large":false,"large":false,"gs-tiny":false,"xl":false,"xxl":false,"xxxl":false,"xxxxl":false,"xxxxxl":false,"gts-thumbnail":false,"1536x1536":false,"2048x2048":false,"sidebar-featured":false,"genesis-singular-images":false,"ab-block-post-grid-landscape":false,"ab-block-post-grid-square":false,"gform-image-choice-sm":false,"gform-image-choice-md":false,"gform-image-choice-lg":false},"uagb_author_info":{"display_name":"cloudweb admin","author_link":"https:\/\/www.conica.com\/fr\/author\/cloudweb-admin\/"},"uagb_comment_info":0,"uagb_excerpt":null,"_links":{"self":[{"href":"https:\/\/www.conica.com\/fr\/wp-json\/wp\/v2\/pages\/11877","targetHints":{"allow":["GET"]}}],"collection":[{"href":"https:\/\/www.conica.com\/fr\/wp-json\/wp\/v2\/pages"}],"about":[{"href":"https:\/\/www.conica.com\/fr\/wp-json\/wp\/v2\/types\/page"}],"author":[{"embeddable":true,"href":"https:\/\/www.conica.com\/fr\/wp-json\/wp\/v2\/users\/8"}],"replies":[{"embeddable":true,"href":"https:\/\/www.conica.com\/fr\/wp-json\/wp\/v2\/comments?post=11877"}],"version-history":[{"count":0,"href":"https:\/\/www.conica.com\/fr\/wp-json\/wp\/v2\/pages\/11877\/revisions"}],"wp:attachment":[{"href":"https:\/\/www.conica.com\/fr\/wp-json\/wp\/v2\/media?parent=11877"}],"wp:term":[{"taxonomy":"products_categories","embeddable":true,"href":"https:\/\/www.conica.com\/fr\/wp-json\/wp\/v2\/products_categories?post=11877"},{"taxonomy":"project_categories","embeddable":true,"href":"https:\/\/www.conica.com\/fr\/wp-json\/wp\/v2\/project_categories?post=11877"},{"taxonomy":"product_quiz_categories","embeddable":true,"href":"https:\/\/www.conica.com\/fr\/wp-json\/wp\/v2\/product_quiz_categories?post=11877"},{"taxonomy":"testimonials_categories","embeddable":true,"href":"https:\/\/www.conica.com\/fr\/wp-json\/wp\/v2\/testimonials_categories?post=11877"},{"taxonomy":"locations_categories","embeddable":true,"href":"https:\/\/www.conica.com\/fr\/wp-json\/wp\/v2\/locations_categories?post=11877"}],"curies":[{"name":"wp","href":"https:\/\/api.w.org\/{rel}","templated":true}]}}