{"id":11969,"date":"2020-08-10T11:13:27","date_gmt":"2020-08-10T09:13:27","guid":{"rendered":"https:\/\/www.conica.com\/karriere\/karrierechancen\/einstieg-als-berufserfahrener\/"},"modified":"2022-09-19T10:35:11","modified_gmt":"2022-09-19T08:35:11","slug":"einstieg-als-berufserfahrener","status":"publish","type":"page","link":"https:\/\/www.conica.com\/fr\/karriere\/karrierechancen\/einstieg-als-berufserfahrener\/","title":{"rendered":"D\u00e9buter comme professionnel exp\u00e9riment\u00e9"},"content":{"rendered":"\n<div class=\"wp-block-atomic-blocks-ab-container ab-block-container alignfull\"><div class=\"ab-container-inside\"><div class=\"ab-container-content\"><div id=\"gutenslider-kd5egff9h\" class=\"wp-block-eedee-block-gutenslider gs-frontend content-change alignnone arrow-style-1 arrow-position-sides arrow-mb-none arrows-lg-none arrows-md-none arrows-sm-none dot-style-1 dots-lg-none dots-md-none dots-sm-none dot-position-bottom fokus is-position-center-center mb-none wrap-auto-height\" data-parallax-direction=\"down\" data-parallax-amount=\"1.3\" data-lg-transition=\"lg-slide\" data-hash=\"\" ><div class=\"eedee-swiper-outer\" style=\"--gutenslider-min-height: 50vh;--gutenslider-arrow-size: 30px;--gutenslider-dot-size: 25px;--gutenslider-arrow-color: #ffffff;--gutenslider-dot-color: #ffffff;--gutenslider-padding-y-mobile: 40px;--gutenslider-padding-x-mobile: 40px;--gutenslider-padding-y-tablet: 40px;--gutenslider-padding-x-tablet: 40px;--gutenslider-padding-y-desktop: 40px;--gutenslider-padding-x-desktop: 40px;--gutenslider-bg-image: url();--gutenslider-min-height-md: 50vh;--gutenslider-min-height-sm: 50vh;--gutenslider-padding-x: 40px;--gutenslider-padding-x-md: 40px;--gutenslider-padding-x-sm: 20px;--gutenslider-padding-y: 40px;--gutenslider-padding-y-md: 40px;--gutenslider-padding-y-sm: 20px;--gutenslider-arrow-size-md: 30px;--gutenslider-arrow-size-sm: 30px;--gutenslider-dot-size-md: 25px;--gutenslider-dot-size-sm: 25px;--gutenslider-arrow-bg-color: transparent;--gutenslider-arrow-hover-color: #eeeeee;--gutenslider-arrow-bg-hover-color: transparent;--gutenslider-arrow-x-offset: 10px;--gutenslider-arrow-x-offset-md: 10px;--gutenslider-arrow-x-offset-sm: 10px;--gutenslider-arrow-y-offset: 0px;--gutenslider-arrow-y-offset-md: 0px;--gutenslider-arrow-y-offset-sm: 0px;--gutenslider-arrow-x-spacing: 0px;--gutenslider-dot-y-offset: 10px;--gutenslider-dot-y-offset-md: 10px;--gutenslider-dot-y-offset-sm: 10px;--gutenslider-margin-x: 0px;--gutenslider-margin-x-md: 0px;--gutenslider-margin-x-sm: 0px;--gutenslider-margin-y: 0px;--gutenslider-margin-y-md: 0px;--gutenslider-margin-y-sm: 0px;--gutenslider-divider-top: 60px;--gutenslider-divider-bottom: 60px;--gutenslider-lightgallery-bg: #ffffff;--gutenslider-lightgallery-font: #000000;--gs-first-pos: 50% 50%;--gs-gap-vertical: var( --wp--style--gallery-gap-default, var( --gallery-block--gutter-size, var( --wp--style--block-gap, 0.5em ) ) );--gs-gap-horizontal: var( --wp--style--gallery-gap-default, var( --gallery-block--gutter-size, var( --wp--style--block-gap, 0.5em ) ) );\"><div class=\"gutenslider-divider-top\" style=\"color:#fff;\"><\/div><div class=\"swiper\" data-settings='{\"autoplay\":false,\"speed\":700,\"direction\":\"horizontal\",\"autoHeight\":\"\",\"loop\":false,\"centeredSlides\":true,\"spaceBetween\":0,\"slidesPerView\":1,\"slidesPerGroup\":1,\"effect\":\"slide\",\"coverflowEffect\":{\"rotate\":30,\"slideShadows\":false,\"depth\":100,\"stretch\":50,\"modifier\":1},\"fadeEffect\":{\"crossFade\":true},\"zoom\":\"\",\"navigation\":{\"nextEl\":\"#gutenslider-kd5egff9h .eedee-gutenslider-next\",\"prevEl\":\"#gutenslider-kd5egff9h .eedee-gutenslider-prev\"},\"pagination\":{\"type\":\"bullets\",\"clickable\":true,\"dynamicBullets\":false,\"el\":\"#gutenslider-kd5egff9h .eedee-gutenslider-pagination\"},\"pauseOnHover\":\"1\",\"watchSlidesProgress\":true,\"watchSlidesVisibility\":true,\"settingsMd\":{\"autoHeight\":\"\",\"slidesPerView\":1,\"slidesPerGroup\":1,\"spaceBetween\":0,\"loop\":false},\"settingsLg\":{\"autoHeight\":\"\",\"slidesPerView\":1,\"slidesPerGroup\":1,\"spaceBetween\":0,\"loop\":false},\"hasLg\":false,\"hasLgCounter\":true,\"isFullScreen\":false,\"arrowsFollowMouse\":false,\"lgTitle\":\"none\",\"lgCaption\":\"none\",\"lgThumbnails\":true,\"lgZoomEnabled\":false,\"keyboard\":{\"keyboard\":{\"enabled\":true,\"onlyInViewport\":true}},\"hashNavigation\":false,\"dividers\":false}'><div class=\"swiper-wrapper\">\n<div class=\"swiper-slide wp-block-eedee-block-gutenslide is-position-center-center ed-bg-image\" style=\"--ed-vw:300;--ed-vh:200;\" data-hash=\"\"><div class=\"eedee-background-div bg-image\"><img width=\"2560\" height=\"1707\" class=\"wp-image-4804\" src=\"https:\/\/www.conica.com\/wp-content\/uploads\/2020\/09\/einstieg-berufserfahren-conica-2-scaled.jpg\" alt=\"\" decoding=\"async\" style=\"object-fit: cover; object-position: 50% 50%;\"  data-caption=\"Portrait Of Woman Standing In Busy Creative Office\" data-title=\"Portrait Of Woman Standing In Busy Creative Office\" srcset=\"https:\/\/www.conica.com\/wp-content\/uploads\/2020\/09\/einstieg-berufserfahren-conica-2-scaled.jpg 2560w, https:\/\/www.conica.com\/wp-content\/uploads\/2020\/09\/einstieg-berufserfahren-conica-2-300x200.jpg 300w, https:\/\/www.conica.com\/wp-content\/uploads\/2020\/09\/einstieg-berufserfahren-conica-2-1024x683.jpg 1024w, https:\/\/www.conica.com\/wp-content\/uploads\/2020\/09\/einstieg-berufserfahren-conica-2-768x512.jpg 768w, https:\/\/www.conica.com\/wp-content\/uploads\/2020\/09\/einstieg-berufserfahren-conica-2-1536x1024.jpg 1536w, https:\/\/www.conica.com\/wp-content\/uploads\/2020\/09\/einstieg-berufserfahren-conica-2-2048x1365.jpg 2048w, https:\/\/www.conica.com\/wp-content\/uploads\/2020\/09\/einstieg-berufserfahren-conica-2-600x400.jpg 600w, https:\/\/www.conica.com\/wp-content\/uploads\/2020\/09\/einstieg-berufserfahren-conica-2-1600x1067.jpg 1600w\" sizes=\"(max-width: 2560px) 100vw, 2560px\" \/><div class=\"eedee-background-div__overlay\" style=\"opacity:1;\"><\/div><\/div><div class=\"slide-content\">\n<div class=\"wp-block-eedee-block-gutenslide vertical-align-center\"><div id=\"gutenslide-esokhde9i\"><div class=\"eedee-background-div\"><img decoding=\"async\" width=\"2560\" height=\"1707\" class=\"wp-image-4804\" src=\"https:\/\/www.conica.com\/wp-content\/uploads\/2020\/09\/einstieg-berufserfahren-conica-2-scaled.jpg\" alt=\"\" style=\"object-fit:cover;object-position:50% 50%\" srcset=\"https:\/\/www.conica.com\/wp-content\/uploads\/2020\/09\/einstieg-berufserfahren-conica-2-scaled.jpg 2560w, https:\/\/www.conica.com\/wp-content\/uploads\/2020\/09\/einstieg-berufserfahren-conica-2-300x200.jpg 300w, https:\/\/www.conica.com\/wp-content\/uploads\/2020\/09\/einstieg-berufserfahren-conica-2-1024x683.jpg 1024w, https:\/\/www.conica.com\/wp-content\/uploads\/2020\/09\/einstieg-berufserfahren-conica-2-768x512.jpg 768w, https:\/\/www.conica.com\/wp-content\/uploads\/2020\/09\/einstieg-berufserfahren-conica-2-1536x1024.jpg 1536w, https:\/\/www.conica.com\/wp-content\/uploads\/2020\/09\/einstieg-berufserfahren-conica-2-2048x1365.jpg 2048w, https:\/\/www.conica.com\/wp-content\/uploads\/2020\/09\/einstieg-berufserfahren-conica-2-600x400.jpg 600w, https:\/\/www.conica.com\/wp-content\/uploads\/2020\/09\/einstieg-berufserfahren-conica-2-1600x1067.jpg 1600w\" sizes=\"(max-width: 2560px) 100vw, 2560px\" \/><div class=\"eedee-background-div__overlay\" style=\"opacity:1\"><\/div><\/div><div class=\"slide-content\"><\/div><\/div><\/div>\n<\/div><\/div>\n<\/div><\/div><button class=\"eedee-gutenslider-nav eedee-gutenslider-prev\"><svg xmlns=\"http:\/\/www.w3.org\/2000\/svg\" viewBox=\"0 0 24 24\" width=\"24\" height=\"24\"><circle class=\"bg\" cx=\"13\" cy=\"12\" r=\"11\" \/><path fill=\"none\" d=\"M0 0h24v24H0z\"\/><path class=\"arrow\" d=\"M10.828 12l4.95 4.95-1.414 1.414L8 12l6.364-6.364 1.414 1.414z\"\/><\/svg><\/button><button class=\"eedee-gutenslider-nav eedee-gutenslider-next\"><svg xmlns=\"http:\/\/www.w3.org\/2000\/svg\" viewBox=\"0 0 24 24\" width=\"24\" height=\"24\"><circle class=\"bg\" cx=\"11\" cy=\"12\" r=\"11\" \/><path fill=\"none\" d=\"M0 0h24v24H0z\"\/><path class=\"arrow\" d=\"M13.172 12l-4.95-4.95 1.414-1.414L16 12l-6.364 6.364-1.414-1.414z\"\/><\/svg><\/button><div class=\"eedee-gutenslider-pagination\"><\/div><div class=\"gutenslider-divider-bottom \" style=\"color:#fff;\"><\/div><\/div><\/div>\n\n\n<div style=\"height:100px\" aria-hidden=\"true\" class=\"wp-block-spacer\"><\/div>\n\n\n\n<p><\/p>\n<\/div><\/div><\/div>\n\n\n\n<h1 class=\"has-text-align-center wp-block-heading\">D\u00e9buter comme professionnel exp\u00e9riment\u00e9<\/h1>\n\n\n\n<p>Vous \u00eates un professionnel exp\u00e9riment\u00e9 et vous souhaitez \u00e9voluer? Rejoignez CONICA et devenez membre de notre \u00e9quipe.<br>CONICA est une adresse de choix pour les professionnels exp\u00e9riment\u00e9s, les sp\u00e9cialistes et les personnes en reconversion. \u00c0 l&rsquo;international, nous proposons des postes stimulants et int\u00e9ressants.<br>CONICA AG vous offre une multitude d&rsquo;options en tant qu&rsquo;expert. Nous sommes toujours \u00e0 la recherche de techniciens et de cadres sup\u00e9rieurs qui veulent prendre des responsabilit\u00e9s. Ceci s&rsquo;applique aussi aux personnes en reconversion: vous pouvez \u00e9galement poursuivre votre parcours professionnel; le savoir-faire que vous avez acquis jusqu&rsquo;ici est tr\u00e8s pr\u00e9cieux pour CONICA.<br>La structuration concr\u00e8te de votre parcours professionnel chez CONICA d\u00e9pend de diff\u00e9rents facteurs individuels comme la disponibilit\u00e9 de postes ad\u00e9quats, mais, avant tout, votre exp\u00e9rience, votre parcours et, bien s\u00fbr, vos int\u00e9r\u00eats.<\/p>\n\n\n\n<div style=\"height:20px\" aria-hidden=\"true\" class=\"wp-block-spacer\"><\/div>\n\n\n\n<div class=\"wp-block-atomic-blocks-ab-columns ab-layout-columns-3 ab-3-col-equal alignwide\"><div class=\"ab-layout-column-wrap ab-block-layout-column-gap-2 ab-is-responsive-column\">\n<div class=\"wp-block-atomic-blocks-ab-column ab-block-layout-column\"><div class=\"ab-block-layout-column-inner\" style=\"padding-right:5px;padding-left:5px\">\n<figure class=\"wp-block-image size-large\"><a href=\"https:\/\/www.conica.com\/fr\/karriere\/karrierechancen\/debuter-comme-apprenti\/\"><img decoding=\"async\" width=\"1024\" height=\"704\" src=\"https:\/\/www.conica.com\/wp-content\/uploads\/2020\/09\/einstieg-lernende-conica-2-1024x704.jpg\" alt=\"\" class=\"wp-image-4799\" srcset=\"https:\/\/www.conica.com\/wp-content\/uploads\/2020\/09\/einstieg-lernende-conica-2-1024x704.jpg 1024w, https:\/\/www.conica.com\/wp-content\/uploads\/2020\/09\/einstieg-lernende-conica-2-300x206.jpg 300w, https:\/\/www.conica.com\/wp-content\/uploads\/2020\/09\/einstieg-lernende-conica-2-768x528.jpg 768w, https:\/\/www.conica.com\/wp-content\/uploads\/2020\/09\/einstieg-lernende-conica-2-1536x1056.jpg 1536w, https:\/\/www.conica.com\/wp-content\/uploads\/2020\/09\/einstieg-lernende-conica-2-2048x1408.jpg 2048w, https:\/\/www.conica.com\/wp-content\/uploads\/2020\/09\/einstieg-lernende-conica-2-1600x1100.jpg 1600w\" sizes=\"(max-width: 1024px) 100vw, 1024px\" \/><\/a><\/figure>\n\n\n\n<p class=\"has-text-align-center\"><a href=\"https:\/\/www.conica.com\/fr\/karriere\/karrierechancen\/debuter-comme-apprenti\/\">D\u00e9buter comme apprenti<\/a><\/p>\n<\/div><\/div>\n\n\n\n<div class=\"wp-block-atomic-blocks-ab-column ab-block-layout-column\"><div class=\"ab-block-layout-column-inner\" style=\"padding-right:5px;padding-left:5px\">\n<figure class=\"wp-block-image size-large\"><a href=\"https:\/\/www.conica.com\/fr\/karriere\/karrierechancen\/einstieg-als-berufseinsteiger\/\"><img decoding=\"async\" width=\"1024\" height=\"683\" src=\"https:\/\/www.conica.com\/wp-content\/uploads\/2020\/09\/einstieg-berufseinstieg-conica-1024x683.jpg\" alt=\"\" class=\"wp-image-4806\" srcset=\"https:\/\/www.conica.com\/wp-content\/uploads\/2020\/09\/einstieg-berufseinstieg-conica-1024x683.jpg 1024w, https:\/\/www.conica.com\/wp-content\/uploads\/2020\/09\/einstieg-berufseinstieg-conica-300x200.jpg 300w, https:\/\/www.conica.com\/wp-content\/uploads\/2020\/09\/einstieg-berufseinstieg-conica-768x513.jpg 768w, https:\/\/www.conica.com\/wp-content\/uploads\/2020\/09\/einstieg-berufseinstieg-conica-1536x1025.jpg 1536w, https:\/\/www.conica.com\/wp-content\/uploads\/2020\/09\/einstieg-berufseinstieg-conica-2048x1367.jpg 2048w, https:\/\/www.conica.com\/wp-content\/uploads\/2020\/09\/einstieg-berufseinstieg-conica-600x400.jpg 600w, https:\/\/www.conica.com\/wp-content\/uploads\/2020\/09\/einstieg-berufseinstieg-conica-1600x1068.jpg 1600w\" sizes=\"(max-width: 1024px) 100vw, 1024px\" \/><\/a><\/figure>\n\n\n\n<p class=\"has-text-align-center\"><a href=\"https:\/\/www.conica.com\/fr\/karriere\/karrierechancen\/einstieg-als-berufseinsteiger\/\">D\u00e9buter comme jeune professionnel<\/a><\/p>\n<\/div><\/div>\n\n\n\n<div class=\"wp-block-atomic-blocks-ab-column ab-block-layout-column\"><div class=\"ab-block-layout-column-inner\">\n<p><\/p>\n<\/div><\/div>\n<\/div><\/div>\n","protected":false},"excerpt":{"rendered":"<p>D\u00e9buter comme professionnel exp\u00e9riment\u00e9 Vous \u00eates un professionnel exp\u00e9riment\u00e9 et vous souhaitez \u00e9voluer? Rejoignez CONICA et devenez membre de notre \u00e9quipe.CONICA est une adresse de choix pour les professionnels exp\u00e9riment\u00e9s, les sp\u00e9cialistes et les personnes en reconversion. \u00c0 l&rsquo;international, nous proposons des postes stimulants et int\u00e9ressants.CONICA AG vous offre une multitude d&rsquo;options en tant qu&rsquo;expert. [&hellip;]<\/p>\n","protected":false},"author":8,"featured_media":0,"parent":11961,"menu_order":0,"comment_status":"closed","ping_status":"closed","template":"","meta":{"_acf_changed":false,"_uag_custom_page_level_css":"","_genesis_hide_title":false,"_genesis_hide_breadcrumbs":false,"_genesis_hide_singular_image":false,"_genesis_custom_body_class":"","_genesis_custom_post_class":"","_genesis_layout":"","footnotes":""},"products_categories":[],"project_categories":[],"product_quiz_categories":[],"testimonials_categories":[],"locations_categories":[],"class_list":{"0":"post-11969","1":"page","2":"type-page","3":"status-publish","5":"entry"},"acf":[],"yoast_head":"<!-- This site is optimized with the Yoast SEO plugin v27.4 - https:\/\/yoast.com\/product\/yoast-seo-wordpress\/ -->\n<title>D\u00e9buter comme professionnel exp\u00e9riment\u00e9 - CONICA AG<\/title>\n<meta name=\"robots\" content=\"index, follow, max-snippet:-1, max-image-preview:large, max-video-preview:-1\" \/>\n<link rel=\"canonical\" href=\"https:\/\/www.conica.com\/fr\/karriere\/karrierechancen\/einstieg-als-berufserfahrener\/\" \/>\n<meta property=\"og:locale\" content=\"fr_FR\" \/>\n<meta property=\"og:type\" content=\"article\" \/>\n<meta property=\"og:title\" content=\"D\u00e9buter comme professionnel exp\u00e9riment\u00e9 - CONICA AG\" \/>\n<meta property=\"og:description\" content=\"D\u00e9buter comme professionnel exp\u00e9riment\u00e9 Vous \u00eates un professionnel exp\u00e9riment\u00e9 et vous souhaitez \u00e9voluer? Rejoignez CONICA et devenez membre de notre \u00e9quipe.CONICA est une adresse de choix pour les professionnels exp\u00e9riment\u00e9s, les sp\u00e9cialistes et les personnes en reconversion. \u00c0 l&rsquo;international, nous proposons des postes stimulants et int\u00e9ressants.CONICA AG vous offre une multitude d&rsquo;options en tant qu&rsquo;expert. [&hellip;]\" \/>\n<meta property=\"og:url\" content=\"https:\/\/www.conica.com\/fr\/karriere\/karrierechancen\/einstieg-als-berufserfahrener\/\" \/>\n<meta property=\"og:site_name\" content=\"CONICA AG\" \/>\n<meta property=\"article:modified_time\" content=\"2022-09-19T08:35:11+00:00\" \/>\n<meta property=\"og:image\" content=\"https:\/\/www.conica.com\/wp-content\/uploads\/2020\/09\/einstieg-berufserfahren-conica-2-scaled.jpg\" \/>\n<meta name=\"twitter:card\" content=\"summary_large_image\" \/>\n<meta name=\"twitter:label1\" content=\"Dur\u00e9e de lecture estim\u00e9e\" \/>\n\t<meta name=\"twitter:data1\" content=\"2 minutes\" \/>\n<script type=\"application\/ld+json\" class=\"yoast-schema-graph\">{\"@context\":\"https:\\\/\\\/schema.org\",\"@graph\":[{\"@type\":\"WebPage\",\"@id\":\"https:\\\/\\\/www.conica.com\\\/fr\\\/karriere\\\/karrierechancen\\\/einstieg-als-berufserfahrener\\\/\",\"url\":\"https:\\\/\\\/www.conica.com\\\/fr\\\/karriere\\\/karrierechancen\\\/einstieg-als-berufserfahrener\\\/\",\"name\":\"D\u00e9buter comme professionnel exp\u00e9riment\u00e9 - CONICA AG\",\"isPartOf\":{\"@id\":\"https:\\\/\\\/www.conica.com\\\/it\\\/#website\"},\"primaryImageOfPage\":{\"@id\":\"https:\\\/\\\/www.conica.com\\\/fr\\\/karriere\\\/karrierechancen\\\/einstieg-als-berufserfahrener\\\/#primaryimage\"},\"image\":{\"@id\":\"https:\\\/\\\/www.conica.com\\\/fr\\\/karriere\\\/karrierechancen\\\/einstieg-als-berufserfahrener\\\/#primaryimage\"},\"thumbnailUrl\":\"https:\\\/\\\/www.conica.com\\\/wp-content\\\/uploads\\\/2020\\\/09\\\/einstieg-berufserfahren-conica-2-scaled.jpg\",\"datePublished\":\"2020-08-10T09:13:27+00:00\",\"dateModified\":\"2022-09-19T08:35:11+00:00\",\"breadcrumb\":{\"@id\":\"https:\\\/\\\/www.conica.com\\\/fr\\\/karriere\\\/karrierechancen\\\/einstieg-als-berufserfahrener\\\/#breadcrumb\"},\"inLanguage\":\"fr-FR\",\"potentialAction\":[{\"@type\":\"ReadAction\",\"target\":[\"https:\\\/\\\/www.conica.com\\\/fr\\\/karriere\\\/karrierechancen\\\/einstieg-als-berufserfahrener\\\/\"]}]},{\"@type\":\"ImageObject\",\"inLanguage\":\"fr-FR\",\"@id\":\"https:\\\/\\\/www.conica.com\\\/fr\\\/karriere\\\/karrierechancen\\\/einstieg-als-berufserfahrener\\\/#primaryimage\",\"url\":\"https:\\\/\\\/www.conica.com\\\/wp-content\\\/uploads\\\/2020\\\/09\\\/einstieg-berufserfahren-conica-2-scaled.jpg\",\"contentUrl\":\"https:\\\/\\\/www.conica.com\\\/wp-content\\\/uploads\\\/2020\\\/09\\\/einstieg-berufserfahren-conica-2-scaled.jpg\"},{\"@type\":\"BreadcrumbList\",\"@id\":\"https:\\\/\\\/www.conica.com\\\/fr\\\/karriere\\\/karrierechancen\\\/einstieg-als-berufserfahrener\\\/#breadcrumb\",\"itemListElement\":[{\"@type\":\"ListItem\",\"position\":1,\"name\":\"Home\",\"item\":\"https:\\\/\\\/www.conica.com\\\/fr\\\/\"},{\"@type\":\"ListItem\",\"position\":2,\"name\":\"Emplois &#038; carri\u00e8re\",\"item\":\"https:\\\/\\\/www.conica.com\\\/fr\\\/karriere\\\/\"},{\"@type\":\"ListItem\",\"position\":3,\"name\":\"Opportunit\u00e9s de carri\u00e8re\",\"item\":\"https:\\\/\\\/www.conica.com\\\/fr\\\/karriere\\\/karrierechancen\\\/\"},{\"@type\":\"ListItem\",\"position\":4,\"name\":\"D\u00e9buter comme professionnel exp\u00e9riment\u00e9\"}]},{\"@type\":\"WebSite\",\"@id\":\"https:\\\/\\\/www.conica.com\\\/it\\\/#website\",\"url\":\"https:\\\/\\\/www.conica.com\\\/it\\\/\",\"name\":\"CONICA AG\",\"description\":\"Sport-, Playground- und Functional Flooring Bel\u00e4ge\",\"publisher\":{\"@id\":\"https:\\\/\\\/www.conica.com\\\/it\\\/#organization\"},\"potentialAction\":[{\"@type\":\"SearchAction\",\"target\":{\"@type\":\"EntryPoint\",\"urlTemplate\":\"https:\\\/\\\/www.conica.com\\\/it\\\/?s={search_term_string}\"},\"query-input\":{\"@type\":\"PropertyValueSpecification\",\"valueRequired\":true,\"valueName\":\"search_term_string\"}}],\"inLanguage\":\"fr-FR\"},{\"@type\":\"Organization\",\"@id\":\"https:\\\/\\\/www.conica.com\\\/it\\\/#organization\",\"name\":\"CONICA AG\",\"url\":\"https:\\\/\\\/www.conica.com\\\/it\\\/\",\"logo\":{\"@type\":\"ImageObject\",\"inLanguage\":\"fr-FR\",\"@id\":\"https:\\\/\\\/www.conica.com\\\/it\\\/#\\\/schema\\\/logo\\\/image\\\/\",\"url\":\"https:\\\/\\\/www.conica.com\\\/wp-content\\\/uploads\\\/2020\\\/04\\\/logo_conica-01.svg\",\"contentUrl\":\"https:\\\/\\\/www.conica.com\\\/wp-content\\\/uploads\\\/2020\\\/04\\\/logo_conica-01.svg\",\"caption\":\"CONICA AG\"},\"image\":{\"@id\":\"https:\\\/\\\/www.conica.com\\\/it\\\/#\\\/schema\\\/logo\\\/image\\\/\"}}]}<\/script>\n<!-- \/ Yoast SEO plugin. -->","yoast_head_json":{"title":"D\u00e9buter comme professionnel exp\u00e9riment\u00e9 - CONICA AG","robots":{"index":"index","follow":"follow","max-snippet":"max-snippet:-1","max-image-preview":"max-image-preview:large","max-video-preview":"max-video-preview:-1"},"canonical":"https:\/\/www.conica.com\/fr\/karriere\/karrierechancen\/einstieg-als-berufserfahrener\/","og_locale":"fr_FR","og_type":"article","og_title":"D\u00e9buter comme professionnel exp\u00e9riment\u00e9 - CONICA AG","og_description":"D\u00e9buter comme professionnel exp\u00e9riment\u00e9 Vous \u00eates un professionnel exp\u00e9riment\u00e9 et vous souhaitez \u00e9voluer? Rejoignez CONICA et devenez membre de notre \u00e9quipe.CONICA est une adresse de choix pour les professionnels exp\u00e9riment\u00e9s, les sp\u00e9cialistes et les personnes en reconversion. \u00c0 l&rsquo;international, nous proposons des postes stimulants et int\u00e9ressants.CONICA AG vous offre une multitude d&rsquo;options en tant qu&rsquo;expert. [&hellip;]","og_url":"https:\/\/www.conica.com\/fr\/karriere\/karrierechancen\/einstieg-als-berufserfahrener\/","og_site_name":"CONICA AG","article_modified_time":"2022-09-19T08:35:11+00:00","og_image":[{"url":"https:\/\/www.conica.com\/wp-content\/uploads\/2020\/09\/einstieg-berufserfahren-conica-2-scaled.jpg","type":"","width":"","height":""}],"twitter_card":"summary_large_image","twitter_misc":{"Dur\u00e9e de lecture estim\u00e9e":"2 minutes"},"schema":{"@context":"https:\/\/schema.org","@graph":[{"@type":"WebPage","@id":"https:\/\/www.conica.com\/fr\/karriere\/karrierechancen\/einstieg-als-berufserfahrener\/","url":"https:\/\/www.conica.com\/fr\/karriere\/karrierechancen\/einstieg-als-berufserfahrener\/","name":"D\u00e9buter comme professionnel exp\u00e9riment\u00e9 - CONICA AG","isPartOf":{"@id":"https:\/\/www.conica.com\/it\/#website"},"primaryImageOfPage":{"@id":"https:\/\/www.conica.com\/fr\/karriere\/karrierechancen\/einstieg-als-berufserfahrener\/#primaryimage"},"image":{"@id":"https:\/\/www.conica.com\/fr\/karriere\/karrierechancen\/einstieg-als-berufserfahrener\/#primaryimage"},"thumbnailUrl":"https:\/\/www.conica.com\/wp-content\/uploads\/2020\/09\/einstieg-berufserfahren-conica-2-scaled.jpg","datePublished":"2020-08-10T09:13:27+00:00","dateModified":"2022-09-19T08:35:11+00:00","breadcrumb":{"@id":"https:\/\/www.conica.com\/fr\/karriere\/karrierechancen\/einstieg-als-berufserfahrener\/#breadcrumb"},"inLanguage":"fr-FR","potentialAction":[{"@type":"ReadAction","target":["https:\/\/www.conica.com\/fr\/karriere\/karrierechancen\/einstieg-als-berufserfahrener\/"]}]},{"@type":"ImageObject","inLanguage":"fr-FR","@id":"https:\/\/www.conica.com\/fr\/karriere\/karrierechancen\/einstieg-als-berufserfahrener\/#primaryimage","url":"https:\/\/www.conica.com\/wp-content\/uploads\/2020\/09\/einstieg-berufserfahren-conica-2-scaled.jpg","contentUrl":"https:\/\/www.conica.com\/wp-content\/uploads\/2020\/09\/einstieg-berufserfahren-conica-2-scaled.jpg"},{"@type":"BreadcrumbList","@id":"https:\/\/www.conica.com\/fr\/karriere\/karrierechancen\/einstieg-als-berufserfahrener\/#breadcrumb","itemListElement":[{"@type":"ListItem","position":1,"name":"Home","item":"https:\/\/www.conica.com\/fr\/"},{"@type":"ListItem","position":2,"name":"Emplois &#038; carri\u00e8re","item":"https:\/\/www.conica.com\/fr\/karriere\/"},{"@type":"ListItem","position":3,"name":"Opportunit\u00e9s de carri\u00e8re","item":"https:\/\/www.conica.com\/fr\/karriere\/karrierechancen\/"},{"@type":"ListItem","position":4,"name":"D\u00e9buter comme professionnel exp\u00e9riment\u00e9"}]},{"@type":"WebSite","@id":"https:\/\/www.conica.com\/it\/#website","url":"https:\/\/www.conica.com\/it\/","name":"CONICA AG","description":"Sport-, Playground- und Functional Flooring Bel\u00e4ge","publisher":{"@id":"https:\/\/www.conica.com\/it\/#organization"},"potentialAction":[{"@type":"SearchAction","target":{"@type":"EntryPoint","urlTemplate":"https:\/\/www.conica.com\/it\/?s={search_term_string}"},"query-input":{"@type":"PropertyValueSpecification","valueRequired":true,"valueName":"search_term_string"}}],"inLanguage":"fr-FR"},{"@type":"Organization","@id":"https:\/\/www.conica.com\/it\/#organization","name":"CONICA AG","url":"https:\/\/www.conica.com\/it\/","logo":{"@type":"ImageObject","inLanguage":"fr-FR","@id":"https:\/\/www.conica.com\/it\/#\/schema\/logo\/image\/","url":"https:\/\/www.conica.com\/wp-content\/uploads\/2020\/04\/logo_conica-01.svg","contentUrl":"https:\/\/www.conica.com\/wp-content\/uploads\/2020\/04\/logo_conica-01.svg","caption":"CONICA AG"},"image":{"@id":"https:\/\/www.conica.com\/it\/#\/schema\/logo\/image\/"}}]}},"featured_image_src":null,"featured_image_src_square":null,"uagb_featured_image_src":{"full":false,"thumbnail":false,"medium":false,"medium_large":false,"large":false,"gs-tiny":false,"xl":false,"xxl":false,"xxxl":false,"xxxxl":false,"xxxxxl":false,"gts-thumbnail":false,"1536x1536":false,"2048x2048":false,"sidebar-featured":false,"genesis-singular-images":false,"ab-block-post-grid-landscape":false,"ab-block-post-grid-square":false,"gform-image-choice-sm":false,"gform-image-choice-md":false,"gform-image-choice-lg":false},"uagb_author_info":{"display_name":"cloudweb admin","author_link":"https:\/\/www.conica.com\/fr\/author\/cloudweb-admin\/"},"uagb_comment_info":0,"uagb_excerpt":"D\u00e9buter comme professionnel exp\u00e9riment\u00e9 Vous \u00eates un professionnel exp\u00e9riment\u00e9 et vous souhaitez \u00e9voluer? Rejoignez CONICA et devenez membre de notre \u00e9quipe.CONICA est une adresse de choix pour les professionnels exp\u00e9riment\u00e9s, les sp\u00e9cialistes et les personnes en reconversion. \u00c0 l&rsquo;international, nous proposons des postes stimulants et int\u00e9ressants.CONICA AG vous offre une multitude d&rsquo;options en tant qu&rsquo;expert.\u2026","_links":{"self":[{"href":"https:\/\/www.conica.com\/fr\/wp-json\/wp\/v2\/pages\/11969","targetHints":{"allow":["GET"]}}],"collection":[{"href":"https:\/\/www.conica.com\/fr\/wp-json\/wp\/v2\/pages"}],"about":[{"href":"https:\/\/www.conica.com\/fr\/wp-json\/wp\/v2\/types\/page"}],"author":[{"embeddable":true,"href":"https:\/\/www.conica.com\/fr\/wp-json\/wp\/v2\/users\/8"}],"replies":[{"embeddable":true,"href":"https:\/\/www.conica.com\/fr\/wp-json\/wp\/v2\/comments?post=11969"}],"version-history":[{"count":0,"href":"https:\/\/www.conica.com\/fr\/wp-json\/wp\/v2\/pages\/11969\/revisions"}],"up":[{"embeddable":true,"href":"https:\/\/www.conica.com\/fr\/wp-json\/wp\/v2\/pages\/11961"}],"wp:attachment":[{"href":"https:\/\/www.conica.com\/fr\/wp-json\/wp\/v2\/media?parent=11969"}],"wp:term":[{"taxonomy":"products_categories","embeddable":true,"href":"https:\/\/www.conica.com\/fr\/wp-json\/wp\/v2\/products_categories?post=11969"},{"taxonomy":"project_categories","embeddable":true,"href":"https:\/\/www.conica.com\/fr\/wp-json\/wp\/v2\/project_categories?post=11969"},{"taxonomy":"product_quiz_categories","embeddable":true,"href":"https:\/\/www.conica.com\/fr\/wp-json\/wp\/v2\/product_quiz_categories?post=11969"},{"taxonomy":"testimonials_categories","embeddable":true,"href":"https:\/\/www.conica.com\/fr\/wp-json\/wp\/v2\/testimonials_categories?post=11969"},{"taxonomy":"locations_categories","embeddable":true,"href":"https:\/\/www.conica.com\/fr\/wp-json\/wp\/v2\/locations_categories?post=11969"}],"curies":[{"name":"wp","href":"https:\/\/api.w.org\/{rel}","templated":true}]}}