{"id":12038,"date":"2020-06-18T16:12:57","date_gmt":"2020-06-18T14:12:57","guid":{"rendered":"https:\/\/www.conica.com\/industrie\/industriebeschichtungen\/ableitfaehige-industriebeschichtungen\/"},"modified":"2021-04-08T10:11:09","modified_gmt":"2021-04-08T08:11:09","slug":"ableitfaehige-industriebeschichtungen","status":"publish","type":"page","link":"https:\/\/www.conica.com\/fr\/industrie\/industriebeschichtungen\/ableitfaehige-industriebeschichtungen\/","title":{"rendered":"Rev\u00eatements industriels dissipatifs"},"content":{"rendered":"\n<div class=\"wp-block-atomic-blocks-ab-container ab-block-container alignfull\"><div class=\"ab-container-inside\"><div class=\"ab-container-content\">\n<div class=\"wp-block-atomic-blocks-ab-columns page-intro ab-layout-columns-2 ab-2-col-equal alignwide\"><div class=\"ab-layout-column-wrap ab-block-layout-column-gap-2 ab-is-responsive-column\">\n<div class=\"wp-block-atomic-blocks-ab-column ab-block-layout-column\"><div class=\"ab-block-layout-column-inner\">\n<h1 class=\"no-margin wp-block-heading\">Rev\u00eatements industriels dissipatifs<\/h1>\n<\/div><\/div>\n\n\n\n<div class=\"wp-block-atomic-blocks-ab-column ab-block-layout-column\"><div class=\"ab-block-layout-column-inner\">\n<p>Ce secteur propose des rev\u00eatements \u00e0 haute capacit\u00e9 de conductivit\u00e9, privil\u00e9gi\u00e9s pour la protection contre des explosions et des sols dot\u00e9s d&rsquo;une conductivit\u00e9 \u00e9lectrique sp\u00e9cifique qui sont le plus souvent utilis\u00e9s dans l&rsquo;industrie \u00e9lectronique comme rev\u00eatements ESD. Ces sols peuvent \u00eatre utilis\u00e9s dans des rev\u00eatements haute performance, mais \u00e9galement dans des rev\u00eatements plus fins et structur\u00e9s. Des enduits de finition permettant de cr\u00e9er un rev\u00eatement ESD \u00e0 partir d&rsquo;un sol antistatique sont \u00e9galement disponibles pour une utilisation autre que celle pr\u00e9vue.<\/p>\n\n\n\n<p><\/p>\n<\/div><\/div>\n<\/div><\/div>\n\n\n\n<p><\/p>\n<\/div><\/div><\/div>\n\n\n<div class=\"product-list-container alignfull\">\n    <div class=\"product-list-content\">\n        <div class=\"grid-row\">\n\n            \n\n            \n\n\n                <div class=\"grid-item grid-number-1\">\n                    <a class=\"wrapping-link\" href=\"https:\/\/www.conica.com\/fr\/products\/conifloor-ies-as-3\/\"><\/a>\n                    <div class=\"grid-item-wrapper\">\n                        <div class=\"grid-item-container\">\n                            <div class=\"grid-image-top\">\n                                <span class=\"centered project-image-bg\"\n                                    style=\"background-image: url(https:\/\/www.conica.com\/wp-content\/uploads\/2020\/06\/FunctionalFlooring_Industrial_HochleistungsIndustriebeschichtungen-1024x660.jpg)\"><\/span>\n\n                            <\/div>\n\n                            \n                            <div class=\"grid-item-content\">\n                                <div class=\"column\">\n                                    <span class=\"item-title\">CONIFLOOR IES AS<\/span>\n                                    <span class=\"item-excerpt\"><p>Rev\u00eatement autolissant en r\u00e9sine \u00e9poxy antistatique et color\u00e9 pour les sollicitations m\u00e9caniques lourdes.<\/p>\n<\/span>\n\n                                <\/div>\n\n                                                                    <div class=\"item-small-container\">\n                                        <img decoding=\"async\" src=\"https:\/\/www.conica.com\/wp-content\/uploads\/2020\/07\/conifloor-ies-as-conica.png\" \/>\n                                    <\/div>\n                                                            <\/div>\n                        <\/div>\n                    <\/div>\n                <\/div>\n\n                \n\n\n                <div class=\"grid-item grid-number-2\">\n                    <a class=\"wrapping-link\" href=\"https:\/\/www.conica.com\/fr\/products\/conifloor-ies-esd-2\/\"><\/a>\n                    <div class=\"grid-item-wrapper\">\n                        <div class=\"grid-item-container\">\n                            <div class=\"grid-image-top\">\n                                <span class=\"centered project-image-bg\"\n                                    style=\"background-image: url(https:\/\/www.conica.com\/wp-content\/uploads\/2020\/07\/Deutschland_Neuhausen-ob-Eck_Lagerhalle-1024x660.jpg)\"><\/span>\n\n                            <\/div>\n\n                            \n                            <div class=\"grid-item-content\">\n                                <div class=\"column\">\n                                    <span class=\"item-title\">CONIFLOOR IES ESD (N)<\/span>\n                                    <span class=\"item-excerpt\"><p>Rev\u00eatement autolissant color\u00e9 en r\u00e9sine \u00e9poxy, \u00e0 protection ESD, pour les<br \/>\nsollicitations moyennes \u00e0 fortes.<\/p>\n<\/span>\n\n                                <\/div>\n\n                                                                    <div class=\"item-small-container\">\n                                        <img decoding=\"async\" src=\"https:\/\/www.conica.com\/wp-content\/uploads\/2020\/07\/conifloor_ies_as_esd.png\" \/>\n                                    <\/div>\n                                                            <\/div>\n                        <\/div>\n                    <\/div>\n                <\/div>\n\n                \n\n\n                <div class=\"grid-item grid-number-3\">\n                    <a class=\"wrapping-link\" href=\"https:\/\/www.conica.com\/fr\/products\/conifloor-iet-as\/\"><\/a>\n                    <div class=\"grid-item-wrapper\">\n                        <div class=\"grid-item-container\">\n                            <div class=\"grid-image-top\">\n                                <span class=\"centered project-image-bg\"\n                                    style=\"background-image: url(https:\/\/www.conica.com\/wp-content\/uploads\/2020\/07\/FunctionalFlooring_Industrial_WirtschaftlicheIndustriebeschichtungen-1024x660.jpg)\"><\/span>\n\n                            <\/div>\n\n                            \n                            <div class=\"grid-item-content\">\n                                <div class=\"column\">\n                                    <span class=\"item-title\">CONIFLOOR IET AS<\/span>\n                                    <span class=\"item-excerpt\"><p>Rev\u00eatement<br \/>\nstructur\u00e9 antistatique pour sollicitation m\u00e9canique moyenne avec propri\u00e9t\u00e9 antid\u00e9rapante. <\/p>\n<\/span>\n\n                                <\/div>\n\n                                                                    <div class=\"item-small-container\">\n                                        <img decoding=\"async\" src=\"https:\/\/www.conica.com\/wp-content\/uploads\/2020\/06\/conifloor_iet_as.png\" \/>\n                                    <\/div>\n                                                            <\/div>\n                        <\/div>\n                    <\/div>\n                <\/div>\n\n                \n\n\n                <div class=\"grid-item grid-number-4\">\n                    <a class=\"wrapping-link\" href=\"https:\/\/www.conica.com\/fr\/products\/conifloor-ips-as-esd-3\/\"><\/a>\n                    <div class=\"grid-item-wrapper\">\n                        <div class=\"grid-item-container\">\n                            <div class=\"grid-image-top\">\n                                <span class=\"centered project-image-bg\"\n                                    style=\"background-image: url(https:\/\/www.conica.com\/wp-content\/uploads\/2020\/10\/lager-rampe-2-1-1024x576.png)\"><\/span>\n\n                            <\/div>\n\n                            \n                            <div class=\"grid-item-content\">\n                                <div class=\"column\">\n                                    <span class=\"item-title\">CONIFLOOR IPS AS ESD<\/span>\n                                    <span class=\"item-excerpt\"><p>Enduit de finition en r\u00e9sine \u00e9poxy, de couleur, antistatique, avec enduit antid\u00e9rapant et protection ESD pour les sollicitations faibles \u00e0 moyennes.<\/p>\n<\/span>\n\n                                <\/div>\n\n                                                                    <div class=\"item-small-container\">\n                                        <img decoding=\"async\" src=\"https:\/\/www.conica.com\/wp-content\/uploads\/2020\/06\/conifloor_ips_as_esd.png\" \/>\n                                    <\/div>\n                                                            <\/div>\n                        <\/div>\n                    <\/div>\n                <\/div>\n\n                \n\n\n                <div class=\"grid-item grid-number-5\">\n                    <a class=\"wrapping-link\" href=\"https:\/\/www.conica.com\/fr\/products\/conifloor-colorquartz-le-as-esd\/\"><\/a>\n                    <div class=\"grid-item-wrapper\">\n                        <div class=\"grid-item-container\">\n                            <div class=\"grid-image-top\">\n                                <span class=\"centered project-image-bg\"\n                                    style=\"background-image: url(https:\/\/www.conica.com\/wp-content\/uploads\/2020\/07\/Deutschland_Wallduern-Altheim_Industriehalle_2-1024x660.jpg)\"><\/span>\n\n                            <\/div>\n\n                            \n                            <div class=\"grid-item-content\">\n                                <div class=\"column\">\n                                    <span class=\"item-title\">CONIFLOOR COLORQUARZ LE AS-ESD<\/span>\n                                    <span class=\"item-excerpt\"><p>Rev\u00eatement par saupoudrage en r\u00e9sine \u00e9poxy sans solvants avec sable quartz\u00e9 color\u00e9 pour des sollicitations m\u00e9caniques intenses. <\/p>\n<\/span>\n\n                                <\/div>\n\n                                                                    <div class=\"item-small-container\">\n                                        <img decoding=\"async\" src=\"https:\/\/www.conica.com\/wp-content\/uploads\/2020\/08\/CONIFLOOR_Colorquarz_esd.png\" \/>\n                                    <\/div>\n                                                            <\/div>\n                        <\/div>\n                    <\/div>\n                <\/div>\n\n                \n\n\n                <div class=\"grid-item grid-number-6\">\n                    <a class=\"wrapping-link\" href=\"https:\/\/www.conica.com\/fr\/products\/conifloor-iet-esd\/\"><\/a>\n                    <div class=\"grid-item-wrapper\">\n                        <div class=\"grid-item-container\">\n                            <div class=\"grid-image-top\">\n                                <span class=\"centered project-image-bg\"\n                                    style=\"background-image: url(https:\/\/www.conica.com\/wp-content\/uploads\/2020\/06\/FunctionalFlooring_Industrial_AbleitfaehigeIndustriebeschichtungen-1024x660.jpg)\"><\/span>\n\n                            <\/div>\n\n                            \n                            <div class=\"grid-item-content\">\n                                <div class=\"column\">\n                                    <span class=\"item-title\">CONIFLOOR IET ESD<\/span>\n                                    <span class=\"item-excerpt\"><p>Rev\u00eatement structur\u00e9<br \/>\n\u00e0 protection ESD avec des propri\u00e9t\u00e9s antid\u00e9rapantes pour les sollicitations faibles \u00e0 moyennes. <\/p>\n<\/span>\n\n                                <\/div>\n\n                                                                    <div class=\"item-small-container\">\n                                        <img decoding=\"async\" src=\"https:\/\/www.conica.com\/wp-content\/uploads\/2020\/06\/conifloor_iet_esd.png\" \/>\n                                    <\/div>\n                                                            <\/div>\n                        <\/div>\n                    <\/div>\n                <\/div>\n\n                \n\n\n                <div class=\"grid-item grid-number-7\">\n                    <a class=\"wrapping-link\" href=\"https:\/\/www.conica.com\/fr\/products\/conifloor-iec-as-4\/\"><\/a>\n                    <div class=\"grid-item-wrapper\">\n                        <div class=\"grid-item-container\">\n                            <div class=\"grid-image-top\">\n                                <span class=\"centered project-image-bg\"\n                                    style=\"background-image: url(https:\/\/www.conica.com\/wp-content\/uploads\/2020\/10\/lager-rampe-3-1-1024x576.png)\"><\/span>\n\n                            <\/div>\n\n                                                            <div class=\"new\"><span class=\"new-icon\"><\/span><\/div>\n                            \n                            <div class=\"grid-item-content\">\n                                <div class=\"column\">\n                                    <span class=\"item-title\">CONIFLOOR IEC AS<\/span>\n                                    <span class=\"item-excerpt\"><p>Rev\u00eatement  en \u00e9poxy dur antistatique qui ponte les fissures, con\u00e7u pour les sollicitations m\u00e9caniques et chimiques \u00e9lev\u00e9es<\/p>\n<\/span>\n\n                                <\/div>\n\n                                                                    <div class=\"item-small-container\">\n                                        <img decoding=\"async\" src=\"https:\/\/www.conica.com\/wp-content\/uploads\/2021\/03\/conica-iec-as.png\" \/>\n                                    <\/div>\n                                                            <\/div>\n                        <\/div>\n                    <\/div>\n                <\/div>\n\n                \n\n            \n        <\/div>\n    <\/div>\n<\/div>","protected":false},"excerpt":{"rendered":"","protected":false},"author":8,"featured_media":0,"parent":12031,"menu_order":0,"comment_status":"closed","ping_status":"closed","template":"","meta":{"_acf_changed":false,"_uag_custom_page_level_css":"","_genesis_hide_title":false,"_genesis_hide_breadcrumbs":false,"_genesis_hide_singular_image":false,"_genesis_custom_body_class":"","_genesis_custom_post_class":"","_genesis_layout":"","footnotes":""},"products_categories":[47],"project_categories":[],"product_quiz_categories":[],"testimonials_categories":[],"locations_categories":[],"class_list":{"0":"post-12038","1":"page","2":"type-page","3":"status-publish","5":"products_categories-ableitfaehige-industriebeschichtungen","6":"entry"},"acf":[],"yoast_head":"<!-- This site is optimized with the Yoast SEO plugin v27.4 - https:\/\/yoast.com\/product\/yoast-seo-wordpress\/ -->\n<title>Rev\u00eatements industriels dissipatifs - CONICA AG<\/title>\n<meta name=\"robots\" content=\"index, follow, max-snippet:-1, max-image-preview:large, max-video-preview:-1\" \/>\n<link rel=\"canonical\" href=\"https:\/\/www.conica.com\/fr\/industrie\/industriebeschichtungen\/ableitfaehige-industriebeschichtungen\/\" \/>\n<meta property=\"og:locale\" content=\"fr_FR\" \/>\n<meta property=\"og:type\" content=\"article\" \/>\n<meta property=\"og:title\" content=\"Rev\u00eatements industriels dissipatifs - CONICA AG\" \/>\n<meta property=\"og:url\" content=\"https:\/\/www.conica.com\/fr\/industrie\/industriebeschichtungen\/ableitfaehige-industriebeschichtungen\/\" \/>\n<meta property=\"og:site_name\" content=\"CONICA AG\" \/>\n<meta property=\"article:modified_time\" content=\"2021-04-08T08:11:09+00:00\" \/>\n<meta name=\"twitter:card\" content=\"summary_large_image\" \/>\n<meta name=\"twitter:label1\" content=\"Dur\u00e9e de lecture estim\u00e9e\" \/>\n\t<meta name=\"twitter:data1\" content=\"1 minute\" \/>\n<script type=\"application\/ld+json\" class=\"yoast-schema-graph\">{\"@context\":\"https:\\\/\\\/schema.org\",\"@graph\":[{\"@type\":\"WebPage\",\"@id\":\"https:\\\/\\\/www.conica.com\\\/fr\\\/industrie\\\/industriebeschichtungen\\\/ableitfaehige-industriebeschichtungen\\\/\",\"url\":\"https:\\\/\\\/www.conica.com\\\/fr\\\/industrie\\\/industriebeschichtungen\\\/ableitfaehige-industriebeschichtungen\\\/\",\"name\":\"Rev\u00eatements industriels dissipatifs - CONICA AG\",\"isPartOf\":{\"@id\":\"https:\\\/\\\/www.conica.com\\\/it\\\/#website\"},\"datePublished\":\"2020-06-18T14:12:57+00:00\",\"dateModified\":\"2021-04-08T08:11:09+00:00\",\"breadcrumb\":{\"@id\":\"https:\\\/\\\/www.conica.com\\\/fr\\\/industrie\\\/industriebeschichtungen\\\/ableitfaehige-industriebeschichtungen\\\/#breadcrumb\"},\"inLanguage\":\"fr-FR\",\"potentialAction\":[{\"@type\":\"ReadAction\",\"target\":[\"https:\\\/\\\/www.conica.com\\\/fr\\\/industrie\\\/industriebeschichtungen\\\/ableitfaehige-industriebeschichtungen\\\/\"]}]},{\"@type\":\"BreadcrumbList\",\"@id\":\"https:\\\/\\\/www.conica.com\\\/fr\\\/industrie\\\/industriebeschichtungen\\\/ableitfaehige-industriebeschichtungen\\\/#breadcrumb\",\"itemListElement\":[{\"@type\":\"ListItem\",\"position\":1,\"name\":\"Home\",\"item\":\"https:\\\/\\\/www.conica.com\\\/fr\\\/\"},{\"@type\":\"ListItem\",\"position\":2,\"name\":\"Industrie\",\"item\":\"https:\\\/\\\/www.conica.com\\\/fr\\\/industrie\\\/\"},{\"@type\":\"ListItem\",\"position\":3,\"name\":\"Rev\u00eatements industriels\",\"item\":\"https:\\\/\\\/www.conica.com\\\/fr\\\/industrie\\\/industriebeschichtungen\\\/\"},{\"@type\":\"ListItem\",\"position\":4,\"name\":\"Rev\u00eatements industriels dissipatifs\"}]},{\"@type\":\"WebSite\",\"@id\":\"https:\\\/\\\/www.conica.com\\\/it\\\/#website\",\"url\":\"https:\\\/\\\/www.conica.com\\\/it\\\/\",\"name\":\"CONICA AG\",\"description\":\"Sport-, Playground- und Functional Flooring Bel\u00e4ge\",\"publisher\":{\"@id\":\"https:\\\/\\\/www.conica.com\\\/it\\\/#organization\"},\"potentialAction\":[{\"@type\":\"SearchAction\",\"target\":{\"@type\":\"EntryPoint\",\"urlTemplate\":\"https:\\\/\\\/www.conica.com\\\/it\\\/?s={search_term_string}\"},\"query-input\":{\"@type\":\"PropertyValueSpecification\",\"valueRequired\":true,\"valueName\":\"search_term_string\"}}],\"inLanguage\":\"fr-FR\"},{\"@type\":\"Organization\",\"@id\":\"https:\\\/\\\/www.conica.com\\\/it\\\/#organization\",\"name\":\"CONICA AG\",\"url\":\"https:\\\/\\\/www.conica.com\\\/it\\\/\",\"logo\":{\"@type\":\"ImageObject\",\"inLanguage\":\"fr-FR\",\"@id\":\"https:\\\/\\\/www.conica.com\\\/it\\\/#\\\/schema\\\/logo\\\/image\\\/\",\"url\":\"https:\\\/\\\/www.conica.com\\\/wp-content\\\/uploads\\\/2020\\\/04\\\/logo_conica-01.svg\",\"contentUrl\":\"https:\\\/\\\/www.conica.com\\\/wp-content\\\/uploads\\\/2020\\\/04\\\/logo_conica-01.svg\",\"caption\":\"CONICA AG\"},\"image\":{\"@id\":\"https:\\\/\\\/www.conica.com\\\/it\\\/#\\\/schema\\\/logo\\\/image\\\/\"}}]}<\/script>\n<!-- \/ Yoast SEO plugin. -->","yoast_head_json":{"title":"Rev\u00eatements industriels dissipatifs - CONICA AG","robots":{"index":"index","follow":"follow","max-snippet":"max-snippet:-1","max-image-preview":"max-image-preview:large","max-video-preview":"max-video-preview:-1"},"canonical":"https:\/\/www.conica.com\/fr\/industrie\/industriebeschichtungen\/ableitfaehige-industriebeschichtungen\/","og_locale":"fr_FR","og_type":"article","og_title":"Rev\u00eatements industriels dissipatifs - CONICA AG","og_url":"https:\/\/www.conica.com\/fr\/industrie\/industriebeschichtungen\/ableitfaehige-industriebeschichtungen\/","og_site_name":"CONICA AG","article_modified_time":"2021-04-08T08:11:09+00:00","twitter_card":"summary_large_image","twitter_misc":{"Dur\u00e9e de lecture estim\u00e9e":"1 minute"},"schema":{"@context":"https:\/\/schema.org","@graph":[{"@type":"WebPage","@id":"https:\/\/www.conica.com\/fr\/industrie\/industriebeschichtungen\/ableitfaehige-industriebeschichtungen\/","url":"https:\/\/www.conica.com\/fr\/industrie\/industriebeschichtungen\/ableitfaehige-industriebeschichtungen\/","name":"Rev\u00eatements industriels dissipatifs - CONICA AG","isPartOf":{"@id":"https:\/\/www.conica.com\/it\/#website"},"datePublished":"2020-06-18T14:12:57+00:00","dateModified":"2021-04-08T08:11:09+00:00","breadcrumb":{"@id":"https:\/\/www.conica.com\/fr\/industrie\/industriebeschichtungen\/ableitfaehige-industriebeschichtungen\/#breadcrumb"},"inLanguage":"fr-FR","potentialAction":[{"@type":"ReadAction","target":["https:\/\/www.conica.com\/fr\/industrie\/industriebeschichtungen\/ableitfaehige-industriebeschichtungen\/"]}]},{"@type":"BreadcrumbList","@id":"https:\/\/www.conica.com\/fr\/industrie\/industriebeschichtungen\/ableitfaehige-industriebeschichtungen\/#breadcrumb","itemListElement":[{"@type":"ListItem","position":1,"name":"Home","item":"https:\/\/www.conica.com\/fr\/"},{"@type":"ListItem","position":2,"name":"Industrie","item":"https:\/\/www.conica.com\/fr\/industrie\/"},{"@type":"ListItem","position":3,"name":"Rev\u00eatements industriels","item":"https:\/\/www.conica.com\/fr\/industrie\/industriebeschichtungen\/"},{"@type":"ListItem","position":4,"name":"Rev\u00eatements industriels dissipatifs"}]},{"@type":"WebSite","@id":"https:\/\/www.conica.com\/it\/#website","url":"https:\/\/www.conica.com\/it\/","name":"CONICA AG","description":"Sport-, Playground- und Functional Flooring Bel\u00e4ge","publisher":{"@id":"https:\/\/www.conica.com\/it\/#organization"},"potentialAction":[{"@type":"SearchAction","target":{"@type":"EntryPoint","urlTemplate":"https:\/\/www.conica.com\/it\/?s={search_term_string}"},"query-input":{"@type":"PropertyValueSpecification","valueRequired":true,"valueName":"search_term_string"}}],"inLanguage":"fr-FR"},{"@type":"Organization","@id":"https:\/\/www.conica.com\/it\/#organization","name":"CONICA AG","url":"https:\/\/www.conica.com\/it\/","logo":{"@type":"ImageObject","inLanguage":"fr-FR","@id":"https:\/\/www.conica.com\/it\/#\/schema\/logo\/image\/","url":"https:\/\/www.conica.com\/wp-content\/uploads\/2020\/04\/logo_conica-01.svg","contentUrl":"https:\/\/www.conica.com\/wp-content\/uploads\/2020\/04\/logo_conica-01.svg","caption":"CONICA AG"},"image":{"@id":"https:\/\/www.conica.com\/it\/#\/schema\/logo\/image\/"}}]}},"featured_image_src":null,"featured_image_src_square":null,"uagb_featured_image_src":{"full":false,"thumbnail":false,"medium":false,"medium_large":false,"large":false,"gs-tiny":false,"xl":false,"xxl":false,"xxxl":false,"xxxxl":false,"xxxxxl":false,"gts-thumbnail":false,"1536x1536":false,"2048x2048":false,"sidebar-featured":false,"genesis-singular-images":false,"ab-block-post-grid-landscape":false,"ab-block-post-grid-square":false,"gform-image-choice-sm":false,"gform-image-choice-md":false,"gform-image-choice-lg":false},"uagb_author_info":{"display_name":"cloudweb admin","author_link":"https:\/\/www.conica.com\/fr\/author\/cloudweb-admin\/"},"uagb_comment_info":0,"uagb_excerpt":null,"_links":{"self":[{"href":"https:\/\/www.conica.com\/fr\/wp-json\/wp\/v2\/pages\/12038","targetHints":{"allow":["GET"]}}],"collection":[{"href":"https:\/\/www.conica.com\/fr\/wp-json\/wp\/v2\/pages"}],"about":[{"href":"https:\/\/www.conica.com\/fr\/wp-json\/wp\/v2\/types\/page"}],"author":[{"embeddable":true,"href":"https:\/\/www.conica.com\/fr\/wp-json\/wp\/v2\/users\/8"}],"replies":[{"embeddable":true,"href":"https:\/\/www.conica.com\/fr\/wp-json\/wp\/v2\/comments?post=12038"}],"version-history":[{"count":0,"href":"https:\/\/www.conica.com\/fr\/wp-json\/wp\/v2\/pages\/12038\/revisions"}],"up":[{"embeddable":true,"href":"https:\/\/www.conica.com\/fr\/wp-json\/wp\/v2\/pages\/12031"}],"wp:attachment":[{"href":"https:\/\/www.conica.com\/fr\/wp-json\/wp\/v2\/media?parent=12038"}],"wp:term":[{"taxonomy":"products_categories","embeddable":true,"href":"https:\/\/www.conica.com\/fr\/wp-json\/wp\/v2\/products_categories?post=12038"},{"taxonomy":"project_categories","embeddable":true,"href":"https:\/\/www.conica.com\/fr\/wp-json\/wp\/v2\/project_categories?post=12038"},{"taxonomy":"product_quiz_categories","embeddable":true,"href":"https:\/\/www.conica.com\/fr\/wp-json\/wp\/v2\/product_quiz_categories?post=12038"},{"taxonomy":"testimonials_categories","embeddable":true,"href":"https:\/\/www.conica.com\/fr\/wp-json\/wp\/v2\/testimonials_categories?post=12038"},{"taxonomy":"locations_categories","embeddable":true,"href":"https:\/\/www.conica.com\/fr\/wp-json\/wp\/v2\/locations_categories?post=12038"}],"curies":[{"name":"wp","href":"https:\/\/api.w.org\/{rel}","templated":true}]}}