{"id":12042,"date":"2020-09-28T13:13:34","date_gmt":"2020-09-28T11:13:34","guid":{"rendered":"https:\/\/www.conica.com\/industrie\/nahrungsmittel-getraenke\/lager-rampen\/"},"modified":"2021-04-08T10:13:40","modified_gmt":"2021-04-08T08:13:40","slug":"lager-rampen","status":"publish","type":"page","link":"https:\/\/www.conica.com\/fr\/industrie\/nahrungsmittel-getraenke\/lager-rampen\/","title":{"rendered":"Entrep\u00f4ts &#038; rampes"},"content":{"rendered":"\n<div class=\"wp-block-atomic-blocks-ab-container ab-block-container alignfull\"><div class=\"ab-container-inside\"><div class=\"ab-container-content\">\n<div class=\"wp-block-atomic-blocks-ab-columns page-intro ab-layout-columns-2 ab-2-col-equal alignwide\"><div class=\"ab-layout-column-wrap ab-block-layout-column-gap-2 ab-is-responsive-column\">\n<div class=\"wp-block-atomic-blocks-ab-column ab-block-layout-column\"><div class=\"ab-block-layout-column-inner\">\n<h1 class=\"no-margin wp-block-heading\">Entrep\u00f4ts &amp; rampes<\/h1>\n<\/div><\/div>\n\n\n\n<div class=\"wp-block-atomic-blocks-ab-column ab-block-layout-column\"><div class=\"ab-block-layout-column-inner\">\n<p>Les denr\u00e9es alimentaires requi\u00e8rent une hygi\u00e8ne impeccable. Toutefois, des produits de nettoyage agressifs pr\u00e9sents dans l&rsquo;air peuvent contaminer des substances sensibles ou perturber les processus de maturation, par exemple des fromages. C&rsquo;est la raison pour laquelle les sols de tels espaces doivent \u00eatre faciles \u00e0 nettoyer et ne pas avoir de joints dans lesquels les bact\u00e9ries peuvent se loger. Ils doivent \u00e9galement \u00eatre antid\u00e9rapants en cas d&rsquo;humidit\u00e9 et supporter une sollicitation m\u00e9canique. Ceci est un cas pour les rev\u00eatements CONICA.<\/p>\n<\/div><\/div>\n<\/div><\/div>\n\n\n\n<p><\/p>\n<\/div><\/div><\/div>\n\n\n<div class=\"product-list-container alignfull\">\n    <div class=\"product-list-content\">\n        <div class=\"grid-row\">\n\n            \n\n            \n\n\n                <div class=\"grid-item grid-number-1\">\n                    <a class=\"wrapping-link\" href=\"https:\/\/www.conica.com\/fr\/products\/conifloor-ies-sr-2\/\"><\/a>\n                    <div class=\"grid-item-wrapper\">\n                        <div class=\"grid-item-container\">\n                            <div class=\"grid-image-top\">\n                                <span class=\"centered project-image-bg\"\n                                    style=\"background-image: url(https:\/\/www.conica.com\/wp-content\/uploads\/2020\/10\/lager-rampe-3-1-1024x576.png)\"><\/span>\n\n                            <\/div>\n\n                            \n                            <div class=\"grid-item-content\">\n                                <div class=\"column\">\n                                    <span class=\"item-title\">CONIFLOOR IES SR<\/span>\n                                    <span class=\"item-excerpt\"><p>Rev\u00eatement autolissant en r\u00e9sine \u00e9poxy de couleur pour les sollicitations m\u00e9caniques moyennes \u00e0 fortes avec enduit de finition mat antid\u00e9rapant.<\/p>\n<\/span>\n\n                                <\/div>\n\n                                                                    <div class=\"item-small-container\">\n                                        <img decoding=\"async\" src=\"https:\/\/www.conica.com\/wp-content\/uploads\/2020\/07\/conifloor-ies-sr-conica.png\" \/>\n                                    <\/div>\n                                                            <\/div>\n                        <\/div>\n                    <\/div>\n                <\/div>\n\n                \n\n\n                <div class=\"grid-item grid-number-2\">\n                    <a class=\"wrapping-link\" href=\"https:\/\/www.conica.com\/fr\/products\/conifloor-ips-6\/\"><\/a>\n                    <div class=\"grid-item-wrapper\">\n                        <div class=\"grid-item-container\">\n                            <div class=\"grid-image-top\">\n                                <span class=\"centered project-image-bg\"\n                                    style=\"background-image: url(https:\/\/www.conica.com\/wp-content\/uploads\/2020\/10\/lager-rampe-4-1-1024x576.png)\"><\/span>\n\n                            <\/div>\n\n                            \n                            <div class=\"grid-item-content\">\n                                <div class=\"column\">\n                                    <span class=\"item-title\">CONIFLOOR IPS<\/span>\n                                    <span class=\"item-excerpt\"><p>Rev\u00eatement autolissant couvrant les fissures, color\u00e9 et flexible pour les sollicitations m\u00e9caniques moyennes.<\/p>\n<\/span>\n\n                                <\/div>\n\n                                                                    <div class=\"item-small-container\">\n                                        <img decoding=\"async\" src=\"https:\/\/www.conica.com\/wp-content\/uploads\/2020\/06\/conifloor_ips-1.png\" \/>\n                                    <\/div>\n                                                            <\/div>\n                        <\/div>\n                    <\/div>\n                <\/div>\n\n                \n\n\n                <div class=\"grid-item grid-number-3\">\n                    <a class=\"wrapping-link\" href=\"https:\/\/www.conica.com\/fr\/products\/conifloor-ips-sr-3\/\"><\/a>\n                    <div class=\"grid-item-wrapper\">\n                        <div class=\"grid-item-container\">\n                            <div class=\"grid-image-top\">\n                                <span class=\"centered project-image-bg\"\n                                    style=\"background-image: url(https:\/\/www.conica.com\/wp-content\/uploads\/2020\/10\/lager-rampe-5-1-1024x576.png)\"><\/span>\n\n                            <\/div>\n\n                            \n                            <div class=\"grid-item-content\">\n                                <div class=\"column\">\n                                    <span class=\"item-title\">CONIFLOOR IPS SR<\/span>\n                                    <span class=\"item-excerpt\"><p>Rev\u00eatement autolissant, ponte les fissures, color\u00e9 et souple pour les sollicitations m\u00e9caniques moyennes avec enduit de finition mat et antid\u00e9rapant.<\/p>\n<\/span>\n\n                                <\/div>\n\n                                                                    <div class=\"item-small-container\">\n                                        <img decoding=\"async\" src=\"https:\/\/www.conica.com\/wp-content\/uploads\/2020\/06\/conifloor_ips_sr-1.png\" \/>\n                                    <\/div>\n                                                            <\/div>\n                        <\/div>\n                    <\/div>\n                <\/div>\n\n                \n\n\n                <div class=\"grid-item grid-number-4\">\n                    <a class=\"wrapping-link\" href=\"https:\/\/www.conica.com\/fr\/products\/conifloor-ies-2\/\"><\/a>\n                    <div class=\"grid-item-wrapper\">\n                        <div class=\"grid-item-container\">\n                            <div class=\"grid-image-top\">\n                                <span class=\"centered project-image-bg\"\n                                    style=\"background-image: url(https:\/\/www.conica.com\/wp-content\/uploads\/2020\/10\/lager-rampe-1-1024x576.png)\"><\/span>\n\n                            <\/div>\n\n                            \n                            <div class=\"grid-item-content\">\n                                <div class=\"column\">\n                                    <span class=\"item-title\">CONIFLOOR IES<\/span>\n                                    <span class=\"item-excerpt\"><p>Rev\u00eatement autolissant en r\u00e9sine \u00e9poxy de couleur pour les sollicitations m\u00e9caniques moyennes \u00e0 lourdes.<\/p>\n<\/span>\n\n                                <\/div>\n\n                                                                    <div class=\"item-small-container\">\n                                        <img decoding=\"async\" src=\"https:\/\/www.conica.com\/wp-content\/uploads\/2020\/10\/CONIFLOOR_IES_Rendering_2020_CONICA-1-opt.png\" \/>\n                                    <\/div>\n                                                            <\/div>\n                        <\/div>\n                    <\/div>\n                <\/div>\n\n                \n\n\n                <div class=\"grid-item grid-number-5\">\n                    <a class=\"wrapping-link\" href=\"https:\/\/www.conica.com\/fr\/products\/conifloor-ies-ba-free\/\"><\/a>\n                    <div class=\"grid-item-wrapper\">\n                        <div class=\"grid-item-container\">\n                            <div class=\"grid-image-top\">\n                                <span class=\"centered project-image-bg\"\n                                    style=\"background-image: url(https:\/\/www.conica.com\/wp-content\/uploads\/2024\/01\/System_IES.jpg)\"><\/span>\n\n                            <\/div>\n\n                            \n                            <div class=\"grid-item-content\">\n                                <div class=\"column\">\n                                    <span class=\"item-title\">CONIFLOOR IES (BA-free)<\/span>\n                                    <span class=\"item-excerpt\"><p>Rev\u00eatement en r\u00e9sine \u00e9poxy antid\u00e9rapant, tr\u00e8s r\u00e9sistant aux produits chimiques et aux contraintes m\u00e9caniques. Pour les fortes sollicitations m\u00e9caniques et chimiques.<\/p>\n<\/span>\n\n                                <\/div>\n\n                                                                    <div class=\"item-small-container\">\n                                        <img decoding=\"async\" src=\"https:\/\/www.conica.com\/wp-content\/uploads\/2020\/10\/CONIFLOOR_IES_Rendering_2020_CONICA-1-opt.png\" \/>\n                                    <\/div>\n                                                            <\/div>\n                        <\/div>\n                    <\/div>\n                <\/div>\n\n                \n\n            \n        <\/div>\n    <\/div>\n<\/div>\n\n\n<p><\/p>\n","protected":false},"excerpt":{"rendered":"","protected":false},"author":8,"featured_media":0,"parent":12040,"menu_order":0,"comment_status":"closed","ping_status":"closed","template":"","meta":{"_acf_changed":false,"_uag_custom_page_level_css":"","_genesis_hide_title":false,"_genesis_hide_breadcrumbs":false,"_genesis_hide_singular_image":false,"_genesis_custom_body_class":"","_genesis_custom_post_class":"","_genesis_layout":"","footnotes":""},"products_categories":[124],"project_categories":[],"product_quiz_categories":[],"testimonials_categories":[],"locations_categories":[],"class_list":{"0":"post-12042","1":"page","2":"type-page","3":"status-publish","5":"products_categories-lager-rampen","6":"entry"},"acf":[],"yoast_head":"<!-- This site is optimized with the Yoast SEO plugin v27.4 - https:\/\/yoast.com\/product\/yoast-seo-wordpress\/ -->\n<title>Entrep\u00f4ts &amp; rampes - CONICA AG<\/title>\n<meta name=\"robots\" content=\"index, follow, max-snippet:-1, max-image-preview:large, max-video-preview:-1\" \/>\n<link rel=\"canonical\" href=\"https:\/\/www.conica.com\/fr\/industrie\/nahrungsmittel-getraenke\/lager-rampen\/\" \/>\n<meta property=\"og:locale\" content=\"fr_FR\" \/>\n<meta property=\"og:type\" content=\"article\" \/>\n<meta property=\"og:title\" content=\"Entrep\u00f4ts &amp; rampes - CONICA AG\" \/>\n<meta property=\"og:url\" content=\"https:\/\/www.conica.com\/fr\/industrie\/nahrungsmittel-getraenke\/lager-rampen\/\" \/>\n<meta property=\"og:site_name\" content=\"CONICA AG\" \/>\n<meta property=\"article:modified_time\" content=\"2021-04-08T08:13:40+00:00\" \/>\n<meta name=\"twitter:card\" content=\"summary_large_image\" \/>\n<meta name=\"twitter:label1\" content=\"Dur\u00e9e de lecture estim\u00e9e\" \/>\n\t<meta name=\"twitter:data1\" content=\"1 minute\" \/>\n<script type=\"application\/ld+json\" class=\"yoast-schema-graph\">{\"@context\":\"https:\\\/\\\/schema.org\",\"@graph\":[{\"@type\":\"WebPage\",\"@id\":\"https:\\\/\\\/www.conica.com\\\/fr\\\/industrie\\\/nahrungsmittel-getraenke\\\/lager-rampen\\\/\",\"url\":\"https:\\\/\\\/www.conica.com\\\/fr\\\/industrie\\\/nahrungsmittel-getraenke\\\/lager-rampen\\\/\",\"name\":\"Entrep\u00f4ts & rampes - CONICA AG\",\"isPartOf\":{\"@id\":\"https:\\\/\\\/www.conica.com\\\/it\\\/#website\"},\"datePublished\":\"2020-09-28T11:13:34+00:00\",\"dateModified\":\"2021-04-08T08:13:40+00:00\",\"breadcrumb\":{\"@id\":\"https:\\\/\\\/www.conica.com\\\/fr\\\/industrie\\\/nahrungsmittel-getraenke\\\/lager-rampen\\\/#breadcrumb\"},\"inLanguage\":\"fr-FR\",\"potentialAction\":[{\"@type\":\"ReadAction\",\"target\":[\"https:\\\/\\\/www.conica.com\\\/fr\\\/industrie\\\/nahrungsmittel-getraenke\\\/lager-rampen\\\/\"]}]},{\"@type\":\"BreadcrumbList\",\"@id\":\"https:\\\/\\\/www.conica.com\\\/fr\\\/industrie\\\/nahrungsmittel-getraenke\\\/lager-rampen\\\/#breadcrumb\",\"itemListElement\":[{\"@type\":\"ListItem\",\"position\":1,\"name\":\"Home\",\"item\":\"https:\\\/\\\/www.conica.com\\\/fr\\\/\"},{\"@type\":\"ListItem\",\"position\":2,\"name\":\"Industrie\",\"item\":\"https:\\\/\\\/www.conica.com\\\/fr\\\/industrie\\\/\"},{\"@type\":\"ListItem\",\"position\":3,\"name\":\"Produits alimentaires &#038; boissons\",\"item\":\"https:\\\/\\\/www.conica.com\\\/fr\\\/industrie\\\/nahrungsmittel-getraenke\\\/\"},{\"@type\":\"ListItem\",\"position\":4,\"name\":\"Entrep\u00f4ts &#038; rampes\"}]},{\"@type\":\"WebSite\",\"@id\":\"https:\\\/\\\/www.conica.com\\\/it\\\/#website\",\"url\":\"https:\\\/\\\/www.conica.com\\\/it\\\/\",\"name\":\"CONICA AG\",\"description\":\"Sport-, Playground- und Functional Flooring Bel\u00e4ge\",\"publisher\":{\"@id\":\"https:\\\/\\\/www.conica.com\\\/it\\\/#organization\"},\"potentialAction\":[{\"@type\":\"SearchAction\",\"target\":{\"@type\":\"EntryPoint\",\"urlTemplate\":\"https:\\\/\\\/www.conica.com\\\/it\\\/?s={search_term_string}\"},\"query-input\":{\"@type\":\"PropertyValueSpecification\",\"valueRequired\":true,\"valueName\":\"search_term_string\"}}],\"inLanguage\":\"fr-FR\"},{\"@type\":\"Organization\",\"@id\":\"https:\\\/\\\/www.conica.com\\\/it\\\/#organization\",\"name\":\"CONICA AG\",\"url\":\"https:\\\/\\\/www.conica.com\\\/it\\\/\",\"logo\":{\"@type\":\"ImageObject\",\"inLanguage\":\"fr-FR\",\"@id\":\"https:\\\/\\\/www.conica.com\\\/it\\\/#\\\/schema\\\/logo\\\/image\\\/\",\"url\":\"https:\\\/\\\/www.conica.com\\\/wp-content\\\/uploads\\\/2020\\\/04\\\/logo_conica-01.svg\",\"contentUrl\":\"https:\\\/\\\/www.conica.com\\\/wp-content\\\/uploads\\\/2020\\\/04\\\/logo_conica-01.svg\",\"caption\":\"CONICA AG\"},\"image\":{\"@id\":\"https:\\\/\\\/www.conica.com\\\/it\\\/#\\\/schema\\\/logo\\\/image\\\/\"}}]}<\/script>\n<!-- \/ Yoast SEO plugin. -->","yoast_head_json":{"title":"Entrep\u00f4ts & rampes - CONICA AG","robots":{"index":"index","follow":"follow","max-snippet":"max-snippet:-1","max-image-preview":"max-image-preview:large","max-video-preview":"max-video-preview:-1"},"canonical":"https:\/\/www.conica.com\/fr\/industrie\/nahrungsmittel-getraenke\/lager-rampen\/","og_locale":"fr_FR","og_type":"article","og_title":"Entrep\u00f4ts & rampes - CONICA AG","og_url":"https:\/\/www.conica.com\/fr\/industrie\/nahrungsmittel-getraenke\/lager-rampen\/","og_site_name":"CONICA AG","article_modified_time":"2021-04-08T08:13:40+00:00","twitter_card":"summary_large_image","twitter_misc":{"Dur\u00e9e de lecture estim\u00e9e":"1 minute"},"schema":{"@context":"https:\/\/schema.org","@graph":[{"@type":"WebPage","@id":"https:\/\/www.conica.com\/fr\/industrie\/nahrungsmittel-getraenke\/lager-rampen\/","url":"https:\/\/www.conica.com\/fr\/industrie\/nahrungsmittel-getraenke\/lager-rampen\/","name":"Entrep\u00f4ts & rampes - CONICA AG","isPartOf":{"@id":"https:\/\/www.conica.com\/it\/#website"},"datePublished":"2020-09-28T11:13:34+00:00","dateModified":"2021-04-08T08:13:40+00:00","breadcrumb":{"@id":"https:\/\/www.conica.com\/fr\/industrie\/nahrungsmittel-getraenke\/lager-rampen\/#breadcrumb"},"inLanguage":"fr-FR","potentialAction":[{"@type":"ReadAction","target":["https:\/\/www.conica.com\/fr\/industrie\/nahrungsmittel-getraenke\/lager-rampen\/"]}]},{"@type":"BreadcrumbList","@id":"https:\/\/www.conica.com\/fr\/industrie\/nahrungsmittel-getraenke\/lager-rampen\/#breadcrumb","itemListElement":[{"@type":"ListItem","position":1,"name":"Home","item":"https:\/\/www.conica.com\/fr\/"},{"@type":"ListItem","position":2,"name":"Industrie","item":"https:\/\/www.conica.com\/fr\/industrie\/"},{"@type":"ListItem","position":3,"name":"Produits alimentaires &#038; boissons","item":"https:\/\/www.conica.com\/fr\/industrie\/nahrungsmittel-getraenke\/"},{"@type":"ListItem","position":4,"name":"Entrep\u00f4ts &#038; rampes"}]},{"@type":"WebSite","@id":"https:\/\/www.conica.com\/it\/#website","url":"https:\/\/www.conica.com\/it\/","name":"CONICA AG","description":"Sport-, Playground- und Functional Flooring Bel\u00e4ge","publisher":{"@id":"https:\/\/www.conica.com\/it\/#organization"},"potentialAction":[{"@type":"SearchAction","target":{"@type":"EntryPoint","urlTemplate":"https:\/\/www.conica.com\/it\/?s={search_term_string}"},"query-input":{"@type":"PropertyValueSpecification","valueRequired":true,"valueName":"search_term_string"}}],"inLanguage":"fr-FR"},{"@type":"Organization","@id":"https:\/\/www.conica.com\/it\/#organization","name":"CONICA AG","url":"https:\/\/www.conica.com\/it\/","logo":{"@type":"ImageObject","inLanguage":"fr-FR","@id":"https:\/\/www.conica.com\/it\/#\/schema\/logo\/image\/","url":"https:\/\/www.conica.com\/wp-content\/uploads\/2020\/04\/logo_conica-01.svg","contentUrl":"https:\/\/www.conica.com\/wp-content\/uploads\/2020\/04\/logo_conica-01.svg","caption":"CONICA AG"},"image":{"@id":"https:\/\/www.conica.com\/it\/#\/schema\/logo\/image\/"}}]}},"featured_image_src":null,"featured_image_src_square":null,"uagb_featured_image_src":{"full":false,"thumbnail":false,"medium":false,"medium_large":false,"large":false,"gs-tiny":false,"xl":false,"xxl":false,"xxxl":false,"xxxxl":false,"xxxxxl":false,"gts-thumbnail":false,"1536x1536":false,"2048x2048":false,"sidebar-featured":false,"genesis-singular-images":false,"ab-block-post-grid-landscape":false,"ab-block-post-grid-square":false,"gform-image-choice-sm":false,"gform-image-choice-md":false,"gform-image-choice-lg":false},"uagb_author_info":{"display_name":"cloudweb admin","author_link":"https:\/\/www.conica.com\/fr\/author\/cloudweb-admin\/"},"uagb_comment_info":0,"uagb_excerpt":null,"_links":{"self":[{"href":"https:\/\/www.conica.com\/fr\/wp-json\/wp\/v2\/pages\/12042","targetHints":{"allow":["GET"]}}],"collection":[{"href":"https:\/\/www.conica.com\/fr\/wp-json\/wp\/v2\/pages"}],"about":[{"href":"https:\/\/www.conica.com\/fr\/wp-json\/wp\/v2\/types\/page"}],"author":[{"embeddable":true,"href":"https:\/\/www.conica.com\/fr\/wp-json\/wp\/v2\/users\/8"}],"replies":[{"embeddable":true,"href":"https:\/\/www.conica.com\/fr\/wp-json\/wp\/v2\/comments?post=12042"}],"version-history":[{"count":0,"href":"https:\/\/www.conica.com\/fr\/wp-json\/wp\/v2\/pages\/12042\/revisions"}],"up":[{"embeddable":true,"href":"https:\/\/www.conica.com\/fr\/wp-json\/wp\/v2\/pages\/12040"}],"wp:attachment":[{"href":"https:\/\/www.conica.com\/fr\/wp-json\/wp\/v2\/media?parent=12042"}],"wp:term":[{"taxonomy":"products_categories","embeddable":true,"href":"https:\/\/www.conica.com\/fr\/wp-json\/wp\/v2\/products_categories?post=12042"},{"taxonomy":"project_categories","embeddable":true,"href":"https:\/\/www.conica.com\/fr\/wp-json\/wp\/v2\/project_categories?post=12042"},{"taxonomy":"product_quiz_categories","embeddable":true,"href":"https:\/\/www.conica.com\/fr\/wp-json\/wp\/v2\/product_quiz_categories?post=12042"},{"taxonomy":"testimonials_categories","embeddable":true,"href":"https:\/\/www.conica.com\/fr\/wp-json\/wp\/v2\/testimonials_categories?post=12042"},{"taxonomy":"locations_categories","embeddable":true,"href":"https:\/\/www.conica.com\/fr\/wp-json\/wp\/v2\/locations_categories?post=12042"}],"curies":[{"name":"wp","href":"https:\/\/api.w.org\/{rel}","templated":true}]}}