{"id":12073,"date":"2020-09-28T12:23:11","date_gmt":"2020-09-28T10:23:11","guid":{"rendered":"https:\/\/www.conica.com\/industrie\/gesundheitswesen\/therapieraeume-umkleideraeume\/"},"modified":"2021-04-08T10:25:34","modified_gmt":"2021-04-08T08:25:34","slug":"therapieraeume-umkleideraeume","status":"publish","type":"page","link":"https:\/\/www.conica.com\/fr\/industrie\/gesundheitswesen\/therapieraeume-umkleideraeume\/","title":{"rendered":"Salles de th\u00e9rapie &#038; vestiaires"},"content":{"rendered":"\n<div class=\"wp-block-atomic-blocks-ab-container ab-block-container alignfull\"><div class=\"ab-container-inside\"><div class=\"ab-container-content\">\n<div class=\"wp-block-atomic-blocks-ab-columns page-intro ab-layout-columns-2 ab-2-col-equal alignwide\"><div class=\"ab-layout-column-wrap ab-block-layout-column-gap-2 ab-is-responsive-column\">\n<div class=\"wp-block-atomic-blocks-ab-column ab-block-layout-column\"><div class=\"ab-block-layout-column-inner\">\n<h1 class=\"no-margin wp-block-heading\">Salles de th\u00e9rapie &amp; vestiaires<\/h1>\n<\/div><\/div>\n\n\n\n<div class=\"wp-block-atomic-blocks-ab-column ab-block-layout-column\"><div class=\"ab-block-layout-column-inner\">\n<p>Dans le secteur de la sant\u00e9, les exigences relatives aux rev\u00eatements de sol sont tout aussi vari\u00e9es que les domaines d&rsquo;application. D\u00e9j\u00e0 dans une clinique, ils vont de la r\u00e9ception \u00e0 la salle d&rsquo;op\u00e9ration. \u00c0 ceux-ci s&rsquo;ajoutent les \u00e9tablissements de r\u00e9\u00e9ducation, les cabinets m\u00e9dicaux et, naturellement, l&rsquo;infrastructure correspondante, c&rsquo;est-\u00e0-dire les cuisines, les pi\u00e8ces communes et de stockage, les escaliers, les salles d&rsquo;attente, etc., etc. Le sol doit \u00eatre non seulement robuste et durable, mais aussi avoir des propri\u00e9t\u00e9s antibact\u00e9riennes ou \u00eatre antistatique. En outre, le rev\u00eatement doit \u00eatre particuli\u00e8rement antid\u00e9rapant et pr\u00e9server les articulations des collaborateurs. Dans tous les espaces o\u00f9 nous s\u00e9journons pendant un long moment, la protection de la sant\u00e9 avec les certificats correspondants est importante. CONICA a con\u00e7u et fabriqu\u00e9 la gamme de rev\u00eatements HEALTHCARE sp\u00e9cifiquement pour ces exigences strictes.<\/p>\n<\/div><\/div>\n<\/div><\/div>\n\n\n\n<p><\/p>\n<\/div><\/div><\/div>\n\n\n<div class=\"product-list-container alignfull\">\n    <div class=\"product-list-content\">\n        <div class=\"grid-row\">\n\n            \n\n            \n\n\n                <div class=\"grid-item grid-number-1\">\n                    <a class=\"wrapping-link\" href=\"https:\/\/www.conica.com\/fr\/products\/conifloor-upd-2\/\"><\/a>\n                    <div class=\"grid-item-wrapper\">\n                        <div class=\"grid-item-container\">\n                            <div class=\"grid-image-top\">\n                                <span class=\"centered project-image-bg\"\n                                    style=\"background-image: url(https:\/\/www.conica.com\/wp-content\/uploads\/2020\/10\/therapie-umkleideraeume-3-1-1024x576.png)\"><\/span>\n\n                            <\/div>\n\n                            \n                            <div class=\"grid-item-content\">\n                                <div class=\"column\">\n                                    <span class=\"item-title\">CONIFLOOR UPD+<\/span>\n                                    <span class=\"item-excerpt\"><p>Enduit de finition antid\u00e9rapant<br \/>\nPour les sols ayant des exigences \u00e9lev\u00e9es en termes d&rsquo;effet antid\u00e9rapant<\/p>\n<\/span>\n\n                                <\/div>\n\n                                                                    <div class=\"item-small-container\">\n                                        <img decoding=\"async\" src=\"https:\/\/www.conica.com\/wp-content\/uploads\/2020\/06\/conifloor_upd-2.png\" \/>\n                                    <\/div>\n                                                            <\/div>\n                        <\/div>\n                    <\/div>\n                <\/div>\n\n                \n\n            \n        <\/div>\n    <\/div>\n<\/div>\n\n\n<p><\/p>\n","protected":false},"excerpt":{"rendered":"","protected":false},"author":8,"featured_media":0,"parent":12061,"menu_order":0,"comment_status":"closed","ping_status":"closed","template":"","meta":{"_acf_changed":false,"_uag_custom_page_level_css":"","_genesis_hide_title":false,"_genesis_hide_breadcrumbs":false,"_genesis_hide_singular_image":false,"_genesis_custom_body_class":"","_genesis_custom_post_class":"","_genesis_layout":"","footnotes":""},"products_categories":[116],"project_categories":[],"product_quiz_categories":[],"testimonials_categories":[],"locations_categories":[],"class_list":{"0":"post-12073","1":"page","2":"type-page","3":"status-publish","5":"products_categories-therapieraeume-umkleideraeume","6":"entry"},"acf":[],"yoast_head":"<!-- This site is optimized with the Yoast SEO plugin v27.4 - https:\/\/yoast.com\/product\/yoast-seo-wordpress\/ -->\n<title>Salles de th\u00e9rapie &amp; vestiaires - CONICA AG<\/title>\n<meta name=\"robots\" content=\"index, follow, max-snippet:-1, max-image-preview:large, max-video-preview:-1\" \/>\n<link rel=\"canonical\" href=\"https:\/\/www.conica.com\/fr\/industrie\/gesundheitswesen\/therapieraeume-umkleideraeume\/\" \/>\n<meta property=\"og:locale\" content=\"fr_FR\" \/>\n<meta property=\"og:type\" content=\"article\" \/>\n<meta property=\"og:title\" content=\"Salles de th\u00e9rapie &amp; vestiaires - CONICA AG\" \/>\n<meta property=\"og:url\" content=\"https:\/\/www.conica.com\/fr\/industrie\/gesundheitswesen\/therapieraeume-umkleideraeume\/\" \/>\n<meta property=\"og:site_name\" content=\"CONICA AG\" \/>\n<meta property=\"article:modified_time\" content=\"2021-04-08T08:25:34+00:00\" \/>\n<meta name=\"twitter:card\" content=\"summary_large_image\" \/>\n<meta name=\"twitter:label1\" content=\"Dur\u00e9e de lecture estim\u00e9e\" \/>\n\t<meta name=\"twitter:data1\" content=\"1 minute\" \/>\n<script type=\"application\/ld+json\" class=\"yoast-schema-graph\">{\"@context\":\"https:\\\/\\\/schema.org\",\"@graph\":[{\"@type\":\"WebPage\",\"@id\":\"https:\\\/\\\/www.conica.com\\\/fr\\\/industrie\\\/gesundheitswesen\\\/therapieraeume-umkleideraeume\\\/\",\"url\":\"https:\\\/\\\/www.conica.com\\\/fr\\\/industrie\\\/gesundheitswesen\\\/therapieraeume-umkleideraeume\\\/\",\"name\":\"Salles de th\u00e9rapie & vestiaires - CONICA AG\",\"isPartOf\":{\"@id\":\"https:\\\/\\\/www.conica.com\\\/it\\\/#website\"},\"datePublished\":\"2020-09-28T10:23:11+00:00\",\"dateModified\":\"2021-04-08T08:25:34+00:00\",\"breadcrumb\":{\"@id\":\"https:\\\/\\\/www.conica.com\\\/fr\\\/industrie\\\/gesundheitswesen\\\/therapieraeume-umkleideraeume\\\/#breadcrumb\"},\"inLanguage\":\"fr-FR\",\"potentialAction\":[{\"@type\":\"ReadAction\",\"target\":[\"https:\\\/\\\/www.conica.com\\\/fr\\\/industrie\\\/gesundheitswesen\\\/therapieraeume-umkleideraeume\\\/\"]}]},{\"@type\":\"BreadcrumbList\",\"@id\":\"https:\\\/\\\/www.conica.com\\\/fr\\\/industrie\\\/gesundheitswesen\\\/therapieraeume-umkleideraeume\\\/#breadcrumb\",\"itemListElement\":[{\"@type\":\"ListItem\",\"position\":1,\"name\":\"Home\",\"item\":\"https:\\\/\\\/www.conica.com\\\/fr\\\/\"},{\"@type\":\"ListItem\",\"position\":2,\"name\":\"Industrie\",\"item\":\"https:\\\/\\\/www.conica.com\\\/fr\\\/industrie\\\/\"},{\"@type\":\"ListItem\",\"position\":3,\"name\":\"Sant\u00e9\",\"item\":\"https:\\\/\\\/www.conica.com\\\/fr\\\/industrie\\\/gesundheitswesen\\\/\"},{\"@type\":\"ListItem\",\"position\":4,\"name\":\"Salles de th\u00e9rapie &#038; vestiaires\"}]},{\"@type\":\"WebSite\",\"@id\":\"https:\\\/\\\/www.conica.com\\\/it\\\/#website\",\"url\":\"https:\\\/\\\/www.conica.com\\\/it\\\/\",\"name\":\"CONICA AG\",\"description\":\"Sport-, Playground- und Functional Flooring Bel\u00e4ge\",\"publisher\":{\"@id\":\"https:\\\/\\\/www.conica.com\\\/it\\\/#organization\"},\"potentialAction\":[{\"@type\":\"SearchAction\",\"target\":{\"@type\":\"EntryPoint\",\"urlTemplate\":\"https:\\\/\\\/www.conica.com\\\/it\\\/?s={search_term_string}\"},\"query-input\":{\"@type\":\"PropertyValueSpecification\",\"valueRequired\":true,\"valueName\":\"search_term_string\"}}],\"inLanguage\":\"fr-FR\"},{\"@type\":\"Organization\",\"@id\":\"https:\\\/\\\/www.conica.com\\\/it\\\/#organization\",\"name\":\"CONICA AG\",\"url\":\"https:\\\/\\\/www.conica.com\\\/it\\\/\",\"logo\":{\"@type\":\"ImageObject\",\"inLanguage\":\"fr-FR\",\"@id\":\"https:\\\/\\\/www.conica.com\\\/it\\\/#\\\/schema\\\/logo\\\/image\\\/\",\"url\":\"https:\\\/\\\/www.conica.com\\\/wp-content\\\/uploads\\\/2020\\\/04\\\/logo_conica-01.svg\",\"contentUrl\":\"https:\\\/\\\/www.conica.com\\\/wp-content\\\/uploads\\\/2020\\\/04\\\/logo_conica-01.svg\",\"caption\":\"CONICA AG\"},\"image\":{\"@id\":\"https:\\\/\\\/www.conica.com\\\/it\\\/#\\\/schema\\\/logo\\\/image\\\/\"}}]}<\/script>\n<!-- \/ Yoast SEO plugin. -->","yoast_head_json":{"title":"Salles de th\u00e9rapie & vestiaires - CONICA AG","robots":{"index":"index","follow":"follow","max-snippet":"max-snippet:-1","max-image-preview":"max-image-preview:large","max-video-preview":"max-video-preview:-1"},"canonical":"https:\/\/www.conica.com\/fr\/industrie\/gesundheitswesen\/therapieraeume-umkleideraeume\/","og_locale":"fr_FR","og_type":"article","og_title":"Salles de th\u00e9rapie & vestiaires - CONICA AG","og_url":"https:\/\/www.conica.com\/fr\/industrie\/gesundheitswesen\/therapieraeume-umkleideraeume\/","og_site_name":"CONICA AG","article_modified_time":"2021-04-08T08:25:34+00:00","twitter_card":"summary_large_image","twitter_misc":{"Dur\u00e9e de lecture estim\u00e9e":"1 minute"},"schema":{"@context":"https:\/\/schema.org","@graph":[{"@type":"WebPage","@id":"https:\/\/www.conica.com\/fr\/industrie\/gesundheitswesen\/therapieraeume-umkleideraeume\/","url":"https:\/\/www.conica.com\/fr\/industrie\/gesundheitswesen\/therapieraeume-umkleideraeume\/","name":"Salles de th\u00e9rapie & vestiaires - CONICA AG","isPartOf":{"@id":"https:\/\/www.conica.com\/it\/#website"},"datePublished":"2020-09-28T10:23:11+00:00","dateModified":"2021-04-08T08:25:34+00:00","breadcrumb":{"@id":"https:\/\/www.conica.com\/fr\/industrie\/gesundheitswesen\/therapieraeume-umkleideraeume\/#breadcrumb"},"inLanguage":"fr-FR","potentialAction":[{"@type":"ReadAction","target":["https:\/\/www.conica.com\/fr\/industrie\/gesundheitswesen\/therapieraeume-umkleideraeume\/"]}]},{"@type":"BreadcrumbList","@id":"https:\/\/www.conica.com\/fr\/industrie\/gesundheitswesen\/therapieraeume-umkleideraeume\/#breadcrumb","itemListElement":[{"@type":"ListItem","position":1,"name":"Home","item":"https:\/\/www.conica.com\/fr\/"},{"@type":"ListItem","position":2,"name":"Industrie","item":"https:\/\/www.conica.com\/fr\/industrie\/"},{"@type":"ListItem","position":3,"name":"Sant\u00e9","item":"https:\/\/www.conica.com\/fr\/industrie\/gesundheitswesen\/"},{"@type":"ListItem","position":4,"name":"Salles de th\u00e9rapie &#038; vestiaires"}]},{"@type":"WebSite","@id":"https:\/\/www.conica.com\/it\/#website","url":"https:\/\/www.conica.com\/it\/","name":"CONICA AG","description":"Sport-, Playground- und Functional Flooring Bel\u00e4ge","publisher":{"@id":"https:\/\/www.conica.com\/it\/#organization"},"potentialAction":[{"@type":"SearchAction","target":{"@type":"EntryPoint","urlTemplate":"https:\/\/www.conica.com\/it\/?s={search_term_string}"},"query-input":{"@type":"PropertyValueSpecification","valueRequired":true,"valueName":"search_term_string"}}],"inLanguage":"fr-FR"},{"@type":"Organization","@id":"https:\/\/www.conica.com\/it\/#organization","name":"CONICA AG","url":"https:\/\/www.conica.com\/it\/","logo":{"@type":"ImageObject","inLanguage":"fr-FR","@id":"https:\/\/www.conica.com\/it\/#\/schema\/logo\/image\/","url":"https:\/\/www.conica.com\/wp-content\/uploads\/2020\/04\/logo_conica-01.svg","contentUrl":"https:\/\/www.conica.com\/wp-content\/uploads\/2020\/04\/logo_conica-01.svg","caption":"CONICA AG"},"image":{"@id":"https:\/\/www.conica.com\/it\/#\/schema\/logo\/image\/"}}]}},"featured_image_src":null,"featured_image_src_square":null,"uagb_featured_image_src":{"full":false,"thumbnail":false,"medium":false,"medium_large":false,"large":false,"gs-tiny":false,"xl":false,"xxl":false,"xxxl":false,"xxxxl":false,"xxxxxl":false,"gts-thumbnail":false,"1536x1536":false,"2048x2048":false,"sidebar-featured":false,"genesis-singular-images":false,"ab-block-post-grid-landscape":false,"ab-block-post-grid-square":false,"gform-image-choice-sm":false,"gform-image-choice-md":false,"gform-image-choice-lg":false},"uagb_author_info":{"display_name":"cloudweb admin","author_link":"https:\/\/www.conica.com\/fr\/author\/cloudweb-admin\/"},"uagb_comment_info":0,"uagb_excerpt":null,"_links":{"self":[{"href":"https:\/\/www.conica.com\/fr\/wp-json\/wp\/v2\/pages\/12073","targetHints":{"allow":["GET"]}}],"collection":[{"href":"https:\/\/www.conica.com\/fr\/wp-json\/wp\/v2\/pages"}],"about":[{"href":"https:\/\/www.conica.com\/fr\/wp-json\/wp\/v2\/types\/page"}],"author":[{"embeddable":true,"href":"https:\/\/www.conica.com\/fr\/wp-json\/wp\/v2\/users\/8"}],"replies":[{"embeddable":true,"href":"https:\/\/www.conica.com\/fr\/wp-json\/wp\/v2\/comments?post=12073"}],"version-history":[{"count":0,"href":"https:\/\/www.conica.com\/fr\/wp-json\/wp\/v2\/pages\/12073\/revisions"}],"up":[{"embeddable":true,"href":"https:\/\/www.conica.com\/fr\/wp-json\/wp\/v2\/pages\/12061"}],"wp:attachment":[{"href":"https:\/\/www.conica.com\/fr\/wp-json\/wp\/v2\/media?parent=12073"}],"wp:term":[{"taxonomy":"products_categories","embeddable":true,"href":"https:\/\/www.conica.com\/fr\/wp-json\/wp\/v2\/products_categories?post=12073"},{"taxonomy":"project_categories","embeddable":true,"href":"https:\/\/www.conica.com\/fr\/wp-json\/wp\/v2\/project_categories?post=12073"},{"taxonomy":"product_quiz_categories","embeddable":true,"href":"https:\/\/www.conica.com\/fr\/wp-json\/wp\/v2\/product_quiz_categories?post=12073"},{"taxonomy":"testimonials_categories","embeddable":true,"href":"https:\/\/www.conica.com\/fr\/wp-json\/wp\/v2\/testimonials_categories?post=12073"},{"taxonomy":"locations_categories","embeddable":true,"href":"https:\/\/www.conica.com\/fr\/wp-json\/wp\/v2\/locations_categories?post=12073"}],"curies":[{"name":"wp","href":"https:\/\/api.w.org\/{rel}","templated":true}]}}