{"id":12106,"date":"2020-05-22T09:54:54","date_gmt":"2020-05-22T07:54:54","guid":{"rendered":"https:\/\/www.conica.com\/conica-ag-2\/ueber-polyurethane\/"},"modified":"2021-04-08T10:38:54","modified_gmt":"2021-04-08T08:38:54","slug":"ueber-polyurethane","status":"publish","type":"page","link":"https:\/\/www.conica.com\/fr\/conica-ag-2\/ueber-polyurethane\/","title":{"rendered":"POLYUR\u00c9THANE"},"content":{"rendered":"\n<div class=\"wp-block-atomic-blocks-ab-container ab-block-container alignfull\"><div class=\"ab-container-inside\"><div class=\"ab-container-content\">\n<div class=\"wp-block-atomic-blocks-ab-columns page-intro ab-layout-columns-2 ab-2-col-equal alignwide\"><div class=\"ab-layout-column-wrap ab-block-layout-column-gap-2 ab-is-responsive-column\">\n<div class=\"wp-block-atomic-blocks-ab-column ab-block-layout-column\"><div class=\"ab-block-layout-column-inner\">\n<h1 class=\"no-margin wp-block-heading\">POLYUR\u00c9THANE<\/h1>\n<\/div><\/div>\n\n\n\n<div class=\"wp-block-atomic-blocks-ab-column ab-block-layout-column\"><div class=\"ab-block-layout-column-inner\">\n<p>Le polyur\u00e9thane, mat\u00e9riau tourn\u00e9 vers l&rsquo;avenir et poss\u00e9dant une tr\u00e8s grande palette d&rsquo;utilisations, nous accompagne d\u00e9j\u00e0 aujourd&rsquo;hui dans la vie de tous les jours. Il sert \u00e0 la fabrication de milliers de biens de consommation et industriels qui am\u00e9liorent notre vie, la rendent plus confortable et plus respectueuse de l&rsquo;environnement.<\/p>\n<\/div><\/div>\n<\/div><\/div>\n\n\n\n<div class=\"wp-block-atomic-blocks-ab-container ab-block-container\"><div class=\"ab-container-inside\"><div class=\"ab-container-content\">\n<figure class=\"wp-block-image alignfull size-large\"><img decoding=\"async\" width=\"1024\" height=\"384\" src=\"https:\/\/www.conica.com\/wp-content\/uploads\/2020\/06\/polyurethane.jpg\" alt=\"\" class=\"wp-image-1177\" srcset=\"https:\/\/www.conica.com\/wp-content\/uploads\/2020\/06\/polyurethane.jpg 1024w, https:\/\/www.conica.com\/wp-content\/uploads\/2020\/06\/polyurethane-300x113.jpg 300w, https:\/\/www.conica.com\/wp-content\/uploads\/2020\/06\/polyurethane-768x288.jpg 768w\" sizes=\"(max-width: 1024px) 100vw, 1024px\" \/><\/figure>\n\n\n\n<p><\/p>\n<\/div><\/div><\/div>\n<\/div><\/div><\/div>\n\n\n\n<div class=\"wp-block-atomic-blocks-ab-columns ab-layout-columns-1 one-column\"><div class=\"ab-layout-column-wrap ab-block-layout-column-gap-2 ab-is-responsive-column\">\n<div class=\"wp-block-atomic-blocks-ab-column ab-block-layout-column\"><div class=\"ab-block-layout-column-inner\">\n<p>Pour une utilisation destin\u00e9e aux rev\u00eatements sportifs, amortissants et pour les sols industriels, le polyur\u00e9thane offre \u00e9galement de nombreux avantages par rapport \u00e0 d&rsquo;autres mat\u00e9riaux de rev\u00eatement. Par exemple, une tr\u00e8s grande \u00e9lasticit\u00e9 et une fonction protectrice, une capacit\u00e9 de r\u00e9sistance m\u00e9canique et chimique optimale, une longue dur\u00e9e de vie ainsi qu&rsquo;une maintenance facilit\u00e9e gr\u00e2ce \u00e0 une application sans joints et sur toute la surface.<\/p>\n\n\n\n<p>Depuis sa fondation, CONICA mise sur les mati\u00e8res plastiques liquides et leurs avantages.<\/p>\n\n\n\n<p>La gamme de produits en polyur\u00e9thane de CONICA est la base des syst\u00e8mes de rev\u00eatements de sols CONICA de renomm\u00e9e mondiale.<\/p>\n\n\n\n<figure class=\"wp-block-image size-large\"><img decoding=\"async\" width=\"1024\" height=\"660\" src=\"https:\/\/www.conica.com\/wp-content\/uploads\/2020\/06\/Fabrik-Reactor-CONICA-1024x660.jpg\" alt=\"\" class=\"wp-image-1180\" srcset=\"https:\/\/www.conica.com\/wp-content\/uploads\/2020\/06\/Fabrik-Reactor-CONICA-1024x660.jpg 1024w, https:\/\/www.conica.com\/wp-content\/uploads\/2020\/06\/Fabrik-Reactor-CONICA-300x193.jpg 300w, https:\/\/www.conica.com\/wp-content\/uploads\/2020\/06\/Fabrik-Reactor-CONICA-768x495.jpg 768w, https:\/\/www.conica.com\/wp-content\/uploads\/2020\/06\/Fabrik-Reactor-CONICA.jpg 1270w\" sizes=\"(max-width: 1024px) 100vw, 1024px\" \/><\/figure>\n\n\n\n<p><\/p>\n<\/div><\/div>\n<\/div><\/div>\n","protected":false},"excerpt":{"rendered":"","protected":false},"author":8,"featured_media":0,"parent":12098,"menu_order":0,"comment_status":"closed","ping_status":"closed","template":"","meta":{"_acf_changed":false,"_uag_custom_page_level_css":"","_genesis_hide_title":false,"_genesis_hide_breadcrumbs":false,"_genesis_hide_singular_image":false,"_genesis_custom_body_class":"","_genesis_custom_post_class":"","_genesis_layout":"","footnotes":""},"products_categories":[],"project_categories":[],"product_quiz_categories":[],"testimonials_categories":[],"locations_categories":[],"class_list":{"0":"post-12106","1":"page","2":"type-page","3":"status-publish","5":"entry"},"acf":[],"yoast_head":"<!-- This site is optimized with the Yoast SEO plugin v27.4 - https:\/\/yoast.com\/product\/yoast-seo-wordpress\/ -->\n<title>POLYUR\u00c9THANE - CONICA AG<\/title>\n<meta name=\"robots\" content=\"index, follow, max-snippet:-1, max-image-preview:large, max-video-preview:-1\" \/>\n<link rel=\"canonical\" href=\"https:\/\/www.conica.com\/fr\/conica-ag-2\/ueber-polyurethane\/\" \/>\n<meta property=\"og:locale\" content=\"fr_FR\" \/>\n<meta property=\"og:type\" content=\"article\" \/>\n<meta property=\"og:title\" content=\"POLYUR\u00c9THANE - CONICA AG\" \/>\n<meta property=\"og:url\" content=\"https:\/\/www.conica.com\/fr\/conica-ag-2\/ueber-polyurethane\/\" \/>\n<meta property=\"og:site_name\" content=\"CONICA AG\" \/>\n<meta property=\"article:modified_time\" content=\"2021-04-08T08:38:54+00:00\" \/>\n<meta property=\"og:image\" content=\"https:\/\/www.conica.com\/wp-content\/uploads\/2020\/06\/polyurethane.jpg\" \/>\n<meta name=\"twitter:card\" content=\"summary_large_image\" \/>\n<meta name=\"twitter:label1\" content=\"Dur\u00e9e de lecture estim\u00e9e\" \/>\n\t<meta name=\"twitter:data1\" content=\"2 minutes\" \/>\n<script type=\"application\/ld+json\" class=\"yoast-schema-graph\">{\"@context\":\"https:\\\/\\\/schema.org\",\"@graph\":[{\"@type\":\"WebPage\",\"@id\":\"https:\\\/\\\/www.conica.com\\\/fr\\\/conica-ag-2\\\/ueber-polyurethane\\\/\",\"url\":\"https:\\\/\\\/www.conica.com\\\/fr\\\/conica-ag-2\\\/ueber-polyurethane\\\/\",\"name\":\"POLYUR\u00c9THANE - CONICA AG\",\"isPartOf\":{\"@id\":\"https:\\\/\\\/www.conica.com\\\/it\\\/#website\"},\"primaryImageOfPage\":{\"@id\":\"https:\\\/\\\/www.conica.com\\\/fr\\\/conica-ag-2\\\/ueber-polyurethane\\\/#primaryimage\"},\"image\":{\"@id\":\"https:\\\/\\\/www.conica.com\\\/fr\\\/conica-ag-2\\\/ueber-polyurethane\\\/#primaryimage\"},\"thumbnailUrl\":\"https:\\\/\\\/www.conica.com\\\/wp-content\\\/uploads\\\/2020\\\/06\\\/polyurethane.jpg\",\"datePublished\":\"2020-05-22T07:54:54+00:00\",\"dateModified\":\"2021-04-08T08:38:54+00:00\",\"breadcrumb\":{\"@id\":\"https:\\\/\\\/www.conica.com\\\/fr\\\/conica-ag-2\\\/ueber-polyurethane\\\/#breadcrumb\"},\"inLanguage\":\"fr-FR\",\"potentialAction\":[{\"@type\":\"ReadAction\",\"target\":[\"https:\\\/\\\/www.conica.com\\\/fr\\\/conica-ag-2\\\/ueber-polyurethane\\\/\"]}]},{\"@type\":\"ImageObject\",\"inLanguage\":\"fr-FR\",\"@id\":\"https:\\\/\\\/www.conica.com\\\/fr\\\/conica-ag-2\\\/ueber-polyurethane\\\/#primaryimage\",\"url\":\"https:\\\/\\\/www.conica.com\\\/wp-content\\\/uploads\\\/2020\\\/06\\\/polyurethane.jpg\",\"contentUrl\":\"https:\\\/\\\/www.conica.com\\\/wp-content\\\/uploads\\\/2020\\\/06\\\/polyurethane.jpg\"},{\"@type\":\"BreadcrumbList\",\"@id\":\"https:\\\/\\\/www.conica.com\\\/fr\\\/conica-ag-2\\\/ueber-polyurethane\\\/#breadcrumb\",\"itemListElement\":[{\"@type\":\"ListItem\",\"position\":1,\"name\":\"Home\",\"item\":\"https:\\\/\\\/www.conica.com\\\/fr\\\/\"},{\"@type\":\"ListItem\",\"position\":2,\"name\":\"CONICA AG\",\"item\":\"https:\\\/\\\/www.conica.com\\\/fr\\\/conica-ag-2\\\/\"},{\"@type\":\"ListItem\",\"position\":3,\"name\":\"POLYUR\u00c9THANE\"}]},{\"@type\":\"WebSite\",\"@id\":\"https:\\\/\\\/www.conica.com\\\/it\\\/#website\",\"url\":\"https:\\\/\\\/www.conica.com\\\/it\\\/\",\"name\":\"CONICA AG\",\"description\":\"Sport-, Playground- und Functional Flooring Bel\u00e4ge\",\"publisher\":{\"@id\":\"https:\\\/\\\/www.conica.com\\\/it\\\/#organization\"},\"potentialAction\":[{\"@type\":\"SearchAction\",\"target\":{\"@type\":\"EntryPoint\",\"urlTemplate\":\"https:\\\/\\\/www.conica.com\\\/it\\\/?s={search_term_string}\"},\"query-input\":{\"@type\":\"PropertyValueSpecification\",\"valueRequired\":true,\"valueName\":\"search_term_string\"}}],\"inLanguage\":\"fr-FR\"},{\"@type\":\"Organization\",\"@id\":\"https:\\\/\\\/www.conica.com\\\/it\\\/#organization\",\"name\":\"CONICA AG\",\"url\":\"https:\\\/\\\/www.conica.com\\\/it\\\/\",\"logo\":{\"@type\":\"ImageObject\",\"inLanguage\":\"fr-FR\",\"@id\":\"https:\\\/\\\/www.conica.com\\\/it\\\/#\\\/schema\\\/logo\\\/image\\\/\",\"url\":\"https:\\\/\\\/www.conica.com\\\/wp-content\\\/uploads\\\/2020\\\/04\\\/logo_conica-01.svg\",\"contentUrl\":\"https:\\\/\\\/www.conica.com\\\/wp-content\\\/uploads\\\/2020\\\/04\\\/logo_conica-01.svg\",\"caption\":\"CONICA AG\"},\"image\":{\"@id\":\"https:\\\/\\\/www.conica.com\\\/it\\\/#\\\/schema\\\/logo\\\/image\\\/\"}}]}<\/script>\n<!-- \/ Yoast SEO plugin. -->","yoast_head_json":{"title":"POLYUR\u00c9THANE - CONICA AG","robots":{"index":"index","follow":"follow","max-snippet":"max-snippet:-1","max-image-preview":"max-image-preview:large","max-video-preview":"max-video-preview:-1"},"canonical":"https:\/\/www.conica.com\/fr\/conica-ag-2\/ueber-polyurethane\/","og_locale":"fr_FR","og_type":"article","og_title":"POLYUR\u00c9THANE - CONICA AG","og_url":"https:\/\/www.conica.com\/fr\/conica-ag-2\/ueber-polyurethane\/","og_site_name":"CONICA AG","article_modified_time":"2021-04-08T08:38:54+00:00","og_image":[{"url":"https:\/\/www.conica.com\/wp-content\/uploads\/2020\/06\/polyurethane.jpg","type":"","width":"","height":""}],"twitter_card":"summary_large_image","twitter_misc":{"Dur\u00e9e de lecture estim\u00e9e":"2 minutes"},"schema":{"@context":"https:\/\/schema.org","@graph":[{"@type":"WebPage","@id":"https:\/\/www.conica.com\/fr\/conica-ag-2\/ueber-polyurethane\/","url":"https:\/\/www.conica.com\/fr\/conica-ag-2\/ueber-polyurethane\/","name":"POLYUR\u00c9THANE - CONICA AG","isPartOf":{"@id":"https:\/\/www.conica.com\/it\/#website"},"primaryImageOfPage":{"@id":"https:\/\/www.conica.com\/fr\/conica-ag-2\/ueber-polyurethane\/#primaryimage"},"image":{"@id":"https:\/\/www.conica.com\/fr\/conica-ag-2\/ueber-polyurethane\/#primaryimage"},"thumbnailUrl":"https:\/\/www.conica.com\/wp-content\/uploads\/2020\/06\/polyurethane.jpg","datePublished":"2020-05-22T07:54:54+00:00","dateModified":"2021-04-08T08:38:54+00:00","breadcrumb":{"@id":"https:\/\/www.conica.com\/fr\/conica-ag-2\/ueber-polyurethane\/#breadcrumb"},"inLanguage":"fr-FR","potentialAction":[{"@type":"ReadAction","target":["https:\/\/www.conica.com\/fr\/conica-ag-2\/ueber-polyurethane\/"]}]},{"@type":"ImageObject","inLanguage":"fr-FR","@id":"https:\/\/www.conica.com\/fr\/conica-ag-2\/ueber-polyurethane\/#primaryimage","url":"https:\/\/www.conica.com\/wp-content\/uploads\/2020\/06\/polyurethane.jpg","contentUrl":"https:\/\/www.conica.com\/wp-content\/uploads\/2020\/06\/polyurethane.jpg"},{"@type":"BreadcrumbList","@id":"https:\/\/www.conica.com\/fr\/conica-ag-2\/ueber-polyurethane\/#breadcrumb","itemListElement":[{"@type":"ListItem","position":1,"name":"Home","item":"https:\/\/www.conica.com\/fr\/"},{"@type":"ListItem","position":2,"name":"CONICA AG","item":"https:\/\/www.conica.com\/fr\/conica-ag-2\/"},{"@type":"ListItem","position":3,"name":"POLYUR\u00c9THANE"}]},{"@type":"WebSite","@id":"https:\/\/www.conica.com\/it\/#website","url":"https:\/\/www.conica.com\/it\/","name":"CONICA AG","description":"Sport-, Playground- und Functional Flooring Bel\u00e4ge","publisher":{"@id":"https:\/\/www.conica.com\/it\/#organization"},"potentialAction":[{"@type":"SearchAction","target":{"@type":"EntryPoint","urlTemplate":"https:\/\/www.conica.com\/it\/?s={search_term_string}"},"query-input":{"@type":"PropertyValueSpecification","valueRequired":true,"valueName":"search_term_string"}}],"inLanguage":"fr-FR"},{"@type":"Organization","@id":"https:\/\/www.conica.com\/it\/#organization","name":"CONICA AG","url":"https:\/\/www.conica.com\/it\/","logo":{"@type":"ImageObject","inLanguage":"fr-FR","@id":"https:\/\/www.conica.com\/it\/#\/schema\/logo\/image\/","url":"https:\/\/www.conica.com\/wp-content\/uploads\/2020\/04\/logo_conica-01.svg","contentUrl":"https:\/\/www.conica.com\/wp-content\/uploads\/2020\/04\/logo_conica-01.svg","caption":"CONICA AG"},"image":{"@id":"https:\/\/www.conica.com\/it\/#\/schema\/logo\/image\/"}}]}},"featured_image_src":null,"featured_image_src_square":null,"uagb_featured_image_src":{"full":false,"thumbnail":false,"medium":false,"medium_large":false,"large":false,"gs-tiny":false,"xl":false,"xxl":false,"xxxl":false,"xxxxl":false,"xxxxxl":false,"gts-thumbnail":false,"1536x1536":false,"2048x2048":false,"sidebar-featured":false,"genesis-singular-images":false,"ab-block-post-grid-landscape":false,"ab-block-post-grid-square":false,"gform-image-choice-sm":false,"gform-image-choice-md":false,"gform-image-choice-lg":false},"uagb_author_info":{"display_name":"cloudweb admin","author_link":"https:\/\/www.conica.com\/fr\/author\/cloudweb-admin\/"},"uagb_comment_info":0,"uagb_excerpt":null,"_links":{"self":[{"href":"https:\/\/www.conica.com\/fr\/wp-json\/wp\/v2\/pages\/12106","targetHints":{"allow":["GET"]}}],"collection":[{"href":"https:\/\/www.conica.com\/fr\/wp-json\/wp\/v2\/pages"}],"about":[{"href":"https:\/\/www.conica.com\/fr\/wp-json\/wp\/v2\/types\/page"}],"author":[{"embeddable":true,"href":"https:\/\/www.conica.com\/fr\/wp-json\/wp\/v2\/users\/8"}],"replies":[{"embeddable":true,"href":"https:\/\/www.conica.com\/fr\/wp-json\/wp\/v2\/comments?post=12106"}],"version-history":[{"count":0,"href":"https:\/\/www.conica.com\/fr\/wp-json\/wp\/v2\/pages\/12106\/revisions"}],"up":[{"embeddable":true,"href":"https:\/\/www.conica.com\/fr\/wp-json\/wp\/v2\/pages\/12098"}],"wp:attachment":[{"href":"https:\/\/www.conica.com\/fr\/wp-json\/wp\/v2\/media?parent=12106"}],"wp:term":[{"taxonomy":"products_categories","embeddable":true,"href":"https:\/\/www.conica.com\/fr\/wp-json\/wp\/v2\/products_categories?post=12106"},{"taxonomy":"project_categories","embeddable":true,"href":"https:\/\/www.conica.com\/fr\/wp-json\/wp\/v2\/project_categories?post=12106"},{"taxonomy":"product_quiz_categories","embeddable":true,"href":"https:\/\/www.conica.com\/fr\/wp-json\/wp\/v2\/product_quiz_categories?post=12106"},{"taxonomy":"testimonials_categories","embeddable":true,"href":"https:\/\/www.conica.com\/fr\/wp-json\/wp\/v2\/testimonials_categories?post=12106"},{"taxonomy":"locations_categories","embeddable":true,"href":"https:\/\/www.conica.com\/fr\/wp-json\/wp\/v2\/locations_categories?post=12106"}],"curies":[{"name":"wp","href":"https:\/\/api.w.org\/{rel}","templated":true}]}}