{"id":17653,"date":"2020-08-05T15:26:09","date_gmt":"2020-08-05T13:26:09","guid":{"rendered":"https:\/\/www.conica.com\/activity-track\/"},"modified":"2021-06-25T08:14:15","modified_gmt":"2021-06-25T06:14:15","slug":"activity-track","status":"publish","type":"page","link":"https:\/\/www.conica.com\/it\/sport\/rivestimenti-sportivi-esterni\/activity-track\/","title":{"rendered":"Activity Tracks"},"content":{"rendered":"\n<div class=\"wp-block-atomic-blocks-ab-container ab-block-container alignfull\"><div class=\"ab-container-inside\"><div class=\"ab-container-content\">\n<div class=\"wp-block-atomic-blocks-ab-columns page-intro ab-layout-columns-2 ab-2-col-equal alignwide\"><div class=\"ab-layout-column-wrap ab-block-layout-column-gap-2 ab-is-responsive-column\">\n<div class=\"wp-block-atomic-blocks-ab-column ab-block-layout-column\"><div class=\"ab-block-layout-column-inner\">\n<h1 class=\"no-margin wp-block-heading\">Activity Tracks<\/h1>\n<\/div><\/div>\n\n\n\n<div class=\"wp-block-atomic-blocks-ab-column ab-block-layout-column\"><div class=\"ab-block-layout-column-inner\">\n<p>La disciplina sportiva della corsa gode di una sempre maggiore popolarit\u00e0 in tutto il mondo, e questo trend \u00e8 costante. Tuttavia, soprattutto gli abitanti delle aree urbane cercano sempre pi\u00f9 spesso la possibilit\u00e0 di praticare il loro sport lontano dai marciapiedi asfaltati. CONICA offre comodi sistemi Activity Track che soddisfano questa esigenza e possono essere installati direttamente sull&#8217;asfalto o sul calcestruzzo esistente. Anche dove questo tipo di superficie di fondo non \u00e8 disponibile, CONICA offre un&#8217;alternativa perfetta sotto forma dello strato di base CONIPUR J che consente di installare in modo ottimale i percorsi vita CONICA, ad esempio nei complessi alberghieri, sui campi da golf, nei parchi o sulla spiaggia. Sono gi\u00e0 stati costruiti molti chilometri di percorsi vita come dimostrato dalle nostre referenze in tutto il mondo.<\/p>\n<\/div><\/div>\n<\/div><\/div>\n\n\n\n<p><\/p>\n<\/div><\/div><\/div>\n\n\n\n<div class=\"wp-block-group alignfull\"><div class=\"wp-block-group__inner-container is-layout-flow wp-block-group-is-layout-flow\">\n<div class=\"wp-block-columns is-layout-flex wp-container-core-columns-is-layout-9d6595d7 wp-block-columns-is-layout-flex\">\n<div class=\"wp-block-column is-layout-flow wp-block-column-is-layout-flow\" style=\"flex-basis:100%\">\n<div class=\"wp-block-group\"><div class=\"wp-block-group__inner-container is-layout-flow wp-block-group-is-layout-flow\"><div class=\"product-list-container alignfull\">\n    <div class=\"product-list-content\">\n        <div class=\"grid-row\">\n\n            \n\n            \n\n\n                <div class=\"grid-item grid-number-1\">\n                    <a class=\"wrapping-link\" href=\"https:\/\/www.conica.com\/it\/products\/conipur-jip-comfort\/\"><\/a>\n                    <div class=\"grid-item-wrapper\">\n                        <div class=\"grid-item-container\">\n                            <div class=\"grid-image-top\">\n                                <span class=\"centered project-image-bg\"\n                                    style=\"background-image: url(https:\/\/www.conica.com\/wp-content\/uploads\/2020\/08\/Activity-Track-2-1024x661.png)\"><\/span>\n\n                            <\/div>\n\n                            \n                            <div class=\"grid-item-content\">\n                                <div class=\"column\">\n                                    <span class=\"item-title\">CONIPUR JIP COMFORT+<\/span>\n                                    <span class=\"item-excerpt\"><p>Sistema di rivestimento impermeabile conforme alle direttive World Athletics. L\u2019ideale per molteplici usi, dalla passeggiata alla maratona<\/p>\n<\/span>\n\n                                <\/div>\n\n                                                                    <div class=\"item-small-container\">\n                                        <img decoding=\"async\" src=\"https:\/\/www.conica.com\/wp-content\/uploads\/2020\/08\/conipur_jip_comfort.png\" \/>\n                                    <\/div>\n                                                            <\/div>\n                        <\/div>\n                    <\/div>\n                <\/div>\n\n                \n\n\n                <div class=\"grid-item grid-number-2\">\n                    <a class=\"wrapping-link\" href=\"https:\/\/www.conica.com\/it\/products\/conipur-jip-soft\/\"><\/a>\n                    <div class=\"grid-item-wrapper\">\n                        <div class=\"grid-item-container\">\n                            <div class=\"grid-image-top\">\n                                <span class=\"centered project-image-bg\"\n                                    style=\"background-image: url(https:\/\/www.conica.com\/wp-content\/uploads\/2020\/10\/activity-tracks-conica-2-1024x683.png)\"><\/span>\n\n                            <\/div>\n\n                            \n                            <div class=\"grid-item-content\">\n                                <div class=\"column\">\n                                    <span class=\"item-title\">CONIPUR JIP SOFT<\/span>\n                                    <span class=\"item-excerpt\"><p>Sistema di rivestimento impermeabile, l\u2019ideale per piste da jogging e sentieri da nordic walking<\/p>\n<\/span>\n\n                                <\/div>\n\n                                                                    <div class=\"item-small-container\">\n                                        <img decoding=\"async\" src=\"https:\/\/www.conica.com\/wp-content\/uploads\/2020\/08\/conipur_jip_soft.png\" \/>\n                                    <\/div>\n                                                            <\/div>\n                        <\/div>\n                    <\/div>\n                <\/div>\n\n                \n\n\n                <div class=\"grid-item grid-number-3\">\n                    <a class=\"wrapping-link\" href=\"https:\/\/www.conica.com\/it\/products\/conipur-jp-eco\/\"><\/a>\n                    <div class=\"grid-item-wrapper\">\n                        <div class=\"grid-item-container\">\n                            <div class=\"grid-image-top\">\n                                <span class=\"centered project-image-bg\"\n                                    style=\"background-image: url(https:\/\/www.conica.com\/wp-content\/uploads\/2020\/08\/image00028-1-1024x593.jpeg)\"><\/span>\n\n                            <\/div>\n\n                            \n                            <div class=\"grid-item-content\">\n                                <div class=\"column\">\n                                    <span class=\"item-title\">CONIPUR JP ECO<\/span>\n                                    <span class=\"item-excerpt\"><p>Sistema di rivestimento a spruzzo permeabile, l\u2019ideale per sentieri e percorsi di campi da golf, impianti alberghieri e wellness<\/p>\n<\/span>\n\n                                <\/div>\n\n                                                                    <div class=\"item-small-container\">\n                                        <img decoding=\"async\" src=\"https:\/\/www.conica.com\/wp-content\/uploads\/2020\/08\/conipur_jp_eco.png\" \/>\n                                    <\/div>\n                                                            <\/div>\n                        <\/div>\n                    <\/div>\n                <\/div>\n\n                \n\n\n                <div class=\"grid-item grid-number-4\">\n                    <a class=\"wrapping-link\" href=\"https:\/\/www.conica.com\/it\/products\/conipur-vmax-jogging\/\"><\/a>\n                    <div class=\"grid-item-wrapper\">\n                        <div class=\"grid-item-container\">\n                            <div class=\"grid-image-top\">\n                                <span class=\"centered project-image-bg\"\n                                    style=\"background-image: url(https:\/\/www.conica.com\/wp-content\/uploads\/2021\/04\/jogging-1.jpg)\"><\/span>\n\n                            <\/div>\n\n                            \n                            <div class=\"grid-item-content\">\n                                <div class=\"column\">\n                                    <span class=\"item-title\">CONIPUR Vmax Jogging<\/span>\n                                    <span class=\"item-excerpt\"><p>Sistema di rivestimento impermeabile conforme alle direttive World Athletics. L\u2019ideale per molteplici usi, dalla passeggiata alla maratona<\/p>\n<\/span>\n\n                                <\/div>\n\n                                                                    <div class=\"item-small-container\">\n                                        <img decoding=\"async\" src=\"https:\/\/www.conica.com\/wp-content\/uploads\/2020\/08\/conipur_jip_comfort.png\" \/>\n                                    <\/div>\n                                                            <\/div>\n                        <\/div>\n                    <\/div>\n                <\/div>\n\n                \n\n            \n        <\/div>\n    <\/div>\n<\/div><\/div><\/div>\n<\/div>\n<\/div>\n<\/div><\/div>\n\n\n\n<figure class=\"wp-block-embed alignwide is-type-video is-provider-youtube wp-block-embed-youtube wp-embed-aspect-16-9 wp-has-aspect-ratio\"><div class=\"wp-block-embed__wrapper\">\n<iframe title=\"CONICA&#039;s Jogging Tracks in Dubai\" width=\"500\" height=\"281\" src=\"https:\/\/www.youtube.com\/embed\/tPbP5BModX4?feature=oembed\" frameborder=\"0\" allow=\"accelerometer; autoplay; clipboard-write; encrypted-media; gyroscope; picture-in-picture; web-share\" referrerpolicy=\"strict-origin-when-cross-origin\" allowfullscreen><\/iframe>\n<\/div><\/figure>\n\n\n\n<div class=\"wp-block-atomic-blocks-ab-container alignfull ab-block-container\"><div class=\"ab-container-inside\"><div class=\"ab-container-content\">\n<h2 class=\"has-text-align-center wp-block-heading\">I nostri progetti<\/h2>\n\n\n\n    <div class=\"wp-block-atomic-blocks-ab-columns ab-layout-columns-1 one-column alignwide\">\n        <div class=\"ab-layout-column-wrap ab-block-layout-column-gap-2 ab-is-responsive-column\">\n            <div class=\"wp-block-atomic-blocks-ab-column ab-block-layout-column\">\n                <div class=\"ab-block-layout-column-inner\">\n                    <div class=\"category-list\">\n                        <!-- Damit f\u00fcr Porduktseiten und Seiten ohne Produktkategorien nur diese Kategorie Auswahl angezeigt wird -->\n                                                <a class=\"active\"><span class=\"category-filter active\" data-filter=\".all\">All<\/span><\/a>\n                                                    <a><span class=\"category-filter\" data-filter=\".conipur-jip-soft-it\">Conipur JIP SOFT<\/span><\/a>\n                                                    <a><span class=\"category-filter\" data-filter=\".conipur-jip-comfort-it\">Conipur JIP COMFORT+<\/span><\/a>\n                                            <\/div>\n                <\/div>\n            <\/div>\n        <\/div>\n    <\/div>\n\n    <div class=\"project-list-container alignfull\">\n        <div class=\"project-list-content\">\n            <div class=\"grid-row\" id=\"project-list-filter\">\n                                <div class=\"grid-item all sport-it sportbelaege-aussenbereich-it conipur-jip-soft-it activity-track-it  filter-item grid-number-1 \" data-cat=\"all sport-it sportbelaege-aussenbereich-it conipur-jip-soft-it activity-track-it \">\n                    <a href=\"https:\/\/www.conica.com\/wp-content\/uploads\/2020\/07\/Ungarn_Budapest_Jogging-Track_3.jpg\" target=\"_self\" class=\"wrapping-link thickbox\"><\/a>\n                    <div class=\"grid-item-wrapper\">\n                        <div class=\"grid-item-container\">\n                            <div class=\"grid-image-top\">\n                                <span class=\"centered project-image-bg\" style=\"background-image: url(https:\/\/www.conica.com\/wp-content\/uploads\/2020\/07\/Ungarn_Budapest_Jogging-Track_3.jpg)\"><\/span>\n                            <\/div>\n                                                        <div class=\"country-flag\">\n                                <span class=\"hungary_hu\">\n                                    <img decoding=\"async\" src=\"https:\/\/www.conica.com\/wp-content\/themes\/conica\/images\/flags\/4x3\/hu.svg\" alt=\"Hungary\" title=\"Hungary\" \/>\n                                <\/span>\n                            <\/div>\n                                                        <div class=\"grid-item-content\">\n                                <span class=\"item-title\">UNGARN, BUDAPEST, JOGGING-TRACK<\/span>\n                                <span class=\"item-excerpt\">System: CONIPUR JIP soft Bereich: Activity Track<\/span>\n                            <\/div>\n                        <\/div>\n                    <\/div>\n                <\/div>\n                            <div class=\"grid-item all sport-it sportbelaege-aussenbereich-it conipur-jip-comfort-it activity-track-it  filter-item grid-number-2 \" data-cat=\"all sport-it sportbelaege-aussenbereich-it conipur-jip-comfort-it activity-track-it \">\n                    <a href=\"https:\/\/www.conica.com\/wp-content\/uploads\/2020\/07\/VAE_Dubai_Business-Bay-Jogging-Track.jpg\" target=\"_self\" class=\"wrapping-link thickbox\"><\/a>\n                    <div class=\"grid-item-wrapper\">\n                        <div class=\"grid-item-container\">\n                            <div class=\"grid-image-top\">\n                                <span class=\"centered project-image-bg\" style=\"background-image: url(https:\/\/www.conica.com\/wp-content\/uploads\/2020\/07\/VAE_Dubai_Business-Bay-Jogging-Track.jpg)\"><\/span>\n                            <\/div>\n                                                        <div class=\"country-flag\">\n                                <span class=\"unitedarabemirates_ae\">\n                                    <img decoding=\"async\" src=\"https:\/\/www.conica.com\/wp-content\/themes\/conica\/images\/flags\/4x3\/ae.svg\" alt=\"United Arab Emirates\" title=\"United Arab Emirates\" \/>\n                                <\/span>\n                            <\/div>\n                                                        <div class=\"grid-item-content\">\n                                <span class=\"item-title\">UAE, DUBAI, BUSINESS BAY JOGGING TRACK<\/span>\n                                <span class=\"item-excerpt\">System: CONIPUR JIP comfort+ Bereich: Activity Track<\/span>\n                            <\/div>\n                        <\/div>\n                    <\/div>\n                <\/div>\n                            <div class=\"grid-item all sport-it sportbelaege-aussenbereich-it conipur-jip-comfort-it activity-track-it  filter-item grid-number-3 \" data-cat=\"all sport-it sportbelaege-aussenbereich-it conipur-jip-comfort-it activity-track-it \">\n                    <a href=\"https:\/\/www.conica.com\/wp-content\/uploads\/2020\/07\/VAE_Sharjah-Kalba-City_Jogging-Track-in-AL-Saf-Park.jpg\" target=\"_self\" class=\"wrapping-link thickbox\"><\/a>\n                    <div class=\"grid-item-wrapper\">\n                        <div class=\"grid-item-container\">\n                            <div class=\"grid-image-top\">\n                                <span class=\"centered project-image-bg\" style=\"background-image: url(https:\/\/www.conica.com\/wp-content\/uploads\/2020\/07\/VAE_Sharjah-Kalba-City_Jogging-Track-in-AL-Saf-Park.jpg)\"><\/span>\n                            <\/div>\n                                                        <div class=\"country-flag\">\n                                <span class=\"unitedarabemirates_ae\">\n                                    <img decoding=\"async\" src=\"https:\/\/www.conica.com\/wp-content\/themes\/conica\/images\/flags\/4x3\/ae.svg\" alt=\"United Arab Emirates\" title=\"United Arab Emirates\" \/>\n                                <\/span>\n                            <\/div>\n                                                        <div class=\"grid-item-content\">\n                                <span class=\"item-title\">UAE, SHARJAH, KALBA CITY, JOGGING TRACK IN AL SAF PARK<\/span>\n                                <span class=\"item-excerpt\">System: CONIPUR JIP comfort+ Bereich: Activity Track<\/span>\n                            <\/div>\n                        <\/div>\n                    <\/div>\n                <\/div>\n                            <div class=\"grid-item\">\n                    <div class=\"grid-item-wrapper\">\n                        <div class=\"grid-item-container more-box\">\n                            <div class=\"more-box-content\">\n                                                                <span class=\"item-title\">\n                                    Scopri di pi\u00f9                                <\/span>\n                                                                                                <span class=\"item-excerpt\">\n                                    Desideri maggiori informazioni sui nostri prodotti? Contattaci.                                <\/span>\n                                                                                                <a href=\"https:\/\/conica.com\/conica-ag\/contact-us\/\" class=\"button\">\n                                    Invia richiesta                                <\/a>\n                                                            <\/div>\n                        <\/div>\n                    <\/div>\n                <\/div>\n            <\/div>\n        <\/div>\n    <\/div>\n    <div class=\"clear\"><\/div>\n\n    <\/div><\/div><\/div>\n\n\n\n<p><\/p>\n","protected":false},"excerpt":{"rendered":"","protected":false},"author":9,"featured_media":0,"parent":17662,"menu_order":0,"comment_status":"closed","ping_status":"closed","template":"","meta":{"_acf_changed":false,"_uag_custom_page_level_css":"","_genesis_hide_title":false,"_genesis_hide_breadcrumbs":false,"_genesis_hide_singular_image":false,"_genesis_custom_body_class":"","_genesis_custom_post_class":"","_genesis_layout":"","footnotes":""},"products_categories":[97],"project_categories":[],"product_quiz_categories":[],"testimonials_categories":[],"locations_categories":[],"class_list":{"0":"post-17653","1":"page","2":"type-page","3":"status-publish","5":"products_categories-activity-tracks","6":"entry"},"acf":[],"yoast_head":"<!-- This site is optimized with the Yoast SEO plugin v27.4 - https:\/\/yoast.com\/product\/yoast-seo-wordpress\/ -->\n<title>Activity Tracks - CONICA AG<\/title>\n<meta name=\"robots\" content=\"index, follow, max-snippet:-1, max-image-preview:large, max-video-preview:-1\" \/>\n<link rel=\"canonical\" href=\"https:\/\/www.conica.com\/it\/sport\/rivestimenti-sportivi-esterni\/activity-track\/\" \/>\n<meta property=\"og:locale\" content=\"it_IT\" \/>\n<meta property=\"og:type\" content=\"article\" \/>\n<meta property=\"og:title\" content=\"Activity Tracks - CONICA AG\" \/>\n<meta property=\"og:url\" content=\"https:\/\/www.conica.com\/it\/sport\/rivestimenti-sportivi-esterni\/activity-track\/\" \/>\n<meta property=\"og:site_name\" content=\"CONICA AG\" \/>\n<meta property=\"article:modified_time\" content=\"2021-06-25T06:14:15+00:00\" \/>\n<meta name=\"twitter:card\" content=\"summary_large_image\" \/>\n<meta name=\"twitter:label1\" content=\"Tempo di lettura stimato\" \/>\n\t<meta name=\"twitter:data1\" content=\"1 minuto\" \/>\n<script type=\"application\/ld+json\" class=\"yoast-schema-graph\">{\"@context\":\"https:\\\/\\\/schema.org\",\"@graph\":[{\"@type\":\"WebPage\",\"@id\":\"https:\\\/\\\/www.conica.com\\\/it\\\/sport\\\/rivestimenti-sportivi-esterni\\\/activity-track\\\/\",\"url\":\"https:\\\/\\\/www.conica.com\\\/it\\\/sport\\\/rivestimenti-sportivi-esterni\\\/activity-track\\\/\",\"name\":\"Activity Tracks - CONICA AG\",\"isPartOf\":{\"@id\":\"https:\\\/\\\/www.conica.com\\\/it\\\/#website\"},\"datePublished\":\"2020-08-05T13:26:09+00:00\",\"dateModified\":\"2021-06-25T06:14:15+00:00\",\"breadcrumb\":{\"@id\":\"https:\\\/\\\/www.conica.com\\\/it\\\/sport\\\/rivestimenti-sportivi-esterni\\\/activity-track\\\/#breadcrumb\"},\"inLanguage\":\"it-IT\",\"potentialAction\":[{\"@type\":\"ReadAction\",\"target\":[\"https:\\\/\\\/www.conica.com\\\/it\\\/sport\\\/rivestimenti-sportivi-esterni\\\/activity-track\\\/\"]}]},{\"@type\":\"BreadcrumbList\",\"@id\":\"https:\\\/\\\/www.conica.com\\\/it\\\/sport\\\/rivestimenti-sportivi-esterni\\\/activity-track\\\/#breadcrumb\",\"itemListElement\":[{\"@type\":\"ListItem\",\"position\":1,\"name\":\"Home\",\"item\":\"https:\\\/\\\/www.conica.com\\\/it\\\/\"},{\"@type\":\"ListItem\",\"position\":2,\"name\":\"Sport\",\"item\":\"https:\\\/\\\/www.conica.com\\\/it\\\/sport\\\/\"},{\"@type\":\"ListItem\",\"position\":3,\"name\":\"Rivestimenti sportivi esterni\",\"item\":\"https:\\\/\\\/www.conica.com\\\/it\\\/sport\\\/rivestimenti-sportivi-esterni\\\/\"},{\"@type\":\"ListItem\",\"position\":4,\"name\":\"Activity Tracks\"}]},{\"@type\":\"WebSite\",\"@id\":\"https:\\\/\\\/www.conica.com\\\/it\\\/#website\",\"url\":\"https:\\\/\\\/www.conica.com\\\/it\\\/\",\"name\":\"CONICA AG\",\"description\":\"Sport-, Playground- und Functional Flooring Bel\u00e4ge\",\"publisher\":{\"@id\":\"https:\\\/\\\/www.conica.com\\\/it\\\/#organization\"},\"potentialAction\":[{\"@type\":\"SearchAction\",\"target\":{\"@type\":\"EntryPoint\",\"urlTemplate\":\"https:\\\/\\\/www.conica.com\\\/it\\\/?s={search_term_string}\"},\"query-input\":{\"@type\":\"PropertyValueSpecification\",\"valueRequired\":true,\"valueName\":\"search_term_string\"}}],\"inLanguage\":\"it-IT\"},{\"@type\":\"Organization\",\"@id\":\"https:\\\/\\\/www.conica.com\\\/it\\\/#organization\",\"name\":\"CONICA AG\",\"url\":\"https:\\\/\\\/www.conica.com\\\/it\\\/\",\"logo\":{\"@type\":\"ImageObject\",\"inLanguage\":\"it-IT\",\"@id\":\"https:\\\/\\\/www.conica.com\\\/it\\\/#\\\/schema\\\/logo\\\/image\\\/\",\"url\":\"https:\\\/\\\/www.conica.com\\\/wp-content\\\/uploads\\\/2020\\\/04\\\/logo_conica-01.svg\",\"contentUrl\":\"https:\\\/\\\/www.conica.com\\\/wp-content\\\/uploads\\\/2020\\\/04\\\/logo_conica-01.svg\",\"caption\":\"CONICA AG\"},\"image\":{\"@id\":\"https:\\\/\\\/www.conica.com\\\/it\\\/#\\\/schema\\\/logo\\\/image\\\/\"}}]}<\/script>\n<!-- \/ Yoast SEO plugin. -->","yoast_head_json":{"title":"Activity Tracks - CONICA AG","robots":{"index":"index","follow":"follow","max-snippet":"max-snippet:-1","max-image-preview":"max-image-preview:large","max-video-preview":"max-video-preview:-1"},"canonical":"https:\/\/www.conica.com\/it\/sport\/rivestimenti-sportivi-esterni\/activity-track\/","og_locale":"it_IT","og_type":"article","og_title":"Activity Tracks - CONICA AG","og_url":"https:\/\/www.conica.com\/it\/sport\/rivestimenti-sportivi-esterni\/activity-track\/","og_site_name":"CONICA AG","article_modified_time":"2021-06-25T06:14:15+00:00","twitter_card":"summary_large_image","twitter_misc":{"Tempo di lettura stimato":"1 minuto"},"schema":{"@context":"https:\/\/schema.org","@graph":[{"@type":"WebPage","@id":"https:\/\/www.conica.com\/it\/sport\/rivestimenti-sportivi-esterni\/activity-track\/","url":"https:\/\/www.conica.com\/it\/sport\/rivestimenti-sportivi-esterni\/activity-track\/","name":"Activity Tracks - CONICA AG","isPartOf":{"@id":"https:\/\/www.conica.com\/it\/#website"},"datePublished":"2020-08-05T13:26:09+00:00","dateModified":"2021-06-25T06:14:15+00:00","breadcrumb":{"@id":"https:\/\/www.conica.com\/it\/sport\/rivestimenti-sportivi-esterni\/activity-track\/#breadcrumb"},"inLanguage":"it-IT","potentialAction":[{"@type":"ReadAction","target":["https:\/\/www.conica.com\/it\/sport\/rivestimenti-sportivi-esterni\/activity-track\/"]}]},{"@type":"BreadcrumbList","@id":"https:\/\/www.conica.com\/it\/sport\/rivestimenti-sportivi-esterni\/activity-track\/#breadcrumb","itemListElement":[{"@type":"ListItem","position":1,"name":"Home","item":"https:\/\/www.conica.com\/it\/"},{"@type":"ListItem","position":2,"name":"Sport","item":"https:\/\/www.conica.com\/it\/sport\/"},{"@type":"ListItem","position":3,"name":"Rivestimenti sportivi esterni","item":"https:\/\/www.conica.com\/it\/sport\/rivestimenti-sportivi-esterni\/"},{"@type":"ListItem","position":4,"name":"Activity Tracks"}]},{"@type":"WebSite","@id":"https:\/\/www.conica.com\/it\/#website","url":"https:\/\/www.conica.com\/it\/","name":"CONICA AG","description":"Sport-, Playground- und Functional Flooring Bel\u00e4ge","publisher":{"@id":"https:\/\/www.conica.com\/it\/#organization"},"potentialAction":[{"@type":"SearchAction","target":{"@type":"EntryPoint","urlTemplate":"https:\/\/www.conica.com\/it\/?s={search_term_string}"},"query-input":{"@type":"PropertyValueSpecification","valueRequired":true,"valueName":"search_term_string"}}],"inLanguage":"it-IT"},{"@type":"Organization","@id":"https:\/\/www.conica.com\/it\/#organization","name":"CONICA AG","url":"https:\/\/www.conica.com\/it\/","logo":{"@type":"ImageObject","inLanguage":"it-IT","@id":"https:\/\/www.conica.com\/it\/#\/schema\/logo\/image\/","url":"https:\/\/www.conica.com\/wp-content\/uploads\/2020\/04\/logo_conica-01.svg","contentUrl":"https:\/\/www.conica.com\/wp-content\/uploads\/2020\/04\/logo_conica-01.svg","caption":"CONICA AG"},"image":{"@id":"https:\/\/www.conica.com\/it\/#\/schema\/logo\/image\/"}}]}},"featured_image_src":null,"featured_image_src_square":null,"uagb_featured_image_src":{"full":false,"thumbnail":false,"medium":false,"medium_large":false,"large":false,"gs-tiny":false,"xl":false,"xxl":false,"xxxl":false,"xxxxl":false,"xxxxxl":false,"gts-thumbnail":false,"1536x1536":false,"2048x2048":false,"sidebar-featured":false,"genesis-singular-images":false,"ab-block-post-grid-landscape":false,"ab-block-post-grid-square":false,"gform-image-choice-sm":false,"gform-image-choice-md":false,"gform-image-choice-lg":false},"uagb_author_info":{"display_name":"super user","author_link":"https:\/\/www.conica.com\/it\/author\/newsuperuser\/"},"uagb_comment_info":0,"uagb_excerpt":null,"_links":{"self":[{"href":"https:\/\/www.conica.com\/it\/wp-json\/wp\/v2\/pages\/17653","targetHints":{"allow":["GET"]}}],"collection":[{"href":"https:\/\/www.conica.com\/it\/wp-json\/wp\/v2\/pages"}],"about":[{"href":"https:\/\/www.conica.com\/it\/wp-json\/wp\/v2\/types\/page"}],"author":[{"embeddable":true,"href":"https:\/\/www.conica.com\/it\/wp-json\/wp\/v2\/users\/9"}],"replies":[{"embeddable":true,"href":"https:\/\/www.conica.com\/it\/wp-json\/wp\/v2\/comments?post=17653"}],"version-history":[{"count":0,"href":"https:\/\/www.conica.com\/it\/wp-json\/wp\/v2\/pages\/17653\/revisions"}],"up":[{"embeddable":true,"href":"https:\/\/www.conica.com\/it\/wp-json\/wp\/v2\/pages\/17662"}],"wp:attachment":[{"href":"https:\/\/www.conica.com\/it\/wp-json\/wp\/v2\/media?parent=17653"}],"wp:term":[{"taxonomy":"products_categories","embeddable":true,"href":"https:\/\/www.conica.com\/it\/wp-json\/wp\/v2\/products_categories?post=17653"},{"taxonomy":"project_categories","embeddable":true,"href":"https:\/\/www.conica.com\/it\/wp-json\/wp\/v2\/project_categories?post=17653"},{"taxonomy":"product_quiz_categories","embeddable":true,"href":"https:\/\/www.conica.com\/it\/wp-json\/wp\/v2\/product_quiz_categories?post=17653"},{"taxonomy":"testimonials_categories","embeddable":true,"href":"https:\/\/www.conica.com\/it\/wp-json\/wp\/v2\/testimonials_categories?post=17653"},{"taxonomy":"locations_categories","embeddable":true,"href":"https:\/\/www.conica.com\/it\/wp-json\/wp\/v2\/locations_categories?post=17653"}],"curies":[{"name":"wp","href":"https:\/\/api.w.org\/{rel}","templated":true}]}}