{"id":17873,"date":"2020-06-18T16:15:48","date_gmt":"2020-06-18T14:15:48","guid":{"rendered":"https:\/\/www.conica.com\/industrie\/industriebeschichtungen\/wirtschaftliche-industriebeschichtungen\/"},"modified":"2021-06-30T10:39:52","modified_gmt":"2021-06-30T08:39:52","slug":"rivestimenti-industriali-economici","status":"publish","type":"page","link":"https:\/\/www.conica.com\/it\/industria\/industria\/rivestimenti-industriali-economici\/","title":{"rendered":"Rivestimenti industriali economici"},"content":{"rendered":"\n<div class=\"wp-block-atomic-blocks-ab-container ab-block-container alignfull\"><div class=\"ab-container-inside\"><div class=\"ab-container-content\">\n<div class=\"wp-block-atomic-blocks-ab-columns page-intro ab-layout-columns-2 ab-2-col-equal alignwide\"><div class=\"ab-layout-column-wrap ab-block-layout-column-gap-2 ab-is-responsive-column\">\n<div class=\"wp-block-atomic-blocks-ab-column ab-block-layout-column\"><div class=\"ab-block-layout-column-inner\">\n<h1 class=\"no-margin wp-block-heading\">Rivestimenti industriali economici<\/h1>\n<\/div><\/div>\n\n\n\n<div class=\"wp-block-atomic-blocks-ab-column ab-block-layout-column\"><div class=\"ab-block-layout-column-inner\">\n<p>I rivestimenti industriali economici offrono spesso un ottimo compromesso: sono pi\u00f9 sottili, offrono tuttavia ottime prestazioni e sono meno costosi. Grazie alle varie possibilit\u00e0 di scelta, il costruttore pu\u00f2 decidere con il progettista quale pavimentazione \u00e8 la pi\u00f9 appropriata per le sue esigenze tra le molte opzioni offerte da CONICA.<\/p>\n\n\n\n<p><\/p>\n<\/div><\/div>\n<\/div><\/div>\n\n\n\n<p><\/p>\n<\/div><\/div><\/div>\n\n\n<div class=\"product-list-container alignfull\">\n    <div class=\"product-list-content\">\n        <div class=\"grid-row\">\n\n            \n\n            \n\n\n                <div class=\"grid-item grid-number-1\">\n                    <a class=\"wrapping-link\" href=\"https:\/\/www.conica.com\/it\/products\/conifloor-iwl\/\"><\/a>\n                    <div class=\"grid-item-wrapper\">\n                        <div class=\"grid-item-container\">\n                            <div class=\"grid-image-top\">\n                                <span class=\"centered project-image-bg\"\n                                    style=\"background-image: url(https:\/\/www.conica.com\/wp-content\/uploads\/2020\/08\/iwl-conica.png)\"><\/span>\n\n                            <\/div>\n\n                            \n                            <div class=\"grid-item-content\">\n                                <div class=\"column\">\n                                    <span class=\"item-title\">CONIFLOOR IWL<\/span>\n                                    <span class=\"item-excerpt\"><p>Sistema di sigillatura in resina epossidica colorata a diffusione di vapore acqueo per carichi leggeri e medi<\/p>\n<\/span>\n\n                                <\/div>\n\n                                                                    <div class=\"item-small-container\">\n                                        <img decoding=\"async\" src=\"https:\/\/www.conica.com\/wp-content\/uploads\/2020\/06\/conifloor_iwl-1.png\" \/>\n                                    <\/div>\n                                                            <\/div>\n                        <\/div>\n                    <\/div>\n                <\/div>\n\n                \n\n\n                <div class=\"grid-item grid-number-2\">\n                    <a class=\"wrapping-link\" href=\"https:\/\/www.conica.com\/it\/products\/conifloor-iel-sr\/\"><\/a>\n                    <div class=\"grid-item-wrapper\">\n                        <div class=\"grid-item-container\">\n                            <div class=\"grid-image-top\">\n                                <span class=\"centered project-image-bg\"\n                                    style=\"background-image: url(https:\/\/www.conica.com\/wp-content\/uploads\/2020\/08\/iel-sr-conica-1.jpg)\"><\/span>\n\n                            <\/div>\n\n                            \n                            <div class=\"grid-item-content\">\n                                <div class=\"column\">\n                                    <span class=\"item-title\">CONIFLOOR IEL SR<\/span>\n                                    <span class=\"item-excerpt\"><p>Rivestimento colorato a rullo in resina epossidica a strato sottile per uso interno, per carichi medio-leggeri, con notevoli propriet\u00e0 antisdrucciolo<\/p>\n<\/span>\n\n                                <\/div>\n\n                                                                    <div class=\"item-small-container\">\n                                        <img decoding=\"async\" src=\"https:\/\/www.conica.com\/wp-content\/uploads\/2020\/06\/conifloor_iel-1.png\" \/>\n                                    <\/div>\n                                                            <\/div>\n                        <\/div>\n                    <\/div>\n                <\/div>\n\n                \n\n\n                <div class=\"grid-item grid-number-3\">\n                    <a class=\"wrapping-link\" href=\"https:\/\/www.conica.com\/it\/products\/conifloor-ipl\/\"><\/a>\n                    <div class=\"grid-item-wrapper\">\n                        <div class=\"grid-item-container\">\n                            <div class=\"grid-image-top\">\n                                <span class=\"centered project-image-bg\"\n                                    style=\"background-image: url(https:\/\/www.conica.com\/wp-content\/uploads\/2024\/08\/IPL_image001.png)\"><\/span>\n\n                            <\/div>\n\n                            \n                            <div class=\"grid-item-content\">\n                                <div class=\"column\">\n                                    <span class=\"item-title\">CONIFLOOR IPL\u00a0\u00a0<\/span>\n                                    <span class=\"item-excerpt\"><p>Rullo resistente e a bassa emissione e rivestimento sottile a base di resina poliuretanica, staticamente crack-bridging,<br \/>\na strato sottile ed economico, per carichi meccanici da leggeri a medi per aree interne e su massetti in asfalto<\/p>\n<\/span>\n\n                                <\/div>\n\n                                                                    <div class=\"item-small-container\">\n                                        <img decoding=\"async\" src=\"https:\/\/www.conica.com\/wp-content\/uploads\/2024\/08\/Conifloor_IPL.jpeg\" \/>\n                                    <\/div>\n                                                            <\/div>\n                        <\/div>\n                    <\/div>\n                <\/div>\n\n                \n\n            \n        <\/div>\n    <\/div>\n<\/div>","protected":false},"excerpt":{"rendered":"","protected":false},"author":8,"featured_media":0,"parent":17870,"menu_order":0,"comment_status":"closed","ping_status":"closed","template":"","meta":{"_acf_changed":false,"_uag_custom_page_level_css":"","_genesis_hide_title":false,"_genesis_hide_breadcrumbs":false,"_genesis_hide_singular_image":false,"_genesis_custom_body_class":"","_genesis_custom_post_class":"","_genesis_layout":"","footnotes":""},"products_categories":[45],"project_categories":[],"product_quiz_categories":[],"testimonials_categories":[],"locations_categories":[],"class_list":{"0":"post-17873","1":"page","2":"type-page","3":"status-publish","5":"products_categories-wirtschaftliche-industriebeschichtungen","6":"entry"},"acf":[],"yoast_head":"<!-- This site is optimized with the Yoast SEO plugin v27.4 - https:\/\/yoast.com\/product\/yoast-seo-wordpress\/ -->\n<title>Rivestimenti industriali economici - CONICA AG<\/title>\n<meta name=\"robots\" content=\"index, follow, max-snippet:-1, max-image-preview:large, max-video-preview:-1\" \/>\n<link rel=\"canonical\" href=\"https:\/\/www.conica.com\/it\/industria\/industria\/rivestimenti-industriali-economici\/\" \/>\n<meta property=\"og:locale\" content=\"it_IT\" \/>\n<meta property=\"og:type\" content=\"article\" \/>\n<meta property=\"og:title\" content=\"Rivestimenti industriali economici - CONICA AG\" \/>\n<meta property=\"og:url\" content=\"https:\/\/www.conica.com\/it\/industria\/industria\/rivestimenti-industriali-economici\/\" \/>\n<meta property=\"og:site_name\" content=\"CONICA AG\" \/>\n<meta property=\"article:modified_time\" content=\"2021-06-30T08:39:52+00:00\" \/>\n<meta name=\"twitter:card\" content=\"summary_large_image\" \/>\n<meta name=\"twitter:label1\" content=\"Tempo di lettura stimato\" \/>\n\t<meta name=\"twitter:data1\" content=\"1 minuto\" \/>\n<script type=\"application\/ld+json\" class=\"yoast-schema-graph\">{\"@context\":\"https:\\\/\\\/schema.org\",\"@graph\":[{\"@type\":\"WebPage\",\"@id\":\"https:\\\/\\\/www.conica.com\\\/it\\\/industria\\\/industria\\\/rivestimenti-industriali-economici\\\/\",\"url\":\"https:\\\/\\\/www.conica.com\\\/it\\\/industria\\\/industria\\\/rivestimenti-industriali-economici\\\/\",\"name\":\"Rivestimenti industriali economici - CONICA AG\",\"isPartOf\":{\"@id\":\"https:\\\/\\\/www.conica.com\\\/it\\\/#website\"},\"datePublished\":\"2020-06-18T14:15:48+00:00\",\"dateModified\":\"2021-06-30T08:39:52+00:00\",\"breadcrumb\":{\"@id\":\"https:\\\/\\\/www.conica.com\\\/it\\\/industria\\\/industria\\\/rivestimenti-industriali-economici\\\/#breadcrumb\"},\"inLanguage\":\"it-IT\",\"potentialAction\":[{\"@type\":\"ReadAction\",\"target\":[\"https:\\\/\\\/www.conica.com\\\/it\\\/industria\\\/industria\\\/rivestimenti-industriali-economici\\\/\"]}]},{\"@type\":\"BreadcrumbList\",\"@id\":\"https:\\\/\\\/www.conica.com\\\/it\\\/industria\\\/industria\\\/rivestimenti-industriali-economici\\\/#breadcrumb\",\"itemListElement\":[{\"@type\":\"ListItem\",\"position\":1,\"name\":\"Home\",\"item\":\"https:\\\/\\\/www.conica.com\\\/it\\\/\"},{\"@type\":\"ListItem\",\"position\":2,\"name\":\"Rivestimenti industriali\",\"item\":\"https:\\\/\\\/www.conica.com\\\/it\\\/industria\\\/\"},{\"@type\":\"ListItem\",\"position\":3,\"name\":\"Industria\",\"item\":\"https:\\\/\\\/www.conica.com\\\/it\\\/industria\\\/industria\\\/\"},{\"@type\":\"ListItem\",\"position\":4,\"name\":\"Rivestimenti industriali economici\"}]},{\"@type\":\"WebSite\",\"@id\":\"https:\\\/\\\/www.conica.com\\\/it\\\/#website\",\"url\":\"https:\\\/\\\/www.conica.com\\\/it\\\/\",\"name\":\"CONICA AG\",\"description\":\"Sport-, Playground- und Functional Flooring Bel\u00e4ge\",\"publisher\":{\"@id\":\"https:\\\/\\\/www.conica.com\\\/it\\\/#organization\"},\"potentialAction\":[{\"@type\":\"SearchAction\",\"target\":{\"@type\":\"EntryPoint\",\"urlTemplate\":\"https:\\\/\\\/www.conica.com\\\/it\\\/?s={search_term_string}\"},\"query-input\":{\"@type\":\"PropertyValueSpecification\",\"valueRequired\":true,\"valueName\":\"search_term_string\"}}],\"inLanguage\":\"it-IT\"},{\"@type\":\"Organization\",\"@id\":\"https:\\\/\\\/www.conica.com\\\/it\\\/#organization\",\"name\":\"CONICA AG\",\"url\":\"https:\\\/\\\/www.conica.com\\\/it\\\/\",\"logo\":{\"@type\":\"ImageObject\",\"inLanguage\":\"it-IT\",\"@id\":\"https:\\\/\\\/www.conica.com\\\/it\\\/#\\\/schema\\\/logo\\\/image\\\/\",\"url\":\"https:\\\/\\\/www.conica.com\\\/wp-content\\\/uploads\\\/2020\\\/04\\\/logo_conica-01.svg\",\"contentUrl\":\"https:\\\/\\\/www.conica.com\\\/wp-content\\\/uploads\\\/2020\\\/04\\\/logo_conica-01.svg\",\"caption\":\"CONICA AG\"},\"image\":{\"@id\":\"https:\\\/\\\/www.conica.com\\\/it\\\/#\\\/schema\\\/logo\\\/image\\\/\"}}]}<\/script>\n<!-- \/ Yoast SEO plugin. -->","yoast_head_json":{"title":"Rivestimenti industriali economici - CONICA AG","robots":{"index":"index","follow":"follow","max-snippet":"max-snippet:-1","max-image-preview":"max-image-preview:large","max-video-preview":"max-video-preview:-1"},"canonical":"https:\/\/www.conica.com\/it\/industria\/industria\/rivestimenti-industriali-economici\/","og_locale":"it_IT","og_type":"article","og_title":"Rivestimenti industriali economici - CONICA AG","og_url":"https:\/\/www.conica.com\/it\/industria\/industria\/rivestimenti-industriali-economici\/","og_site_name":"CONICA AG","article_modified_time":"2021-06-30T08:39:52+00:00","twitter_card":"summary_large_image","twitter_misc":{"Tempo di lettura stimato":"1 minuto"},"schema":{"@context":"https:\/\/schema.org","@graph":[{"@type":"WebPage","@id":"https:\/\/www.conica.com\/it\/industria\/industria\/rivestimenti-industriali-economici\/","url":"https:\/\/www.conica.com\/it\/industria\/industria\/rivestimenti-industriali-economici\/","name":"Rivestimenti industriali economici - CONICA AG","isPartOf":{"@id":"https:\/\/www.conica.com\/it\/#website"},"datePublished":"2020-06-18T14:15:48+00:00","dateModified":"2021-06-30T08:39:52+00:00","breadcrumb":{"@id":"https:\/\/www.conica.com\/it\/industria\/industria\/rivestimenti-industriali-economici\/#breadcrumb"},"inLanguage":"it-IT","potentialAction":[{"@type":"ReadAction","target":["https:\/\/www.conica.com\/it\/industria\/industria\/rivestimenti-industriali-economici\/"]}]},{"@type":"BreadcrumbList","@id":"https:\/\/www.conica.com\/it\/industria\/industria\/rivestimenti-industriali-economici\/#breadcrumb","itemListElement":[{"@type":"ListItem","position":1,"name":"Home","item":"https:\/\/www.conica.com\/it\/"},{"@type":"ListItem","position":2,"name":"Rivestimenti industriali","item":"https:\/\/www.conica.com\/it\/industria\/"},{"@type":"ListItem","position":3,"name":"Industria","item":"https:\/\/www.conica.com\/it\/industria\/industria\/"},{"@type":"ListItem","position":4,"name":"Rivestimenti industriali economici"}]},{"@type":"WebSite","@id":"https:\/\/www.conica.com\/it\/#website","url":"https:\/\/www.conica.com\/it\/","name":"CONICA AG","description":"Sport-, Playground- und Functional Flooring Bel\u00e4ge","publisher":{"@id":"https:\/\/www.conica.com\/it\/#organization"},"potentialAction":[{"@type":"SearchAction","target":{"@type":"EntryPoint","urlTemplate":"https:\/\/www.conica.com\/it\/?s={search_term_string}"},"query-input":{"@type":"PropertyValueSpecification","valueRequired":true,"valueName":"search_term_string"}}],"inLanguage":"it-IT"},{"@type":"Organization","@id":"https:\/\/www.conica.com\/it\/#organization","name":"CONICA AG","url":"https:\/\/www.conica.com\/it\/","logo":{"@type":"ImageObject","inLanguage":"it-IT","@id":"https:\/\/www.conica.com\/it\/#\/schema\/logo\/image\/","url":"https:\/\/www.conica.com\/wp-content\/uploads\/2020\/04\/logo_conica-01.svg","contentUrl":"https:\/\/www.conica.com\/wp-content\/uploads\/2020\/04\/logo_conica-01.svg","caption":"CONICA AG"},"image":{"@id":"https:\/\/www.conica.com\/it\/#\/schema\/logo\/image\/"}}]}},"featured_image_src":null,"featured_image_src_square":null,"uagb_featured_image_src":{"full":false,"thumbnail":false,"medium":false,"medium_large":false,"large":false,"gs-tiny":false,"xl":false,"xxl":false,"xxxl":false,"xxxxl":false,"xxxxxl":false,"gts-thumbnail":false,"1536x1536":false,"2048x2048":false,"sidebar-featured":false,"genesis-singular-images":false,"ab-block-post-grid-landscape":false,"ab-block-post-grid-square":false,"gform-image-choice-sm":false,"gform-image-choice-md":false,"gform-image-choice-lg":false},"uagb_author_info":{"display_name":"cloudweb admin","author_link":"https:\/\/www.conica.com\/it\/author\/cloudweb-admin\/"},"uagb_comment_info":0,"uagb_excerpt":null,"_links":{"self":[{"href":"https:\/\/www.conica.com\/it\/wp-json\/wp\/v2\/pages\/17873","targetHints":{"allow":["GET"]}}],"collection":[{"href":"https:\/\/www.conica.com\/it\/wp-json\/wp\/v2\/pages"}],"about":[{"href":"https:\/\/www.conica.com\/it\/wp-json\/wp\/v2\/types\/page"}],"author":[{"embeddable":true,"href":"https:\/\/www.conica.com\/it\/wp-json\/wp\/v2\/users\/8"}],"replies":[{"embeddable":true,"href":"https:\/\/www.conica.com\/it\/wp-json\/wp\/v2\/comments?post=17873"}],"version-history":[{"count":0,"href":"https:\/\/www.conica.com\/it\/wp-json\/wp\/v2\/pages\/17873\/revisions"}],"up":[{"embeddable":true,"href":"https:\/\/www.conica.com\/it\/wp-json\/wp\/v2\/pages\/17870"}],"wp:attachment":[{"href":"https:\/\/www.conica.com\/it\/wp-json\/wp\/v2\/media?parent=17873"}],"wp:term":[{"taxonomy":"products_categories","embeddable":true,"href":"https:\/\/www.conica.com\/it\/wp-json\/wp\/v2\/products_categories?post=17873"},{"taxonomy":"project_categories","embeddable":true,"href":"https:\/\/www.conica.com\/it\/wp-json\/wp\/v2\/project_categories?post=17873"},{"taxonomy":"product_quiz_categories","embeddable":true,"href":"https:\/\/www.conica.com\/it\/wp-json\/wp\/v2\/product_quiz_categories?post=17873"},{"taxonomy":"testimonials_categories","embeddable":true,"href":"https:\/\/www.conica.com\/it\/wp-json\/wp\/v2\/testimonials_categories?post=17873"},{"taxonomy":"locations_categories","embeddable":true,"href":"https:\/\/www.conica.com\/it\/wp-json\/wp\/v2\/locations_categories?post=17873"}],"curies":[{"name":"wp","href":"https:\/\/api.w.org\/{rel}","templated":true}]}}