{"id":17994,"date":"2020-05-22T09:54:54","date_gmt":"2020-05-22T07:54:54","guid":{"rendered":"https:\/\/www.conica.com\/conica-ag-2\/ueber-polyurethane\/"},"modified":"2021-06-30T12:38:24","modified_gmt":"2021-06-30T10:38:24","slug":"poliuretano","status":"publish","type":"page","link":"https:\/\/www.conica.com\/it\/conica-ag-2\/poliuretano\/","title":{"rendered":"POLIURETANO"},"content":{"rendered":"\n<div class=\"wp-block-atomic-blocks-ab-container ab-block-container alignfull\"><div class=\"ab-container-inside\"><div class=\"ab-container-content\">\n<div class=\"wp-block-atomic-blocks-ab-columns page-intro ab-layout-columns-2 ab-2-col-equal alignwide\"><div class=\"ab-layout-column-wrap ab-block-layout-column-gap-2 ab-is-responsive-column\">\n<div class=\"wp-block-atomic-blocks-ab-column ab-block-layout-column\"><div class=\"ab-block-layout-column-inner\">\n<h1 class=\"no-margin wp-block-heading\">POLIURETANO<\/h1>\n<\/div><\/div>\n\n\n\n<div class=\"wp-block-atomic-blocks-ab-column ab-block-layout-column\"><div class=\"ab-block-layout-column-inner\">\n<p>Il poliuretano \u00e8 un materiale orientato al futuro che, con la sua vasta gamma di applicazioni, \u00e8 presente gi\u00e0 oggi nella nostra vita quotidiana. Viene utilizzato per produrre migliaia di beni di consumo e industriali che rendono la nostra vita quotidiana migliore, pi\u00f9 confortevole e pi\u00f9 rispettosa dell&#8217;ambiente.<\/p>\n<\/div><\/div>\n<\/div><\/div>\n\n\n\n<div class=\"wp-block-atomic-blocks-ab-container ab-block-container\"><div class=\"ab-container-inside\"><div class=\"ab-container-content\">\n<figure class=\"wp-block-image alignfull size-large\"><img decoding=\"async\" width=\"1024\" height=\"384\" src=\"https:\/\/www.conica.com\/wp-content\/uploads\/2020\/06\/polyurethane.jpg\" alt=\"\" class=\"wp-image-1177\" srcset=\"https:\/\/www.conica.com\/wp-content\/uploads\/2020\/06\/polyurethane.jpg 1024w, https:\/\/www.conica.com\/wp-content\/uploads\/2020\/06\/polyurethane-300x113.jpg 300w, https:\/\/www.conica.com\/wp-content\/uploads\/2020\/06\/polyurethane-768x288.jpg 768w\" sizes=\"(max-width: 1024px) 100vw, 1024px\" \/><\/figure>\n\n\n\n<p><\/p>\n<\/div><\/div><\/div>\n<\/div><\/div><\/div>\n\n\n\n<div class=\"wp-block-atomic-blocks-ab-columns ab-layout-columns-1 one-column\"><div class=\"ab-layout-column-wrap ab-block-layout-column-gap-2 ab-is-responsive-column\">\n<div class=\"wp-block-atomic-blocks-ab-column ab-block-layout-column\"><div class=\"ab-block-layout-column-inner\">\n<p>Se utilizzato nelle superfici sportive, nelle superfici di protezione anticaduta e nelle pavimentazioni industriali, il poliuretano offre molti vantaggi rispetto agli materiali da pavimentazione: ad esempio elevata elasticit\u00e0 e funzione protettiva, ottima resistenza meccanica e chimica, lunga durata e manutenzione pi\u00f9 semplice grazie alle superfici senza giunture.<\/p>\n\n\n\n<p>Fin dalla sua fondazione, CONICA ha puntato sulle materie plastiche liquide e sui loro vantaggi.<\/p>\n\n\n\n<p>La gamma di prodotti in poliuretano di CONICA costituisce la base per i sistemi di pavimentazione CONICA, rinomati in tutto il mondo.<\/p>\n\n\n\n<figure class=\"wp-block-image size-large\"><img decoding=\"async\" width=\"1024\" height=\"660\" src=\"https:\/\/www.conica.com\/wp-content\/uploads\/2020\/06\/Fabrik-Reactor-CONICA-1024x660.jpg\" alt=\"\" class=\"wp-image-1180\" srcset=\"https:\/\/www.conica.com\/wp-content\/uploads\/2020\/06\/Fabrik-Reactor-CONICA-1024x660.jpg 1024w, https:\/\/www.conica.com\/wp-content\/uploads\/2020\/06\/Fabrik-Reactor-CONICA-300x193.jpg 300w, https:\/\/www.conica.com\/wp-content\/uploads\/2020\/06\/Fabrik-Reactor-CONICA-768x495.jpg 768w, https:\/\/www.conica.com\/wp-content\/uploads\/2020\/06\/Fabrik-Reactor-CONICA.jpg 1270w\" sizes=\"(max-width: 1024px) 100vw, 1024px\" \/><\/figure>\n\n\n\n<p><\/p>\n<\/div><\/div>\n<\/div><\/div>\n","protected":false},"excerpt":{"rendered":"","protected":false},"author":8,"featured_media":0,"parent":17989,"menu_order":0,"comment_status":"closed","ping_status":"closed","template":"","meta":{"_acf_changed":false,"_uag_custom_page_level_css":"","_genesis_hide_title":false,"_genesis_hide_breadcrumbs":false,"_genesis_hide_singular_image":false,"_genesis_custom_body_class":"","_genesis_custom_post_class":"","_genesis_layout":"","footnotes":""},"products_categories":[],"project_categories":[],"product_quiz_categories":[],"testimonials_categories":[],"locations_categories":[],"class_list":{"0":"post-17994","1":"page","2":"type-page","3":"status-publish","5":"entry"},"acf":[],"yoast_head":"<!-- This site is optimized with the Yoast SEO plugin v27.4 - https:\/\/yoast.com\/product\/yoast-seo-wordpress\/ -->\n<title>POLIURETANO - CONICA AG<\/title>\n<meta name=\"robots\" content=\"index, follow, max-snippet:-1, max-image-preview:large, max-video-preview:-1\" \/>\n<link rel=\"canonical\" href=\"https:\/\/www.conica.com\/it\/conica-ag-2\/poliuretano\/\" \/>\n<meta property=\"og:locale\" content=\"it_IT\" \/>\n<meta property=\"og:type\" content=\"article\" \/>\n<meta property=\"og:title\" content=\"POLIURETANO - CONICA AG\" \/>\n<meta property=\"og:url\" content=\"https:\/\/www.conica.com\/it\/conica-ag-2\/poliuretano\/\" \/>\n<meta property=\"og:site_name\" content=\"CONICA AG\" \/>\n<meta property=\"article:modified_time\" content=\"2021-06-30T10:38:24+00:00\" \/>\n<meta property=\"og:image\" content=\"https:\/\/www.conica.com\/wp-content\/uploads\/2020\/06\/polyurethane.jpg\" \/>\n<meta name=\"twitter:card\" content=\"summary_large_image\" \/>\n<meta name=\"twitter:label1\" content=\"Tempo di lettura stimato\" \/>\n\t<meta name=\"twitter:data1\" content=\"1 minuto\" \/>\n<script type=\"application\/ld+json\" class=\"yoast-schema-graph\">{\"@context\":\"https:\\\/\\\/schema.org\",\"@graph\":[{\"@type\":\"WebPage\",\"@id\":\"https:\\\/\\\/www.conica.com\\\/it\\\/conica-ag-2\\\/poliuretano\\\/\",\"url\":\"https:\\\/\\\/www.conica.com\\\/it\\\/conica-ag-2\\\/poliuretano\\\/\",\"name\":\"POLIURETANO - CONICA AG\",\"isPartOf\":{\"@id\":\"https:\\\/\\\/www.conica.com\\\/it\\\/#website\"},\"primaryImageOfPage\":{\"@id\":\"https:\\\/\\\/www.conica.com\\\/it\\\/conica-ag-2\\\/poliuretano\\\/#primaryimage\"},\"image\":{\"@id\":\"https:\\\/\\\/www.conica.com\\\/it\\\/conica-ag-2\\\/poliuretano\\\/#primaryimage\"},\"thumbnailUrl\":\"https:\\\/\\\/www.conica.com\\\/wp-content\\\/uploads\\\/2020\\\/06\\\/polyurethane.jpg\",\"datePublished\":\"2020-05-22T07:54:54+00:00\",\"dateModified\":\"2021-06-30T10:38:24+00:00\",\"breadcrumb\":{\"@id\":\"https:\\\/\\\/www.conica.com\\\/it\\\/conica-ag-2\\\/poliuretano\\\/#breadcrumb\"},\"inLanguage\":\"it-IT\",\"potentialAction\":[{\"@type\":\"ReadAction\",\"target\":[\"https:\\\/\\\/www.conica.com\\\/it\\\/conica-ag-2\\\/poliuretano\\\/\"]}]},{\"@type\":\"ImageObject\",\"inLanguage\":\"it-IT\",\"@id\":\"https:\\\/\\\/www.conica.com\\\/it\\\/conica-ag-2\\\/poliuretano\\\/#primaryimage\",\"url\":\"https:\\\/\\\/www.conica.com\\\/wp-content\\\/uploads\\\/2020\\\/06\\\/polyurethane.jpg\",\"contentUrl\":\"https:\\\/\\\/www.conica.com\\\/wp-content\\\/uploads\\\/2020\\\/06\\\/polyurethane.jpg\"},{\"@type\":\"BreadcrumbList\",\"@id\":\"https:\\\/\\\/www.conica.com\\\/it\\\/conica-ag-2\\\/poliuretano\\\/#breadcrumb\",\"itemListElement\":[{\"@type\":\"ListItem\",\"position\":1,\"name\":\"Home\",\"item\":\"https:\\\/\\\/www.conica.com\\\/it\\\/\"},{\"@type\":\"ListItem\",\"position\":2,\"name\":\"CONICA AG\",\"item\":\"https:\\\/\\\/www.conica.com\\\/it\\\/conica-ag-2\\\/\"},{\"@type\":\"ListItem\",\"position\":3,\"name\":\"POLIURETANO\"}]},{\"@type\":\"WebSite\",\"@id\":\"https:\\\/\\\/www.conica.com\\\/it\\\/#website\",\"url\":\"https:\\\/\\\/www.conica.com\\\/it\\\/\",\"name\":\"CONICA AG\",\"description\":\"Sport-, Playground- und Functional Flooring Bel\u00e4ge\",\"publisher\":{\"@id\":\"https:\\\/\\\/www.conica.com\\\/it\\\/#organization\"},\"potentialAction\":[{\"@type\":\"SearchAction\",\"target\":{\"@type\":\"EntryPoint\",\"urlTemplate\":\"https:\\\/\\\/www.conica.com\\\/it\\\/?s={search_term_string}\"},\"query-input\":{\"@type\":\"PropertyValueSpecification\",\"valueRequired\":true,\"valueName\":\"search_term_string\"}}],\"inLanguage\":\"it-IT\"},{\"@type\":\"Organization\",\"@id\":\"https:\\\/\\\/www.conica.com\\\/it\\\/#organization\",\"name\":\"CONICA AG\",\"url\":\"https:\\\/\\\/www.conica.com\\\/it\\\/\",\"logo\":{\"@type\":\"ImageObject\",\"inLanguage\":\"it-IT\",\"@id\":\"https:\\\/\\\/www.conica.com\\\/it\\\/#\\\/schema\\\/logo\\\/image\\\/\",\"url\":\"https:\\\/\\\/www.conica.com\\\/wp-content\\\/uploads\\\/2020\\\/04\\\/logo_conica-01.svg\",\"contentUrl\":\"https:\\\/\\\/www.conica.com\\\/wp-content\\\/uploads\\\/2020\\\/04\\\/logo_conica-01.svg\",\"caption\":\"CONICA AG\"},\"image\":{\"@id\":\"https:\\\/\\\/www.conica.com\\\/it\\\/#\\\/schema\\\/logo\\\/image\\\/\"}}]}<\/script>\n<!-- \/ Yoast SEO plugin. -->","yoast_head_json":{"title":"POLIURETANO - CONICA AG","robots":{"index":"index","follow":"follow","max-snippet":"max-snippet:-1","max-image-preview":"max-image-preview:large","max-video-preview":"max-video-preview:-1"},"canonical":"https:\/\/www.conica.com\/it\/conica-ag-2\/poliuretano\/","og_locale":"it_IT","og_type":"article","og_title":"POLIURETANO - CONICA AG","og_url":"https:\/\/www.conica.com\/it\/conica-ag-2\/poliuretano\/","og_site_name":"CONICA AG","article_modified_time":"2021-06-30T10:38:24+00:00","og_image":[{"url":"https:\/\/www.conica.com\/wp-content\/uploads\/2020\/06\/polyurethane.jpg","type":"","width":"","height":""}],"twitter_card":"summary_large_image","twitter_misc":{"Tempo di lettura stimato":"1 minuto"},"schema":{"@context":"https:\/\/schema.org","@graph":[{"@type":"WebPage","@id":"https:\/\/www.conica.com\/it\/conica-ag-2\/poliuretano\/","url":"https:\/\/www.conica.com\/it\/conica-ag-2\/poliuretano\/","name":"POLIURETANO - CONICA AG","isPartOf":{"@id":"https:\/\/www.conica.com\/it\/#website"},"primaryImageOfPage":{"@id":"https:\/\/www.conica.com\/it\/conica-ag-2\/poliuretano\/#primaryimage"},"image":{"@id":"https:\/\/www.conica.com\/it\/conica-ag-2\/poliuretano\/#primaryimage"},"thumbnailUrl":"https:\/\/www.conica.com\/wp-content\/uploads\/2020\/06\/polyurethane.jpg","datePublished":"2020-05-22T07:54:54+00:00","dateModified":"2021-06-30T10:38:24+00:00","breadcrumb":{"@id":"https:\/\/www.conica.com\/it\/conica-ag-2\/poliuretano\/#breadcrumb"},"inLanguage":"it-IT","potentialAction":[{"@type":"ReadAction","target":["https:\/\/www.conica.com\/it\/conica-ag-2\/poliuretano\/"]}]},{"@type":"ImageObject","inLanguage":"it-IT","@id":"https:\/\/www.conica.com\/it\/conica-ag-2\/poliuretano\/#primaryimage","url":"https:\/\/www.conica.com\/wp-content\/uploads\/2020\/06\/polyurethane.jpg","contentUrl":"https:\/\/www.conica.com\/wp-content\/uploads\/2020\/06\/polyurethane.jpg"},{"@type":"BreadcrumbList","@id":"https:\/\/www.conica.com\/it\/conica-ag-2\/poliuretano\/#breadcrumb","itemListElement":[{"@type":"ListItem","position":1,"name":"Home","item":"https:\/\/www.conica.com\/it\/"},{"@type":"ListItem","position":2,"name":"CONICA AG","item":"https:\/\/www.conica.com\/it\/conica-ag-2\/"},{"@type":"ListItem","position":3,"name":"POLIURETANO"}]},{"@type":"WebSite","@id":"https:\/\/www.conica.com\/it\/#website","url":"https:\/\/www.conica.com\/it\/","name":"CONICA AG","description":"Sport-, Playground- und Functional Flooring Bel\u00e4ge","publisher":{"@id":"https:\/\/www.conica.com\/it\/#organization"},"potentialAction":[{"@type":"SearchAction","target":{"@type":"EntryPoint","urlTemplate":"https:\/\/www.conica.com\/it\/?s={search_term_string}"},"query-input":{"@type":"PropertyValueSpecification","valueRequired":true,"valueName":"search_term_string"}}],"inLanguage":"it-IT"},{"@type":"Organization","@id":"https:\/\/www.conica.com\/it\/#organization","name":"CONICA AG","url":"https:\/\/www.conica.com\/it\/","logo":{"@type":"ImageObject","inLanguage":"it-IT","@id":"https:\/\/www.conica.com\/it\/#\/schema\/logo\/image\/","url":"https:\/\/www.conica.com\/wp-content\/uploads\/2020\/04\/logo_conica-01.svg","contentUrl":"https:\/\/www.conica.com\/wp-content\/uploads\/2020\/04\/logo_conica-01.svg","caption":"CONICA AG"},"image":{"@id":"https:\/\/www.conica.com\/it\/#\/schema\/logo\/image\/"}}]}},"featured_image_src":null,"featured_image_src_square":null,"uagb_featured_image_src":{"full":false,"thumbnail":false,"medium":false,"medium_large":false,"large":false,"gs-tiny":false,"xl":false,"xxl":false,"xxxl":false,"xxxxl":false,"xxxxxl":false,"gts-thumbnail":false,"1536x1536":false,"2048x2048":false,"sidebar-featured":false,"genesis-singular-images":false,"ab-block-post-grid-landscape":false,"ab-block-post-grid-square":false,"gform-image-choice-sm":false,"gform-image-choice-md":false,"gform-image-choice-lg":false},"uagb_author_info":{"display_name":"cloudweb admin","author_link":"https:\/\/www.conica.com\/it\/author\/cloudweb-admin\/"},"uagb_comment_info":0,"uagb_excerpt":null,"_links":{"self":[{"href":"https:\/\/www.conica.com\/it\/wp-json\/wp\/v2\/pages\/17994","targetHints":{"allow":["GET"]}}],"collection":[{"href":"https:\/\/www.conica.com\/it\/wp-json\/wp\/v2\/pages"}],"about":[{"href":"https:\/\/www.conica.com\/it\/wp-json\/wp\/v2\/types\/page"}],"author":[{"embeddable":true,"href":"https:\/\/www.conica.com\/it\/wp-json\/wp\/v2\/users\/8"}],"replies":[{"embeddable":true,"href":"https:\/\/www.conica.com\/it\/wp-json\/wp\/v2\/comments?post=17994"}],"version-history":[{"count":0,"href":"https:\/\/www.conica.com\/it\/wp-json\/wp\/v2\/pages\/17994\/revisions"}],"up":[{"embeddable":true,"href":"https:\/\/www.conica.com\/it\/wp-json\/wp\/v2\/pages\/17989"}],"wp:attachment":[{"href":"https:\/\/www.conica.com\/it\/wp-json\/wp\/v2\/media?parent=17994"}],"wp:term":[{"taxonomy":"products_categories","embeddable":true,"href":"https:\/\/www.conica.com\/it\/wp-json\/wp\/v2\/products_categories?post=17994"},{"taxonomy":"project_categories","embeddable":true,"href":"https:\/\/www.conica.com\/it\/wp-json\/wp\/v2\/project_categories?post=17994"},{"taxonomy":"product_quiz_categories","embeddable":true,"href":"https:\/\/www.conica.com\/it\/wp-json\/wp\/v2\/product_quiz_categories?post=17994"},{"taxonomy":"testimonials_categories","embeddable":true,"href":"https:\/\/www.conica.com\/it\/wp-json\/wp\/v2\/testimonials_categories?post=17994"},{"taxonomy":"locations_categories","embeddable":true,"href":"https:\/\/www.conica.com\/it\/wp-json\/wp\/v2\/locations_categories?post=17994"}],"curies":[{"name":"wp","href":"https:\/\/api.w.org\/{rel}","templated":true}]}}