{"id":17996,"date":"2020-05-22T09:53:51","date_gmt":"2020-05-22T07:53:51","guid":{"rendered":"https:\/\/www.conica.com\/conica-ag-2\/nachhaltigkeit\/"},"modified":"2026-03-24T10:48:18","modified_gmt":"2026-03-24T09:48:18","slug":"sostenibilita","status":"publish","type":"page","link":"https:\/\/www.conica.com\/it\/conica-ag-2\/sostenibilita\/","title":{"rendered":"Sostenibilit\u00e0"},"content":{"rendered":"\n<div class=\"wp-block-atomic-blocks-ab-container ab-block-container alignfull\"><div class=\"ab-container-inside\"><div class=\"ab-container-content\">\n<div class=\"wp-block-atomic-blocks-ab-columns page-intro ab-layout-columns-2 ab-2-col-equal alignwide\"><div class=\"ab-layout-column-wrap ab-block-layout-column-gap-2 ab-is-responsive-column\">\n<div class=\"wp-block-atomic-blocks-ab-column ab-block-layout-column\"><div class=\"ab-block-layout-column-inner\">\n<h1 class=\"wp-block-heading no-margin\">LA RESPONSABILIT\u00c0 AL CENTRO DEL NOSTRO OPERATO.<\/h1>\n<\/div><\/div>\n\n\n\n<div class=\"wp-block-atomic-blocks-ab-column ab-block-layout-column\"><div class=\"ab-block-layout-column-inner\">\n<p>La nostra politica della qualit\u00e0, dell&#8217;ambiente e della sicurezza sul lavoro sta alla base della politica aziendale della CONICA AG e quanto tale \u00e8 vissuta attivamente da tutti i collaboratori, che la sentono come una propria responsabilit\u00e0.<\/p>\n\n\n\n<p>Attraverso un processo di miglioramento sistematico e continuo, ci impegniamo costantemente per:<\/p>\n\n\n\n<ul class=\"wp-block-list\">\n<li>migliorare la qualit\u00e0 dei prodotti e servizi<\/li>\n\n\n\n<li>preservare le risorse naturali attraverso un uso efficiente<\/li>\n\n\n\n<li>evitare incidenti<\/li>\n\n\n\n<li>superare le aspettative dei clienti e aumentare il loro livello di soddisfazione<\/li>\n<\/ul>\n\n\n        <div class=\"download-wrapper alignfull\">\n            <div\n                    id=\"download-wrapper-content-dl-40483\"\n                    class=\"download-wrapper-content-dl trigger-download-wrapper-content-dl alignwide\"\n                    data-fid=\"40483\"\n                    data-rld=\"\"\n                    data-rnsd=\"\"\n            >\n                <div class=\"download-icon\">\n\t\t\t\t\t                        <div class=\"cert\"><\/div>\n\t\t\t\t\t                <\/div>\n                <div class=\"download-title\">\n                    <p>\n                        <strong>Quality, environmental and  occupational safety policy (Company Policy)<\/strong>&nbsp;<\/p>\n                    <p>                    <\/p>\n                <\/div>\n            <\/div>\n        <\/div>\n\n\t\t<\/div><\/div>\n<\/div><\/div>\n\n\n\n<div class=\"wp-block-atomic-blocks-ab-container ab-block-container\"><div class=\"ab-container-inside\"><div class=\"ab-container-content\">\n<figure class=\"wp-block-image alignfull size-large\"><img decoding=\"async\" width=\"1024\" height=\"384\" src=\"https:\/\/www.conica.com\/wp-content\/uploads\/2020\/06\/nachhaltiger-bodenbelag.jpg\" alt=\"\" class=\"wp-image-1158\" srcset=\"https:\/\/www.conica.com\/wp-content\/uploads\/2020\/06\/nachhaltiger-bodenbelag.jpg 1024w, https:\/\/www.conica.com\/wp-content\/uploads\/2020\/06\/nachhaltiger-bodenbelag-300x113.jpg 300w, https:\/\/www.conica.com\/wp-content\/uploads\/2020\/06\/nachhaltiger-bodenbelag-768x288.jpg 768w\" sizes=\"(max-width: 1024px) 100vw, 1024px\" \/><\/figure>\n<\/div><\/div><\/div>\n\n\n\n<p><\/p>\n<\/div><\/div><\/div>\n\n\n\n<div class=\"wp-block-media-text is-stacked-on-mobile\" style=\"grid-template-columns:29% auto\"><figure class=\"wp-block-media-text__media\"><img decoding=\"async\" width=\"540\" height=\"540\" src=\"https:\/\/www.conica.com\/wp-content\/uploads\/2026\/03\/CONICA-ECOVADIS-MEDAL-4.png\" alt=\"\" class=\"wp-image-46586 size-full\" srcset=\"https:\/\/www.conica.com\/wp-content\/uploads\/2026\/03\/CONICA-ECOVADIS-MEDAL-4.png 540w, https:\/\/www.conica.com\/wp-content\/uploads\/2026\/03\/CONICA-ECOVADIS-MEDAL-4-300x300.png 300w, https:\/\/www.conica.com\/wp-content\/uploads\/2026\/03\/CONICA-ECOVADIS-MEDAL-4-150x150.png 150w, https:\/\/www.conica.com\/wp-content\/uploads\/2026\/03\/CONICA-ECOVADIS-MEDAL-4-50x50.png 50w, https:\/\/www.conica.com\/wp-content\/uploads\/2026\/03\/CONICA-ECOVADIS-MEDAL-4-100x100.png 100w, https:\/\/www.conica.com\/wp-content\/uploads\/2026\/03\/CONICA-ECOVADIS-MEDAL-4-75x75.png 75w\" sizes=\"(max-width: 540px) 100vw, 540px\" \/><\/figure><div class=\"wp-block-media-text__content\">\n<p><strong>CONICA AG<\/strong> ha ottenuto il <a href=\"https:\/\/recognition.ecovadis.com\/Gtwof0CEVUeQt4DWhW8tDw\"><strong>Committed Badge<\/strong> nella valutazione <strong>EcoVadis<\/strong>, <\/a>che rappresenta un riconoscimento delle buone prestazioni secondo la metodologia di valutazione di <strong>EcoVadis<\/strong>.<\/p>\n<\/div><\/div>\n\n\n\n<p><\/p>\n\n\n\n<div class=\"wp-block-atomic-blocks-ab-columns ab-layout-columns-1 one-column\"><div class=\"ab-layout-column-wrap ab-block-layout-column-gap-2 ab-is-responsive-column\">\n<div class=\"wp-block-atomic-blocks-ab-column ab-block-layout-column\"><div class=\"ab-block-layout-column-inner\">\n<p>A tal fine, CONICA AG riduce preventivamente il consumo di risorse naturali e migliora le proprie prestazioni ambientali sia riciclando e chiudendo i cicli dei materiali per evitare gli sprechi, sia sviluppando prodotti innovativi che contengono ad esempio materie prime a base biologica o hanno una lunga durata di vita.<\/p>\n\n\n\n<p>CONICA AG si impegna a rispettare appieno le prescrizioni di legge vigenti in materia di diritto ambientale e sicurezza sul lavoro, nonch\u00e9 le specifiche norme ambientali vigenti all\u2019interno dell&#8217;azienda e nei luoghi di ubicazione delle sue sedi, agendo in modo proattivo.<\/p>\n\n\n\n<p>La coerente attuazione della nostra politica di qualit\u00e0, ambientale e di sicurezza sul lavoro attraverso il coinvolgimento di tutti i collaboratori garantisce una crescita sostenibile e il successo della nostra azienda. Per noi essa costituisce il punto di partenza per poter offrire costantemente ai nostri clienti prodotti e servizi di alta qualit\u00e0 e competitivi.<\/p>\n\n\n\n<p>La direzione fa in modo che la politica aziendale sia compresa da tutti i dipendenti e messa in pratica nel loro lavoro quotidiano.<\/p>\n\n\n\n<hr class=\"wp-block-separator has-alpha-channel-opacity\"\/>\n<\/div><\/div>\n<\/div><\/div>\n\n\n\n<div class=\"wp-block-atomic-blocks-ab-columns ab-layout-columns-2 ab-2-col-equal\"><div class=\"ab-layout-column-wrap ab-block-layout-column-gap-2 ab-is-responsive-column\">\n<div class=\"wp-block-atomic-blocks-ab-column ab-block-layout-column\"><div class=\"ab-block-layout-column-inner\">\n<figure class=\"wp-block-image size-large\"><img decoding=\"async\" width=\"707\" height=\"1024\" src=\"https:\/\/www.conica.com\/wp-content\/uploads\/2023\/03\/2022_CONICA_AG_EnAW-certificate_e-4-707x1024.jpg\" alt=\"\" class=\"wp-image-33240\" srcset=\"https:\/\/www.conica.com\/wp-content\/uploads\/2023\/03\/2022_CONICA_AG_EnAW-certificate_e-4-707x1024.jpg 707w, https:\/\/www.conica.com\/wp-content\/uploads\/2023\/03\/2022_CONICA_AG_EnAW-certificate_e-4-207x300.jpg 207w, https:\/\/www.conica.com\/wp-content\/uploads\/2023\/03\/2022_CONICA_AG_EnAW-certificate_e-4-768x1113.jpg 768w, https:\/\/www.conica.com\/wp-content\/uploads\/2023\/03\/2022_CONICA_AG_EnAW-certificate_e-4-1060x1536.jpg 1060w, https:\/\/www.conica.com\/wp-content\/uploads\/2023\/03\/2022_CONICA_AG_EnAW-certificate_e-4.jpg 1181w\" sizes=\"(max-width: 707px) 100vw, 707px\" \/><\/figure>\n<\/div><\/div>\n\n\n\n<div class=\"wp-block-atomic-blocks-ab-column ab-block-layout-column\"><div class=\"ab-block-layout-column-inner\">\n<p><strong>Voluntary Climate Protection and Energy Efficiency<\/strong><\/p>\n\n\n\n<p><strong>CONICA AG<\/strong>&nbsp;is convinced of the need to stand up for sustainable climate protection.<br>By voluntarily declaring its adherence to the Swiss Private Sector Energy Agency programme,<br><strong>CONICA AG<\/strong>&nbsp;commits to actively reducing CO2 emissions and optimizing energy<br>efficiency. The Swiss Federal Government, cantons and private sector partners honor<br>the target agreement.<\/p>\n<\/div><\/div>\n<\/div><\/div>\n","protected":false},"excerpt":{"rendered":"<p>CONICA AG ha ottenuto il Committed Badge nella valutazione EcoVadis, che rappresenta un riconoscimento delle buone prestazioni secondo la metodologia di valutazione di EcoVadis.<\/p>\n","protected":false},"author":8,"featured_media":0,"parent":17989,"menu_order":0,"comment_status":"closed","ping_status":"closed","template":"","meta":{"_acf_changed":false,"_uag_custom_page_level_css":"","_genesis_hide_title":false,"_genesis_hide_breadcrumbs":false,"_genesis_hide_singular_image":false,"_genesis_custom_body_class":"","_genesis_custom_post_class":"","_genesis_layout":"","footnotes":""},"products_categories":[],"project_categories":[],"product_quiz_categories":[],"testimonials_categories":[],"locations_categories":[],"class_list":{"0":"post-17996","1":"page","2":"type-page","3":"status-publish","5":"entry"},"acf":[],"yoast_head":"<!-- This site is optimized with the Yoast SEO plugin v27.4 - https:\/\/yoast.com\/product\/yoast-seo-wordpress\/ -->\n<title>Sostenibilit\u00e0 - CONICA AG<\/title>\n<meta name=\"robots\" content=\"index, follow, max-snippet:-1, max-image-preview:large, max-video-preview:-1\" \/>\n<link rel=\"canonical\" href=\"https:\/\/www.conica.com\/it\/conica-ag-2\/sostenibilita\/\" \/>\n<meta property=\"og:locale\" content=\"it_IT\" \/>\n<meta property=\"og:type\" content=\"article\" \/>\n<meta property=\"og:title\" content=\"Sostenibilit\u00e0 - CONICA AG\" \/>\n<meta property=\"og:description\" content=\"CONICA AG ha ottenuto il Committed Badge nella valutazione EcoVadis, che rappresenta un riconoscimento delle buone prestazioni secondo la metodologia di valutazione di EcoVadis.\" \/>\n<meta property=\"og:url\" content=\"https:\/\/www.conica.com\/it\/conica-ag-2\/sostenibilita\/\" \/>\n<meta property=\"og:site_name\" content=\"CONICA AG\" \/>\n<meta property=\"article:modified_time\" content=\"2026-03-24T09:48:18+00:00\" \/>\n<meta property=\"og:image\" content=\"https:\/\/www.conica.com\/wp-content\/uploads\/2020\/06\/nachhaltiger-bodenbelag.jpg\" \/>\n\t<meta property=\"og:image:width\" content=\"1024\" \/>\n\t<meta property=\"og:image:height\" content=\"384\" \/>\n\t<meta property=\"og:image:type\" content=\"image\/jpeg\" \/>\n<meta name=\"twitter:card\" content=\"summary_large_image\" \/>\n<meta name=\"twitter:label1\" content=\"Tempo di lettura stimato\" \/>\n\t<meta name=\"twitter:data1\" content=\"3 minuti\" \/>\n<script type=\"application\/ld+json\" class=\"yoast-schema-graph\">{\"@context\":\"https:\\\/\\\/schema.org\",\"@graph\":[{\"@type\":\"WebPage\",\"@id\":\"https:\\\/\\\/www.conica.com\\\/it\\\/conica-ag-2\\\/sostenibilita\\\/\",\"url\":\"https:\\\/\\\/www.conica.com\\\/it\\\/conica-ag-2\\\/sostenibilita\\\/\",\"name\":\"Sostenibilit\u00e0 - CONICA AG\",\"isPartOf\":{\"@id\":\"https:\\\/\\\/www.conica.com\\\/it\\\/#website\"},\"primaryImageOfPage\":{\"@id\":\"https:\\\/\\\/www.conica.com\\\/it\\\/conica-ag-2\\\/sostenibilita\\\/#primaryimage\"},\"image\":{\"@id\":\"https:\\\/\\\/www.conica.com\\\/it\\\/conica-ag-2\\\/sostenibilita\\\/#primaryimage\"},\"thumbnailUrl\":\"https:\\\/\\\/www.conica.com\\\/wp-content\\\/uploads\\\/2020\\\/06\\\/nachhaltiger-bodenbelag.jpg\",\"datePublished\":\"2020-05-22T07:53:51+00:00\",\"dateModified\":\"2026-03-24T09:48:18+00:00\",\"breadcrumb\":{\"@id\":\"https:\\\/\\\/www.conica.com\\\/it\\\/conica-ag-2\\\/sostenibilita\\\/#breadcrumb\"},\"inLanguage\":\"it-IT\",\"potentialAction\":[{\"@type\":\"ReadAction\",\"target\":[\"https:\\\/\\\/www.conica.com\\\/it\\\/conica-ag-2\\\/sostenibilita\\\/\"]}]},{\"@type\":\"ImageObject\",\"inLanguage\":\"it-IT\",\"@id\":\"https:\\\/\\\/www.conica.com\\\/it\\\/conica-ag-2\\\/sostenibilita\\\/#primaryimage\",\"url\":\"https:\\\/\\\/www.conica.com\\\/wp-content\\\/uploads\\\/2020\\\/06\\\/nachhaltiger-bodenbelag.jpg\",\"contentUrl\":\"https:\\\/\\\/www.conica.com\\\/wp-content\\\/uploads\\\/2020\\\/06\\\/nachhaltiger-bodenbelag.jpg\"},{\"@type\":\"BreadcrumbList\",\"@id\":\"https:\\\/\\\/www.conica.com\\\/it\\\/conica-ag-2\\\/sostenibilita\\\/#breadcrumb\",\"itemListElement\":[{\"@type\":\"ListItem\",\"position\":1,\"name\":\"Home\",\"item\":\"https:\\\/\\\/www.conica.com\\\/it\\\/\"},{\"@type\":\"ListItem\",\"position\":2,\"name\":\"CONICA AG\",\"item\":\"https:\\\/\\\/www.conica.com\\\/it\\\/conica-ag-2\\\/\"},{\"@type\":\"ListItem\",\"position\":3,\"name\":\"Sostenibilit\u00e0\"}]},{\"@type\":\"WebSite\",\"@id\":\"https:\\\/\\\/www.conica.com\\\/it\\\/#website\",\"url\":\"https:\\\/\\\/www.conica.com\\\/it\\\/\",\"name\":\"CONICA AG\",\"description\":\"Sport-, Playground- und Functional Flooring Bel\u00e4ge\",\"publisher\":{\"@id\":\"https:\\\/\\\/www.conica.com\\\/it\\\/#organization\"},\"potentialAction\":[{\"@type\":\"SearchAction\",\"target\":{\"@type\":\"EntryPoint\",\"urlTemplate\":\"https:\\\/\\\/www.conica.com\\\/it\\\/?s={search_term_string}\"},\"query-input\":{\"@type\":\"PropertyValueSpecification\",\"valueRequired\":true,\"valueName\":\"search_term_string\"}}],\"inLanguage\":\"it-IT\"},{\"@type\":\"Organization\",\"@id\":\"https:\\\/\\\/www.conica.com\\\/it\\\/#organization\",\"name\":\"CONICA AG\",\"url\":\"https:\\\/\\\/www.conica.com\\\/it\\\/\",\"logo\":{\"@type\":\"ImageObject\",\"inLanguage\":\"it-IT\",\"@id\":\"https:\\\/\\\/www.conica.com\\\/it\\\/#\\\/schema\\\/logo\\\/image\\\/\",\"url\":\"https:\\\/\\\/www.conica.com\\\/wp-content\\\/uploads\\\/2020\\\/04\\\/logo_conica-01.svg\",\"contentUrl\":\"https:\\\/\\\/www.conica.com\\\/wp-content\\\/uploads\\\/2020\\\/04\\\/logo_conica-01.svg\",\"caption\":\"CONICA AG\"},\"image\":{\"@id\":\"https:\\\/\\\/www.conica.com\\\/it\\\/#\\\/schema\\\/logo\\\/image\\\/\"}}]}<\/script>\n<!-- \/ Yoast SEO plugin. -->","yoast_head_json":{"title":"Sostenibilit\u00e0 - CONICA AG","robots":{"index":"index","follow":"follow","max-snippet":"max-snippet:-1","max-image-preview":"max-image-preview:large","max-video-preview":"max-video-preview:-1"},"canonical":"https:\/\/www.conica.com\/it\/conica-ag-2\/sostenibilita\/","og_locale":"it_IT","og_type":"article","og_title":"Sostenibilit\u00e0 - CONICA AG","og_description":"CONICA AG ha ottenuto il Committed Badge nella valutazione EcoVadis, che rappresenta un riconoscimento delle buone prestazioni secondo la metodologia di valutazione di EcoVadis.","og_url":"https:\/\/www.conica.com\/it\/conica-ag-2\/sostenibilita\/","og_site_name":"CONICA AG","article_modified_time":"2026-03-24T09:48:18+00:00","og_image":[{"width":1024,"height":384,"url":"https:\/\/www.conica.com\/wp-content\/uploads\/2020\/06\/nachhaltiger-bodenbelag.jpg","type":"image\/jpeg"}],"twitter_card":"summary_large_image","twitter_misc":{"Tempo di lettura stimato":"3 minuti"},"schema":{"@context":"https:\/\/schema.org","@graph":[{"@type":"WebPage","@id":"https:\/\/www.conica.com\/it\/conica-ag-2\/sostenibilita\/","url":"https:\/\/www.conica.com\/it\/conica-ag-2\/sostenibilita\/","name":"Sostenibilit\u00e0 - CONICA AG","isPartOf":{"@id":"https:\/\/www.conica.com\/it\/#website"},"primaryImageOfPage":{"@id":"https:\/\/www.conica.com\/it\/conica-ag-2\/sostenibilita\/#primaryimage"},"image":{"@id":"https:\/\/www.conica.com\/it\/conica-ag-2\/sostenibilita\/#primaryimage"},"thumbnailUrl":"https:\/\/www.conica.com\/wp-content\/uploads\/2020\/06\/nachhaltiger-bodenbelag.jpg","datePublished":"2020-05-22T07:53:51+00:00","dateModified":"2026-03-24T09:48:18+00:00","breadcrumb":{"@id":"https:\/\/www.conica.com\/it\/conica-ag-2\/sostenibilita\/#breadcrumb"},"inLanguage":"it-IT","potentialAction":[{"@type":"ReadAction","target":["https:\/\/www.conica.com\/it\/conica-ag-2\/sostenibilita\/"]}]},{"@type":"ImageObject","inLanguage":"it-IT","@id":"https:\/\/www.conica.com\/it\/conica-ag-2\/sostenibilita\/#primaryimage","url":"https:\/\/www.conica.com\/wp-content\/uploads\/2020\/06\/nachhaltiger-bodenbelag.jpg","contentUrl":"https:\/\/www.conica.com\/wp-content\/uploads\/2020\/06\/nachhaltiger-bodenbelag.jpg"},{"@type":"BreadcrumbList","@id":"https:\/\/www.conica.com\/it\/conica-ag-2\/sostenibilita\/#breadcrumb","itemListElement":[{"@type":"ListItem","position":1,"name":"Home","item":"https:\/\/www.conica.com\/it\/"},{"@type":"ListItem","position":2,"name":"CONICA AG","item":"https:\/\/www.conica.com\/it\/conica-ag-2\/"},{"@type":"ListItem","position":3,"name":"Sostenibilit\u00e0"}]},{"@type":"WebSite","@id":"https:\/\/www.conica.com\/it\/#website","url":"https:\/\/www.conica.com\/it\/","name":"CONICA AG","description":"Sport-, Playground- und Functional Flooring Bel\u00e4ge","publisher":{"@id":"https:\/\/www.conica.com\/it\/#organization"},"potentialAction":[{"@type":"SearchAction","target":{"@type":"EntryPoint","urlTemplate":"https:\/\/www.conica.com\/it\/?s={search_term_string}"},"query-input":{"@type":"PropertyValueSpecification","valueRequired":true,"valueName":"search_term_string"}}],"inLanguage":"it-IT"},{"@type":"Organization","@id":"https:\/\/www.conica.com\/it\/#organization","name":"CONICA AG","url":"https:\/\/www.conica.com\/it\/","logo":{"@type":"ImageObject","inLanguage":"it-IT","@id":"https:\/\/www.conica.com\/it\/#\/schema\/logo\/image\/","url":"https:\/\/www.conica.com\/wp-content\/uploads\/2020\/04\/logo_conica-01.svg","contentUrl":"https:\/\/www.conica.com\/wp-content\/uploads\/2020\/04\/logo_conica-01.svg","caption":"CONICA AG"},"image":{"@id":"https:\/\/www.conica.com\/it\/#\/schema\/logo\/image\/"}}]}},"featured_image_src":null,"featured_image_src_square":null,"uagb_featured_image_src":{"full":false,"thumbnail":false,"medium":false,"medium_large":false,"large":false,"gs-tiny":false,"xl":false,"xxl":false,"xxxl":false,"xxxxl":false,"xxxxxl":false,"gts-thumbnail":false,"1536x1536":false,"2048x2048":false,"sidebar-featured":false,"genesis-singular-images":false,"ab-block-post-grid-landscape":false,"ab-block-post-grid-square":false,"gform-image-choice-sm":false,"gform-image-choice-md":false,"gform-image-choice-lg":false},"uagb_author_info":{"display_name":"cloudweb admin","author_link":"https:\/\/www.conica.com\/it\/author\/cloudweb-admin\/"},"uagb_comment_info":0,"uagb_excerpt":"CONICA AG ha ottenuto il Committed Badge nella valutazione EcoVadis, che rappresenta un riconoscimento delle buone prestazioni secondo la metodologia di valutazione di EcoVadis.","_links":{"self":[{"href":"https:\/\/www.conica.com\/it\/wp-json\/wp\/v2\/pages\/17996","targetHints":{"allow":["GET"]}}],"collection":[{"href":"https:\/\/www.conica.com\/it\/wp-json\/wp\/v2\/pages"}],"about":[{"href":"https:\/\/www.conica.com\/it\/wp-json\/wp\/v2\/types\/page"}],"author":[{"embeddable":true,"href":"https:\/\/www.conica.com\/it\/wp-json\/wp\/v2\/users\/8"}],"replies":[{"embeddable":true,"href":"https:\/\/www.conica.com\/it\/wp-json\/wp\/v2\/comments?post=17996"}],"version-history":[{"count":2,"href":"https:\/\/www.conica.com\/it\/wp-json\/wp\/v2\/pages\/17996\/revisions"}],"predecessor-version":[{"id":46592,"href":"https:\/\/www.conica.com\/it\/wp-json\/wp\/v2\/pages\/17996\/revisions\/46592"}],"up":[{"embeddable":true,"href":"https:\/\/www.conica.com\/it\/wp-json\/wp\/v2\/pages\/17989"}],"wp:attachment":[{"href":"https:\/\/www.conica.com\/it\/wp-json\/wp\/v2\/media?parent=17996"}],"wp:term":[{"taxonomy":"products_categories","embeddable":true,"href":"https:\/\/www.conica.com\/it\/wp-json\/wp\/v2\/products_categories?post=17996"},{"taxonomy":"project_categories","embeddable":true,"href":"https:\/\/www.conica.com\/it\/wp-json\/wp\/v2\/project_categories?post=17996"},{"taxonomy":"product_quiz_categories","embeddable":true,"href":"https:\/\/www.conica.com\/it\/wp-json\/wp\/v2\/product_quiz_categories?post=17996"},{"taxonomy":"testimonials_categories","embeddable":true,"href":"https:\/\/www.conica.com\/it\/wp-json\/wp\/v2\/testimonials_categories?post=17996"},{"taxonomy":"locations_categories","embeddable":true,"href":"https:\/\/www.conica.com\/it\/wp-json\/wp\/v2\/locations_categories?post=17996"}],"curies":[{"name":"wp","href":"https:\/\/api.w.org\/{rel}","templated":true}]}}