{"id":20676,"date":"2020-07-23T08:56:41","date_gmt":"2020-07-23T06:56:41","guid":{"rendered":"https:\/\/www.conica.com\/iso-zertifikate\/"},"modified":"2024-09-04T14:56:52","modified_gmt":"2024-09-04T12:56:52","slug":"iso-zertifikate","status":"publish","type":"page","link":"https:\/\/www.conica.com\/it\/iso-zertifikate\/","title":{"rendered":"ISO Certificato"},"content":{"rendered":"\n<div class=\"wp-block-atomic-blocks-ab-container ab-block-container alignfull\"><div class=\"ab-container-inside\"><div class=\"ab-container-content\">\n<div class=\"wp-block-atomic-blocks-ab-columns page-intro ab-layout-columns-2 ab-2-col-equal alignwide\"><div class=\"ab-layout-column-wrap ab-block-layout-column-gap-2 ab-is-responsive-column\">\n<div class=\"wp-block-atomic-blocks-ab-column ab-block-layout-column\"><div class=\"ab-block-layout-column-inner\">\n<h2 class=\"wp-block-heading no-margin\">ISO Certificato<\/h2>\n<\/div><\/div>\n\n\n\n<div class=\"wp-block-atomic-blocks-ab-column ab-block-layout-column\"><div class=\"ab-block-layout-column-inner\">\n<p>In conformit\u00e0 con la nostra politica di qualit\u00e0, ambiente e sicurezza sul lavoro, CONICA \u00e8 certificata secondo gli standard internazionali ISO 9001:2015 (gestione della qualit\u00e0), ISO 14001:2015 (gestione ambientale) e ISO 45001:2018 (gestione della salute e sicurezza sul lavoro).<\/p>\n\n\n\n<p>La certificazione indipendente per ISO 9001 e ISO 14001 \u00e8 stata eseguita da Bureau Veritas (valida fino a luglio 2026), mentre la certificazione per ISO 45001 \u00e8 stata effettuata da Quality Administration Consultancy (valida fino ad agosto 2027).<\/p>\n\n\n\n<p>In precedenza, CONICA era gi\u00e0 certificata secondo ISO 9001:2008 e ISO 14001:2004. I requisiti pi\u00f9 severi dei nuovi standard evidenziano il nostro continuo impegno a soddisfare i pi\u00f9 alti livelli nelle aree della gestione della qualit\u00e0, della consapevolezza ambientale e della sicurezza sul lavoro, in linea con la nostra politica aziendale orientata al cliente.<\/p>\n\n\n        <div class=\"download-wrapper alignfull\">\n            <div\n                    id=\"download-wrapper-content-dl-40999\"\n                    class=\"download-wrapper-content-dl trigger-download-wrapper-content-dl alignwide\"\n                    data-fid=\"40999\"\n                    data-rld=\"\"\n                    data-rnsd=\"\"\n            >\n                <div class=\"download-icon\">\n\t\t\t\t\t                        <div class=\"cert\"><\/div>\n\t\t\t\t\t                <\/div>\n                <div class=\"download-title\">\n                    <p>\n                        <strong>ISO 9001 \/ 14001 Certificato<\/strong>&nbsp;<\/p>\n                    <p>                    <\/p>\n                <\/div>\n            <\/div>\n        <\/div>\n\n\t\t\n\n        <div class=\"download-wrapper alignfull\">\n            <div\n                    id=\"download-wrapper-content-dl-41005\"\n                    class=\"download-wrapper-content-dl trigger-download-wrapper-content-dl alignwide\"\n                    data-fid=\"41005\"\n                    data-rld=\"\"\n                    data-rnsd=\"\"\n            >\n                <div class=\"download-icon\">\n\t\t\t\t\t                        <div class=\"cert\"><\/div>\n\t\t\t\t\t                <\/div>\n                <div class=\"download-title\">\n                    <p>\n                        <strong>ISO 45001:2018 Certificato<\/strong>&nbsp;<\/p>\n                    <p>                    <\/p>\n                <\/div>\n            <\/div>\n        <\/div>\n\n\t\t<\/div><\/div>\n<\/div><\/div>\n\n\n\n<p><\/p>\n<\/div><\/div><\/div>\n","protected":false},"excerpt":{"rendered":"","protected":false},"author":8,"featured_media":0,"parent":0,"menu_order":0,"comment_status":"closed","ping_status":"closed","template":"","meta":{"_acf_changed":false,"_uag_custom_page_level_css":"","_genesis_hide_title":false,"_genesis_hide_breadcrumbs":false,"_genesis_hide_singular_image":false,"_genesis_custom_body_class":"","_genesis_custom_post_class":"","_genesis_layout":"","footnotes":""},"products_categories":[],"project_categories":[],"product_quiz_categories":[],"testimonials_categories":[],"locations_categories":[],"class_list":{"0":"post-20676","1":"page","2":"type-page","3":"status-publish","5":"entry"},"acf":[],"yoast_head":"<!-- This site is optimized with the Yoast SEO plugin v27.4 - https:\/\/yoast.com\/product\/yoast-seo-wordpress\/ -->\n<title>ISO Certificato - CONICA AG<\/title>\n<meta name=\"robots\" content=\"index, follow, max-snippet:-1, max-image-preview:large, max-video-preview:-1\" \/>\n<link rel=\"canonical\" href=\"https:\/\/www.conica.com\/it\/iso-zertifikate\/\" \/>\n<meta property=\"og:locale\" content=\"it_IT\" \/>\n<meta property=\"og:type\" content=\"article\" \/>\n<meta property=\"og:title\" content=\"ISO Certificato - CONICA AG\" \/>\n<meta property=\"og:url\" content=\"https:\/\/www.conica.com\/it\/iso-zertifikate\/\" \/>\n<meta property=\"og:site_name\" content=\"CONICA AG\" \/>\n<meta property=\"article:modified_time\" content=\"2024-09-04T12:56:52+00:00\" \/>\n<meta name=\"twitter:card\" content=\"summary_large_image\" \/>\n<meta name=\"twitter:label1\" content=\"Tempo di lettura stimato\" \/>\n\t<meta name=\"twitter:data1\" content=\"1 minuto\" \/>\n<script type=\"application\/ld+json\" class=\"yoast-schema-graph\">{\"@context\":\"https:\\\/\\\/schema.org\",\"@graph\":[{\"@type\":\"WebPage\",\"@id\":\"https:\\\/\\\/www.conica.com\\\/it\\\/iso-zertifikate\\\/\",\"url\":\"https:\\\/\\\/www.conica.com\\\/it\\\/iso-zertifikate\\\/\",\"name\":\"ISO Certificato - CONICA AG\",\"isPartOf\":{\"@id\":\"https:\\\/\\\/www.conica.com\\\/it\\\/#website\"},\"datePublished\":\"2020-07-23T06:56:41+00:00\",\"dateModified\":\"2024-09-04T12:56:52+00:00\",\"breadcrumb\":{\"@id\":\"https:\\\/\\\/www.conica.com\\\/it\\\/iso-zertifikate\\\/#breadcrumb\"},\"inLanguage\":\"it-IT\",\"potentialAction\":[{\"@type\":\"ReadAction\",\"target\":[\"https:\\\/\\\/www.conica.com\\\/it\\\/iso-zertifikate\\\/\"]}]},{\"@type\":\"BreadcrumbList\",\"@id\":\"https:\\\/\\\/www.conica.com\\\/it\\\/iso-zertifikate\\\/#breadcrumb\",\"itemListElement\":[{\"@type\":\"ListItem\",\"position\":1,\"name\":\"Home\",\"item\":\"https:\\\/\\\/www.conica.com\\\/it\\\/\"},{\"@type\":\"ListItem\",\"position\":2,\"name\":\"ISO Certificato\"}]},{\"@type\":\"WebSite\",\"@id\":\"https:\\\/\\\/www.conica.com\\\/it\\\/#website\",\"url\":\"https:\\\/\\\/www.conica.com\\\/it\\\/\",\"name\":\"CONICA AG\",\"description\":\"Sport-, Playground- und Functional Flooring Bel\u00e4ge\",\"publisher\":{\"@id\":\"https:\\\/\\\/www.conica.com\\\/it\\\/#organization\"},\"potentialAction\":[{\"@type\":\"SearchAction\",\"target\":{\"@type\":\"EntryPoint\",\"urlTemplate\":\"https:\\\/\\\/www.conica.com\\\/it\\\/?s={search_term_string}\"},\"query-input\":{\"@type\":\"PropertyValueSpecification\",\"valueRequired\":true,\"valueName\":\"search_term_string\"}}],\"inLanguage\":\"it-IT\"},{\"@type\":\"Organization\",\"@id\":\"https:\\\/\\\/www.conica.com\\\/it\\\/#organization\",\"name\":\"CONICA AG\",\"url\":\"https:\\\/\\\/www.conica.com\\\/it\\\/\",\"logo\":{\"@type\":\"ImageObject\",\"inLanguage\":\"it-IT\",\"@id\":\"https:\\\/\\\/www.conica.com\\\/it\\\/#\\\/schema\\\/logo\\\/image\\\/\",\"url\":\"https:\\\/\\\/www.conica.com\\\/wp-content\\\/uploads\\\/2020\\\/04\\\/logo_conica-01.svg\",\"contentUrl\":\"https:\\\/\\\/www.conica.com\\\/wp-content\\\/uploads\\\/2020\\\/04\\\/logo_conica-01.svg\",\"caption\":\"CONICA AG\"},\"image\":{\"@id\":\"https:\\\/\\\/www.conica.com\\\/it\\\/#\\\/schema\\\/logo\\\/image\\\/\"}}]}<\/script>\n<!-- \/ Yoast SEO plugin. -->","yoast_head_json":{"title":"ISO Certificato - CONICA AG","robots":{"index":"index","follow":"follow","max-snippet":"max-snippet:-1","max-image-preview":"max-image-preview:large","max-video-preview":"max-video-preview:-1"},"canonical":"https:\/\/www.conica.com\/it\/iso-zertifikate\/","og_locale":"it_IT","og_type":"article","og_title":"ISO Certificato - CONICA AG","og_url":"https:\/\/www.conica.com\/it\/iso-zertifikate\/","og_site_name":"CONICA AG","article_modified_time":"2024-09-04T12:56:52+00:00","twitter_card":"summary_large_image","twitter_misc":{"Tempo di lettura stimato":"1 minuto"},"schema":{"@context":"https:\/\/schema.org","@graph":[{"@type":"WebPage","@id":"https:\/\/www.conica.com\/it\/iso-zertifikate\/","url":"https:\/\/www.conica.com\/it\/iso-zertifikate\/","name":"ISO Certificato - CONICA AG","isPartOf":{"@id":"https:\/\/www.conica.com\/it\/#website"},"datePublished":"2020-07-23T06:56:41+00:00","dateModified":"2024-09-04T12:56:52+00:00","breadcrumb":{"@id":"https:\/\/www.conica.com\/it\/iso-zertifikate\/#breadcrumb"},"inLanguage":"it-IT","potentialAction":[{"@type":"ReadAction","target":["https:\/\/www.conica.com\/it\/iso-zertifikate\/"]}]},{"@type":"BreadcrumbList","@id":"https:\/\/www.conica.com\/it\/iso-zertifikate\/#breadcrumb","itemListElement":[{"@type":"ListItem","position":1,"name":"Home","item":"https:\/\/www.conica.com\/it\/"},{"@type":"ListItem","position":2,"name":"ISO Certificato"}]},{"@type":"WebSite","@id":"https:\/\/www.conica.com\/it\/#website","url":"https:\/\/www.conica.com\/it\/","name":"CONICA AG","description":"Sport-, Playground- und Functional Flooring Bel\u00e4ge","publisher":{"@id":"https:\/\/www.conica.com\/it\/#organization"},"potentialAction":[{"@type":"SearchAction","target":{"@type":"EntryPoint","urlTemplate":"https:\/\/www.conica.com\/it\/?s={search_term_string}"},"query-input":{"@type":"PropertyValueSpecification","valueRequired":true,"valueName":"search_term_string"}}],"inLanguage":"it-IT"},{"@type":"Organization","@id":"https:\/\/www.conica.com\/it\/#organization","name":"CONICA AG","url":"https:\/\/www.conica.com\/it\/","logo":{"@type":"ImageObject","inLanguage":"it-IT","@id":"https:\/\/www.conica.com\/it\/#\/schema\/logo\/image\/","url":"https:\/\/www.conica.com\/wp-content\/uploads\/2020\/04\/logo_conica-01.svg","contentUrl":"https:\/\/www.conica.com\/wp-content\/uploads\/2020\/04\/logo_conica-01.svg","caption":"CONICA AG"},"image":{"@id":"https:\/\/www.conica.com\/it\/#\/schema\/logo\/image\/"}}]}},"featured_image_src":null,"featured_image_src_square":null,"uagb_featured_image_src":{"full":false,"thumbnail":false,"medium":false,"medium_large":false,"large":false,"gs-tiny":false,"xl":false,"xxl":false,"xxxl":false,"xxxxl":false,"xxxxxl":false,"gts-thumbnail":false,"1536x1536":false,"2048x2048":false,"sidebar-featured":false,"genesis-singular-images":false,"ab-block-post-grid-landscape":false,"ab-block-post-grid-square":false,"gform-image-choice-sm":false,"gform-image-choice-md":false,"gform-image-choice-lg":false},"uagb_author_info":{"display_name":"cloudweb admin","author_link":"https:\/\/www.conica.com\/it\/author\/cloudweb-admin\/"},"uagb_comment_info":0,"uagb_excerpt":null,"_links":{"self":[{"href":"https:\/\/www.conica.com\/it\/wp-json\/wp\/v2\/pages\/20676","targetHints":{"allow":["GET"]}}],"collection":[{"href":"https:\/\/www.conica.com\/it\/wp-json\/wp\/v2\/pages"}],"about":[{"href":"https:\/\/www.conica.com\/it\/wp-json\/wp\/v2\/types\/page"}],"author":[{"embeddable":true,"href":"https:\/\/www.conica.com\/it\/wp-json\/wp\/v2\/users\/8"}],"replies":[{"embeddable":true,"href":"https:\/\/www.conica.com\/it\/wp-json\/wp\/v2\/comments?post=20676"}],"version-history":[{"count":0,"href":"https:\/\/www.conica.com\/it\/wp-json\/wp\/v2\/pages\/20676\/revisions"}],"wp:attachment":[{"href":"https:\/\/www.conica.com\/it\/wp-json\/wp\/v2\/media?parent=20676"}],"wp:term":[{"taxonomy":"products_categories","embeddable":true,"href":"https:\/\/www.conica.com\/it\/wp-json\/wp\/v2\/products_categories?post=20676"},{"taxonomy":"project_categories","embeddable":true,"href":"https:\/\/www.conica.com\/it\/wp-json\/wp\/v2\/project_categories?post=20676"},{"taxonomy":"product_quiz_categories","embeddable":true,"href":"https:\/\/www.conica.com\/it\/wp-json\/wp\/v2\/product_quiz_categories?post=20676"},{"taxonomy":"testimonials_categories","embeddable":true,"href":"https:\/\/www.conica.com\/it\/wp-json\/wp\/v2\/testimonials_categories?post=20676"},{"taxonomy":"locations_categories","embeddable":true,"href":"https:\/\/www.conica.com\/it\/wp-json\/wp\/v2\/locations_categories?post=20676"}],"curies":[{"name":"wp","href":"https:\/\/api.w.org\/{rel}","templated":true}]}}